{"id":19606,"date":"2025-09-30T20:36:48","date_gmt":"2025-09-30T20:36:48","guid":{"rendered":"https:\/\/lightgray-crow-170497.hostingersite.com\/?post_type=product&#038;p=19606"},"modified":"2025-09-30T20:36:48","modified_gmt":"2025-09-30T20:36:48","slug":"wg743e-accu-grasmaaier-40v-professionele-grasmaaier-met-mulchfunctie-powershare-accu-grasmaaien-zonder-kabel-ideaal-voor-tuinen-tot-50","status":"publish","type":"product","link":"https:\/\/routinesfashione.com\/en\/produit\/wg743e-accu-grasmaaier-40v-professionele-grasmaaier-met-mulchfunctie-powershare-accu-grasmaaien-zonder-kabel-ideaal-voor-tuinen-tot-50\/","title":{"rendered":"Tondeuse \u00e0 gazon sans fil WG743E 40 V \u2013 Tondeuse \u00e0 gazon professionnelle avec fonction mulching \u2013 Batterie PowerShare \u2013 Tonte de pelouse sans fil \u2013 Id\u00e9ale pour les jardins jusqu&#8217;\u00e0 50"},"content":{"rendered":"<h2 class=\"default\">Description du produit<\/h2>\n<div id=\"productDescription\" class=\"a-section a-spacing-small\">\n<p>WORX Tondeuse \u00e0 Gazon sans fil 40V WG743E, surface max 500 m\u00b2, coupe de 40cm, tonte jusqu&#8217;aux bordures, 7 Hauteurs de Coupe, silencieuse, livr\u00e9e avec 2 Batteries 4Ah et 1 chargeur Double<\/p>\n<p>La tondeuse \u00e0 gazon sans fil 20V Worx WG743 est un outil compact et l\u00e9ger qui vous permettra de travailler confortablement sans efforts. Son diam\u00e8tre de coupe et ses 2 batteries vous permettrons de tondre rapidement avec pr\u00e9cision tount en prenant soin de votre jardin gr\u00e2ce \u00e0 son kit mulching qui nourrira votre pelouse au quotidien pour la rendre parfaite de jour en jour. La Hauteur de couple peut \u00eatre r\u00e9gl\u00e9e facilement et grace \u00e0 sa fonction guide herbe Cut to hedge elle vous permettra de tondre jusqu&#8217;aux bordures.<\/p>\n<p>Caract\u00e9ristiques techniques:<br \/>\n&#8211; Tension d\u2019alimentation : 20V<br \/>\n&#8211; Capacit\u00e9 de la batterie : 2&#215;2.0 Ah<br \/>\n&#8211; Surface de gazon recommand\u00e9e : 500 m\u00b2<br \/>\n&#8211; Volume du bac de ramassage : 40 L<br \/>\n&#8211; Largeur de coupe : 40 cm<br \/>\n&#8211; Poids: 19,5 Kg<\/p>\n<p>Livr\u00e9e avec:<br \/>\n&#8211; 1 x WORX &#8211; Tondeuse \u00e0 gazon sans fil 20V-2Ah &#8211; WG743 &#8211; \u00d840cm &#8211; Jusqu&#8217;\u00e0 500m\u00b2 (Coupe jusqu&#8217;aux bordures, livr\u00e9 avec 2 batteries et un chargeur)<br \/>\n&#8211; 2 x Batteries 20V &#8211; 2Ah<br \/>\n&#8211; 1 x Chargeur rapide<br \/>\n&#8211; 1 x Bac \u00e0 herbes<br \/>\n&#8211; 1 x Mulching<\/p>\n<p>Worx est une marque d\u00e9pos\u00e9e du groupe International Positec, Positive technologies ayant \u00e0 son actif plus de 6000 brevets d\u00e9pos\u00e9s dans la production et la cr\u00e9ation d\u2019outils innovants dans le secteur du bricolage et du jardinage.<\/p>\n<p>Chez Positec, nous sommes l\u00e0 pour vous offrir le meilleur de la technologie, gr\u00e2ce \u00e0 des produits intelligemment con\u00e7us pour vous faciliter le quotidien mais aussi vous permettre de r\u00e9aliser vos projets. Des concepts innovants, fabriqu\u00e9s de mani\u00e8re durable afin de laisser un monde meilleur aux g\u00e9n\u00e9rations futures.<\/p>\n<p>Nos produits sont con\u00e7us pour durer \u2013 B\u00e9n\u00e9ficiez de 2 ans de garantie ainsi qu\u2019une extension gratuite de 3 ans suppl\u00e9mentaires sur les outils \u00e9lectroportatifs sous conditions d\u2019enregistrement de votre produit sur le site Worx -europe en enregistrant votre produit sous un d\u00e9lai de 30 jours apr\u00e8s votre achat (Hors tondeuses robots garantie 2 ans + 1 an offert, hors accessoires garantie 6 mois, hors batteries et chargeurs &#8211; garantie 2 ans))<\/p>\n<p>La satisfaction de nos clients est l&#8217;une de nos plus grandes priorit\u00e9s. Pour toutes questions ou conseils contactez-nous sur nos r\u00e9seaux sociaux \u00ab Worx France \u00bb ou sur notre site worx. Nous vous conseillerons sur le produit le plus adapt\u00e9 \u00e0 votre projet ou \u00e0 r\u00e9soudre vos probl\u00e8mes.<\/p>\n<h2>Informations sur le produit<\/h2>\n<div class=\"a-row\">\n<div class=\"a-column a-span12 a-span-last\">\n<div class=\"a-row a-spacing-top-base\">\n<div class=\"a-column a-span6\">\n<div class=\"a-row a-spacing-base\">\n<div class=\"a-row a-expander-container a-expander-extend-container\">\n<div class=\"a-row\">\n<div class=\"a-column a-span6\">\n<h1 class=\"a-size-medium a-spacing-small\">Descriptif technique<\/h1>\n<\/div>\n<\/div>\n<div class=\"a-expander-content a-expander-extend-content\" data-expanded=\"true\">\n<div class=\"a-row a-expander-container a-expander-inline-container\">\n<div class=\"a-expander-content a-expander-section-content a-section-expander-inner\" data-expanded=\"true\">\n<table id=\"productDetails_techSpec_section_1\" class=\"a-keyvalue prodDetTable\">\n<tbody>\n<tr>\n<th class=\"a-color-secondary a-size-base prodDetSectionEntry\">Fabricant<\/th>\n<td class=\"a-size-base prodDetAttrValue\">\u200eWORX<\/td>\n<\/tr>\n<tr>\n<th class=\"a-color-secondary a-size-base prodDetSectionEntry\">Dimensions du produit (L x l x h)<\/th>\n<td class=\"a-size-base prodDetAttrValue\">\u200e87,5 x 38 x 47,5 cm; 12,6 kilogrammes<\/td>\n<\/tr>\n<tr>\n<th class=\"a-color-secondary a-size-base prodDetSectionEntry\">Pile(s) \/ Batterie(s) :<\/th>\n<td class=\"a-size-base prodDetAttrValue\">\u200e2 Lithium-ion &#8211; incluse(s)<\/td>\n<\/tr>\n<tr>\n<th class=\"a-color-secondary a-size-base prodDetSectionEntry\">R\u00e9f\u00e9rence<\/th>\n<td class=\"a-size-base prodDetAttrValue\">\u200eWG743E<\/td>\n<\/tr>\n<tr>\n<th class=\"a-color-secondary a-size-base prodDetSectionEntry\">Taille<\/th>\n<td class=\"a-size-base prodDetAttrValue\">\u200eTondeuses pouss\u00e9es<\/td>\n<\/tr>\n<tr>\n<th class=\"a-color-secondary a-size-base prodDetSectionEntry\">Couleur<\/th>\n<td class=\"a-size-base prodDetAttrValue\">\u200eOrange<\/td>\n<\/tr>\n<tr>\n<th class=\"a-color-secondary a-size-base prodDetSectionEntry\">Style<\/th>\n<td class=\"a-size-base prodDetAttrValue\">\u200eJusqu&#8217;\u00e0 500 m\u00b2 &#8211; \u00d840cm<\/td>\n<\/tr>\n<tr>\n<th class=\"a-color-secondary a-size-base prodDetSectionEntry\">Mati\u00e8re<\/th>\n<td class=\"a-size-base prodDetAttrValue\">\u200ePlastique<\/td>\n<\/tr>\n<tr>\n<th class=\"a-color-secondary a-size-base prodDetSectionEntry\">Motif<\/th>\n<td class=\"a-size-base prodDetAttrValue\">\u200eUnique<\/td>\n<\/tr>\n<tr>\n<th class=\"a-color-secondary a-size-base prodDetSectionEntry\">Type d&#8217;alimentation<\/th>\n<td class=\"a-size-base prodDetAttrValue\">\u200eAliment\u00e9 par batterie<\/td>\n<\/tr>\n<tr>\n<th class=\"a-color-secondary a-size-base prodDetSectionEntry\">Tension<\/th>\n<td class=\"a-size-base prodDetAttrValue\">\u200e20 Volts<\/td>\n<\/tr>\n<tr>\n<th class=\"a-color-secondary a-size-base prodDetSectionEntry\">Quantit\u00e9 d&#8217;articles<\/th>\n<td class=\"a-size-base prodDetAttrValue\">\u200e1<\/td>\n<\/tr>\n<tr>\n<th class=\"a-color-secondary a-size-base prodDetSectionEntry\">Composants inclus<\/th>\n<td class=\"a-size-base prodDetAttrValue\">\u200e1 tondeuse \u00e0 gazon sans fil WG743E, 2 batteries 20 V \/ 4000 mAh (WA3553), 1 chargeur de batterie WA3883, 1 bo\u00eete \u00e0 gazon, 1 cale de paillage<\/td>\n<\/tr>\n<tr>\n<th class=\"a-color-secondary a-size-base prodDetSectionEntry\">Piles incluses ?<\/th>\n<td class=\"a-size-base prodDetAttrValue\">\u200eOui<\/td>\n<\/tr>\n<tr>\n<th class=\"a-color-secondary a-size-base prodDetSectionEntry\">Batterie(s) \/ Pile(s) requise(s)<\/th>\n<td class=\"a-size-base prodDetAttrValue\">\u200eOui<\/td>\n<\/tr>\n<tr>\n<th class=\"a-color-secondary a-size-base prodDetSectionEntry\">Type de batterie \/ pile<\/th>\n<td class=\"a-size-base prodDetAttrValue\">\u200eLithium-ion<\/td>\n<\/tr>\n<tr>\n<th class=\"a-color-secondary a-size-base prodDetSectionEntry\">Poids<\/th>\n<td class=\"a-size-base prodDetAttrValue\">\u200e12,6 Kilogrammes<\/td>\n<\/tr>\n<tr>\n<th class=\"a-color-secondary a-size-base prodDetSectionEntry\">Garantie constructeur<\/th>\n<td class=\"a-size-base prodDetAttrValue\">\u200e2 ans constructeur.<\/td>\n<\/tr>\n<tr>\n<th class=\"a-color-secondary a-size-base prodDetSectionEntry\">Disponibilit\u00e9 des pi\u00e8ces d\u00e9tach\u00e9es<\/th>\n<td class=\"a-size-base prodDetAttrValue\">\u200eInformation indisponible sur les pi\u00e8ces d\u00e9tach\u00e9es<\/td>\n<\/tr>\n<\/tbody>\n<\/table>\n<h1 class=\"a-size-base-plus a-text-bold\">\u00c0 propos de cet article<\/h1>\n<ul class=\"a-unordered-list a-vertical a-spacing-mini\">\n<li class=\"a-spacing-mini\"><span class=\"a-list-item\">[TONTE DES JARDINS DE TAILLE MOYENNE JUSQU\u2019\u00c0 500 M\u00b2] Cette tondeuse \u00e9lectrique avec moteur brushless (sans charbon) garantit des pelouses anglaises dans tout le jardin. Elle est id\u00e9ale pour les jardins jusqu&#8217;\u00e0 500 m\u00b2 maximum (dans des conditions id\u00e9ales).<\/span><\/li>\n<li class=\"a-spacing-mini\"><span class=\"a-list-item\">[TECHNOLOGIE INTELLICUT] La technologie brevet\u00e9e &#8222;Intellicut&#8220; augmente la puissance lorsque l&#8217;herbe devient plus \u00e9paisse, puis vous permet de la r\u00e9duire pour \u00e9conomiser la batterie &#8211; Mieux que jamais, la nouvelle tondeuse \u00e0 gazon \u00e0 batterie Worx peut r\u00e9aliser l&#8217;Intellicut automatiquement sans avoir besoin d&#8217;actions de votre part.<\/span><\/li>\n<li class=\"a-spacing-mini\"><span class=\"a-list-item\">[COUPE JUSQU&#8217;AUX BORDURES] La tondeuse \u00e0 gazon WORX WG737E poss\u00e8de la fonction Cut to Edge. Gr\u00e2ce \u00e0 cette fonction, cette tondeuse sans fil peut couper l&#8217;herbe jusqu&#8217;au bord du jardin.<\/span><\/li>\n<li class=\"a-spacing-mini\"><span class=\"a-list-item\">[HAUTEUR DE COUPE R\u00c9GLBALE] Le r\u00e9glage \u00e0 levier unique \u00e0 une touche vous permet de choisir la bonne hauteur pour s&#8217;adapter tr\u00e8s facilement aux diff\u00e9rentes saisons et aux diff\u00e9rentes pr\u00e9f\u00e9rences &#8211; La tondeuse \u00e0 gazon convient aux herbes courtes et hautes, avec une hauteur de coupe r\u00e9glable de 20 \u00e0 70 mm (6 positions), vous pouvez g\u00e9rer diff\u00e9rentes conditions de travail sans effort.<\/span><\/li>\n<li class=\"a-spacing-mini\"><span class=\"a-list-item\">[POIGN\u00c9E PLIABLE ET R\u00c9GLABLE] La tondeuse \u00e0 gazon sans fil est dot\u00e9e d&#8217;une poign\u00e9e \u00e0 r\u00e9glage rapide \u00e0 3 positions vous permettant de travailler dans la meilleure position, offrant ainsi un meilleur confort &#8211; Et gr\u00e2ce aux deux boutons de d\u00e9gagement rapide, vous pouvez replier le long manche de la machine en quelques secondes &#8211; La tondeuse \u00e9lectrique \u00e0 gazon est beaucoup plus facile \u00e0 transporter et \u00e0 ranger.<\/span><\/li>\n<li class=\"a-spacing-mini\"><span class=\"a-list-item\">[CONTENU DE LA LIVRAISON] La tondeuse \u00e0 gazon WORX WG737E est livr\u00e9e avec 2 batteries de 20V, une chargeur double, un obturateur mulching et une bac de ramassage de 40L.<\/span><\/li>\n<li class=\"a-spacing-mini\"><span class=\"a-list-item\">[BATTERIES POWERSHARE PRO] La tondeuse \u00e0 gazon brushless sans fil WORX offre une puissance de 40 V semblable \u00e0 celle du thermique et une autonomie prolong\u00e9e &#8211; Les batteries sont compatibles avec tous les produits Worx 20V, 40V, 80V, ce qui vous permet d&#8217;\u00e9conomiser l&#8217;achat de batteries suppl\u00e9mentaires<\/span><\/li>\n<\/ul>\n<\/div>\n<\/div>\n<\/div>\n<\/div>\n<\/div>\n<\/div>\n<\/div>\n<\/div>\n<\/div>\n<\/div>","protected":false},"excerpt":{"rendered":"<p>Description du produit WORX Tondeuse \u00e0 Gazon sans fil 40V WG743E, surface max 500 m\u00b2, coupe de 40cm, tonte jusqu&#8217;aux<\/p>","protected":false},"featured_media":19607,"template":"","meta":[],"product_brand":[],"product_cat":[64],"product_tag":[65],"product_country":[1503],"class_list":{"0":"post-19606","1":"product","2":"type-product","3":"status-publish","4":"has-post-thumbnail","6":"product_cat-movers","7":"product_tag-movers","8":"product_country-france","10":"first","11":"instock","12":"sale","13":"taxable","14":"shipping-taxable","15":"purchasable","16":"product-type-simple"},"_links":{"self":[{"href":"https:\/\/routinesfashione.com\/en\/wp-json\/wp\/v2\/product\/19606","targetHints":{"allow":["GET"]}}],"collection":[{"href":"https:\/\/routinesfashione.com\/en\/wp-json\/wp\/v2\/product"}],"about":[{"href":"https:\/\/routinesfashione.com\/en\/wp-json\/wp\/v2\/types\/product"}],"wp:featuredmedia":[{"embeddable":true,"href":"https:\/\/routinesfashione.com\/en\/wp-json\/wp\/v2\/media\/19607"}],"wp:attachment":[{"href":"https:\/\/routinesfashione.com\/en\/wp-json\/wp\/v2\/media?parent=19606"}],"wp:term":[{"taxonomy":"product_brand","embeddable":true,"href":"https:\/\/routinesfashione.com\/en\/wp-json\/wp\/v2\/product_brand?post=19606"},{"taxonomy":"product_cat","embeddable":true,"href":"https:\/\/routinesfashione.com\/en\/wp-json\/wp\/v2\/product_cat?post=19606"},{"taxonomy":"product_tag","embeddable":true,"href":"https:\/\/routinesfashione.com\/en\/wp-json\/wp\/v2\/product_tag?post=19606"},{"taxonomy":"product_country","embeddable":true,"href":"https:\/\/routinesfashione.com\/en\/wp-json\/wp\/v2\/product_country?post=19606"}],"curies":[{"name":"wp","href":"https:\/\/api.w.org\/{rel}","templated":true}]}}