{"id":209,"date":"2025-09-30T20:55:54","date_gmt":"2025-09-30T20:55:54","guid":{"rendered":"https:\/\/lightgray-crow-170497.hostingersite.com\/?post_type=product&#038;p=209"},"modified":"2025-09-30T20:55:54","modified_gmt":"2025-09-30T20:55:54","slug":"tondeuseecovacs-robot-g1-delimitation-sans-fil-evitement-dobstacles-3d-aivi-planification-intelligente-mowing-area-1600m2-reglage-de-la-zone-dacces-interdit-gestionnaire-video-goat-g1","status":"publish","type":"product","link":"https:\/\/routinesfashione.com\/en\/produit\/tondeuseecovacs-robot-g1-delimitation-sans-fil-evitement-dobstacles-3d-aivi-planification-intelligente-mowing-area-1600m2-reglage-de-la-zone-dacces-interdit-gestionnaire-video-goat-g1\/","title":{"rendered":"TondeuseECOVACS Robot G1 (d\u00e9limitation sans Fil, \u00e9vitement d&#8217;obstacles 3D AIVI, Planification Intelligente, Mowing Area 1600m2, r\u00e9glage de la Zone d&#8217;acc\u00e8s Interdit, gestionnaire vid\u00e9o) (Goat-G1)"},"content":{"rendered":"<ul class=\"a-unordered-list a-vertical a-spacing-mini\">\n<li class=\"a-spacing-mini\"><span class=\"a-list-item\">\u3010M\u00e9thode de d\u00e9limitation sans fil\u3011Dites adieu \u00e0 l&#8217;installation manuelle traditionnelle des d\u00e9limitations gr\u00e2ce \u00e0 la m\u00e9thode de d\u00e9limitation sans fil. Remplacez les fils \u00e9lectroniques par un signal balistique et proc\u00e9dez \u00e0 la d\u00e9limitation sans fil d&#8217;un jardin standard en un seul clic sur l&#8217;application, ce qui permet d&#8217;am\u00e9liorer l&#8217;efficacit\u00e9 de la d\u00e9limitation gr\u00e2ce \u00e0 une transmission de signal plus stable et \u00e0 une capacit\u00e9 anti-interf\u00e9rence renforc\u00e9e.<\/span><\/li>\n<li class=\"a-spacing-mini\"><span class=\"a-list-item\">\u3010Syst\u00e8me de localisation multifusionnel TrueMapping\u3011 solution de vision double int\u00e9gr\u00e9e (cam\u00e9ra panoramique+cam\u00e9ra fisheye) avec des technologies de communication sans fil \u00e0 ondes porteuses \u00e0 bande ultra-large, de navigation inertielle et de localisation par GPS. Gr\u00e2ce au syst\u00e8me TrueMapping, le G1 r\u00e9alise une coupe parfaitement homog\u00e8ne par bandes logiques et procure une exp\u00e9rience de tonte particuli\u00e8rement efficace.<\/span><\/li>\n<li class=\"a-spacing-mini\"><span class=\"a-list-item\">\u3010Technologie d&#8217;\u00e9vitement intelligent d&#8217;obstacles 3D AIVI\u3011La premi\u00e8re technologie innovante d&#8217;\u00e9vitement intelligent d&#8217;obstacles 3D dans l&#8217;industrie de la tondeuse \u00e0 gazon robotis\u00e9e, qui associe un capteur visuel et un capteur ToF pour \u00e9viter les obstacles. En cas de d\u00e9tection d&#8217;un \u00eatre humain, le GOAT suspend automatiquement la rotation de ses lames, ce qui garantit une tonte plus s\u00fbre et plus fluide qu&#8217;avec les m\u00e9thodes traditionnelles.<\/span><\/li>\n<li class=\"a-spacing-mini\"><span class=\"a-list-item\">\u3010Plusieurs fonctions de tonte en un seul clic sur l&#8217;application\u3011Vous pouvez obtenir une superbe tonte personnalis\u00e9e gr\u00e2ce aux deux disques \u00e0 lames flottantes qui tournent \u00e0 2250 tr\/min avec une hauteur d&#8217;herbe de 3 \u00e0 6 cm \u00e0 s\u00e9lectionner parmi les 13 r\u00e9glages.La gestion avanc\u00e9e des cartes facilite la gestion de votre pelouse via l&#8217;application, notamment avec les fonctions d&#8217;optimisation automatique le long des murs et de r\u00e9glage des zones sans entr\u00e9e pour r\u00e9pondre aux diff\u00e9rents besoins de tonte.<\/span><\/li>\n<li class=\"a-spacing-mini\"><span class=\"a-list-item\">\u3010Gardien de jardin intelligent\u3011Le APP recueille la dynamique du jardin en temps r\u00e9el.La solution de cam\u00e9ra panoramique + cam\u00e9ra fisheye fait office pour assurer la t\u00e2che de gardiennage sur plusieurs emplacements. La certification de s\u00e9curit\u00e9 et de protection de la vie priv\u00e9e de l&#8217;utilisateur full-link d\u00e9livr\u00e9e par T\u00dcV Rheinland veille \u00e0 garantir la s\u00e9curit\u00e9 de vos informations personnelles. Veuillez noter que le GOAT doit pouvoir op\u00e9rer dans un environnement dot\u00e9 d&#8217;un signal Wi-Fi puissant.<\/span><\/li>\n<li class=\"a-spacing-mini\"><span class=\"a-list-item\">\u3010Service apr\u00e8s-vente\u3011ECOVACS offre une garantie de 3 ans pour GOAT et de 2 ans pour la batterie. Le centre de contact local amical et professionnel r\u00e9sout rapidement tout probl\u00e8me pour vous.<\/span><\/li>\n<\/ul>","protected":false},"excerpt":{"rendered":"<p>\u3010M\u00e9thode de d\u00e9limitation sans fil\u3011Dites adieu \u00e0 l&#8217;installation manuelle traditionnelle des d\u00e9limitations gr\u00e2ce \u00e0 la m\u00e9thode de d\u00e9limitation sans fil.<\/p>","protected":false},"featured_media":12969,"template":"","meta":[],"product_brand":[],"product_cat":[61],"product_tag":[],"product_country":[1503],"class_list":{"0":"post-209","1":"product","2":"type-product","3":"status-publish","4":"has-post-thumbnail","6":"product_cat-sale-france","7":"product_country-france","9":"first","10":"instock","11":"sale","12":"taxable","13":"shipping-taxable","14":"purchasable","15":"product-type-simple"},"_links":{"self":[{"href":"https:\/\/routinesfashione.com\/en\/wp-json\/wp\/v2\/product\/209","targetHints":{"allow":["GET"]}}],"collection":[{"href":"https:\/\/routinesfashione.com\/en\/wp-json\/wp\/v2\/product"}],"about":[{"href":"https:\/\/routinesfashione.com\/en\/wp-json\/wp\/v2\/types\/product"}],"wp:featuredmedia":[{"embeddable":true,"href":"https:\/\/routinesfashione.com\/en\/wp-json\/wp\/v2\/media\/12969"}],"wp:attachment":[{"href":"https:\/\/routinesfashione.com\/en\/wp-json\/wp\/v2\/media?parent=209"}],"wp:term":[{"taxonomy":"product_brand","embeddable":true,"href":"https:\/\/routinesfashione.com\/en\/wp-json\/wp\/v2\/product_brand?post=209"},{"taxonomy":"product_cat","embeddable":true,"href":"https:\/\/routinesfashione.com\/en\/wp-json\/wp\/v2\/product_cat?post=209"},{"taxonomy":"product_tag","embeddable":true,"href":"https:\/\/routinesfashione.com\/en\/wp-json\/wp\/v2\/product_tag?post=209"},{"taxonomy":"product_country","embeddable":true,"href":"https:\/\/routinesfashione.com\/en\/wp-json\/wp\/v2\/product_country?post=209"}],"curies":[{"name":"wp","href":"https:\/\/api.w.org\/{rel}","templated":true}]}}