{"id":2105,"date":"2025-09-30T20:53:31","date_gmt":"2025-09-30T20:53:31","guid":{"rendered":"https:\/\/lightgray-crow-170497.hostingersite.com\/?post_type=product&#038;p=2105"},"modified":"2025-09-30T20:53:31","modified_gmt":"2025-09-30T20:53:31","slug":"genergy-generateur-solaire-de-secours-monophase-creta-sol-silent-7500-w-creta-sol-silent-genergy","status":"publish","type":"product","link":"https:\/\/routinesfashione.com\/en\/produit\/genergy-generateur-solaire-de-secours-monophase-creta-sol-silent-7500-w-creta-sol-silent-genergy\/","title":{"rendered":"Genergy G\u00e9n\u00e9rateur solaire de secours monophas\u00e9 Creta SOL Silent 7500 W Creta SOL Silent Genergy"},"content":{"rendered":"<ul>\n<li>G\u00e9n\u00e9rateur \u00e9lectrique silencieux Creta SOL de Genergy.<\/li>\n<li>Avec moteur \u00e0 essence 4 temps OHV refroidi par air.<\/li>\n<li>Pour l&#8217;appoint des syst\u00e8mes photovolta\u00efques.<\/li>\n<li>Il dispose d&#8217;un syst\u00e8me de stabilisation de l&#8217;onduleur.<\/li>\n<li>Il dispose d&#8217;un \u00e9cran indiquant les travaux d&#8217;entretien.\n<ul>\n<li>Avertit des proc\u00e9dures.<\/li>\n<li>Affiche les heures V-HZ.<\/li>\n<\/ul>\n<\/li>\n<li>Avec d\u00e9marrage \u00e9lectrique par bouton poussoir, contact NO ou cordon de d\u00e9marrage.<\/li>\n<li>Ses dimensions sont de 60,6 cm de large, 70,8 cm de haut et 72,4 cm de profondeur.<\/li>\n<li>Le poids du g\u00e9n\u00e9rateur est de 87 kg.<\/li>\n<li>Ce produit g\u00e9n\u00e8re peu d&#8217;\u00e9missions.<\/li>\n<\/ul>\n<p dir=\"ltr\"><strong>Donn\u00e9es techniques :<\/strong><\/p>\n<ul>\n<li>Tension : 230 V-50 Hz.<\/li>\n<li>Type monophas\u00e9.<\/li>\n<li>Mod\u00e8le de moteur : SGB420PRO.<\/li>\n<li>Puissance maximale (230 V) : 7500 W.<\/li>\n<li>Puissance nominale (230 V) : 7200 W.<\/li>\n<li>Cylindr\u00e9e : 459 cc.<\/li>\n<li>Niveau de pression acoustique moyen \u00e0 7 m LpA (ralenti-nominal) : 61 dB-71 dB.<\/li>\n<li>Niveau de puissance acoustique garanti LwA : 96 dB.<\/li>\n<li>Capacit\u00e9 du r\u00e9servoir de carburant : 26 L.<\/li>\n<li>Consommation \u00e0 25-50-75% de charge : 1,7 l\/h &#8211; 2,6 l\/l &#8211; 3,6 l\/h.<\/li>\n<li>Autonomie 25-50-75% de charge : 16 h &#8211; 11 h &#8211; 7,5 h.<\/li>\n<li>Capacit\u00e9 et qualit\u00e9 de l&#8217;huile : 1,1 L &#8211; SAE10W40.<\/li>\n<li>Classe de performance : G2.<\/li>\n<li>Norme : ISO 8528-13:2016.<\/li>\n<\/ul>\n<p dir=\"ltr\"><strong>En option :<\/strong><\/p>\n<ul>\n<li>Module d&#8217;onduleur solaire.\n<ul>\n<li>Mod\u00e8le IRF6000 48 V.<\/li>\n<li>\u00c9quip\u00e9 d&#8217;un \u00e9cran LCD.<\/li>\n<li>Puissance de 6000 W.<\/li>\n<li>Type de charge solaire MPPT.<\/li>\n<li>Avec connexion Wifi pour la surveillance via une application mobile.<\/li>\n<\/ul>\n<\/li>\n<\/ul>","protected":false},"excerpt":{"rendered":"<p>G\u00e9n\u00e9rateur \u00e9lectrique silencieux Creta SOL de Genergy. Avec moteur \u00e0 essence 4 temps OHV refroidi par air. Pour l&#8217;appoint des<\/p>","protected":false},"featured_media":28152,"template":"","meta":[],"product_brand":[],"product_cat":[61],"product_tag":[1514],"product_country":[1503],"class_list":{"0":"post-2105","1":"product","2":"type-product","3":"status-publish","4":"has-post-thumbnail","6":"product_cat-sale-france","7":"product_tag-sale-france","8":"product_country-france","10":"first","11":"instock","12":"sale","13":"taxable","14":"shipping-taxable","15":"purchasable","16":"product-type-simple"},"_links":{"self":[{"href":"https:\/\/routinesfashione.com\/en\/wp-json\/wp\/v2\/product\/2105","targetHints":{"allow":["GET"]}}],"collection":[{"href":"https:\/\/routinesfashione.com\/en\/wp-json\/wp\/v2\/product"}],"about":[{"href":"https:\/\/routinesfashione.com\/en\/wp-json\/wp\/v2\/types\/product"}],"wp:featuredmedia":[{"embeddable":true,"href":"https:\/\/routinesfashione.com\/en\/wp-json\/wp\/v2\/media\/28152"}],"wp:attachment":[{"href":"https:\/\/routinesfashione.com\/en\/wp-json\/wp\/v2\/media?parent=2105"}],"wp:term":[{"taxonomy":"product_brand","embeddable":true,"href":"https:\/\/routinesfashione.com\/en\/wp-json\/wp\/v2\/product_brand?post=2105"},{"taxonomy":"product_cat","embeddable":true,"href":"https:\/\/routinesfashione.com\/en\/wp-json\/wp\/v2\/product_cat?post=2105"},{"taxonomy":"product_tag","embeddable":true,"href":"https:\/\/routinesfashione.com\/en\/wp-json\/wp\/v2\/product_tag?post=2105"},{"taxonomy":"product_country","embeddable":true,"href":"https:\/\/routinesfashione.com\/en\/wp-json\/wp\/v2\/product_country?post=2105"}],"curies":[{"name":"wp","href":"https:\/\/api.w.org\/{rel}","templated":true}]}}