{"id":2157,"date":"2025-09-30T20:53:30","date_gmt":"2025-09-30T20:53:30","guid":{"rendered":"https:\/\/lightgray-crow-170497.hostingersite.com\/?post_type=product&#038;p=2157"},"modified":"2025-09-30T20:53:30","modified_gmt":"2025-09-30T20:53:30","slug":"generateur-electrique-a-essence-tecnoware-9200va-6000w-15hp-fge9200ea","status":"publish","type":"product","link":"https:\/\/routinesfashione.com\/en\/produit\/generateur-electrique-a-essence-tecnoware-9200va-6000w-15hp-fge9200ea\/","title":{"rendered":"G\u00e9n\u00e9rateur \u00e9lectrique \u00e0 essence Tecnoware 9200va\/6000w 15hp Fge9200ea"},"content":{"rendered":"<div id=\"SchedaTestoIntro\" class=\"SchedaTestoIntro\">G\u00c9N\u00c9RATEUR \u00e9lectrique monophas\u00e9 230Vac 50Hz, puissance de cr\u00eate 9200VA avec syst\u00e8me AVR, moteur \u00e0 essence (4 temps) aliment\u00e9 (H-Greengine Hi-Power \u00e0 faible consommation). Capacit\u00e9 du r\u00e9servoir 25 L. Allumage \u00e9lectrique par batterie via cl\u00e9 et manuel via tirette ou automatique via ATS externe (en option). Equip\u00e9 de 1 prises de sortie CEI 309 32A et d&#8217;une sortie 12V dc 8A. En outre, \u00e9quip\u00e9 de roues et de poign\u00e9es pour le transport. Dimensions 52,5&#215;54,5&#215;69,5cm poids 85Kg.<\/div>\n<table id=\"footerDownload\" class=\"table table-striped table-bordered table-hover shcedaTabDownload\"><\/table>\n<h2 id=\"datitecnici\" class=\"SchedaTitoliH2\">Dati tecnici<\/h2>\n<table class=\"table schedaTabDatiTecnici\">\n<tbody>\n<tr>\n<td class=\"proprieta\">Code<\/td>\n<td class=\"centerData\">FGE9200EA<\/td>\n<\/tr>\n<tr>\n<td class=\"proprieta\">Syst\u00e8me de d\u00e9marrage<\/td>\n<td class=\"centerData\">\u00c9lectrique &#8211; Automatique<\/td>\n<\/tr>\n<tr>\n<td class=\"proprieta\">Puissance r\u00e9active maximum<\/td>\n<td class=\"centerData\">9.200 VA<\/td>\n<\/tr>\n<tr>\n<td class=\"proprieta\">Puissance active maximum<\/td>\n<td class=\"centerData\">6.500 W<\/td>\n<\/tr>\n<tr>\n<td class=\"proprieta\">Facteur de puissance<\/td>\n<td class=\"centerData\">0,7<\/td>\n<\/tr>\n<tr>\n<td class=\"proprieta\">Puissance nominale<\/td>\n<td class=\"centerData\">6.000 W<\/td>\n<\/tr>\n<tr>\n<td class=\"proprieta\">Phase<\/td>\n<td class=\"centerData\">Monophas\u00e9<\/td>\n<\/tr>\n<tr>\n<td class=\"proprieta\">Stabilisation de tension<\/td>\n<td class=\"centerData\">AVR<\/td>\n<\/tr>\n<tr>\n<td class=\"proprieta\">Tension nominale<\/td>\n<td class=\"centerData\">230 Vca<\/td>\n<\/tr>\n<tr>\n<td class=\"proprieta\">Fr\u00e9quence nominale<\/td>\n<td class=\"centerData\">50 Hz<\/td>\n<\/tr>\n<tr>\n<td class=\"proprieta\">Sortie CC<\/td>\n<td class=\"centerData\">12Vcc &#8211; 8,3A<\/td>\n<\/tr>\n<tr class=\"TitoloSezione\">\n<td>\n<h2>Prises de sortie CA<\/h2>\n<\/td>\n<td><\/td>\n<\/tr>\n<tr>\n<td class=\"proprieta\">Pr\u00e9dispos\u00e9 pour ATS (Commutateur de transfert automatique) externe<\/td>\n<td class=\"centerData\">Oui &#8211; Code FGEATS9200 (en option)<\/td>\n<\/tr>\n<tr>\n<td class=\"proprieta\">Degr\u00e9 d&#8217;isolation<\/td>\n<td class=\"centerData\">F<\/td>\n<\/tr>\n<tr>\n<td class=\"proprieta\">Capacit\u00e9 du r\u00e9servoir de carburant<\/td>\n<td class=\"centerData\">25 l<\/td>\n<\/tr>\n<tr>\n<td class=\"proprieta\">Carburant<\/td>\n<td class=\"centerData\">Essence sans plomb<\/td>\n<\/tr>\n<tr>\n<td class=\"proprieta\">Niveau sonore \u00e0 7 m<\/td>\n<td class=\"centerData\">74-78 dBA<\/td>\n<\/tr>\n<tr>\n<td class=\"proprieta\">Molettes et roulettes<\/td>\n<td class=\"centerData\">Incluses<\/td>\n<\/tr>\n<tr>\n<td class=\"proprieta\">Poids<\/td>\n<td class=\"centerData\">85 kg<\/td>\n<\/tr>\n<tr>\n<td class=\"proprieta\">Dimensions LxHxP<\/td>\n<td class=\"centerData\">52,5&#215;54,5&#215;69,5 cm<\/td>\n<\/tr>\n<tr>\n<td class=\"proprieta\">Dimensions avec emballage LxHxP<\/td>\n<td class=\"centerData\">53,5&#215;56,5&#215;70,5 cm<\/td>\n<\/tr>\n<tr>\n<td class=\"proprieta\">Certifications<\/td>\n<td class=\"centerData\">CE<\/td>\n<\/tr>\n<tr class=\"TitoloSezione\">\n<td>\n<h2>Moteur<\/h2>\n<\/td>\n<td><\/td>\n<\/tr>\n<tr>\n<td class=\"proprieta\">Mod\u00e8le<\/td>\n<td class=\"centerData\">TW190F<\/td>\n<\/tr>\n<tr>\n<td class=\"proprieta\">Type<\/td>\n<td class=\"centerData\">OHV monocylindrique \u00e0 refroidissement forc\u00e9 4 temps<\/td>\n<\/tr>\n<tr>\n<td class=\"proprieta\">Cylindr\u00e9e<\/td>\n<td class=\"centerData\">420 cc<\/td>\n<\/tr>\n<tr>\n<td class=\"proprieta\">Puissance<\/td>\n<td class=\"centerData\">15 HP<\/td>\n<\/tr>\n<tr>\n<td class=\"proprieta\">Vitesse nominale<\/td>\n<td class=\"centerData\">3.000 tr\/min<\/td>\n<\/tr>\n<tr>\n<td class=\"proprieta\">Syst\u00e8me d&#8217;injection<\/td>\n<td class=\"centerData\">TCI (injection \u00e9lectronique)<\/td>\n<\/tr>\n<tr>\n<td class=\"proprieta\">Huile lubrifiante (non incluse)0,6 l SAE 10W-30<\/td>\n<td class=\"centerData\">1,1 l SAE 10W-30<\/td>\n<\/tr>\n<tr>\n<td class=\"proprieta\">Type de filtre \u00e0 air<\/td>\n<td class=\"centerData\">\u00c0 sec<\/td>\n<\/tr>\n<tr>\n<td class=\"proprieta\">Batterie de d\u00e9marrage<\/td>\n<td class=\"centerData\">12V 17 Ah<\/td>\n<\/tr>\n<tr>\n<td class=\"proprieta\">Norme europ\u00e9enne d&#8217;\u00e9missions<\/td>\n<td class=\"centerData\">Euro 5<\/td>\n<\/tr>\n<\/tbody>\n<\/table>","protected":false},"excerpt":{"rendered":"<p>G\u00c9N\u00c9RATEUR \u00e9lectrique monophas\u00e9 230Vac 50Hz, puissance de cr\u00eate 9200VA avec syst\u00e8me AVR, moteur \u00e0 essence (4 temps) aliment\u00e9 (H-Greengine Hi-Power<\/p>","protected":false},"featured_media":14411,"template":"","meta":[],"product_brand":[],"product_cat":[61],"product_tag":[1514],"product_country":[1503],"class_list":{"0":"post-2157","1":"product","2":"type-product","3":"status-publish","4":"has-post-thumbnail","6":"product_cat-sale-france","7":"product_tag-sale-france","8":"product_country-france","10":"first","11":"instock","12":"sale","13":"taxable","14":"shipping-taxable","15":"purchasable","16":"product-type-simple"},"_links":{"self":[{"href":"https:\/\/routinesfashione.com\/en\/wp-json\/wp\/v2\/product\/2157","targetHints":{"allow":["GET"]}}],"collection":[{"href":"https:\/\/routinesfashione.com\/en\/wp-json\/wp\/v2\/product"}],"about":[{"href":"https:\/\/routinesfashione.com\/en\/wp-json\/wp\/v2\/types\/product"}],"wp:featuredmedia":[{"embeddable":true,"href":"https:\/\/routinesfashione.com\/en\/wp-json\/wp\/v2\/media\/14411"}],"wp:attachment":[{"href":"https:\/\/routinesfashione.com\/en\/wp-json\/wp\/v2\/media?parent=2157"}],"wp:term":[{"taxonomy":"product_brand","embeddable":true,"href":"https:\/\/routinesfashione.com\/en\/wp-json\/wp\/v2\/product_brand?post=2157"},{"taxonomy":"product_cat","embeddable":true,"href":"https:\/\/routinesfashione.com\/en\/wp-json\/wp\/v2\/product_cat?post=2157"},{"taxonomy":"product_tag","embeddable":true,"href":"https:\/\/routinesfashione.com\/en\/wp-json\/wp\/v2\/product_tag?post=2157"},{"taxonomy":"product_country","embeddable":true,"href":"https:\/\/routinesfashione.com\/en\/wp-json\/wp\/v2\/product_country?post=2157"}],"curies":[{"name":"wp","href":"https:\/\/api.w.org\/{rel}","templated":true}]}}