{"id":2247,"date":"2025-09-30T20:51:22","date_gmt":"2025-09-30T20:51:22","guid":{"rendered":"https:\/\/lightgray-crow-170497.hostingersite.com\/?post_type=product&#038;p=2247"},"modified":"2025-09-30T20:51:22","modified_gmt":"2025-09-30T20:51:22","slug":"generateur-diesel-monophase-3kw-57hp","status":"publish","type":"product","link":"https:\/\/routinesfashione.com\/en\/produit\/generateur-diesel-monophase-3kw-57hp\/","title":{"rendered":"G\u00e9n\u00e9rateur diesel monophas\u00e9 3KW 5,7HP"},"content":{"rendered":"<div class=\"o-product-detail-informations__description\">\n<p>G\u00e9n\u00e9rateur diesel monophas\u00e9 3KW, fiable pour un usage professionnel. Puissance stable et longue dur\u00e9e de vie pour alimenter les \u00e9quipements en toute s\u00e9curit\u00e9.<\/p>\n<\/div>\n<table class=\"o-product-features\" role=\"presentation\" data-cerberus=\"TABLE_AttributesProduct\">\n<caption class=\"kl-hidden-accessibility\">\u00a0<\/caption>\n<tbody>\n<tr class=\"m-product-attr-row\">\n<th class=\"m-product-attr-row__name\" scope=\"row\">Type de d\u00e9marrage<\/th>\n<td class=\"m-product-attr-row__value\">Manuelle et \u00e9lectrique<\/td>\n<\/tr>\n<tr class=\"m-product-attr-row\">\n<th class=\"m-product-attr-row__name\" scope=\"row\">Carburant utilis\u00e9<\/th>\n<td class=\"m-product-attr-row__value\">Diesel<\/td>\n<\/tr>\n<\/tbody>\n<\/table>\n<p class=\"a-text-warranty\">Tous les produits vendus par Leroy Merlin et par les vendeurs b\u00e9n\u00e9ficient de la garantie l\u00e9gale de conformit\u00e9 de 2 ans \u00e0 compter de leur d\u00e9livrance.<br \/>\nRetrouvez les conditions et modalit\u00e9s de mise en \u0153uvre des garanties (l\u00e9gales et commerciales) dans les fiches produits, les conditions g\u00e9n\u00e9rales de vente, en magasin ou sur la page de chaque vendeur pour les articles signal\u00e9s &#8222;Vendu par &#8222;.<\/p>","protected":false},"excerpt":{"rendered":"<p>G\u00e9n\u00e9rateur diesel monophas\u00e9 3KW, fiable pour un usage professionnel. Puissance stable et longue dur\u00e9e de vie pour alimenter les \u00e9quipements<\/p>","protected":false},"featured_media":14482,"template":"","meta":[],"product_brand":[],"product_cat":[61],"product_tag":[1514],"product_country":[1503],"class_list":{"0":"post-2247","1":"product","2":"type-product","3":"status-publish","4":"has-post-thumbnail","6":"product_cat-sale-france","7":"product_tag-sale-france","8":"product_country-france","10":"first","11":"instock","12":"sale","13":"taxable","14":"shipping-taxable","15":"purchasable","16":"product-type-simple"},"_links":{"self":[{"href":"https:\/\/routinesfashione.com\/en\/wp-json\/wp\/v2\/product\/2247","targetHints":{"allow":["GET"]}}],"collection":[{"href":"https:\/\/routinesfashione.com\/en\/wp-json\/wp\/v2\/product"}],"about":[{"href":"https:\/\/routinesfashione.com\/en\/wp-json\/wp\/v2\/types\/product"}],"wp:featuredmedia":[{"embeddable":true,"href":"https:\/\/routinesfashione.com\/en\/wp-json\/wp\/v2\/media\/14482"}],"wp:attachment":[{"href":"https:\/\/routinesfashione.com\/en\/wp-json\/wp\/v2\/media?parent=2247"}],"wp:term":[{"taxonomy":"product_brand","embeddable":true,"href":"https:\/\/routinesfashione.com\/en\/wp-json\/wp\/v2\/product_brand?post=2247"},{"taxonomy":"product_cat","embeddable":true,"href":"https:\/\/routinesfashione.com\/en\/wp-json\/wp\/v2\/product_cat?post=2247"},{"taxonomy":"product_tag","embeddable":true,"href":"https:\/\/routinesfashione.com\/en\/wp-json\/wp\/v2\/product_tag?post=2247"},{"taxonomy":"product_country","embeddable":true,"href":"https:\/\/routinesfashione.com\/en\/wp-json\/wp\/v2\/product_country?post=2247"}],"curies":[{"name":"wp","href":"https:\/\/api.w.org\/{rel}","templated":true}]}}