{"id":2290,"date":"2025-09-30T20:51:21","date_gmt":"2025-09-30T20:51:21","guid":{"rendered":"https:\/\/lightgray-crow-170497.hostingersite.com\/?post_type=product&#038;p=2290"},"modified":"2025-09-30T20:51:21","modified_gmt":"2025-09-30T20:51:21","slug":"generateur-a-essence-gaz-inverter-8500w-konner-sohnen","status":"publish","type":"product","link":"https:\/\/routinesfashione.com\/en\/produit\/generateur-a-essence-gaz-inverter-8500w-konner-sohnen\/","title":{"rendered":"G\u00e9n\u00e9rateur \u00e0 essence-gaz inverter 8500W konner &#038; sohnen"},"content":{"rendered":"<p>Groupe \u00e9lectrog\u00e8ne portable KS 8100iEG est une source pratique d\u2019\u00e9nergie \u00e9lectrique, poss\u00e9dant la r\u00e9gulation inverter \u00a0\u00e9lectronique int\u00e9gr\u00e9e contr\u00f4l\u00e9e par microprocesseur, assure le contr\u00f4le de fonctionnement du groupe \u00e9lectrog\u00e8ne et fournit une tension de sortie stable, de forme d\u2019onde sinuso\u00efdale 230V 50Hz, qui convient au fonctionnement fiable de l\u2019\u00e9lectronique sensible. Le mode \u00e9conomique r\u00e9duit la consommation de carburant jusqu\u2019\u00e0 50% \u00e0 faibles charges en ralentissant la vitesse de rotation du moteur. L\u2019alternateur avec un enroulement en cuivre et le puissant moteur K&amp;S garantissent une utilisation longue et r\u00e9pondent \u00e0 toutes les normes de qualit\u00e9 europ\u00e9ennes. La pr\u00e9sence de l\u2019\u00e9cran LED permet un suivi optimal de l\u2019\u00e9tat du g\u00e9n\u00e9rateur et de son travail et favorise les interventions de maintenance en cas de besoin.<\/p>\n<p>Caract\u00e9ristiques :<br \/>\nMarque : KONNER SOHNEN<br \/>\nTension: 230 V<br \/>\nPuissance maximale : 8,5 kW<br \/>\nPuissance nominale : 8,0 kW<br \/>\nFr\u00e9quence : 50 Hz<br \/>\nCourant max : 34,8 \u0410<br \/>\n1 Prise x Schuko 230 V<br \/>\n1 Prise x CEE 230 V 32 A<br \/>\nType de d\u00e9marrage : \u00c9lectrique<br \/>\nCapacit\u00e9 du r\u00e9servoir de carburant : 20 Litres<br \/>\nTemps de fonctionnement \u00e0 50% de charge : 7,1 Heures<br \/>\nAffichage LED Compteur horaire, fr\u00e9quence, tension<br \/>\nNiveau sonore : 70 dB (A)<br \/>\nSortie 12V : 12\/8,3 \u0410<br \/>\nSortie USB : 5V\/1A, 5V\/2,1A<br \/>\nMod\u00e8le moteur : KS 480i<br \/>\nVolume du cylindre moteur : 3458 cm<br \/>\nType de moteur Gaz\/essence \u00e0 1 cylindre, \u00e0 4 temps avec refroidissement par air<br \/>\nPuissance du moteur : 16 CV<br \/>\nVolume du carter d\u2019huile : 1.1 litres<br \/>\nBatterie : 1,6 A\u00b7h<br \/>\nClasse de protection : IP23M<br \/>\nEnroulement d\u2019alternateur \u0421uivre<br \/>\nDimensions : 765 \u0445 505 \u0445 555 mm<br \/>\nPoids : 68 kg<\/p>","protected":false},"excerpt":{"rendered":"<p>Groupe \u00e9lectrog\u00e8ne portable KS 8100iEG est une source pratique d\u2019\u00e9nergie \u00e9lectrique, poss\u00e9dant la r\u00e9gulation inverter \u00a0\u00e9lectronique int\u00e9gr\u00e9e contr\u00f4l\u00e9e par microprocesseur,<\/p>","protected":false},"featured_media":28099,"template":"","meta":[],"product_brand":[],"product_cat":[61],"product_tag":[1514],"product_country":[1503],"class_list":{"0":"post-2290","1":"product","2":"type-product","3":"status-publish","4":"has-post-thumbnail","6":"product_cat-sale-france","7":"product_tag-sale-france","8":"product_country-france","10":"first","11":"instock","12":"sale","13":"taxable","14":"shipping-taxable","15":"purchasable","16":"product-type-simple"},"_links":{"self":[{"href":"https:\/\/routinesfashione.com\/en\/wp-json\/wp\/v2\/product\/2290","targetHints":{"allow":["GET"]}}],"collection":[{"href":"https:\/\/routinesfashione.com\/en\/wp-json\/wp\/v2\/product"}],"about":[{"href":"https:\/\/routinesfashione.com\/en\/wp-json\/wp\/v2\/types\/product"}],"wp:featuredmedia":[{"embeddable":true,"href":"https:\/\/routinesfashione.com\/en\/wp-json\/wp\/v2\/media\/28099"}],"wp:attachment":[{"href":"https:\/\/routinesfashione.com\/en\/wp-json\/wp\/v2\/media?parent=2290"}],"wp:term":[{"taxonomy":"product_brand","embeddable":true,"href":"https:\/\/routinesfashione.com\/en\/wp-json\/wp\/v2\/product_brand?post=2290"},{"taxonomy":"product_cat","embeddable":true,"href":"https:\/\/routinesfashione.com\/en\/wp-json\/wp\/v2\/product_cat?post=2290"},{"taxonomy":"product_tag","embeddable":true,"href":"https:\/\/routinesfashione.com\/en\/wp-json\/wp\/v2\/product_tag?post=2290"},{"taxonomy":"product_country","embeddable":true,"href":"https:\/\/routinesfashione.com\/en\/wp-json\/wp\/v2\/product_country?post=2290"}],"curies":[{"name":"wp","href":"https:\/\/api.w.org\/{rel}","templated":true}]}}