{"id":2349,"date":"2025-09-30T20:51:20","date_gmt":"2025-09-30T20:51:20","guid":{"rendered":"https:\/\/lightgray-crow-170497.hostingersite.com\/?post_type=product&#038;p=2349"},"modified":"2025-09-30T20:51:20","modified_gmt":"2025-09-30T20:51:20","slug":"a-ipower-groupe-electrogene-essence-gaz-inverter-3800w-sc4000ied-o","status":"publish","type":"product","link":"https:\/\/routinesfashione.com\/en\/produit\/a-ipower-groupe-electrogene-essence-gaz-inverter-3800w-sc4000ied-o\/","title":{"rendered":"A-IPOWER Groupe \u00e9lectrog\u00e8ne essence \/ gaz Inverter 3800W SC4000iED-O"},"content":{"rendered":"<p><strong>Compact et l\u00e9ger<\/strong><br \/>\nLe poids de seulement 55 kg et ses dimensions extr\u00eamement compactes, sa poign\u00e9e de transport et ses pieds en caoutchouc, sa poign\u00e9e extensible et ses roues de transport, id\u00e9al pour une utilisation mobile, font du groupe \u00e9lectrog\u00e8ne inverter SC4000iED-O le compagnon id\u00e9al en toutes circonstances.<\/p>\n<p><strong>Capacit\u00e9 du r\u00e9servoir<\/strong><br \/>\nLa grance capacit\u00e9 du r\u00e9servoir de 10 litres permet d&#8217;obtenir une autonomie de jusqu&#8217;\u00e0 10 heures pour faire face \u00e0 tous les impr\u00e9vus.<\/p>\n<p><strong>Protection contre le manque d&#8217;huile et protection contre les surcharges<\/strong><br \/>\nLe SC4000iED-O est \u00e9quip\u00e9 d&#8217;un disjoncteur de surcharge et d&#8217;une protection contre le manque d&#8217;huile, qui vous indique quand l&#8217;huile doit \u00eatre remplie. La tension sinuso\u00efdale pure garantit votre s\u00e9curit\u00e9 et celle de vos appareils. Si le niveau d&#8217;huile tombe en dessous d&#8217;un niveau minimum d\u00e9fini, le groupe \u00e9lectrog\u00e8ne s&#8217;\u00e9teint automatiquement.<\/p>\n<p><strong>Affichage LED pratique<\/strong><br \/>\nCelui-ci fournit des informations en un coup d&#8217;\u0153il sur tous les d\u00e9tails importants, tels que la sortie de tension, la sortie de courant ou le nombre total d&#8217;heures de fonctionnement.<\/p>\n<p><strong>\u00c9conome en carburant, silencieux, \u00e0 faibles \u00e9missions et s\u00fbr<\/strong><br \/>\nLa technologie contr\u00f4l\u00e9e par ordinateur ajuste le r\u00e9gime du moteur en fonction de la consommation d&#8217;\u00e9nergie Le moteur \u00e0 soupapes en t\u00eate (OHV) a une durabilit\u00e9 accrue, une faible consommation de carburant et donc un plus grand respect de l&#8217;environnement.<\/p>\n<p><strong>Protection contre les projections d&#8217;eau Gr\u00e2ce \u00e0 IP23, les projections d&#8217;eau ne sont plus un probl\u00e8me<\/strong><br \/>\nLa classe de protection IP23 confirme que le g\u00e9n\u00e9rateur peut r\u00e9sister \u00e0 un peu d&#8217;eau. Quand il pleut, cependant, il ne faut pas le laisser dehors sans protection.<\/p>\n<p><strong>D\u00e9marrage \u00e9lectrique ou \u00e0 t\u00e9l\u00e9commande<\/strong><br \/>\nLe g\u00e9n\u00e9rateur inverter SC4000iED-O peut \u00eatre d\u00e9marr\u00e9 par cl\u00e9 ou par t\u00e9l\u00e9commande. Et si vous en avez besoin, il y a \u00e9galement un lanceur manuel.<\/p>\n<h3 class=\"h6\">Fiche technique<\/h3>\n<dl class=\"data-sheet\">\n<dt class=\"name\">Tension en Volts : 230 V<\/dt>\n<dt class=\"name\">Puissance maximale en Watts : 3800W (essence) \/ 3500W (gaz)<\/dt>\n<dt class=\"name\">Puissance nominale en Watts : 3500W (essence) \/ 3200W (gaz)<\/dt>\n<dt class=\"name\">Fr\u00e9quence : 50 hz<\/dt>\n<dt class=\"name\">Amp\u00e9rage : 16.52 A<\/dt>\n<dt class=\"name\">Prises : 2 x 230V 16A \/ 1 x 12V 8.3A \/ USB<\/dt>\n<dt class=\"name\">Carburant : SP 95 ou 98 \/ propane ou butane<\/dt>\n<dt class=\"name\">Capacit\u00e9 de carburant en litre : 10<\/dt>\n<dt class=\"name\">Capacit\u00e9 d&#8217;huile en litre : 0.6<\/dt>\n<dt class=\"name\">Autonomie en heure : 10<\/dt>\n<dt class=\"name\">Affichage multifonctions : Oui<\/dt>\n<dt class=\"name\">Inverter : Oui<\/dt>\n<dt class=\"name\">AVR : Non<\/dt>\n<dt class=\"name\">Connexion parall\u00e8le : Oui<\/dt>\n<dt class=\"name\">Niveau sonore \u00e0 7 m\u00e8tres en dB : 58<\/dt>\n<dt class=\"name\">Silencieux : Oui<\/dt>\n<dt class=\"name\">D\u00e9marrage manuel : Oui<\/dt>\n<dt class=\"name\">D\u00e9marrage \u00e9lectrique : Oui<\/dt>\n<dt class=\"name\">Batterie du groupe : Lithium<\/dt>\n<dt class=\"name\">T\u00e9l\u00e9commande : Oui<\/dt>\n<dt class=\"name\">Moteur : Senci SV230<\/dt>\n<dt class=\"name\">Cylindr\u00e9e en cc. : 230<\/dt>\n<dt class=\"name\">Vitesse moteur : variable<\/dt>\n<dt class=\"name\">S\u00e9curit\u00e9 manque d&#8217;huile : Oui<\/dt>\n<dt class=\"name\">Disjoncteur thermique : Oui<\/dt>\n<dt class=\"name\">Alternateur : Cuivre<\/dt>\n<dt class=\"name\">ATS : Non<\/dt>\n<dt class=\"name\">Classe de protection : IP23<\/dt>\n<dt class=\"name\">Transport du groupe : sur roues<\/dt>\n<dt class=\"name\">Dimensions (L x l x H) : 65.5 x 56.5 x 61 cm<\/dt>\n<dt class=\"name\">Poids en kg : 55<\/dt>\n<\/dl>","protected":false},"excerpt":{"rendered":"<p>Compact et l\u00e9ger Le poids de seulement 55 kg et ses dimensions extr\u00eamement compactes, sa poign\u00e9e de transport et ses<\/p>","protected":false},"featured_media":14561,"template":"","meta":[],"product_brand":[],"product_cat":[61],"product_tag":[1514],"product_country":[1503],"class_list":{"0":"post-2349","1":"product","2":"type-product","3":"status-publish","4":"has-post-thumbnail","6":"product_cat-sale-france","7":"product_tag-sale-france","8":"product_country-france","10":"first","11":"instock","12":"sale","13":"taxable","14":"shipping-taxable","15":"purchasable","16":"product-type-simple"},"_links":{"self":[{"href":"https:\/\/routinesfashione.com\/en\/wp-json\/wp\/v2\/product\/2349","targetHints":{"allow":["GET"]}}],"collection":[{"href":"https:\/\/routinesfashione.com\/en\/wp-json\/wp\/v2\/product"}],"about":[{"href":"https:\/\/routinesfashione.com\/en\/wp-json\/wp\/v2\/types\/product"}],"wp:featuredmedia":[{"embeddable":true,"href":"https:\/\/routinesfashione.com\/en\/wp-json\/wp\/v2\/media\/14561"}],"wp:attachment":[{"href":"https:\/\/routinesfashione.com\/en\/wp-json\/wp\/v2\/media?parent=2349"}],"wp:term":[{"taxonomy":"product_brand","embeddable":true,"href":"https:\/\/routinesfashione.com\/en\/wp-json\/wp\/v2\/product_brand?post=2349"},{"taxonomy":"product_cat","embeddable":true,"href":"https:\/\/routinesfashione.com\/en\/wp-json\/wp\/v2\/product_cat?post=2349"},{"taxonomy":"product_tag","embeddable":true,"href":"https:\/\/routinesfashione.com\/en\/wp-json\/wp\/v2\/product_tag?post=2349"},{"taxonomy":"product_country","embeddable":true,"href":"https:\/\/routinesfashione.com\/en\/wp-json\/wp\/v2\/product_country?post=2349"}],"curies":[{"name":"wp","href":"https:\/\/api.w.org\/{rel}","templated":true}]}}