{"id":2368,"date":"2025-09-30T20:51:20","date_gmt":"2025-09-30T20:51:20","guid":{"rendered":"https:\/\/lightgray-crow-170497.hostingersite.com\/?post_type=product&#038;p=2368"},"modified":"2025-09-30T20:51:20","modified_gmt":"2025-09-30T20:51:20","slug":"konner-sohnen-generateur-diesel-ks-9100hde-1-3-atsr","status":"publish","type":"product","link":"https:\/\/routinesfashione.com\/en\/produit\/konner-sohnen-generateur-diesel-ks-9100hde-1-3-atsr\/","title":{"rendered":"G\u00e9n\u00e9rateur diesel K\u00d6NNER &#038; S\u00d6HNEN KS 9100HDE-1\/3 ATSR"},"content":{"rendered":"<table>\n<tbody>\n<tr>\n<td>Tension, V<\/td>\n<td>230\/400<\/td>\n<\/tr>\n<tr>\n<td>Puissance max.\/nom. (230V), kW<\/td>\n<td>6.5\/6.0<\/td>\n<\/tr>\n<tr>\n<td>Puissance max.\/nom. (400V), kW<\/td>\n<td>7.5\/7.0<\/td>\n<\/tr>\n<tr>\n<td>Facteur de puissance, cos\u03c6<\/td>\n<td>1 (230V)\/0,8 (400V)<\/td>\n<\/tr>\n<tr>\n<td>Fr\u00e9quence, Hz<\/td>\n<td>50**<\/td>\n<\/tr>\n<tr>\n<td>Courant max. 230\/400, A<\/td>\n<td>28.26\/13.54<\/td>\n<\/tr>\n<tr>\n<td>Prises<\/td>\n<td>1 x CEE 230 V 32 A, 1 x CEE 400 V 16 A<\/td>\n<\/tr>\n<tr>\n<td>Temps de fonctionnement \u00e0 50% de charge, h***<\/td>\n<td>6.1<\/td>\n<\/tr>\n<tr>\n<td>Affichage led<\/td>\n<td>Compteur horaire, fr\u00e9quence, tension<\/td>\n<\/tr>\n<tr>\n<td>Niveau sonore, Lpa (7m)\/Lwa, dB<\/td>\n<td>71\/96<\/td>\n<\/tr>\n<tr>\n<td>Sortie 12V, \u0410<\/td>\n<td>12\/8.3<\/td>\n<\/tr>\n<tr>\n<td>Type de moteur<\/td>\n<td>Diesel 4 temps<\/td>\n<\/tr>\n<tr>\n<td>Mod\u00e8le moteur<\/td>\n<td>KS 520HD-V<\/td>\n<\/tr>\n<tr>\n<td>Puissance du moteur, ch. v.\/kW<\/td>\n<td>18.0\/13.24<\/td>\n<\/tr>\n<tr>\n<td>Pr\u00e9chauffage avant d\u00e9marrage<\/td>\n<td>+<\/td>\n<\/tr>\n<tr>\n<td>Capacit\u00e9 du r\u00e9servoir de carburant, l<\/td>\n<td>11<\/td>\n<\/tr>\n<tr>\n<td>Volume du carter d\u2019huile, l<\/td>\n<td>1.65<\/td>\n<\/tr>\n<tr>\n<td>Volume du cylindre moteur, cm3<\/td>\n<td>498<\/td>\n<\/tr>\n<tr>\n<td>R\u00e9gulateur de la tension<\/td>\n<td>Syst\u00e8me intelligent AVR<\/td>\n<\/tr>\n<tr>\n<td>Type de d\u00e9marrage<\/td>\n<td>Manuel \/ \u00e9lectrique<\/td>\n<\/tr>\n<tr>\n<td>Diam\u00e8tre du ch\u00e2ssis porte-moteur<\/td>\n<td>32<\/td>\n<\/tr>\n<tr>\n<td>Batterie, A\u00b7h<\/td>\n<td>30<\/td>\n<\/tr>\n<\/tbody>\n<\/table>","protected":false},"excerpt":{"rendered":"<p>Tension, V 230\/400 Puissance max.\/nom. (230V), kW 6.5\/6.0 Puissance max.\/nom. (400V), kW 7.5\/7.0 Facteur de puissance, cos\u03c6 1 (230V)\/0,8 (400V)<\/p>","protected":false},"featured_media":14572,"template":"","meta":[],"product_brand":[],"product_cat":[61],"product_tag":[1514],"product_country":[1503],"class_list":{"0":"post-2368","1":"product","2":"type-product","3":"status-publish","4":"has-post-thumbnail","6":"product_cat-sale-france","7":"product_tag-sale-france","8":"product_country-france","10":"first","11":"instock","12":"sale","13":"taxable","14":"shipping-taxable","15":"purchasable","16":"product-type-simple"},"_links":{"self":[{"href":"https:\/\/routinesfashione.com\/en\/wp-json\/wp\/v2\/product\/2368","targetHints":{"allow":["GET"]}}],"collection":[{"href":"https:\/\/routinesfashione.com\/en\/wp-json\/wp\/v2\/product"}],"about":[{"href":"https:\/\/routinesfashione.com\/en\/wp-json\/wp\/v2\/types\/product"}],"wp:featuredmedia":[{"embeddable":true,"href":"https:\/\/routinesfashione.com\/en\/wp-json\/wp\/v2\/media\/14572"}],"wp:attachment":[{"href":"https:\/\/routinesfashione.com\/en\/wp-json\/wp\/v2\/media?parent=2368"}],"wp:term":[{"taxonomy":"product_brand","embeddable":true,"href":"https:\/\/routinesfashione.com\/en\/wp-json\/wp\/v2\/product_brand?post=2368"},{"taxonomy":"product_cat","embeddable":true,"href":"https:\/\/routinesfashione.com\/en\/wp-json\/wp\/v2\/product_cat?post=2368"},{"taxonomy":"product_tag","embeddable":true,"href":"https:\/\/routinesfashione.com\/en\/wp-json\/wp\/v2\/product_tag?post=2368"},{"taxonomy":"product_country","embeddable":true,"href":"https:\/\/routinesfashione.com\/en\/wp-json\/wp\/v2\/product_country?post=2368"}],"curies":[{"name":"wp","href":"https:\/\/api.w.org\/{rel}","templated":true}]}}