{"id":2436,"date":"2025-09-30T20:51:19","date_gmt":"2025-09-30T20:51:19","guid":{"rendered":"https:\/\/lightgray-crow-170497.hostingersite.com\/?post_type=product&#038;p=2436"},"modified":"2025-09-30T20:51:19","modified_gmt":"2025-09-30T20:51:19","slug":"champion-power-equipment-groupe-electrogene-essence-propane-7000-w-439cc","status":"publish","type":"product","link":"https:\/\/routinesfashione.com\/en\/produit\/champion-power-equipment-groupe-electrogene-essence-propane-7000-w-439cc\/","title":{"rendered":"Champion Power Equipment Groupe \u00e9lectrog\u00e8ne essence\/propane 7000 W 439cc"},"content":{"rendered":"<table class=\"w-full relative\">\n<tbody>\n<tr class=\"bg-EXPONDO-grey-5\">\n<th class=\"text-left font-bold px-2\" colspan=\"100%\">\n<div class=\"relative\">Dimensions (LxlxH)<\/div>\n<\/th>\n<\/tr>\n<tr>\n<td class=\"px-2\">\n<div>48 x 33.5 x 47 cm<\/div>\n<\/td>\n<td class=\"px-2\">\n<div>107 x 73 x 82 cm<\/div>\n<\/td>\n<td class=\"px-2\">\n<div>94.5 x 50 x 87 cm<\/div>\n<\/td>\n<td class=\"px-2\">\n<div>48 x 33 x 48 cm<\/div>\n<\/td>\n<td class=\"px-2\">\n<div>48 x 33.3 x 47.5 cm<\/div>\n<\/td>\n<td class=\"px-2\">\n<div>78 x 59 x 83.5 cm<\/div>\n<\/td>\n<\/tr>\n<tr class=\"bg-EXPONDO-grey-5\">\n<th class=\"text-left font-bold px-2\" colspan=\"100%\">\n<div class=\"relative\">Bouton d\u2019arr\u00eat d&#8217;urgence<\/div>\n<\/th>\n<\/tr>\n<tr>\n<td class=\"px-2\">\n<div>Non<\/div>\n<\/td>\n<td class=\"px-2\">\n<div>Oui<\/div>\n<\/td>\n<td class=\"px-2\">\n<div>Oui<\/div>\n<\/td>\n<td class=\"px-2\">\n<div>Non<\/div>\n<\/td>\n<td class=\"px-2\">\n<div>Non<\/div>\n<\/td>\n<td class=\"px-2\">\n<div>Oui<\/div>\n<\/td>\n<\/tr>\n<tr class=\"bg-EXPONDO-grey-5\">\n<th class=\"text-left font-bold px-2\" colspan=\"100%\">\n<div class=\"relative\">Bruit \u00e9mis<\/div>\n<\/th>\n<\/tr>\n<tr>\n<td class=\"px-2\">\n<div>96 dB<\/div>\n<\/td>\n<td class=\"px-2\">\n<div>78 dB<\/div>\n<\/td>\n<td class=\"px-2\">\n<div>78 dB<\/div>\n<\/td>\n<td class=\"px-2\">\n<div>96 dB<\/div>\n<\/td>\n<td class=\"px-2\">\n<div>97 dB<\/div>\n<\/td>\n<td class=\"px-2\">\n<div>81 dB<\/div>\n<\/td>\n<\/tr>\n<tr class=\"bg-EXPONDO-grey-5\">\n<th class=\"text-left font-bold px-2\" colspan=\"100%\">\n<div class=\"relative\">Capacit\u00e9 du r\u00e9servoir \u00e0 carburant<\/div>\n<\/th>\n<\/tr>\n<tr>\n<td class=\"px-2\">\n<div>5 l<\/div>\n<\/td>\n<td class=\"px-2\">\n<div>30 l<\/div>\n<\/td>\n<td class=\"px-2\">\n<div>12.5 l<\/div>\n<\/td>\n<td class=\"px-2\">\n<div>5 l<\/div>\n<\/td>\n<td class=\"px-2\">\n<div>5 l<\/div>\n<\/td>\n<td class=\"px-2\">\n<div>30 l<\/div>\n<\/td>\n<\/tr>\n<tr class=\"bg-EXPONDO-grey-5\">\n<th class=\"text-left font-bold px-2\" colspan=\"100%\">\n<div class=\"relative\">Capacit\u00e9 du r\u00e9servoir de carburant<\/div>\n<\/th>\n<\/tr>\n<tr>\n<td class=\"px-2\">\n<div>0.6 l<\/div>\n<\/td>\n<td class=\"px-2\">\n<div>2.5 l<\/div>\n<\/td>\n<td class=\"px-2\">\n<div>1.65 l<\/div>\n<\/td>\n<td class=\"px-2\">\n<div>0.6 l<\/div>\n<\/td>\n<td class=\"px-2\">\n<div>0.6 l<\/div>\n<\/td>\n<td class=\"px-2\">\n<div>2.5 l<\/div>\n<\/td>\n<\/tr>\n<\/tbody>\n<\/table>","protected":false},"excerpt":{"rendered":"<p>Dimensions (LxlxH) 48 x 33.5 x 47 cm 107 x 73 x 82 cm 94.5 x 50 x 87 cm<\/p>","protected":false},"featured_media":14629,"template":"","meta":[],"product_brand":[],"product_cat":[61],"product_tag":[1514],"product_country":[1503],"class_list":{"0":"post-2436","1":"product","2":"type-product","3":"status-publish","4":"has-post-thumbnail","6":"product_cat-sale-france","7":"product_tag-sale-france","8":"product_country-france","10":"first","11":"instock","12":"sale","13":"taxable","14":"shipping-taxable","15":"purchasable","16":"product-type-simple"},"_links":{"self":[{"href":"https:\/\/routinesfashione.com\/en\/wp-json\/wp\/v2\/product\/2436","targetHints":{"allow":["GET"]}}],"collection":[{"href":"https:\/\/routinesfashione.com\/en\/wp-json\/wp\/v2\/product"}],"about":[{"href":"https:\/\/routinesfashione.com\/en\/wp-json\/wp\/v2\/types\/product"}],"wp:featuredmedia":[{"embeddable":true,"href":"https:\/\/routinesfashione.com\/en\/wp-json\/wp\/v2\/media\/14629"}],"wp:attachment":[{"href":"https:\/\/routinesfashione.com\/en\/wp-json\/wp\/v2\/media?parent=2436"}],"wp:term":[{"taxonomy":"product_brand","embeddable":true,"href":"https:\/\/routinesfashione.com\/en\/wp-json\/wp\/v2\/product_brand?post=2436"},{"taxonomy":"product_cat","embeddable":true,"href":"https:\/\/routinesfashione.com\/en\/wp-json\/wp\/v2\/product_cat?post=2436"},{"taxonomy":"product_tag","embeddable":true,"href":"https:\/\/routinesfashione.com\/en\/wp-json\/wp\/v2\/product_tag?post=2436"},{"taxonomy":"product_country","embeddable":true,"href":"https:\/\/routinesfashione.com\/en\/wp-json\/wp\/v2\/product_country?post=2436"}],"curies":[{"name":"wp","href":"https:\/\/api.w.org\/{rel}","templated":true}]}}