{"id":2464,"date":"2025-09-30T20:51:19","date_gmt":"2025-09-30T20:51:19","guid":{"rendered":"https:\/\/lightgray-crow-170497.hostingersite.com\/?post_type=product&#038;p=2464"},"modified":"2025-09-30T20:51:19","modified_gmt":"2025-09-30T20:51:19","slug":"konner-sohnen-groupe-electrogene-8000w-essence-230v-ks10000e-ats","status":"publish","type":"product","link":"https:\/\/routinesfashione.com\/en\/produit\/konner-sohnen-groupe-electrogene-8000w-essence-230v-ks10000e-ats\/","title":{"rendered":"K\u00f6nner &#038; S\u00f6hnen Groupe \u00e9lectrog\u00e8ne 8000w essence 230v Ks10000e-ATS"},"content":{"rendered":"<ul class=\"a-unordered-list a-vertical a-spacing-mini\">\n<li class=\"a-spacing-mini\"><span class=\"a-list-item\"><span dir=\"auto\">Le g\u00e9n\u00e9rateur est \u00e9quip\u00e9 d&#8217;un syst\u00e8me de commutation automatique de transfert (ATS) int\u00e9gr\u00e9. Il dispose \u00e9galement d&#8217;une fonction de commutation automatique de transfert. Le panneau du g\u00e9n\u00e9rateur comprend des bornes de raccordement au r\u00e9seau \u00e9lectrique externe, un commutateur de fonction ATS et un indicateur de fonctionnement ATS.<\/span><\/span><\/li>\n<li class=\"a-spacing-mini\"><span class=\"a-list-item\"><span dir=\"auto\">Les contacteurs de commutation fiables fabriqu\u00e9s \u00e0 100 % en cuivre ont une puissance accrue de 40 A, ce qui garantit un fonctionnement ininterrompu \u00e0 long terme du syst\u00e8me ATS.<\/span><\/span><\/li>\n<li class=\"a-spacing-mini\"><span class=\"a-list-item\"><span dir=\"auto\">Moteur fiable de marque K&amp;S, dot\u00e9 d&#8217;un num\u00e9ro de s\u00e9rie individuel, nous permet de contr\u00f4ler la qualit\u00e9 de la production et du service. L&#8217;alternateur synchrone de haute qualit\u00e9, bobin\u00e9 100 % cuivre, peut supporter des charges maximales sans dommage et assure un fonctionnement fiable et durable du g\u00e9n\u00e9rateur.<\/span><\/span><\/li>\n<li class=\"a-spacing-mini\"><span class=\"a-list-item\"><span dir=\"auto\">Le g\u00e9n\u00e9rateur a la capacit\u00e9 de d\u00e9marrer manuellement, \u00e9lectriquement et automatiquement.<\/span><\/span><\/li>\n<li class=\"a-spacing-mini\"><span class=\"a-list-item\"><span dir=\"auto\">Le panneau de commande ergonomique du g\u00e9n\u00e9rateur permet un contr\u00f4le ais\u00e9 de son travail gr\u00e2ce \u00e0 une disposition pratique de toutes les fonctions : syst\u00e8me ATS (interrupteur, indicateur de fonctionnement, bornes de connexion), affichage LED moderne (horaire, fr\u00e9quence, tension), protection automatique contre les surcharges et les courts-circuits, prises Schuko le capteur de niveau d&#8217;huile.<\/span><\/span><\/li>\n<li class=\"a-spacing-mini\"><span class=\"a-list-item\"><span dir=\"auto\">ATTENTION ! Le groupe \u00e9lectrog\u00e8ne est livr\u00e9 sans huile moteur, sans essence et avec la batterie d\u00e9branch\u00e9e. Lors du premier d\u00e9marrage, la batterie doit \u00eatre branch\u00e9e et le plein d&#8217;huile moteur et d&#8217;essence doit \u00eatre effectu\u00e9. Nous recommandons l&#8217;utilisation d&#8217;huiles multigrades 10W-30 et 10W-40. V\u00e9rifiez toujours le niveau d&#8217;huile avant chaque d\u00e9marrage ! Utilisez uniquement de l&#8217;essence sans plomb avec un indice d&#8217;octane de 91-95 !<\/span><\/span><\/li>\n<\/ul>\n<table class=\"a-normal a-spacing-micro\" role=\"list\">\n<tbody>\n<tr class=\"a-spacing-small po-brand\" role=\"listitem\">\n<td class=\"a-span3\" role=\"presentation\"><strong><span class=\"a-size-base a-text-bold\"><span dir=\"auto\">Nom de marque<\/span><\/span><\/strong><\/td>\n<td class=\"a-span9\" role=\"presentation\"><span class=\"a-size-base po-break-word\"><span dir=\"auto\">K&amp;S K\u00f6nner&amp;S\u00f6hnen<\/span><\/span><\/td>\n<\/tr>\n<tr class=\"a-spacing-small po-wattage\" role=\"listitem\">\n<td class=\"a-span3\" role=\"presentation\"><strong><span class=\"a-size-base a-text-bold\"><span dir=\"auto\">Puissance<\/span><\/span><\/strong><\/td>\n<td class=\"a-span9\" role=\"presentation\"><span class=\"a-size-base po-break-word\"><span dir=\"auto\">7,5 kW<\/span><\/span><\/td>\n<\/tr>\n<tr class=\"a-spacing-small po-fuel_type\" role=\"listitem\">\n<td class=\"a-span3\" role=\"presentation\"><strong><span class=\"a-size-base a-text-bold\"><span dir=\"auto\">Type de carburant<\/span><\/span><\/strong><\/td>\n<td class=\"a-span9\" role=\"presentation\"><span class=\"a-size-base po-break-word\"><span dir=\"auto\">Essence<\/span><\/span><\/td>\n<\/tr>\n<tr class=\"a-spacing-small po-power_source_type\" role=\"listitem\">\n<td class=\"a-span3\" role=\"presentation\"><strong><span class=\"a-size-base a-text-bold\"><span dir=\"auto\">Source d&#8217;\u00e9nergie<\/span><\/span><\/strong><\/td>\n<td class=\"a-span9\" role=\"presentation\"><span class=\"a-size-base po-break-word\"><span dir=\"auto\">Aliment\u00e9 par carburant<\/span><\/span><\/td>\n<\/tr>\n<tr class=\"a-spacing-small po-recommended_uses_for_product\" role=\"listitem\">\n<td class=\"a-span3\" role=\"presentation\"><strong><span class=\"a-size-base a-text-bold\"><span dir=\"auto\">Utilisations recommand\u00e9es pour le produit<\/span><\/span><\/strong><\/td>\n<td class=\"a-span9\" role=\"presentation\"><span class=\"a-size-base po-break-word\"><span dir=\"auto\">panne de courant<\/span><\/span><\/td>\n<\/tr>\n<tr class=\"a-spacing-small po-voltage\" role=\"listitem\">\n<td class=\"a-span3\" role=\"presentation\"><strong><span class=\"a-size-base a-text-bold\"><span dir=\"auto\">Tension<\/span><\/span><\/strong><\/td>\n<td class=\"a-span9\" role=\"presentation\"><span class=\"a-size-base po-break-word\"><span dir=\"auto\">230 volts<\/span><\/span><\/td>\n<\/tr>\n<tr class=\"a-spacing-small po-output_wattage\" role=\"listitem\">\n<td class=\"a-span3\" role=\"presentation\"><strong><span class=\"a-size-base a-text-bold\"><span dir=\"auto\">Puissance de sortie<\/span><\/span><\/strong><\/td>\n<td class=\"a-span9\" role=\"presentation\"><span class=\"a-size-base po-break-word\"><span dir=\"auto\">7,5<\/span><\/span><\/td>\n<\/tr>\n<tr class=\"a-spacing-small po-included_components\" role=\"listitem\">\n<td class=\"a-span3\" role=\"presentation\"><strong><span class=\"a-size-base a-text-bold\"><span dir=\"auto\">Composants inclus<\/span><\/span><\/strong><\/td>\n<td class=\"a-span9\" role=\"presentation\"><span class=\"a-size-base\"><span class=\"a-truncate po-truncate-attribute\" data-a-word-break=\"normal\" data-a-truncate-name=\"po-attribute-truncate-7\" data-a-max-rows=\"3\" data-a-overflow-marker=\"&amp;hellip;\" data-a-recalculate=\"false\" data-a-updated=\"true\"><span class=\"a-truncate-full a-offscreen\"><span dir=\"auto\">G\u00e9n\u00e9rateur, emballage, manuel d&#8217;instructions, cl\u00e9 de contact, cl\u00e9 \u00e0 bougie, pieds de support, boulon de montage.<\/span><\/span><span class=\"a-truncate-cut\" aria-hidden=\"true\"><span dir=\"auto\">G\u00e9n\u00e9rateur, emballage, manuel d&#8217;instructions, cl\u00e9 de contact, cl\u00e9 \u00e0 bougie, pieds de support, boulon de montage.<\/span><\/span><\/span><\/span><\/td>\n<\/tr>\n<tr class=\"a-spacing-small po-color\" role=\"listitem\">\n<td class=\"a-span3\" role=\"presentation\"><strong><span class=\"a-size-base a-text-bold\"><span dir=\"auto\">Couleur<\/span><\/span><\/strong><\/td>\n<td class=\"a-span9\" role=\"presentation\"><span class=\"a-size-base po-break-word\"><span dir=\"auto\">Four \u00e9lectrique encastrable VTS \u00e0 essence de 8\u00a0000 W<\/span><\/span><\/td>\n<\/tr>\n<tr class=\"a-spacing-small po-item_length_width_height\" role=\"listitem\">\n<td class=\"a-span3\" role=\"presentation\"><strong><span class=\"a-size-base a-text-bold\"><span dir=\"auto\">Dimensions de l&#8217;article L x l x H<\/span><\/span><\/strong><\/td>\n<td class=\"a-span9\" role=\"presentation\"><span class=\"a-size-base po-break-word\"><span dir=\"auto\">60L x 54,5l x 43,5H centim\u00e8tres<\/span><\/span><\/td>\n<\/tr>\n<\/tbody>\n<\/table>","protected":false},"excerpt":{"rendered":"<p>Le g\u00e9n\u00e9rateur est \u00e9quip\u00e9 d&#8217;un syst\u00e8me de commutation automatique de transfert (ATS) int\u00e9gr\u00e9. Il dispose \u00e9galement d&#8217;une fonction de commutation<\/p>","protected":false},"featured_media":27911,"template":"","meta":[],"product_brand":[],"product_cat":[61],"product_tag":[1514],"product_country":[1503],"class_list":{"0":"post-2464","1":"product","2":"type-product","3":"status-publish","4":"has-post-thumbnail","6":"product_cat-sale-france","7":"product_tag-sale-france","8":"product_country-france","10":"first","11":"instock","12":"sale","13":"taxable","14":"shipping-taxable","15":"purchasable","16":"product-type-simple"},"_links":{"self":[{"href":"https:\/\/routinesfashione.com\/en\/wp-json\/wp\/v2\/product\/2464","targetHints":{"allow":["GET"]}}],"collection":[{"href":"https:\/\/routinesfashione.com\/en\/wp-json\/wp\/v2\/product"}],"about":[{"href":"https:\/\/routinesfashione.com\/en\/wp-json\/wp\/v2\/types\/product"}],"wp:featuredmedia":[{"embeddable":true,"href":"https:\/\/routinesfashione.com\/en\/wp-json\/wp\/v2\/media\/27911"}],"wp:attachment":[{"href":"https:\/\/routinesfashione.com\/en\/wp-json\/wp\/v2\/media?parent=2464"}],"wp:term":[{"taxonomy":"product_brand","embeddable":true,"href":"https:\/\/routinesfashione.com\/en\/wp-json\/wp\/v2\/product_brand?post=2464"},{"taxonomy":"product_cat","embeddable":true,"href":"https:\/\/routinesfashione.com\/en\/wp-json\/wp\/v2\/product_cat?post=2464"},{"taxonomy":"product_tag","embeddable":true,"href":"https:\/\/routinesfashione.com\/en\/wp-json\/wp\/v2\/product_tag?post=2464"},{"taxonomy":"product_country","embeddable":true,"href":"https:\/\/routinesfashione.com\/en\/wp-json\/wp\/v2\/product_country?post=2464"}],"curies":[{"name":"wp","href":"https:\/\/api.w.org\/{rel}","templated":true}]}}