{"id":2538,"date":"2025-09-30T20:51:18","date_gmt":"2025-09-30T20:51:18","guid":{"rendered":"https:\/\/lightgray-crow-170497.hostingersite.com\/?post_type=product&#038;p=2538"},"modified":"2025-09-30T20:51:18","modified_gmt":"2025-09-30T20:51:18","slug":"champion-power-equipment-generateur-de-courant-appareil-mobile-essence-3200-watts-telecommande-3200-w-6-l","status":"publish","type":"product","link":"https:\/\/routinesfashione.com\/en\/produit\/champion-power-equipment-generateur-de-courant-appareil-mobile-essence-3200-watts-telecommande-3200-w-6-l\/","title":{"rendered":"Champion Power Equipment, G\u00e9n\u00e9rateur de courant, appareil mobile essence 3200 watts, + t\u00e9l\u00e9commande (3200 W, 6 l)"},"content":{"rendered":"<ul class=\"a-unordered-list a-vertical a-spacing-mini\">\n<li class=\"a-spacing-mini\"><span class=\"a-list-item\">Le g\u00e9n\u00e9rateur \u00e0 essence inverseur portable 73001IP-EU de Champion Power Equipment est aliment\u00e9 par un cylindre de 192 cc et un moteur OHV 4 temps de 3200 W max. g\u00e9n\u00e9r\u00e9<\/span><\/li>\n<li class=\"a-spacing-mini\"><span class=\"a-list-item\">Gr\u00e2ce \u00e0 la t\u00e9l\u00e9commande sans fil, l&#8217;unit\u00e9 \u00e9lectrique peut \u00eatre actionn\u00e9e facilement \u00e0 distance<\/span><\/li>\n<li class=\"a-spacing-mini\"><span class=\"a-list-item\">L&#8217;onduleur convainc par son fonctionnement extr\u00eamement silencieux de 58 dB(A) \u00e0 7 m de distance<\/span><\/li>\n<li class=\"a-spacing-mini\"><span class=\"a-list-item\">Avec le r\u00e9servoir de carburant de 6 litres, cet appareil peut fonctionner jusqu&#8217;\u00e0 8 heures \u00e0 25 % de charge<\/span><\/li>\n<li class=\"a-spacing-mini\"><span class=\"a-list-item\">D\u00e9tails techniques : moteur 4 temps CHAMPION OHV, 1 cylindre\/type de carburant essence (volume du r\u00e9servoir 6,0 l) \/ puissance 3200 W (puissance de d\u00e9marrage 3500 W)<\/span><br \/>\n<h4 class=\"a-spacing-mini a-color-secondary a-text-italic\">Maintenant \u00e9quip\u00e9 d&#8217;un nouveau moteur am\u00e9lior\u00e9 de 192 cc et d&#8217;une puissance accrue<\/h4>\n<p class=\"a-spacing-base\">Ceci est notre g\u00e9n\u00e9rateur inverseur de signature Champion charg\u00e9 d&#8217;options facultatives telles que le d\u00e9marrage \u00e0 distance sans fil et l&#8217;interface USB double. Avec un r\u00e9servoir de carburant de 6 litres, cette unit\u00e9 peut fonctionner jusqu&#8217;\u00e0 8 heures \u00e0 25 % de charge. Cette unit\u00e9 contient \u00e9galement une technologie d&#8217;onduleur \u00e0 onde sinuso\u00efdale v\u00e9ritable, la rendant s\u00fbre pour alimenter tous vos appareils \u00e9lectroniques sensibles. Cette unit\u00e9 est id\u00e9ale pour les voyages de camping, les voyages.<\/p>\n<table id=\"productDetails_techSpec_section_1\" class=\"a-keyvalue prodDetTable\">\n<tbody>\n<tr>\n<th class=\"a-color-secondary a-size-base prodDetSectionEntry\">Fabricant<\/th>\n<td class=\"a-size-base prodDetAttrValue\">\u200eChampion Power Equipment<\/td>\n<\/tr>\n<tr>\n<th class=\"a-color-secondary a-size-base prodDetSectionEntry\">Dimensions du produit (L x l x h)<\/th>\n<td class=\"a-size-base prodDetAttrValue\">\u200e68 x 49 x 51 cm; 43 kilogrammes<\/td>\n<\/tr>\n<tr>\n<th class=\"a-color-secondary a-size-base prodDetSectionEntry\">R\u00e9f\u00e9rence<\/th>\n<td class=\"a-size-base prodDetAttrValue\">\u200e73001i-P-EU<\/td>\n<\/tr>\n<tr>\n<th class=\"a-color-secondary a-size-base prodDetSectionEntry\">Couleur<\/th>\n<td class=\"a-size-base prodDetAttrValue\">\u200eJaune<\/td>\n<\/tr>\n<tr>\n<th class=\"a-color-secondary a-size-base prodDetSectionEntry\">Style<\/th>\n<td class=\"a-size-base prodDetAttrValue\">\u200eEssence 3100 W + t\u00e9l\u00e9commande<\/td>\n<\/tr>\n<tr>\n<th class=\"a-color-secondary a-size-base prodDetSectionEntry\">Type d&#8217;alimentation<\/th>\n<td class=\"a-size-base prodDetAttrValue\">\u200eAliment\u00e9 par carburant<\/td>\n<\/tr>\n<tr>\n<th class=\"a-color-secondary a-size-base prodDetSectionEntry\">Tension<\/th>\n<td class=\"a-size-base prodDetAttrValue\">\u200e230 Volts<\/td>\n<\/tr>\n<tr>\n<th class=\"a-color-secondary a-size-base prodDetSectionEntry\">Watt<\/th>\n<td class=\"a-size-base prodDetAttrValue\">\u200e3200 Watts<\/td>\n<\/tr>\n<tr>\n<th class=\"a-color-secondary a-size-base prodDetSectionEntry\">Quantit\u00e9 d&#8217;articles<\/th>\n<td class=\"a-size-base prodDetAttrValue\">\u200e1<\/td>\n<\/tr>\n<tr>\n<th class=\"a-color-secondary a-size-base prodDetSectionEntry\">Fonctions sp\u00e9ciales<\/th>\n<td class=\"a-size-base prodDetAttrValue\">\u200eT\u00e9l\u00e9commande extr\u00eamement silencieuse<\/td>\n<\/tr>\n<tr>\n<th class=\"a-color-secondary a-size-base prodDetSectionEntry\">Composants inclus<\/th>\n<td class=\"a-size-base prodDetAttrValue\">\u200eChampion Groupe \u00e9lectrog\u00e8ne inverseur 3100 W (220 V EURO) Premium avec t\u00e9l\u00e9commande, double port USB<\/td>\n<\/tr>\n<tr>\n<th class=\"a-color-secondary a-size-base prodDetSectionEntry\">Piles incluses ?<\/th>\n<td class=\"a-size-base prodDetAttrValue\">\u200eNon<\/td>\n<\/tr>\n<tr>\n<th class=\"a-color-secondary a-size-base prodDetSectionEntry\">Batterie(s) \/ Pile(s) requise(s)<\/th>\n<td class=\"a-size-base prodDetAttrValue\">\u200eNon<\/td>\n<\/tr>\n<tr>\n<th class=\"a-color-secondary a-size-base prodDetSectionEntry\">Poids<\/th>\n<td class=\"a-size-base prodDetAttrValue\">\u200e43 Kilogrammes<\/td>\n<\/tr>\n<tr>\n<th class=\"a-color-secondary a-size-base prodDetSectionEntry\">Disponibilit\u00e9 des pi\u00e8ces d\u00e9tach\u00e9es<\/th>\n<td class=\"a-size-base prodDetAttrValue\">\u200eInformation indisponible sur les pi\u00e8ces d\u00e9tach\u00e9es<\/td>\n<\/tr>\n<\/tbody>\n<\/table>\n<\/li>\n<\/ul>","protected":false},"excerpt":{"rendered":"<p>Le g\u00e9n\u00e9rateur \u00e0 essence inverseur portable 73001IP-EU de Champion Power Equipment est aliment\u00e9 par un cylindre de 192 cc et<\/p>","protected":false},"featured_media":14703,"template":"","meta":[],"product_brand":[],"product_cat":[61],"product_tag":[1514],"product_country":[1503],"class_list":{"0":"post-2538","1":"product","2":"type-product","3":"status-publish","4":"has-post-thumbnail","6":"product_cat-sale-france","7":"product_tag-sale-france","8":"product_country-france","10":"first","11":"instock","12":"sale","13":"taxable","14":"shipping-taxable","15":"purchasable","16":"product-type-simple"},"_links":{"self":[{"href":"https:\/\/routinesfashione.com\/en\/wp-json\/wp\/v2\/product\/2538","targetHints":{"allow":["GET"]}}],"collection":[{"href":"https:\/\/routinesfashione.com\/en\/wp-json\/wp\/v2\/product"}],"about":[{"href":"https:\/\/routinesfashione.com\/en\/wp-json\/wp\/v2\/types\/product"}],"wp:featuredmedia":[{"embeddable":true,"href":"https:\/\/routinesfashione.com\/en\/wp-json\/wp\/v2\/media\/14703"}],"wp:attachment":[{"href":"https:\/\/routinesfashione.com\/en\/wp-json\/wp\/v2\/media?parent=2538"}],"wp:term":[{"taxonomy":"product_brand","embeddable":true,"href":"https:\/\/routinesfashione.com\/en\/wp-json\/wp\/v2\/product_brand?post=2538"},{"taxonomy":"product_cat","embeddable":true,"href":"https:\/\/routinesfashione.com\/en\/wp-json\/wp\/v2\/product_cat?post=2538"},{"taxonomy":"product_tag","embeddable":true,"href":"https:\/\/routinesfashione.com\/en\/wp-json\/wp\/v2\/product_tag?post=2538"},{"taxonomy":"product_country","embeddable":true,"href":"https:\/\/routinesfashione.com\/en\/wp-json\/wp\/v2\/product_country?post=2538"}],"curies":[{"name":"wp","href":"https:\/\/api.w.org\/{rel}","templated":true}]}}