{"id":2544,"date":"2025-09-30T20:51:18","date_gmt":"2025-09-30T20:51:18","guid":{"rendered":"https:\/\/lightgray-crow-170497.hostingersite.com\/?post_type=product&#038;p=2544"},"modified":"2025-09-30T20:51:18","modified_gmt":"2025-09-30T20:51:18","slug":"hyundai-groupe-electrogene-de-chantier-6500w","status":"publish","type":"product","link":"https:\/\/routinesfashione.com\/en\/produit\/hyundai-groupe-electrogene-de-chantier-6500w\/","title":{"rendered":"Hyundai Groupe \u00e9lectrog\u00e8ne de chantier 6500W"},"content":{"rendered":"<section id=\"idTab1\" class=\"page-product-box\">\n<div class=\"description-content\">\n<h2><strong>HYUNDAI Groupe \u00e9lectrog\u00e8ne de chantier 6500W &#8211; HY9000K<\/strong><\/h2>\n<p>Groupe \u00e9lectrog\u00e8ne de chantier de la marque Hyundai \u00e9quip\u00e9 de la technologie AVR (Limitateur de tension) et d&#8217;une puissance maximale de 6500 Watts. Equip\u00e9 d&#8217;un moteur 4 temps\u00a0 et d&#8217;un r\u00e9servoir de 6,5 litres, ce groupe \u00e9lectrog\u00e8ne \u00e0 d\u00e9marrage manuel est aliment\u00e9 par de l&#8217;essence sans plomb (95 ou 98) et dispose de 2 prises monophas\u00e9es 230V et une connectique 12V.<\/p>\n<h3><strong>Garantie de 2 ans.<br \/>\n<\/strong><\/h3>\n<p>R\u00e9f\u00e9rence : 22619<\/p>\n<\/div>\n<\/section>\n<section id=\"idTab2\" class=\"product-features\">\n<h3>Fiche technique<\/h3>\n<table class=\"table-data-sheet\">\n<tbody>\n<tr class=\"odd\">\n<td class=\"name\">Marque<\/td>\n<td class=\"value\">HYUNDAI<\/td>\n<\/tr>\n<tr class=\"even\">\n<td class=\"name\">Reference produit<\/td>\n<td class=\"value\">HY9000K<\/td>\n<\/tr>\n<tr class=\"odd\">\n<td class=\"name\">Puissance maxi<\/td>\n<td class=\"value\">6500 W<\/td>\n<\/tr>\n<tr class=\"even\">\n<td class=\"name\">Puissance nominale<\/td>\n<td class=\"value\">6000 W<\/td>\n<\/tr>\n<tr class=\"odd\">\n<td class=\"name\">Type de r\u00e9gulation<\/td>\n<td class=\"value\">AVR<\/td>\n<\/tr>\n<tr class=\"even\">\n<td class=\"name\">Moteur<\/td>\n<td class=\"value\">HYUNDAI IC420<\/td>\n<\/tr>\n<tr class=\"odd\">\n<td class=\"name\">Type de carburant<\/td>\n<td class=\"value\">Essence<\/td>\n<\/tr>\n<tr class=\"even\">\n<td class=\"name\">Moteur 4 temps<\/td>\n<td class=\"value\">Oui<\/td>\n<\/tr>\n<tr class=\"odd\">\n<td class=\"name\">Puissance du moteur (en cm3)<\/td>\n<td class=\"value\">420 cm3<\/td>\n<\/tr>\n<tr class=\"even\">\n<td class=\"name\">Puissance du moteur (en CV)<\/td>\n<td class=\"value\">15 cv<\/td>\n<\/tr>\n<tr class=\"odd\">\n<td class=\"name\">Capacit\u00e9 r\u00e9servoir carburant<\/td>\n<td class=\"value\">6 L<\/td>\n<\/tr>\n<tr class=\"even\">\n<td class=\"name\">Autonomie<\/td>\n<td class=\"value\">4 H<\/td>\n<\/tr>\n<tr class=\"odd\">\n<td class=\"name\">Capacit\u00e9 r\u00e9servoir huile<\/td>\n<td class=\"value\">1.1 L<\/td>\n<\/tr>\n<tr class=\"even\">\n<td class=\"name\">Monophas\u00e9<\/td>\n<td class=\"value\">Oui<\/td>\n<\/tr>\n<tr class=\"odd\">\n<td class=\"name\">Type de d\u00e9marrage<\/td>\n<td class=\"value\">d\u00e9marrage manuel<\/td>\n<\/tr>\n<tr class=\"even\">\n<td class=\"name\">Niveau sonore<\/td>\n<td class=\"value\">74 dB(A) \u00e0 7m<\/td>\n<\/tr>\n<tr class=\"odd\">\n<td class=\"name\">Poids (en kg)<\/td>\n<td class=\"value\">70 kg<\/td>\n<\/tr>\n<tr class=\"even\">\n<td class=\"name\">Dimensions<\/td>\n<td class=\"value\">700x530x550 mm<\/td>\n<\/tr>\n<tr class=\"odd\">\n<td class=\"name\">Garantie<\/td>\n<td class=\"value\">2 ans<\/td>\n<\/tr>\n<tr class=\"even\">\n<td class=\"name\">Nom du produit<\/td>\n<td class=\"value\">Groupe electrogene AVR HY9000K<\/td>\n<\/tr>\n<tr class=\"odd\">\n<td class=\"name\">Cat\u00e9gorie de puissance<\/td>\n<td class=\"value\">De 6000w \u00e0 8000w<\/td>\n<\/tr>\n<\/tbody>\n<\/table>\n<\/section>\n<section id=\"idTab4\" class=\"\">\n<div id=\"js-ps_checkout-express-button-container\"><\/div>\n<\/section>","protected":false},"excerpt":{"rendered":"<p>HYUNDAI Groupe \u00e9lectrog\u00e8ne de chantier 6500W &#8211; HY9000K Groupe \u00e9lectrog\u00e8ne de chantier de la marque Hyundai \u00e9quip\u00e9 de la technologie<\/p>","protected":false},"featured_media":14708,"template":"","meta":[],"product_brand":[],"product_cat":[61],"product_tag":[1514],"product_country":[1503],"class_list":{"0":"post-2544","1":"product","2":"type-product","3":"status-publish","4":"has-post-thumbnail","6":"product_cat-sale-france","7":"product_tag-sale-france","8":"product_country-france","10":"first","11":"instock","12":"sale","13":"taxable","14":"shipping-taxable","15":"purchasable","16":"product-type-simple"},"_links":{"self":[{"href":"https:\/\/routinesfashione.com\/en\/wp-json\/wp\/v2\/product\/2544","targetHints":{"allow":["GET"]}}],"collection":[{"href":"https:\/\/routinesfashione.com\/en\/wp-json\/wp\/v2\/product"}],"about":[{"href":"https:\/\/routinesfashione.com\/en\/wp-json\/wp\/v2\/types\/product"}],"wp:featuredmedia":[{"embeddable":true,"href":"https:\/\/routinesfashione.com\/en\/wp-json\/wp\/v2\/media\/14708"}],"wp:attachment":[{"href":"https:\/\/routinesfashione.com\/en\/wp-json\/wp\/v2\/media?parent=2544"}],"wp:term":[{"taxonomy":"product_brand","embeddable":true,"href":"https:\/\/routinesfashione.com\/en\/wp-json\/wp\/v2\/product_brand?post=2544"},{"taxonomy":"product_cat","embeddable":true,"href":"https:\/\/routinesfashione.com\/en\/wp-json\/wp\/v2\/product_cat?post=2544"},{"taxonomy":"product_tag","embeddable":true,"href":"https:\/\/routinesfashione.com\/en\/wp-json\/wp\/v2\/product_tag?post=2544"},{"taxonomy":"product_country","embeddable":true,"href":"https:\/\/routinesfashione.com\/en\/wp-json\/wp\/v2\/product_country?post=2544"}],"curies":[{"name":"wp","href":"https:\/\/api.w.org\/{rel}","templated":true}]}}