{"id":269,"date":"2025-09-30T20:55:53","date_gmt":"2025-09-30T20:55:53","guid":{"rendered":"https:\/\/lightgray-crow-170497.hostingersite.com\/?post_type=product&#038;p=269"},"modified":"2025-09-30T20:55:53","modified_gmt":"2025-09-30T20:55:53","slug":"makita-dlm534z-lawn-mower-push-lawn-mower-battery-black","status":"publish","type":"product","link":"https:\/\/routinesfashione.com\/en\/produit\/makita-dlm534z-lawn-mower-push-lawn-mower-battery-black\/","title":{"rendered":"Tondeuse \u00e0 gazon pouss\u00e9e Makita DLM534Z \u00e0 batterie noire"},"content":{"rendered":"<h3 data-start=\"156\" data-end=\"191\"><strong data-start=\"163\" data-end=\"189\">Description du produit<\/strong><\/h3>\n<p data-start=\"192\" data-end=\"680\">La <strong data-start=\"195\" data-end=\"213\">Makita DLM534Z<\/strong> est une tondeuse \u00e0 gazon pouss\u00e9e, aliment\u00e9e par batterie, id\u00e9ale pour l\u2019entretien de grandes surfaces de pelouse. Compacte, silencieuse et sans \u00e9mission directe, elle allie performance et respect de l\u2019environnement. Sa largeur de coupe g\u00e9n\u00e9reuse et son r\u00e9glage de hauteur pr\u00e9cis garantissent un r\u00e9sultat net et homog\u00e8ne. Gr\u00e2ce \u00e0 sa conception ergonomique et \u00e0 son ch\u00e2ssis robuste, elle offre confort d\u2019utilisation et durabilit\u00e9, tout en restant facile \u00e0 man\u0153uvrer.<\/p>\n<hr data-start=\"682\" data-end=\"685\" \/>\n<h3 data-start=\"687\" data-end=\"727\"><strong data-start=\"694\" data-end=\"725\">Caract\u00e9ristiques techniques<\/strong><\/h3>\n<div class=\"_tableContainer_1rjym_1\">\n<div class=\"group _tableWrapper_1rjym_13 flex w-fit flex-col-reverse\" tabindex=\"-1\">\n<table class=\"w-fit min-w-(--thread-content-width)\" data-start=\"729\" data-end=\"1484\">\n<thead data-start=\"729\" data-end=\"765\">\n<tr data-start=\"729\" data-end=\"765\">\n<th data-start=\"729\" data-end=\"751\" data-col-size=\"sm\"><strong data-start=\"731\" data-end=\"750\">Caract\u00e9ristique<\/strong><\/th>\n<th data-start=\"751\" data-end=\"765\" data-col-size=\"md\"><strong data-start=\"753\" data-end=\"763\">D\u00e9tail<\/strong><\/th>\n<\/tr>\n<\/thead>\n<tbody data-start=\"803\" data-end=\"1484\">\n<tr data-start=\"803\" data-end=\"851\">\n<td data-start=\"803\" data-end=\"814\" data-col-size=\"sm\"><strong data-start=\"805\" data-end=\"813\">Type<\/strong><\/td>\n<td data-start=\"814\" data-end=\"851\" data-col-size=\"md\">Tondeuse \u00e0 gazon pouss\u00e9e sans fil<\/td>\n<\/tr>\n<tr data-start=\"852\" data-end=\"883\">\n<td data-start=\"852\" data-end=\"865\" data-col-size=\"sm\"><strong data-start=\"854\" data-end=\"864\">Mod\u00e8le<\/strong><\/td>\n<td data-start=\"865\" data-end=\"883\" data-col-size=\"md\">Makita DLM534Z<\/td>\n<\/tr>\n<tr data-start=\"884\" data-end=\"957\">\n<td data-start=\"884\" data-end=\"903\" data-col-size=\"sm\"><strong data-start=\"886\" data-end=\"902\">Alimentation<\/strong><\/td>\n<td data-start=\"903\" data-end=\"957\" data-col-size=\"md\">Batterie Lithium-ion 18 V x 2 (LXT \u2013 non incluses)<\/td>\n<\/tr>\n<tr data-start=\"958\" data-end=\"1008\">\n<td data-start=\"958\" data-end=\"981\" data-col-size=\"sm\"><strong data-start=\"960\" data-end=\"980\">Source d\u2019\u00e9nergie<\/strong><\/td>\n<td data-start=\"981\" data-end=\"1008\" data-col-size=\"md\">\u00c9lectrique sur batterie<\/td>\n<\/tr>\n<tr data-start=\"1009\" data-end=\"1041\">\n<td data-start=\"1009\" data-end=\"1032\" data-col-size=\"sm\"><strong data-start=\"1011\" data-end=\"1031\">Largeur de coupe<\/strong><\/td>\n<td data-start=\"1032\" data-end=\"1041\" data-col-size=\"md\">53 cm<\/td>\n<\/tr>\n<tr data-start=\"1042\" data-end=\"1127\">\n<td data-start=\"1042\" data-end=\"1073\" data-col-size=\"sm\"><strong data-start=\"1044\" data-end=\"1072\">R\u00e9glage hauteur de coupe<\/strong><\/td>\n<td data-start=\"1073\" data-end=\"1127\" data-col-size=\"md\">Centralis\u00e9, env. 20 \u2013 100 mm (plusieurs positions)<\/td>\n<\/tr>\n<tr data-start=\"1128\" data-end=\"1179\">\n<td data-start=\"1128\" data-end=\"1163\" data-col-size=\"sm\"><strong data-start=\"1130\" data-end=\"1162\">Capacit\u00e9 du bac de ramassage<\/strong><\/td>\n<td data-start=\"1163\" data-end=\"1179\" data-col-size=\"md\">70 L environ<\/td>\n<\/tr>\n<tr data-start=\"1180\" data-end=\"1259\">\n<td data-start=\"1180\" data-end=\"1196\" data-col-size=\"sm\"><strong data-start=\"1182\" data-end=\"1195\">Fonctions<\/strong><\/td>\n<td data-start=\"1196\" data-end=\"1259\" data-col-size=\"md\">Ramassage, \u00e9jection arri\u00e8re, mulching (selon configuration)<\/td>\n<\/tr>\n<tr data-start=\"1260\" data-end=\"1302\">\n<td data-start=\"1260\" data-end=\"1285\" data-col-size=\"sm\"><strong data-start=\"1262\" data-end=\"1284\">Mat\u00e9riau du carter<\/strong><\/td>\n<td data-start=\"1285\" data-end=\"1302\" data-col-size=\"md\">Acier robuste<\/td>\n<\/tr>\n<tr data-start=\"1303\" data-end=\"1354\">\n<td data-start=\"1303\" data-end=\"1316\" data-col-size=\"sm\"><strong data-start=\"1305\" data-end=\"1315\">Guidon<\/strong><\/td>\n<td data-start=\"1316\" data-end=\"1354\" data-col-size=\"md\">Ergonomique, r\u00e9glable et repliable<\/td>\n<\/tr>\n<tr data-start=\"1355\" data-end=\"1403\">\n<td data-start=\"1355\" data-end=\"1367\" data-col-size=\"sm\"><strong data-start=\"1357\" data-end=\"1366\">Poids<\/strong><\/td>\n<td data-start=\"1367\" data-end=\"1403\" data-col-size=\"md\">38 \u2013 40 kg (selon configuration)<\/td>\n<\/tr>\n<tr data-start=\"1404\" data-end=\"1426\">\n<td data-start=\"1404\" data-end=\"1418\" data-col-size=\"sm\"><strong data-start=\"1406\" data-end=\"1417\">Couleur<\/strong><\/td>\n<td data-start=\"1418\" data-end=\"1426\" data-col-size=\"md\">Noir<\/td>\n<\/tr>\n<tr data-start=\"1427\" data-end=\"1484\">\n<td data-start=\"1427\" data-end=\"1457\" data-col-size=\"sm\"><strong data-start=\"1429\" data-end=\"1456\">Utilisation recommand\u00e9e<\/strong><\/td>\n<td data-start=\"1457\" data-end=\"1484\" data-col-size=\"md\">Jardins moyens \u00e0 grands<\/td>\n<\/tr>\n<\/tbody>\n<\/table>\n<\/div>\n<\/div>","protected":false},"excerpt":{"rendered":"<p>Description du produit La Makita DLM534Z est une tondeuse \u00e0 gazon pouss\u00e9e, aliment\u00e9e par batterie, id\u00e9ale pour l\u2019entretien de grandes<\/p>","protected":false},"featured_media":19527,"template":"","meta":[],"product_brand":[],"product_cat":[64],"product_tag":[65],"product_country":[1503],"class_list":{"0":"post-269","1":"product","2":"type-product","3":"status-publish","4":"has-post-thumbnail","6":"product_cat-movers","7":"product_tag-movers","8":"product_country-france","10":"first","11":"instock","12":"sale","13":"taxable","14":"shipping-taxable","15":"purchasable","16":"product-type-simple"},"_links":{"self":[{"href":"https:\/\/routinesfashione.com\/en\/wp-json\/wp\/v2\/product\/269","targetHints":{"allow":["GET"]}}],"collection":[{"href":"https:\/\/routinesfashione.com\/en\/wp-json\/wp\/v2\/product"}],"about":[{"href":"https:\/\/routinesfashione.com\/en\/wp-json\/wp\/v2\/types\/product"}],"wp:featuredmedia":[{"embeddable":true,"href":"https:\/\/routinesfashione.com\/en\/wp-json\/wp\/v2\/media\/19527"}],"wp:attachment":[{"href":"https:\/\/routinesfashione.com\/en\/wp-json\/wp\/v2\/media?parent=269"}],"wp:term":[{"taxonomy":"product_brand","embeddable":true,"href":"https:\/\/routinesfashione.com\/en\/wp-json\/wp\/v2\/product_brand?post=269"},{"taxonomy":"product_cat","embeddable":true,"href":"https:\/\/routinesfashione.com\/en\/wp-json\/wp\/v2\/product_cat?post=269"},{"taxonomy":"product_tag","embeddable":true,"href":"https:\/\/routinesfashione.com\/en\/wp-json\/wp\/v2\/product_tag?post=269"},{"taxonomy":"product_country","embeddable":true,"href":"https:\/\/routinesfashione.com\/en\/wp-json\/wp\/v2\/product_country?post=269"}],"curies":[{"name":"wp","href":"https:\/\/api.w.org\/{rel}","templated":true}]}}