{"id":2692,"date":"2025-09-30T20:51:16","date_gmt":"2025-09-30T20:51:16","guid":{"rendered":"https:\/\/lightgray-crow-170497.hostingersite.com\/?post_type=product&#038;p=2692"},"modified":"2025-09-30T20:51:16","modified_gmt":"2025-09-30T20:51:16","slug":"barbecue-a-bois-clementi-colorado-avec-plan-de-travail","status":"publish","type":"product","link":"https:\/\/routinesfashione.com\/en\/produit\/barbecue-a-bois-clementi-colorado-avec-plan-de-travail\/","title":{"rendered":"Barbecue \u00e0 Bois Clementi Colorado avec Plan de Travail"},"content":{"rendered":"<div align=\"center\"><b><span style=\"font-family: Times; font-size: x-large;\"><span style=\"font-family: Times;\"><span style=\"color: #000000;\"><span><sup><span style=\"font-family: Georgia;\"><u><span style=\"font-size: xx-large;\">DESCRIPTION<\/span><\/u><\/span><\/sup><\/span><\/span><\/span><\/span><\/b><\/div>\n<div align=\"center\">\n<p><span style=\"font-size: x-large;\">Le barbecue vertical du Colorado combine une conception \u00e9l\u00e9gante et des performances \u00e9lev\u00e9es. Ses 4 plaques en acier inoxydable 304 cr\u00e9ent diff\u00e9rentes zones de cuisson, vous permettant de pr\u00e9parer plusieurs recettes simultan\u00e9ment, offrant une polyvalence et une qualit\u00e9 dans chaque grill\u00e9. Parfait pour chaque espace ext\u00e9rieur.<\/span><\/p>\n<div data-element_type=\"container\" data-id=\"53e3a04\" data-settings=\"{&quot;jet_parallax_layout_list&quot;:[]}\">\n<div data-element_type=\"widget\" data-id=\"3703a25\" data-settings=\"{&quot;_animation&quot;:&quot;none&quot;,&quot;_animation_delay&quot;:0}\" data-widget_type=\"heading.default\">\n<p><span style=\"font-size: x-large;\">Barbecue verticale du Colorado: conception et performance pour \u00e9pop\u00e9e grill\u00e9e toute l&#8217;ann\u00e9e.<\/span><\/p>\n<\/div>\n<\/div>\n<div data-element_type=\"container\" data-id=\"f452932\" data-settings=\"{&quot;jet_parallax_layout_list&quot;:[]}\">\n<div data-element_type=\"widget\" data-id=\"72f9b36\" data-settings=\"{&quot;_animation&quot;:&quot;none&quot;,&quot;_animation_delay&quot;:200}\" data-widget_type=\"theme-post-content.default\">\n<div>\n<p><span style=\"font-size: x-large;\">Le barbecue en bois professionnel id\u00e9al pour les grillades mais aussi pour profiter de votre jardin toutes les saisons.<\/span><\/p>\n<p><span style=\"font-size: x-large;\">Disponible \u00e0 la fois en acier colorant \u00e0 Corten et \u00e0 l&#8217;anthracite. Avec ses plaques en acier inoxydable de 4 8 mm, le barbecue du Colorado propose diff\u00e9rentes zones de cuisson: la cuisine plus puissante vers l&#8217;int\u00e9rieur, plus d\u00e9licate \u00e0 l&#8217;ext\u00e9rieur.<\/span><\/p>\n<p><span style=\"font-size: x-large;\">Cela vous permet de pr\u00e9parer plusieurs recettes simultan\u00e9ment.<\/span><\/p>\n<p><span style=\"font-size: x-large;\">Des coupes de viande les plus succulentes aux aliments plus petits, comme les l\u00e9gumes ou le poisson, rien n&#8217;est impossible avec le Colorado.<\/span><\/p>\n<p><span style=\"font-size: x-large;\">Fabriqu\u00e9 en acier Corten, le Colorado est prot\u00e9g\u00e9 par un pic en laine de roche le long de ses 4 c\u00f4t\u00e9s.<\/span><\/p>\n<p><span style=\"font-size: x-large;\">Cette protection suppl\u00e9mentaire vous permet de pr\u00e9server davantage le barbecue de l&#8217;incendie et est un excellent syst\u00e8me de s\u00e9curit\u00e9 contre les touches accidentelles.<\/span><\/p>\n<p><span style=\"font-size: x-large;\">Et si vous aimez la tradition des grillades classiques, pas de probl\u00e8me! Avec la grille en acier inoxydable 304 en option, vous pouvez profiter de la double cuisson: plaque et grill.<\/span><\/p>\n<p><span style=\"font-size: x-large;\">Une fa\u00e7on \u00e9pique de satisfaire tous les go\u00fbts et d&#8217;\u00e9tonner vos invit\u00e9s.<\/span><\/p>\n<\/div>\n<p><span style=\"font-size: x-large;\">\u00a0<\/span><\/p>\n<\/div>\n<\/div>\n<h3><span style=\"font-size: x-large;\">Le plus du barbecue du Colorado<\/span><\/h3>\n<div class=\"elementor-element elementor-element-a94b683 animated-fast e-flex e-con-boxed e-con e-parent e-lazyloaded animated fadeIn\" data-element_type=\"container\" data-id=\"a94b683\" data-settings=\"{&quot;background_background&quot;:&quot;classic&quot;,&quot;jet_parallax_layout_list&quot;:[],&quot;animation&quot;:&quot;fadeIn&quot;,&quot;animation_delay&quot;:200}\">\n<div class=\"e-con-inner\">\n<div class=\"elementor-element elementor-element-442876e e-con-full e-flex e-con e-child\" data-element_type=\"container\" data-id=\"442876e\" data-settings=\"{&quot;jet_parallax_layout_list&quot;:[]}\">\n<div class=\"elementor-element elementor-element-855adb6 animated-fast elementor-widget elementor-widget-jet-listing-grid\" data-element_type=\"widget\" data-id=\"855adb6\" data-settings=\"{&quot;columns&quot;:&quot;2&quot;,&quot;columns_mobile&quot;:&quot;1&quot;,&quot;_animation&quot;:&quot;none&quot;,&quot;_animation_delay&quot;:200}\" data-widget_type=\"jet-listing-grid.default\">\n<div class=\"elementor-widget-container\">\n<div class=\"jet-listing-grid jet-listing\">\n<div class=\"jet-listing-grid__items grid-col-desk-2 grid-col-tablet-2 grid-col-mobile-1 jet-listing-grid--859 jet-listing-grid__masonry\" data-listing-id=\"859\" data-listing-source=\"repeater\" data-masonry-grid-options=\"{&quot;columns&quot;:{&quot;desktop&quot;:2,&quot;tablet&quot;:2,&quot;mobile&quot;:1}}\" data-nav=\"{&quot;enabled&quot;:false,&quot;type&quot;:null,&quot;more_el&quot;:null,&quot;query&quot;:[],&quot;widget_settings&quot;:{&quot;lisitng_id&quot;:859,&quot;posts_num&quot;:6,&quot;columns&quot;:2,&quot;columns_tablet&quot;:2,&quot;columns_mobile&quot;:1,&quot;column_min_width&quot;:240,&quot;column_min_width_tablet&quot;:240,&quot;column_min_width_mobile&quot;:240,&quot;inline_columns_css&quot;:false,&quot;is_archive_template&quot;:&quot;&quot;,&quot;post_status&quot;:[&quot;publish&quot;],&quot;use_random_posts_num&quot;:&quot;&quot;,&quot;max_posts_num&quot;:9,&quot;not_found_message&quot;:&quot;Nessun accessorio&quot;,&quot;is_masonry&quot;:true,&quot;equal_columns_height&quot;:&quot;&quot;,&quot;use_load_more&quot;:&quot;&quot;,&quot;load_more_id&quot;:&quot;&quot;,&quot;load_more_type&quot;:&quot;click&quot;,&quot;load_more_offset&quot;:{&quot;unit&quot;:&quot;px&quot;,&quot;size&quot;:0,&quot;sizes&quot;:[]},&quot;use_custom_post_types&quot;:&quot;&quot;,&quot;custom_post_types&quot;:[],&quot;hide_widget_if&quot;:&quot;&quot;,&quot;carousel_enabled&quot;:&quot;&quot;,&quot;slides_to_scroll&quot;:&quot;1&quot;,&quot;arrows&quot;:&quot;true&quot;,&quot;arrow_icon&quot;:&quot;fa fa-angle-left&quot;,&quot;dots&quot;:&quot;&quot;,&quot;autoplay&quot;:&quot;true&quot;,&quot;pause_on_hover&quot;:&quot;true&quot;,&quot;autoplay_speed&quot;:5000,&quot;infinite&quot;:&quot;true&quot;,&quot;center_mode&quot;:&quot;&quot;,&quot;effect&quot;:&quot;slide&quot;,&quot;speed&quot;:500,&quot;inject_alternative_items&quot;:&quot;&quot;,&quot;injection_items&quot;:[],&quot;scroll_slider_enabled&quot;:&quot;&quot;,&quot;scroll_slider_on&quot;:[&quot;desktop&quot;,&quot;tablet&quot;,&quot;mobile&quot;],&quot;custom_query&quot;:&quot;yes&quot;,&quot;custom_query_id&quot;:&quot;&quot;,&quot;_element_id&quot;:&quot;&quot;,&quot;collapse_first_last_gap&quot;:false,&quot;list_items_wrapper_tag&quot;:&quot;div&quot;,&quot;list_item_tag&quot;:&quot;div&quot;,&quot;empty_items_wrapper_tag&quot;:&quot;div&quot;}}\" data-page=\"1\" data-pages=\"1\" data-queried-id=\"1272|WP_Post\" data-query-id=\"\">\n<div class=\"jet-listing-grid__item jet-listing-dynamic-post-1272\" data-macy-complete=\"1\" data-post-id=\"1272\">\n<div class=\"elementor elementor-859\" data-elementor-id=\"859\" data-elementor-post-type=\"jet-engine\" data-elementor-type=\"jet-listing-items\">\n<div class=\"elementor-element elementor-element-6ce5772 e-con-full e-flex e-con e-parent e-lazyloaded\" data-element_type=\"container\" data-id=\"6ce5772\" data-settings=\"{&quot;jet_parallax_layout_list&quot;:[]}\">\n<div class=\"elementor-element elementor-element-8c0b008 elementor-widget elementor-widget-jet-listing-dynamic-field\" data-element_type=\"widget\" data-id=\"8c0b008\" data-widget_type=\"jet-listing-dynamic-field.default\">\n<div class=\"elementor-widget-container\">\n<ul>\n<li class=\"jet-listing-dynamic-field__content\"><span style=\"font-size: x-large;\">Corten Steel: r\u00e9sistance aux intemp\u00e9ries et au feu<\/span><\/li>\n<li class=\"jet-listing-dynamic-field__content\"><span style=\"font-size: x-large;\">4 mm Plaques en acier inoxydable<\/span><\/li>\n<li class=\"jet-listing-dynamic-field__content\"><span style=\"font-size: x-large;\">Isolation interne: laine rocheuse<\/span><\/li>\n<li class=\"jet-listing-dynamic-field__content\"><span style=\"font-size: x-large;\">Tiroir \u00e0 dessin<\/span><\/li>\n<li class=\"jet-listing-dynamic-field__content\"><span style=\"font-size: x-large;\">Portalgna compartiment<\/span><\/li>\n<li class=\"jet-listing-dynamic-field__content\"><span style=\"font-size: x-large;\">Cuisine double: assiette et grille<\/span><\/li>\n<li class=\"jet-listing-dynamic-field__content\"><span style=\"font-size: x-large;\">Entretien limit\u00e9<\/span><\/li>\n<li class=\"jet-listing-dynamic-field__content\"><span style=\"font-size: x-large;\">365 jours par an: parfait pour toutes les saisons<\/span><\/li>\n<li class=\"jet-listing-dynamic-field__content\"><span style=\"font-size: x-large;\">Fabriqu\u00e9 en Italie Design and Quality<\/span><\/li>\n<\/ul>\n<p><span style=\"font-size: x-large;\">\u00a0<\/span><\/p>\n<\/div>\n<\/div>\n<\/div>\n<\/div>\n<\/div>\n<\/div>\n<\/div>\n<\/div>\n<\/div>\n<\/div>\n<\/div>\n<\/div>\n<div class=\"elementor-element elementor-element-272f1a3 e-con-full animated-fast jedv-enabled--yes e-flex e-con e-parent e-lazyloaded animated fadeIn\" data-element_type=\"container\" data-id=\"272f1a3\" data-settings=\"{&quot;jet_parallax_layout_list&quot;:[],&quot;animation&quot;:&quot;fadeIn&quot;,&quot;animation_delay&quot;:200}\"><span style=\"font-size: x-large;\">\u00a0<\/span><\/div>\n<h3><span style=\"font-size: x-large;\">Caract\u00e9ristiques techniques<\/span><\/h3>\n<div class=\"elementor-element elementor-element-f926589 elementor-widget elementor-widget-jet-listing-dynamic-field\" data-element_type=\"widget\" data-id=\"f926589\" data-widget_type=\"jet-listing-dynamic-field.default\">\n<div class=\"elementor-widget-container\">\n<ul>\n<li class=\"jet-listing-dynamic-field__content\"><span style=\"font-size: x-large;\">Dimensions disponibles: 80&#215;80 cm (zone de cuisson de circonf\u00e9rence)<\/span><\/li>\n<li class=\"jet-listing-dynamic-field__content\"><span style=\"font-size: x-large;\">Poids: 100 kg<\/span><\/li>\n<li class=\"jet-listing-dynamic-field__content\"><span style=\"font-size: x-large;\">Taille de la plaque de cuisson: l80 x p23 cm \/ chacun.<\/span><\/li>\n<li class=\"jet-listing-dynamic-field__content\"><span style=\"font-size: x-large;\">Finition: Corten ou acier anthracite<\/span><\/li>\n<\/ul>\n<\/div>\n<\/div>\n<p><span style=\"font-size: x-large;\">\u00a0<\/span><\/p>\n<\/div>","protected":false},"excerpt":{"rendered":"<p>DESCRIPTION Le barbecue vertical du Colorado combine une conception \u00e9l\u00e9gante et des performances \u00e9lev\u00e9es. Ses 4 plaques en acier inoxydable<\/p>","protected":false},"featured_media":14820,"template":"","meta":[],"product_brand":[],"product_cat":[61],"product_tag":[],"product_country":[1503],"class_list":{"0":"post-2692","1":"product","2":"type-product","3":"status-publish","4":"has-post-thumbnail","6":"product_cat-sale-france","7":"product_country-france","9":"first","10":"instock","11":"sale","12":"taxable","13":"shipping-taxable","14":"purchasable","15":"product-type-simple"},"_links":{"self":[{"href":"https:\/\/routinesfashione.com\/en\/wp-json\/wp\/v2\/product\/2692","targetHints":{"allow":["GET"]}}],"collection":[{"href":"https:\/\/routinesfashione.com\/en\/wp-json\/wp\/v2\/product"}],"about":[{"href":"https:\/\/routinesfashione.com\/en\/wp-json\/wp\/v2\/types\/product"}],"wp:featuredmedia":[{"embeddable":true,"href":"https:\/\/routinesfashione.com\/en\/wp-json\/wp\/v2\/media\/14820"}],"wp:attachment":[{"href":"https:\/\/routinesfashione.com\/en\/wp-json\/wp\/v2\/media?parent=2692"}],"wp:term":[{"taxonomy":"product_brand","embeddable":true,"href":"https:\/\/routinesfashione.com\/en\/wp-json\/wp\/v2\/product_brand?post=2692"},{"taxonomy":"product_cat","embeddable":true,"href":"https:\/\/routinesfashione.com\/en\/wp-json\/wp\/v2\/product_cat?post=2692"},{"taxonomy":"product_tag","embeddable":true,"href":"https:\/\/routinesfashione.com\/en\/wp-json\/wp\/v2\/product_tag?post=2692"},{"taxonomy":"product_country","embeddable":true,"href":"https:\/\/routinesfashione.com\/en\/wp-json\/wp\/v2\/product_country?post=2692"}],"curies":[{"name":"wp","href":"https:\/\/api.w.org\/{rel}","templated":true}]}}