{"id":2754,"date":"2025-09-30T20:51:15","date_gmt":"2025-09-30T20:51:15","guid":{"rendered":"https:\/\/lightgray-crow-170497.hostingersite.com\/?post_type=product&#038;p=2754"},"modified":"2025-09-30T20:51:16","modified_gmt":"2025-09-30T20:51:16","slug":"barbecue-a-gaz-napoleon-rogue-pro-s-525","status":"publish","type":"product","link":"https:\/\/routinesfashione.com\/en\/produit\/barbecue-a-gaz-napoleon-rogue-pro-s-525\/","title":{"rendered":"Barbecue \u00e0 gaz Napoleon Rogue PRO-S 525"},"content":{"rendered":"<p>Le Rogue PRO-S 525 RSIB offre une puissance totale jusqu&#8217;\u00e0 26,1 kW pour des grillades g\u00e9n\u00e9reuses. Sa construction robuste en\u00a0<strong>acier inoxydable<\/strong>\u00a0assure une excellente r\u00e9sistance aux intemp\u00e9ries et une facilit\u00e9 d&#8217;entretien. Ce mod\u00e8le\u00a0<strong>haut de gamme<\/strong>\u00a0est con\u00e7u pour les passionn\u00e9s de barbecue qui recherchent polyvalence et performance.<\/p>\n<div class=\"col-span-2 aspect-square w-full sm:col-span-1 markdown\" data-multiple-block=\"\">\n<h3>Surface de cuisson g\u00e9n\u00e9reuse<\/h3>\n<p>La zone de cuisson principale de\u00a0<strong>73 x 45,7 cm<\/strong>\u00a0propose une surface totale imposante, id\u00e9ale pour les grandes tabl\u00e9es. Les grilles Wave de\u00a0<em>7,5 mm d&#8217;\u00e9paisseur<\/em>\u00a0en\u00a0<strong>acier inoxydable<\/strong>\u00a0emp\u00eachent les aliments de glisser tout en cr\u00e9ant de belles marques de saisie. La grille de r\u00e9chaud offre un espace suppl\u00e9mentaire pour garder les plats au chaud ou cuire d\u00e9licatement les l\u00e9gumes.<\/p>\n<p><em>Plancha vendue s\u00e9par\u00e9ment<\/em><\/p>\n<\/div>\n<div class=\"col-span-2 aspect-square w-full sm:col-span-1 markdown\" data-multiple-block=\"\">\n<h3>Syst\u00e8me de cuisson performant<\/h3>\n<p>Les\u00a0<strong>quatre br\u00fbleurs principaux en acier inoxydable<\/strong>\u00a0permettent de cr\u00e9er diff\u00e9rentes zones de temp\u00e9rature. Le br\u00fbleur lat\u00e9ral infrarouge Sizzle Zone atteint\u00a0<strong>800\u00b0C<\/strong>\u00a0pour une saisie optimale des viandes, garantissant une cro\u00fbte savoureuse et un c\u0153ur juteux. Le\u00a0<strong>br\u00fbleur arri\u00e8re infrarouge<\/strong>\u00a0assure une cuisson tournante parfaite des volailles et des r\u00f4tis (<em>r\u00f4tissoire en option<\/em>). Les cache-br\u00fbleurs double niveau transforment les jus de cuisson en vapeur aromatique.<\/p>\n<h3>Simplicit\u00e9 d&#8217;utilisation et s\u00e9curit\u00e9 optimale<\/h3>\n<p>Les boutons SafetyGlow\u00a0<strong>s&#8217;illuminent en rouge quand un br\u00fbleur est en fonction<\/strong>, assurant une utilisation s\u00e9curis\u00e9e m\u00eame de nuit. L&#8217;allumage JetFire garantit un\u00a0<strong>d\u00e9marrage instantan\u00e9 et fiable<\/strong>. Le thermom\u00e8tre Accu-Probe permet de surveiller pr\u00e9cis\u00e9ment la temp\u00e9rature sous le couvercle pour des cuissons ma\u00eetris\u00e9es.<\/p>\n<\/div>\n<div id=\"product-description\" class=\"custom-container mt-12 text-center\">\n<div class=\"mt-8 flex flex-col gap-y-8 md:flex-row text-left\">\n<div class=\"grid grid-cols-2 gap-5 md:w-2\/3\">\n<div class=\"col-span-2 aspect-square w-full sm:col-span-1 markdown\" data-multiple-block=\"\">\n<h3>Ergonomie et mobilit\u00e9 \u00e9tudi\u00e9es<\/h3>\n<p>La\u00a0<strong>tablette lat\u00e9rale pliante<\/strong>\u00a0optimise l&#8217;espace de rangement tandis que les roulettes verrouillables assurent\u00a0<strong>stabilit\u00e9<\/strong>\u00a0et\u00a0<strong>mobilit\u00e9<\/strong>\u00a0selon les besoins. Le\u00a0<strong>couvercle haut format<\/strong>\u00a0accueille ais\u00e9ment les pi\u00e8ces volumineuses. Un\u00a0<strong>ouvre-bouteille int\u00e9gr\u00e9<\/strong>\u00a0et une conception ergonomique du chariot facilitent son utilisation au quotidien.<\/p>\n<\/div>\n<\/div>\n<\/div>\n<\/div>\n<div class=\"custom-container mt-20\"><\/div>","protected":false},"excerpt":{"rendered":"<p>Le Rogue PRO-S 525 RSIB offre une puissance totale jusqu&#8217;\u00e0 26,1 kW pour des grillades g\u00e9n\u00e9reuses. Sa construction robuste en\u00a0acier<\/p>","protected":false},"featured_media":14869,"template":"","meta":[],"product_brand":[],"product_cat":[61],"product_tag":[],"product_country":[1503],"class_list":{"0":"post-2754","1":"product","2":"type-product","3":"status-publish","4":"has-post-thumbnail","6":"product_cat-sale-france","7":"product_country-france","9":"first","10":"instock","11":"sale","12":"taxable","13":"shipping-taxable","14":"purchasable","15":"product-type-simple"},"_links":{"self":[{"href":"https:\/\/routinesfashione.com\/en\/wp-json\/wp\/v2\/product\/2754","targetHints":{"allow":["GET"]}}],"collection":[{"href":"https:\/\/routinesfashione.com\/en\/wp-json\/wp\/v2\/product"}],"about":[{"href":"https:\/\/routinesfashione.com\/en\/wp-json\/wp\/v2\/types\/product"}],"wp:featuredmedia":[{"embeddable":true,"href":"https:\/\/routinesfashione.com\/en\/wp-json\/wp\/v2\/media\/14869"}],"wp:attachment":[{"href":"https:\/\/routinesfashione.com\/en\/wp-json\/wp\/v2\/media?parent=2754"}],"wp:term":[{"taxonomy":"product_brand","embeddable":true,"href":"https:\/\/routinesfashione.com\/en\/wp-json\/wp\/v2\/product_brand?post=2754"},{"taxonomy":"product_cat","embeddable":true,"href":"https:\/\/routinesfashione.com\/en\/wp-json\/wp\/v2\/product_cat?post=2754"},{"taxonomy":"product_tag","embeddable":true,"href":"https:\/\/routinesfashione.com\/en\/wp-json\/wp\/v2\/product_tag?post=2754"},{"taxonomy":"product_country","embeddable":true,"href":"https:\/\/routinesfashione.com\/en\/wp-json\/wp\/v2\/product_country?post=2754"}],"curies":[{"name":"wp","href":"https:\/\/api.w.org\/{rel}","templated":true}]}}