{"id":2847,"date":"2025-09-30T20:51:15","date_gmt":"2025-09-30T20:51:15","guid":{"rendered":"https:\/\/lightgray-crow-170497.hostingersite.com\/?post_type=product&#038;p=2847"},"modified":"2025-09-30T20:51:15","modified_gmt":"2025-09-30T20:51:15","slug":"vidaxl-cuisine-exterieur-complete-missouri","status":"publish","type":"product","link":"https:\/\/routinesfashione.com\/en\/produit\/vidaxl-cuisine-exterieur-complete-missouri\/","title":{"rendered":"vidaXL Cuisine ext\u00e9rieur compl\u00e8te Missouri"},"content":{"rendered":"<h4>Description g\u00e9n\u00e9rale<\/h4>\n<p>Rien n&#8217;est plus agr\u00e9able que d&#8217;utiliser ce barbecue en acier inoxydable. Gr\u00e2ce \u00e0 son armature souple, vous pouvez le disposer comme vous le souhaitez. Vous avez acc\u00e8s \u00e0 4 br\u00fbleurs puissants avec une capacit\u00e9 totale de 48.000 BTU\/HR (14 KW), ainsi qu&#8217;un br\u00fbleur lat\u00e9ral. Il est \u00e9quip\u00e9 d&#8217;un \u00e9vier int\u00e9gr\u00e9 pour laver les l\u00e9gumes et d&#8217;une planche \u00e0 d\u00e9couper. Ce barbecue offre \u00e9galement un espace de stockage pour vos plats et ingr\u00e9dients, et un couvercle avec thermom\u00e8tre pour surveiller la temp\u00e9rature. Il est adapt\u00e9 au butane, propane et LPG, et facile \u00e0 d\u00e9placer gr\u00e2ce \u00e0 ses roues. L\u2019allumage du gaz se fait par un allumage \u00e9lectronique pour une s\u00e9curit\u00e9 optimale. Important : un tuyau et un r\u00e9gulateur de pression sont n\u00e9cessaires pour le raccordement au gaz, mais ne sont pas fournis.<\/p>\n<h4>Sp\u00e9cifications techniques<\/h4>\n<ul>\n<li>Nombre de br\u00fbleurs : 4<\/li>\n<li>Br\u00fbleur lat\u00e9ral : oui<\/li>\n<li>Mat\u00e9riau : acier inoxydable<\/li>\n<li>Evier : oui<\/li>\n<li>Surface de cuisson : 66 x 46,5 cm<\/li>\n<li>Roues : 12<\/li>\n<li>Planche \u00e0 d\u00e9couper : oui<\/li>\n<li>Puissance des br\u00fbleurs : 4 x 12000 BTU = 14 KW<\/li>\n<li>Thermom\u00e8tre int\u00e9gr\u00e9 : oui<\/li>\n<li>Pierres de lave : non<\/li>\n<li>R\u00e9cup\u00e9rateur de graisses : oui<\/li>\n<li>Allumage \u00e9lectronique : oui<\/li>\n<li>Convient pour : butane, propane ou LPG<\/li>\n<li>Nombre de boutons de contr\u00f4le : 5<\/li>\n<li>Dimensions avec \u00e9vier : 182 x 52 x 107,5 cm<\/li>\n<li>Dimensions avec plaque : 248 x 55,5 x 112 cm<\/li>\n<\/ul>\n<h4>Compatibilit\u00e9 et accessoires<\/h4>\n<ul>\n<li>Compatible avec butane, propane et LPG<\/li>\n<li>Tuyau et r\u00e9gulateur de pression requis (non fournis)<\/li>\n<\/ul>\n<h4>Installation<\/h4>\n<p>Pour l&#8217;installation, suivez les instructions du fabricant pour raccordement au gaz. Assurez-vous d&#8217;utiliser un tuyau et un r\u00e9gulateur de pression conformes aux normes de s\u00e9curit\u00e9.<\/p>\n<h4>Utilisation<\/h4>\n<p>Ce barbecue est id\u00e9al pour griller, cuire et pr\u00e9parer des repas en plein air. Utilisez les br\u00fbleurs pour cuisiner diff\u00e9rents aliments et profitez de l&#8217;\u00e9vier pour un nettoyage facile des l\u00e9gumes.<\/p>","protected":false},"excerpt":{"rendered":"<p>Description g\u00e9n\u00e9rale Rien n&#8217;est plus agr\u00e9able que d&#8217;utiliser ce barbecue en acier inoxydable. Gr\u00e2ce \u00e0 son armature souple, vous pouvez<\/p>","protected":false},"featured_media":14944,"template":"","meta":[],"product_brand":[],"product_cat":[61],"product_tag":[],"product_country":[1503],"class_list":{"0":"post-2847","1":"product","2":"type-product","3":"status-publish","4":"has-post-thumbnail","6":"product_cat-sale-france","7":"product_country-france","9":"first","10":"instock","11":"sale","12":"taxable","13":"shipping-taxable","14":"purchasable","15":"product-type-simple"},"_links":{"self":[{"href":"https:\/\/routinesfashione.com\/en\/wp-json\/wp\/v2\/product\/2847","targetHints":{"allow":["GET"]}}],"collection":[{"href":"https:\/\/routinesfashione.com\/en\/wp-json\/wp\/v2\/product"}],"about":[{"href":"https:\/\/routinesfashione.com\/en\/wp-json\/wp\/v2\/types\/product"}],"wp:featuredmedia":[{"embeddable":true,"href":"https:\/\/routinesfashione.com\/en\/wp-json\/wp\/v2\/media\/14944"}],"wp:attachment":[{"href":"https:\/\/routinesfashione.com\/en\/wp-json\/wp\/v2\/media?parent=2847"}],"wp:term":[{"taxonomy":"product_brand","embeddable":true,"href":"https:\/\/routinesfashione.com\/en\/wp-json\/wp\/v2\/product_brand?post=2847"},{"taxonomy":"product_cat","embeddable":true,"href":"https:\/\/routinesfashione.com\/en\/wp-json\/wp\/v2\/product_cat?post=2847"},{"taxonomy":"product_tag","embeddable":true,"href":"https:\/\/routinesfashione.com\/en\/wp-json\/wp\/v2\/product_tag?post=2847"},{"taxonomy":"product_country","embeddable":true,"href":"https:\/\/routinesfashione.com\/en\/wp-json\/wp\/v2\/product_country?post=2847"}],"curies":[{"name":"wp","href":"https:\/\/api.w.org\/{rel}","templated":true}]}}