{"id":2851,"date":"2025-09-30T20:51:15","date_gmt":"2025-09-30T20:51:15","guid":{"rendered":"https:\/\/lightgray-crow-170497.hostingersite.com\/?post_type=product&#038;p=2851"},"modified":"2025-09-30T20:51:15","modified_gmt":"2025-09-30T20:51:15","slug":"barbecue-a-pellets-pro-780-noir-traeger","status":"publish","type":"product","link":"https:\/\/routinesfashione.com\/en\/produit\/barbecue-a-pellets-pro-780-noir-traeger\/","title":{"rendered":"Barbecue \u00e0 pellets Pro 780 noir &#8211; Traeger"},"content":{"rendered":"<h2>La marque TRAEGER :<\/h2>\n<p>Marque am\u00e9ricaine de renomm\u00e9e depuis plus de 30 ans,<strong>\u00a0Traeger<\/strong>\u00a0a su s\u2019imposer sur le march\u00e9 du barbecue \u00e9lectrique \u00e0 pellets. Adepte du concept \u00ab\u00a0<strong>Low and Slow<\/strong>\u00a0\u00bb, cette\u00a0<strong>cuisson lente et \u00e0 basse temp\u00e9rature<\/strong>\u00a0permet de retrouver le gout du feu de bois sans la carbonisation des aliments comme les c\u00e9l\u00e8bres cuissons de \u00ab Pull pork \u00bb, \u00abBrisquettes de b\u0153ufs, Ribs, etc\u2026 \u00bb<\/p>\n<p>Les barbecues TRAEGER sont synonymes de saveurs, de polyvalences, de technologies et de partage avec toute la communaut\u00e9 de la marque.<\/p>\n<h2>Les atouts du barbecue PRO 780 Noir :<\/h2>\n<p>Barbecue\u00a0<strong>multifonction<\/strong>\u00a0: vous pouvez griller, fumer, cuire, r\u00f4tir, braiser des aliments gr\u00e2ce au barbecue PRO 780.<\/p>\n<p>Connect\u00e9 \u00e0 votre\u00a0<strong>r\u00e9seau wifi<\/strong>, vous pouvez contr\u00f4ler le barbecue \u00e0 distance gr\u00e2ce \u00e0 l\u2019application TRAEGER. Fini les temps d\u2019attente devant votre barbecue vous pouvez contr\u00f4ler le temps de cuisson et la temp\u00e9rature \u00e0 distance.<\/p>\n<h2>Le barbecue Pro 780 est \u00e9quip\u00e9 de 4 fonctions:<\/h2>\n<p>&#8211;\u00a0<strong>Contr\u00f4leur PRO D2<\/strong>\u00a0: R\u00e9gulateur de temp\u00e9rature, cette fonction va vous permettre de param\u00e9trer une temp\u00e9rature de cuisson allant de\u00a0<strong>74 \u00b0C \u00e0 260 \u00b0C<\/strong>\u00a0(pr\u00e9cision +\/- 5\u00b0C) Ce r\u00e9gulateur va vous donner \u00e9galement acc\u00e8s \u00e0 plusieurs fonctions telles que la minuterie et le GrillGuide.<\/p>\n<p>&#8211;\u00a0<strong>Technologie Wifire<\/strong>\u00a0: Le Wifi va vous permettre de relier votre barbecue \u00e0 votre t\u00e9l\u00e9phone. Le barbecue est directement\u00a0<strong>reli\u00e9 au wifi<\/strong>\u00a0de la maison permettant un contr\u00f4le en 4 g avec son t\u00e9l\u00e9phone sans limite de distance, contrairement au Bluetooth par exemple. De plus, le barbecue \u00e9tant connect\u00e9, les mises \u00e0 jour se t\u00e9l\u00e9chargent de fa\u00e7on autonome. Comme pour la mise \u00e0 jour de langue fran\u00e7aise pour l\u2019application ou les 260\u00b0C disponible sur toute la gamme \u00e0 partir de 2020.<\/p>\n<p>&#8211;\u00a0<strong>TurboTemp<\/strong>\u00a0: compos\u00e9 d\u2019une vis sans fin, d\u2019un moteur et d\u2019un ventilateur \u00e0 vitesse variable, le\u00a0<strong>TurboTemp<\/strong>\u00a0est un syst\u00e8me d\u2019allumage ultra-puissant et ultra-rapide pour une cuisson performante. ( cuisson de pr\u00e9cision )<\/p>\n<p>&#8211;\u00a0<strong>GRILLGUIDE<\/strong>\u00a0: Le \u00ab Grillguide \u00bb, c\u2019est votre livre de recette connect\u00e9. L\u2019application poss\u00e8de de\u00a0<strong>nombreuses recettes<\/strong>\u00a0vous guidant pas \u00e0 pas dans l\u2019utilisation de votre barbecue Traeger, vous permettant de r\u00e9ussir \u00e0 chaque coup vos cuissons. L\u2019application est disponible en Fran\u00e7ais.<br \/>\n*l\u2019application est en Fran\u00e7ais \u00e0 partir de Janvier 2020 : mise \u00e0 jour automatique du Traeger<\/p>\n<p>Le barbecue poss\u00e8de\u00a0<strong>4 roues<\/strong>\u00a0tout terrain vous permettant de faire rouler votre barbecue sur les pav\u00e9s, les rochers et sur la terre.<\/p>\n<h2>Caract\u00e9ristiques :<\/h2>\n<ul>\n<li><strong>Couleur<\/strong>\u00a0: Noir<\/li>\n<li><strong>Dimensions<\/strong>\u00a0: 124 x 69 x 140 cm<\/li>\n<li><strong>Poids<\/strong>\u00a0: 66 kg<\/li>\n<li>Puissance : 10.5 kw<\/li>\n<li>Boitier : Affichage en Celsius et fahrenheit<\/li>\n<li>Temp\u00e9rature : 260 degr\u00e9s maxi<\/li>\n<li>Seau de r\u00e9cup\u00e9ration<\/li>\n<li>Crochet de rangement ext\u00e9rieur pour grille de cuisson suppl\u00e9mentaire<\/li>\n<li>Un QR code qui permet une connexion facile du barbecue Traeger au wifi<\/li>\n<li><strong>Surface de cuisson<\/strong>\u00a0:\u00a0Premi\u00e8re grille\u00a0: 76 x 48 cm &#8211;\u00a0Deuxi\u00e8me grille\u00a0: 76 x 18 cm<\/li>\n<li>Capacit\u00e9 du r\u00e9servoir : 8 kg<\/li>\n<li>4 roues (dont 2 roues avec blocage)<\/li>\n<li>Inclus : &#8211; Une sonde de cuisson &#8211; 2 grilles de cuissons<\/li>\n<\/ul>","protected":false},"excerpt":{"rendered":"<p>La marque TRAEGER : Marque am\u00e9ricaine de renomm\u00e9e depuis plus de 30 ans,\u00a0Traeger\u00a0a su s\u2019imposer sur le march\u00e9 du barbecue<\/p>","protected":false},"featured_media":14947,"template":"","meta":[],"product_brand":[],"product_cat":[61],"product_tag":[],"product_country":[1503],"class_list":{"0":"post-2851","1":"product","2":"type-product","3":"status-publish","4":"has-post-thumbnail","6":"product_cat-sale-france","7":"product_country-france","9":"first","10":"instock","11":"sale","12":"taxable","13":"shipping-taxable","14":"purchasable","15":"product-type-simple"},"_links":{"self":[{"href":"https:\/\/routinesfashione.com\/en\/wp-json\/wp\/v2\/product\/2851","targetHints":{"allow":["GET"]}}],"collection":[{"href":"https:\/\/routinesfashione.com\/en\/wp-json\/wp\/v2\/product"}],"about":[{"href":"https:\/\/routinesfashione.com\/en\/wp-json\/wp\/v2\/types\/product"}],"wp:featuredmedia":[{"embeddable":true,"href":"https:\/\/routinesfashione.com\/en\/wp-json\/wp\/v2\/media\/14947"}],"wp:attachment":[{"href":"https:\/\/routinesfashione.com\/en\/wp-json\/wp\/v2\/media?parent=2851"}],"wp:term":[{"taxonomy":"product_brand","embeddable":true,"href":"https:\/\/routinesfashione.com\/en\/wp-json\/wp\/v2\/product_brand?post=2851"},{"taxonomy":"product_cat","embeddable":true,"href":"https:\/\/routinesfashione.com\/en\/wp-json\/wp\/v2\/product_cat?post=2851"},{"taxonomy":"product_tag","embeddable":true,"href":"https:\/\/routinesfashione.com\/en\/wp-json\/wp\/v2\/product_tag?post=2851"},{"taxonomy":"product_country","embeddable":true,"href":"https:\/\/routinesfashione.com\/en\/wp-json\/wp\/v2\/product_country?post=2851"}],"curies":[{"name":"wp","href":"https:\/\/api.w.org\/{rel}","templated":true}]}}