{"id":289,"date":"2025-09-30T20:55:52","date_gmt":"2025-09-30T20:55:52","guid":{"rendered":"https:\/\/lightgray-crow-170497.hostingersite.com\/?post_type=product&#038;p=289"},"modified":"2025-09-30T20:55:52","modified_gmt":"2025-09-30T20:55:52","slug":"tronconneuse-stihl-ms-261-c-m","status":"publish","type":"product","link":"https:\/\/routinesfashione.com\/en\/produit\/tronconneuse-stihl-ms-261-c-m\/","title":{"rendered":"Tron\u00e7onneuse Stihl MS 261 C-M"},"content":{"rendered":"<p>Votre site sp\u00e9cialiste en motoculture vous propose l<strong>a Tronconneuse stihl MS261 C-M.\u00a0\u00a0<\/strong>Carter en alliage de magn\u00e9sium, d\u00e9compresseur, moteur \u00e0 balayage stratifi\u00e9, filtration \u00e0 pr\u00e9-s\u00e9paration, Elastostart, tendeur de cha\u00eene lat\u00e9ral, griffe m\u00e9tallique, c&#8217;est une vraie professionnelle. Avec ses 3.0 kw, elle est con\u00e7ue pour les usages intensifs dans les coupes de bois moyen, le bois de chauffage et les travaux paysag\u00e9s. Polyvalente, cette tron\u00e7onneuse STIHL MS 261 trouve sa place aupr\u00e8s du forestier, du paysagiste ou encore de l&#8217;agriculteur.<\/p>\n<p>Gr\u00e2ce \u00e0 son moteur \u00e0 balayage stratifi\u00e9, elle est non seulement propre en r\u00e9pondant \u00e0 la norme EU II (-70% de gaz nocifs), mais en plus elle est nerveuse et \u00e9conome : -20% de carburant. L&#8217;association de ressorts et de tampons en \u00e9lastom\u00e8re lui conf\u00e8re un tr\u00e8s bas niveau de vibrations (3,5 m\/s\u00b2) : Son confort est maximum et le guidage dans le bois parfait.<\/p>\n<p>&nbsp;<\/p>\n<p>Cylindr\u00e9: 50.2 cm3<\/p>\n<p>Guide: 45cm<\/p>\n<p>&nbsp;<\/p>\n<p>poids: 4.9 kg<\/p>\n<p>GARANTIE 2 ANS<\/p>","protected":false},"excerpt":{"rendered":"<p>Votre site sp\u00e9cialiste en motoculture vous propose la Tronconneuse stihl MS261 C-M.\u00a0\u00a0Carter en alliage de magn\u00e9sium, d\u00e9compresseur, moteur \u00e0 balayage<\/p>","protected":false},"featured_media":13027,"template":"","meta":[],"product_brand":[],"product_cat":[61],"product_tag":[],"product_country":[1503],"class_list":{"0":"post-289","1":"product","2":"type-product","3":"status-publish","4":"has-post-thumbnail","6":"product_cat-sale-france","7":"product_country-france","9":"first","10":"instock","11":"sale","12":"taxable","13":"shipping-taxable","14":"purchasable","15":"product-type-simple"},"_links":{"self":[{"href":"https:\/\/routinesfashione.com\/en\/wp-json\/wp\/v2\/product\/289","targetHints":{"allow":["GET"]}}],"collection":[{"href":"https:\/\/routinesfashione.com\/en\/wp-json\/wp\/v2\/product"}],"about":[{"href":"https:\/\/routinesfashione.com\/en\/wp-json\/wp\/v2\/types\/product"}],"wp:featuredmedia":[{"embeddable":true,"href":"https:\/\/routinesfashione.com\/en\/wp-json\/wp\/v2\/media\/13027"}],"wp:attachment":[{"href":"https:\/\/routinesfashione.com\/en\/wp-json\/wp\/v2\/media?parent=289"}],"wp:term":[{"taxonomy":"product_brand","embeddable":true,"href":"https:\/\/routinesfashione.com\/en\/wp-json\/wp\/v2\/product_brand?post=289"},{"taxonomy":"product_cat","embeddable":true,"href":"https:\/\/routinesfashione.com\/en\/wp-json\/wp\/v2\/product_cat?post=289"},{"taxonomy":"product_tag","embeddable":true,"href":"https:\/\/routinesfashione.com\/en\/wp-json\/wp\/v2\/product_tag?post=289"},{"taxonomy":"product_country","embeddable":true,"href":"https:\/\/routinesfashione.com\/en\/wp-json\/wp\/v2\/product_country?post=289"}],"curies":[{"name":"wp","href":"https:\/\/api.w.org\/{rel}","templated":true}]}}