{"id":2958,"date":"2025-09-30T20:51:13","date_gmt":"2025-09-30T20:51:13","guid":{"rendered":"https:\/\/lightgray-crow-170497.hostingersite.com\/?post_type=product&#038;p=2958"},"modified":"2025-09-30T20:51:13","modified_gmt":"2025-09-30T20:51:13","slug":"barbecue-combo-pit-boss-memphis-ultimate-2-0","status":"publish","type":"product","link":"https:\/\/routinesfashione.com\/en\/produit\/barbecue-combo-pit-boss-memphis-ultimate-2-0\/","title":{"rendered":"Barbecue combo Pit Boss Memphis Ultimate 2.0"},"content":{"rendered":"<div class=\"col2-set\">\n<div class=\"col-1\">\n<h3>Memphis Ultimate Version 2.0 : un barbecue complet au design revisit\u00e9<\/h3>\n<p>Vous connaissez peut \u00eatre le barbecue Pit Boss Memphis Ultimate dans sa premi\u00e8re \u00e9dition ? Cet appareil combin\u00e9 3 en 1 est disponible dans une version am\u00e9lior\u00e9e avec\u00a0<strong>un design modernis\u00e9 et de nouvelles fonctionnalit\u00e9s !<\/strong><\/p>\n<p>Polyvalent, ce barbecue\u00a0<strong>combine plusieurs types de cuisson<\/strong>\u00a0pour vous permettre de varier les plaisirs :<\/p>\n<ol>\n<li>Grill au gaz<\/li>\n<li>Grill au charbon<\/li>\n<li>Four \u00e9lectrique<\/li>\n<li>Fumage \u00e0 chaud<\/li>\n<li>Fumage \u00e0 froid<\/li>\n<\/ol>\n<p>Le tout pour un montage de l&#8217;appareil entre 2h et 4h contre le double pour le Memphis 1\u00e8re version (5 \u00e0 8h)\u00a0 !<\/p>\n<\/div>\n<div class=\"col-2\"><img loading=\"lazy\" decoding=\"async\" src=\"https:\/\/www.raviday-barbecue.com\/media\/catalog\/product\/1\/1\/11064-barbecue-memphis-ultimate-version-2-3.webp\" alt=\"Barbecue \u00e0 charbon Pit Boss MEMPHIS ULTIMATE version 2.0 ambiance\" width=\"800\" height=\"533\" \/><\/div>\n<\/div>\n<hr \/>\n<div class=\"col2-set\">\n<div class=\"col-1\"><img loading=\"lazy\" decoding=\"async\" src=\"https:\/\/www.raviday-barbecue.com\/media\/catalog\/product\/1\/1\/11064-barbecue-memphis-ultimate-version-2-7.webp\" alt=\"Barbecue \u00e0 charbon Pit Boss MEMPHIS ULTIMATE version 2.0 couvercles\" width=\"800\" height=\"533\" \/><\/div>\n<div class=\"col-2\">\n<h3>Barbecue gaz, barbecue \u00e0 charbon de bois et fumoir en un seul appareil<\/h3>\n<p>La partie gauche de l&#8217;appareil accueille\u00a0<strong>un barbecue \u00e0 gaz compos\u00e9 de 3 br\u00fbleurs en acier inoxydable\u00a0<\/strong>(puissance de 8,79 kW). Vous pourrez cuire avec une grande pr\u00e9cision tous les mets possibles : l\u00e9gumes, viandes, poissons, etc.\u00a0Vous \u00eates press\u00e9s ou vous n&#8217;avez pas beaucoup d&#8217;aliments \u00e0 cuire ? Alors profitez de ce grill au gaz qui sera pr\u00eat en quelques minutes.<\/p>\n<p>Nostalgique de la saveur inimitable du feu de bois ? Alors\u00a0<strong>soulevez le couvercle de droite pour retrouver un grill au charbon<\/strong>. Il dispose d&#8217;un plateau \u00e0 charbon r\u00e9glable en hauteur sur 6 niveaux pour l&#8217;approcher ou l&#8217;\u00e9loigner de la grille de cuisson selon l&#8217;avancement de votre recette ou de la temp\u00e9rature attendue.<\/p>\n<p>En partie basse de l&#8217;appareil, vous retrouverez\u00a0<strong>un grand fumoir \u00e9lectrique \u00e9quip\u00e9 de 3 grilles de cuisson.\u00a0<\/strong>Un tiroir situ\u00e9 en dessous est pr\u00e9vu pour accueillir des copeaux de fumage dont la fum\u00e9e pourra circuler jusque dans les cuves de cuisson sup\u00e9rieures \u00e0 l&#8217;aide de trappes amovibles.\u00a0<strong>Cet \u00e9l\u00e9ment permet aussi bien de fumer \u00e0 chaud qu&#8217;\u00e0 froid.<\/strong><\/p>\n<\/div>\n<\/div>","protected":false},"excerpt":{"rendered":"<p>Memphis Ultimate Version 2.0 : un barbecue complet au design revisit\u00e9 Vous connaissez peut \u00eatre le barbecue Pit Boss Memphis<\/p>","protected":false},"featured_media":15032,"template":"","meta":[],"product_brand":[],"product_cat":[61],"product_tag":[],"product_country":[1503],"class_list":{"0":"post-2958","1":"product","2":"type-product","3":"status-publish","4":"has-post-thumbnail","6":"product_cat-sale-france","7":"product_country-france","9":"first","10":"instock","11":"sale","12":"taxable","13":"shipping-taxable","14":"purchasable","15":"product-type-simple"},"_links":{"self":[{"href":"https:\/\/routinesfashione.com\/en\/wp-json\/wp\/v2\/product\/2958","targetHints":{"allow":["GET"]}}],"collection":[{"href":"https:\/\/routinesfashione.com\/en\/wp-json\/wp\/v2\/product"}],"about":[{"href":"https:\/\/routinesfashione.com\/en\/wp-json\/wp\/v2\/types\/product"}],"wp:featuredmedia":[{"embeddable":true,"href":"https:\/\/routinesfashione.com\/en\/wp-json\/wp\/v2\/media\/15032"}],"wp:attachment":[{"href":"https:\/\/routinesfashione.com\/en\/wp-json\/wp\/v2\/media?parent=2958"}],"wp:term":[{"taxonomy":"product_brand","embeddable":true,"href":"https:\/\/routinesfashione.com\/en\/wp-json\/wp\/v2\/product_brand?post=2958"},{"taxonomy":"product_cat","embeddable":true,"href":"https:\/\/routinesfashione.com\/en\/wp-json\/wp\/v2\/product_cat?post=2958"},{"taxonomy":"product_tag","embeddable":true,"href":"https:\/\/routinesfashione.com\/en\/wp-json\/wp\/v2\/product_tag?post=2958"},{"taxonomy":"product_country","embeddable":true,"href":"https:\/\/routinesfashione.com\/en\/wp-json\/wp\/v2\/product_country?post=2958"}],"curies":[{"name":"wp","href":"https:\/\/api.w.org\/{rel}","templated":true}]}}