{"id":3061,"date":"2025-09-30T20:51:12","date_gmt":"2025-09-30T20:51:12","guid":{"rendered":"https:\/\/lightgray-crow-170497.hostingersite.com\/?post_type=product&#038;p=3061"},"modified":"2025-09-30T20:51:12","modified_gmt":"2025-09-30T20:51:12","slug":"barbecook-arthur-barbecue-a-pellet","status":"publish","type":"product","link":"https:\/\/routinesfashione.com\/en\/produit\/barbecook-arthur-barbecue-a-pellet\/","title":{"rendered":"Barbecook Arthur Barbecue \u00e0 Pellet"},"content":{"rendered":"<ul class=\"list--checklist\">\n<li>Fumage, cuisson et grillade.<\/li>\n<li>Grill Booster.<\/li>\n<li>3 grilles r\u00e9glables, dont une en fonte.<\/li>\n<li>Capacit\u00e9 du r\u00e9servoir de 9 kg : 20 heures de fumage ou 10 heures de cuisson ou 10 heures de grillade.<\/li>\n<li>Bac \u00e0 cendres amovible et bac de r\u00e9cup\u00e9ration des graisses pour un nettoyage facile.<\/li>\n<li>Affichage num\u00e9rique en couleur + commandes via application.<\/li>\n<li>Couvercle \u00e0 double paroi avec protection contre les \u00e9claboussures.<\/li>\n<li>Deux thermom\u00e8tres \u00e0 c\u0153ur inclus.<\/li>\n<li>Fonction Super Smoke pour plus de saveur.<\/li>\n<\/ul>","protected":false},"excerpt":{"rendered":"<p>Fumage, cuisson et grillade. Grill Booster. 3 grilles r\u00e9glables, dont une en fonte. Capacit\u00e9 du r\u00e9servoir de 9 kg :<\/p>","protected":false},"featured_media":15100,"template":"","meta":[],"product_brand":[],"product_cat":[61],"product_tag":[],"product_country":[1503],"class_list":{"0":"post-3061","1":"product","2":"type-product","3":"status-publish","4":"has-post-thumbnail","6":"product_cat-sale-france","7":"product_country-france","9":"first","10":"instock","11":"sale","12":"taxable","13":"shipping-taxable","14":"purchasable","15":"product-type-simple"},"_links":{"self":[{"href":"https:\/\/routinesfashione.com\/en\/wp-json\/wp\/v2\/product\/3061","targetHints":{"allow":["GET"]}}],"collection":[{"href":"https:\/\/routinesfashione.com\/en\/wp-json\/wp\/v2\/product"}],"about":[{"href":"https:\/\/routinesfashione.com\/en\/wp-json\/wp\/v2\/types\/product"}],"wp:featuredmedia":[{"embeddable":true,"href":"https:\/\/routinesfashione.com\/en\/wp-json\/wp\/v2\/media\/15100"}],"wp:attachment":[{"href":"https:\/\/routinesfashione.com\/en\/wp-json\/wp\/v2\/media?parent=3061"}],"wp:term":[{"taxonomy":"product_brand","embeddable":true,"href":"https:\/\/routinesfashione.com\/en\/wp-json\/wp\/v2\/product_brand?post=3061"},{"taxonomy":"product_cat","embeddable":true,"href":"https:\/\/routinesfashione.com\/en\/wp-json\/wp\/v2\/product_cat?post=3061"},{"taxonomy":"product_tag","embeddable":true,"href":"https:\/\/routinesfashione.com\/en\/wp-json\/wp\/v2\/product_tag?post=3061"},{"taxonomy":"product_country","embeddable":true,"href":"https:\/\/routinesfashione.com\/en\/wp-json\/wp\/v2\/product_country?post=3061"}],"curies":[{"name":"wp","href":"https:\/\/api.w.org\/{rel}","templated":true}]}}