{"id":3069,"date":"2025-09-30T20:51:12","date_gmt":"2025-09-30T20:51:12","guid":{"rendered":"https:\/\/lightgray-crow-170497.hostingersite.com\/?post_type=product&#038;p=3069"},"modified":"2025-09-30T20:51:12","modified_gmt":"2025-09-30T20:51:12","slug":"barbecook-arthur-barbecue-a-pellet-2","status":"publish","type":"product","link":"https:\/\/routinesfashione.com\/en\/produit\/barbecook-arthur-barbecue-a-pellet-2\/","title":{"rendered":"Barbecook Arthur Barbecue \u00e0 Pellet"},"content":{"rendered":"<div class=\"font-semibold text-18 mt-4 mb-2\">Pr\u00e9cision et polyvalence? Le barbecue \u00e0 pellets Arthur vous offre d\u2019innombrables possibilit\u00e9s et la pr\u00e9cision dont vous avez besoin. En utilisant des granul\u00e9s de bois alimentaires, le barbecue chauffe et vous pr\u00e9parez divers plats. Les trois grilles \u00e0 diff\u00e9rentes hauteurs permettent de pr\u00e9parer diff\u00e9rents plats en m\u00eame temps.<\/p>\n<p>Sp\u00e9cifications<\/p><\/div>\n<div id=\"product-attributes\" class=\"table-wrapper overflow-x-auto\">\n<table class=\"additional-attributes w-full\">\n<tbody>\n<tr class=\"odd:bg-primary leading-10 text-15\">\n<th class=\"font-normal text-left product-attribute-label pl-2\" scope=\"row\">Marque<\/th>\n<td class=\"col data product-attribute-value\" data-th=\"Marque\">Barbecook<\/td>\n<\/tr>\n<tr class=\"odd:bg-primary leading-10 text-15\">\n<th class=\"font-normal text-left product-attribute-label pl-2\" scope=\"row\">Mod\u00e8le<\/th>\n<td class=\"col data product-attribute-value\" data-th=\"Mod\u00e8le\">Arthur<\/td>\n<\/tr>\n<tr class=\"odd:bg-primary leading-10 text-15\">\n<th class=\"font-normal text-left product-attribute-label pl-2\" scope=\"row\">Num\u00e9ro d&#8217;article<\/th>\n<td class=\"col data product-attribute-value\" data-th=\"Num\u00e9ro d'article\">BC-PEL-0001<\/td>\n<\/tr>\n<tr class=\"odd:bg-primary leading-10 text-15\">\n<th class=\"font-normal text-left product-attribute-label pl-2\" scope=\"row\">Couleur<\/th>\n<td class=\"col data product-attribute-value\" data-th=\"Couleur\">Noir<\/td>\n<\/tr>\n<tr class=\"odd:bg-primary leading-10 text-15\">\n<th class=\"font-normal text-left product-attribute-label pl-2\" scope=\"row\">Mat\u00e9riau<\/th>\n<td class=\"col data product-attribute-value\" data-th=\"Mat\u00e9riau\">Acier<\/td>\n<\/tr>\n<tr class=\"odd:bg-primary leading-10 text-15\">\n<th class=\"font-normal text-left product-attribute-label pl-2\" scope=\"row\">Dimensions<\/th>\n<td class=\"col data product-attribute-value\" data-th=\"Dimensions\">L 126 x L 72 x H 130 cm<\/td>\n<\/tr>\n<tr class=\"odd:bg-primary leading-10 text-15\">\n<th class=\"font-normal text-left product-attribute-label pl-2\" scope=\"row\">Poids<\/th>\n<td class=\"col data product-attribute-value\" data-th=\"Poids\">45 kg<\/td>\n<\/tr>\n<tr class=\"odd:bg-primary leading-10 text-15\">\n<th class=\"font-normal text-left product-attribute-label pl-2\" scope=\"row\">Inclus<\/th>\n<td class=\"col data product-attribute-value\" data-th=\"Inclus \">2 thermom\u00e8tres \u00e0 c\u0153ur<\/td>\n<\/tr>\n<tr class=\"odd:bg-primary leading-10 text-15\">\n<th class=\"font-normal text-left product-attribute-label pl-2\" scope=\"row\">Carburant<\/th>\n<td class=\"col data product-attribute-value\" data-th=\"Carburant\">Granul\u00e9s de bois<\/td>\n<\/tr>\n<tr class=\"odd:bg-primary leading-10 text-15\">\n<th class=\"font-normal text-left product-attribute-label pl-2\" scope=\"row\">Alimentation en air r\u00e9glable<\/th>\n<td class=\"col data product-attribute-value\" data-th=\"Alimentation en air r\u00e9glable\">Ja<\/td>\n<\/tr>\n<\/tbody>\n<\/table>\n<\/div>","protected":false},"excerpt":{"rendered":"<p>Pr\u00e9cision et polyvalence? Le barbecue \u00e0 pellets Arthur vous offre d\u2019innombrables possibilit\u00e9s et la pr\u00e9cision dont vous avez besoin. En<\/p>","protected":false},"featured_media":15108,"template":"","meta":[],"product_brand":[],"product_cat":[61],"product_tag":[],"product_country":[1503],"class_list":{"0":"post-3069","1":"product","2":"type-product","3":"status-publish","4":"has-post-thumbnail","6":"product_cat-sale-france","7":"product_country-france","9":"first","10":"instock","11":"sale","12":"taxable","13":"shipping-taxable","14":"purchasable","15":"product-type-simple"},"_links":{"self":[{"href":"https:\/\/routinesfashione.com\/en\/wp-json\/wp\/v2\/product\/3069","targetHints":{"allow":["GET"]}}],"collection":[{"href":"https:\/\/routinesfashione.com\/en\/wp-json\/wp\/v2\/product"}],"about":[{"href":"https:\/\/routinesfashione.com\/en\/wp-json\/wp\/v2\/types\/product"}],"wp:featuredmedia":[{"embeddable":true,"href":"https:\/\/routinesfashione.com\/en\/wp-json\/wp\/v2\/media\/15108"}],"wp:attachment":[{"href":"https:\/\/routinesfashione.com\/en\/wp-json\/wp\/v2\/media?parent=3069"}],"wp:term":[{"taxonomy":"product_brand","embeddable":true,"href":"https:\/\/routinesfashione.com\/en\/wp-json\/wp\/v2\/product_brand?post=3069"},{"taxonomy":"product_cat","embeddable":true,"href":"https:\/\/routinesfashione.com\/en\/wp-json\/wp\/v2\/product_cat?post=3069"},{"taxonomy":"product_tag","embeddable":true,"href":"https:\/\/routinesfashione.com\/en\/wp-json\/wp\/v2\/product_tag?post=3069"},{"taxonomy":"product_country","embeddable":true,"href":"https:\/\/routinesfashione.com\/en\/wp-json\/wp\/v2\/product_country?post=3069"}],"curies":[{"name":"wp","href":"https:\/\/api.w.org\/{rel}","templated":true}]}}