{"id":3091,"date":"2025-09-30T20:51:12","date_gmt":"2025-09-30T20:51:12","guid":{"rendered":"https:\/\/lightgray-crow-170497.hostingersite.com\/?post_type=product&#038;p=3091"},"modified":"2025-09-30T20:51:12","modified_gmt":"2025-09-30T20:51:12","slug":"barbecue-a-pellets-navigator-1150-pit-boss","status":"publish","type":"product","link":"https:\/\/routinesfashione.com\/en\/produit\/barbecue-a-pellets-navigator-1150-pit-boss\/","title":{"rendered":"Barbecue \u00e0 pellets Navigator 1150 Pit Boss"},"content":{"rendered":"<p>Le barbecue \u00e0 pellets Pit Boss 1150 Navigator Series offre la saveur du vrai bois pour une cuisine en plein air. Avec une technologie de grillade avanc\u00e9e, une construction en acier inoxydable de qualit\u00e9 sup\u00e9rieure et un combustible \u00e0 granul\u00e9s de bois dur 100 % naturel, profitez de fonctionnalit\u00e9s plus grandes, plus chaudes et plus lourdes \u2013 qui ne peuvent provenir que d&#8217;un gril Pit Boss.<br \/>\nLe barbecue \u00e0 pellets Pit Boss Navigator PB1150 offre une polyvalence de cuisson 8 en 1, pour fumer, cuire au four, braiser, r\u00f4tir, griller, barbecue, griller et saisir &#8211; tout en un.<br \/>\nS\u00e9lectionnez une chaleur allant de 82\u00b0 \u00e0 260\u00b0C et obtenez une chaleur directe ou indirecte instantan\u00e9e gr\u00e2ce \u00e0 la cuisson \u00e0 la flamme avec le syst\u00e8me innovant \u00e0 plaque coulissante. Ensuite, utilisez le tableau de commande num\u00e9rique et les sondes \u00e0 viande en acier inoxydable pour suivre les temp\u00e9ratures pendant que le Navigator fait tout le travail \u00e0 votre place !<br \/>\nLes caract\u00e9ristiques suppl\u00e9mentaires incluent une grande capacit\u00e9 de tr\u00e9mie, une grande fen\u00eatre de visualisation des granul\u00e9s, un nettoyage de la porte des granul\u00e9s, une finition epoxy \u00e0 haute temp\u00e9rature et une garantie de 5 ans Pit Boss.<br \/>\n<strong>Caract\u00e9ristiques du Navigator Pit Boss 1150 :<\/strong><br \/>\n\u2022 7 471 cm\u00b2 : surface de cuisson<br \/>\n\u2022 14,5 kg : capacit\u00e9 de la tr\u00e9mie avec nettoyage de la porte des granul\u00e9s<br \/>\n\u2022 Cuisini\u00e8re \u00e0 pellets de 82\u00b0 \u00e0 260\u00b0C<br \/>\n\u2022 Grilles de cuisson en fonte \u00e9maill\u00e9e<br \/>\n\u2022 Tableau de commande num\u00e9rique \u00e0 acc\u00e8s direct avec affichage LED<br \/>\n\u2022 Cuisson \u00e0 la flamme simple \u00e0 plaque coulissante pour une cuisson \u00e0 chaleur directe et indirecte<br \/>\n\u2022 Saisir \u00e0 flamme nue jusqu&#8217;\u00e0 538\u00b0C<br \/>\n\u2022 Polyvalence de cuisson 8 en 1 : griller, fumer, cuire au four, r\u00f4tir, saisir, braiser, griller, cuire au four.<br \/>\n\u2022 2 sondes \u00e0 viande incluses<br \/>\n\u2022 Tablette rabattable avant et inf\u00e9rieure transformable<br \/>\n\u2022 Roulettes verrouillables<br \/>\n\u2022 Tablette lat\u00e9rale solide<br \/>\n\u2022 Crochets \u00e0 outils int\u00e9gr\u00e9s<br \/>\n\u2022 Conception de pieds renforc\u00e9s<br \/>\n\u2022 Aliment\u00e9 par des granul\u00e9s de bois dur \u00e0 100 %<\/p>","protected":false},"excerpt":{"rendered":"<p>Le barbecue \u00e0 pellets Pit Boss 1150 Navigator Series offre la saveur du vrai bois pour une cuisine en plein<\/p>","protected":false},"featured_media":15122,"template":"","meta":[],"product_brand":[],"product_cat":[61],"product_tag":[],"product_country":[1503],"class_list":{"0":"post-3091","1":"product","2":"type-product","3":"status-publish","4":"has-post-thumbnail","6":"product_cat-sale-france","7":"product_country-france","9":"first","10":"instock","11":"sale","12":"taxable","13":"shipping-taxable","14":"purchasable","15":"product-type-simple"},"_links":{"self":[{"href":"https:\/\/routinesfashione.com\/en\/wp-json\/wp\/v2\/product\/3091","targetHints":{"allow":["GET"]}}],"collection":[{"href":"https:\/\/routinesfashione.com\/en\/wp-json\/wp\/v2\/product"}],"about":[{"href":"https:\/\/routinesfashione.com\/en\/wp-json\/wp\/v2\/types\/product"}],"wp:featuredmedia":[{"embeddable":true,"href":"https:\/\/routinesfashione.com\/en\/wp-json\/wp\/v2\/media\/15122"}],"wp:attachment":[{"href":"https:\/\/routinesfashione.com\/en\/wp-json\/wp\/v2\/media?parent=3091"}],"wp:term":[{"taxonomy":"product_brand","embeddable":true,"href":"https:\/\/routinesfashione.com\/en\/wp-json\/wp\/v2\/product_brand?post=3091"},{"taxonomy":"product_cat","embeddable":true,"href":"https:\/\/routinesfashione.com\/en\/wp-json\/wp\/v2\/product_cat?post=3091"},{"taxonomy":"product_tag","embeddable":true,"href":"https:\/\/routinesfashione.com\/en\/wp-json\/wp\/v2\/product_tag?post=3091"},{"taxonomy":"product_country","embeddable":true,"href":"https:\/\/routinesfashione.com\/en\/wp-json\/wp\/v2\/product_country?post=3091"}],"curies":[{"name":"wp","href":"https:\/\/api.w.org\/{rel}","templated":true}]}}