{"id":3114,"date":"2025-09-30T20:51:12","date_gmt":"2025-09-30T20:51:12","guid":{"rendered":"https:\/\/lightgray-crow-170497.hostingersite.com\/?post_type=product&#038;p=3114"},"modified":"2025-09-30T20:51:12","modified_gmt":"2025-09-30T20:51:12","slug":"steelcase-gesture-worlds-best-executive-chair-with-higher-seat-height-for-tall-people","status":"publish","type":"product","link":"https:\/\/routinesfashione.com\/en\/produit\/steelcase-gesture-worlds-best-executive-chair-with-higher-seat-height-for-tall-people\/","title":{"rendered":"Steelcase Gesture, le meilleur si\u00e8ge de direction au monde, avec une hauteur d&#8217;assise plus \u00e9lev\u00e9e pour les personnes de grande taille"},"content":{"rendered":"<h3 data-start=\"179\" data-end=\"214\"><strong data-start=\"186\" data-end=\"212\">Description du produit<\/strong><\/h3>\n<p data-start=\"215\" data-end=\"525\">Le <strong data-start=\"218\" data-end=\"239\">Steelcase Gesture<\/strong> est consid\u00e9r\u00e9 comme l\u2019un des <strong data-start=\"269\" data-end=\"311\">meilleurs si\u00e8ges de direction au monde<\/strong> gr\u00e2ce \u00e0 son ergonomie avanc\u00e9e et son design innovant. Con\u00e7u pour s\u2019adapter aux nouvelles fa\u00e7ons de travailler et aux multiples postures adopt\u00e9es au bureau, il offre un confort exceptionnel et un soutien optimal.<\/p>\n<p data-start=\"527\" data-end=\"893\">Cette version avec <strong data-start=\"546\" data-end=\"578\">hauteur d\u2019assise plus \u00e9lev\u00e9e<\/strong> est sp\u00e9cialement pens\u00e9e pour les personnes de grande taille, leur garantissant un maintien id\u00e9al et une posture naturelle tout au long de la journ\u00e9e. Avec son m\u00e9canisme synchronis\u00e9, ses multiples r\u00e9glages et ses mat\u00e9riaux haut de gamme, le Gesture se distingue par sa polyvalence et son esth\u00e9tique contemporaine.<\/p>\n<hr data-start=\"895\" data-end=\"898\" \/>\n<h3 data-start=\"900\" data-end=\"940\"><strong data-start=\"907\" data-end=\"938\">Caract\u00e9ristiques techniques<\/strong><\/h3>\n<ul data-start=\"942\" data-end=\"1996\">\n<li data-start=\"942\" data-end=\"968\">\n<p data-start=\"944\" data-end=\"968\"><strong data-start=\"944\" data-end=\"954\">Marque<\/strong> : Steelcase<\/p>\n<\/li>\n<li data-start=\"969\" data-end=\"1018\">\n<p data-start=\"971\" data-end=\"1018\"><strong data-start=\"971\" data-end=\"981\">Mod\u00e8le<\/strong> : Gesture (version grande hauteur)<\/p>\n<\/li>\n<li data-start=\"1019\" data-end=\"1076\">\n<p data-start=\"1021\" data-end=\"1076\"><strong data-start=\"1021\" data-end=\"1038\">Type de si\u00e8ge<\/strong> : Fauteuil de direction ergonomique<\/p>\n<\/li>\n<li data-start=\"1077\" data-end=\"1193\">\n<p data-start=\"1079\" data-end=\"1193\"><strong data-start=\"1079\" data-end=\"1099\">Hauteur d\u2019assise<\/strong> : Ajustable sur une plage plus haute que le mod\u00e8le standard, id\u00e9al pour les grandes tailles<\/p>\n<\/li>\n<li data-start=\"1194\" data-end=\"1255\">\n<p data-start=\"1196\" data-end=\"1255\"><strong data-start=\"1196\" data-end=\"1216\">Soutien lombaire<\/strong> : Ajustable pour un maintien optimal<\/p>\n<\/li>\n<li data-start=\"1256\" data-end=\"1337\">\n<p data-start=\"1258\" data-end=\"1337\"><strong data-start=\"1258\" data-end=\"1272\">Accoudoirs<\/strong> : 360\u00b0 enti\u00e8rement r\u00e9glables en hauteur, largeur et profondeur<\/p>\n<\/li>\n<li data-start=\"1338\" data-end=\"1414\">\n<p data-start=\"1340\" data-end=\"1414\"><strong data-start=\"1340\" data-end=\"1366\">Inclinaison du dossier<\/strong> : M\u00e9canisme synchronis\u00e9 avec tension r\u00e9glable<\/p>\n<\/li>\n<li data-start=\"1415\" data-end=\"1479\">\n<p data-start=\"1417\" data-end=\"1479\"><strong data-start=\"1417\" data-end=\"1427\">Assise<\/strong> : Large et confortable avec r\u00e9glage de profondeur<\/p>\n<\/li>\n<li data-start=\"1480\" data-end=\"1549\">\n<p data-start=\"1482\" data-end=\"1549\"><strong data-start=\"1482\" data-end=\"1495\">Mat\u00e9riaux<\/strong> : Tissu ou cuir haut de gamme (selon configuration)<\/p>\n<\/li>\n<li data-start=\"1550\" data-end=\"1643\">\n<p data-start=\"1552\" data-end=\"1643\"><strong data-start=\"1552\" data-end=\"1565\">Pi\u00e8tement<\/strong> : Aluminium poli ou noir avec roulettes adapt\u00e9es aux sols durs ou moquettes<\/p>\n<\/li>\n<li data-start=\"1644\" data-end=\"1718\">\n<p data-start=\"1646\" data-end=\"1718\"><strong data-start=\"1646\" data-end=\"1668\">Capacit\u00e9 de charge<\/strong> : Con\u00e7u pour un usage intensif et professionnel<\/p>\n<\/li>\n<li data-start=\"1719\" data-end=\"1800\">\n<p data-start=\"1721\" data-end=\"1800\"><strong data-start=\"1721\" data-end=\"1734\">Ergonomie<\/strong> : Conforme aux normes internationales d\u2019ergonomie et de confort<\/p>\n<\/li>\n<li data-start=\"1801\" data-end=\"1870\">\n<p data-start=\"1803\" data-end=\"1870\"><strong data-start=\"1803\" data-end=\"1812\">Style<\/strong> : Contemporain et professionnel, design sign\u00e9 Steelcase<\/p>\n<\/li>\n<li data-start=\"1871\" data-end=\"1931\">\n<p data-start=\"1873\" data-end=\"1931\"><strong data-start=\"1873\" data-end=\"1884\">Couleur<\/strong> : Large choix de finitions et de rev\u00eatements<\/p>\n<\/li>\n<li data-start=\"1932\" data-end=\"1996\">\n<p data-start=\"1934\" data-end=\"1996\"><strong data-start=\"1934\" data-end=\"1943\">Usage<\/strong> : Bureau de direction, t\u00e9l\u00e9travail, poste intensif<\/p>\n<\/li>\n<\/ul>","protected":false},"excerpt":{"rendered":"<p>Description du produit Le Steelcase Gesture est consid\u00e9r\u00e9 comme l\u2019un des meilleurs si\u00e8ges de direction au monde gr\u00e2ce \u00e0 son<\/p>","protected":false},"featured_media":15139,"template":"","meta":[],"product_brand":[],"product_cat":[61],"product_tag":[1514],"product_country":[1503],"class_list":{"0":"post-3114","1":"product","2":"type-product","3":"status-publish","4":"has-post-thumbnail","6":"product_cat-sale-france","7":"product_tag-sale-france","8":"product_country-france","10":"first","11":"instock","12":"sale","13":"taxable","14":"shipping-taxable","15":"purchasable","16":"product-type-simple"},"_links":{"self":[{"href":"https:\/\/routinesfashione.com\/en\/wp-json\/wp\/v2\/product\/3114","targetHints":{"allow":["GET"]}}],"collection":[{"href":"https:\/\/routinesfashione.com\/en\/wp-json\/wp\/v2\/product"}],"about":[{"href":"https:\/\/routinesfashione.com\/en\/wp-json\/wp\/v2\/types\/product"}],"wp:featuredmedia":[{"embeddable":true,"href":"https:\/\/routinesfashione.com\/en\/wp-json\/wp\/v2\/media\/15139"}],"wp:attachment":[{"href":"https:\/\/routinesfashione.com\/en\/wp-json\/wp\/v2\/media?parent=3114"}],"wp:term":[{"taxonomy":"product_brand","embeddable":true,"href":"https:\/\/routinesfashione.com\/en\/wp-json\/wp\/v2\/product_brand?post=3114"},{"taxonomy":"product_cat","embeddable":true,"href":"https:\/\/routinesfashione.com\/en\/wp-json\/wp\/v2\/product_cat?post=3114"},{"taxonomy":"product_tag","embeddable":true,"href":"https:\/\/routinesfashione.com\/en\/wp-json\/wp\/v2\/product_tag?post=3114"},{"taxonomy":"product_country","embeddable":true,"href":"https:\/\/routinesfashione.com\/en\/wp-json\/wp\/v2\/product_country?post=3114"}],"curies":[{"name":"wp","href":"https:\/\/api.w.org\/{rel}","templated":true}]}}