{"id":3153,"date":"2025-09-30T20:51:11","date_gmt":"2025-09-30T20:51:11","guid":{"rendered":"https:\/\/lightgray-crow-170497.hostingersite.com\/?post_type=product&#038;p=3153"},"modified":"2025-09-30T20:51:11","modified_gmt":"2025-09-30T20:51:11","slug":"fdb-mobler-bureau-c68-norrebro","status":"publish","type":"product","link":"https:\/\/routinesfashione.com\/en\/produit\/fdb-mobler-bureau-c68-norrebro\/","title":{"rendered":"Bureau de meubles FDB C68 N\u00f8rrebro"},"content":{"rendered":"<h3 data-start=\"122\" data-end=\"157\"><strong data-start=\"129\" data-end=\"155\">Description du produit<\/strong><\/h3>\n<p data-start=\"158\" data-end=\"466\">Le <strong data-start=\"161\" data-end=\"188\">Bureau FDB C68 N\u00f8rrebro<\/strong> est un meuble d\u2019inspiration scandinave, alliant simplicit\u00e9, fonctionnalit\u00e9 et \u00e9l\u00e9gance. Con\u00e7u pour les bureaux \u00e0 domicile ou les espaces professionnels modernes, il offre une surface de travail pratique et un design minimaliste qui s\u2019int\u00e8gre harmonieusement \u00e0 tout int\u00e9rieur.<\/p>\n<p data-start=\"468\" data-end=\"732\">Fabriqu\u00e9 avec des mat\u00e9riaux de qualit\u00e9 et une finition soign\u00e9e, ce bureau garantit durabilit\u00e9 et confort d\u2019utilisation. Ses lignes \u00e9pur\u00e9es et son style intemporel en font un choix id\u00e9al pour ceux qui recherchent un <strong data-start=\"683\" data-end=\"729\">bureau \u00e0 la fois esth\u00e9tique et fonctionnel<\/strong>.<\/p>\n<hr data-start=\"734\" data-end=\"737\" \/>\n<h3 data-start=\"739\" data-end=\"779\"><strong data-start=\"746\" data-end=\"777\">Caract\u00e9ristiques techniques<\/strong><\/h3>\n<ul data-start=\"781\" data-end=\"1486\">\n<li data-start=\"781\" data-end=\"801\">\n<p data-start=\"783\" data-end=\"801\"><strong data-start=\"783\" data-end=\"793\">Marque<\/strong> : FDB<\/p>\n<\/li>\n<li data-start=\"802\" data-end=\"846\">\n<p data-start=\"804\" data-end=\"846\"><strong data-start=\"804\" data-end=\"822\">Nom du produit<\/strong> : Bureau C68 N\u00f8rrebro<\/p>\n<\/li>\n<li data-start=\"847\" data-end=\"898\">\n<p data-start=\"849\" data-end=\"898\"><strong data-start=\"849\" data-end=\"867\">Type de meuble<\/strong> : Bureau \/ bureau d\u2019\u00e9criture<\/p>\n<\/li>\n<li data-start=\"899\" data-end=\"968\">\n<p data-start=\"901\" data-end=\"968\"><strong data-start=\"901\" data-end=\"914\">Mat\u00e9riaux<\/strong> : Bois massif et panneaux de qualit\u00e9, finition luxe<\/p>\n<\/li>\n<li data-start=\"969\" data-end=\"1097\">\n<p data-start=\"971\" data-end=\"1004\"><strong data-start=\"971\" data-end=\"1000\">Dimensions approximatives<\/strong> :<\/p>\n<ul data-start=\"1007\" data-end=\"1097\">\n<li data-start=\"1007\" data-end=\"1032\">\n<p data-start=\"1009\" data-end=\"1032\">Longueur : 120\u2013140 cm<\/p>\n<\/li>\n<li data-start=\"1035\" data-end=\"1057\">\n<p data-start=\"1037\" data-end=\"1057\">Largeur : 60\u201370 cm<\/p>\n<\/li>\n<li data-start=\"1060\" data-end=\"1097\">\n<p data-start=\"1062\" data-end=\"1097\">Hauteur : 75 cm (standard bureau)<\/p>\n<\/li>\n<\/ul>\n<\/li>\n<li data-start=\"1098\" data-end=\"1165\">\n<p data-start=\"1100\" data-end=\"1165\"><strong data-start=\"1100\" data-end=\"1114\">Rangements<\/strong> : Tiroirs int\u00e9gr\u00e9s pour accessoires et documents<\/p>\n<\/li>\n<li data-start=\"1166\" data-end=\"1216\">\n<p data-start=\"1168\" data-end=\"1216\"><strong data-start=\"1168\" data-end=\"1177\">Style<\/strong> : Scandinave, minimaliste et moderne<\/p>\n<\/li>\n<li data-start=\"1217\" data-end=\"1291\">\n<p data-start=\"1219\" data-end=\"1291\"><strong data-start=\"1219\" data-end=\"1228\">Usage<\/strong> : Bureau \u00e0 domicile, espace professionnel, bureau d\u2019\u00e9criture<\/p>\n<\/li>\n<li data-start=\"1292\" data-end=\"1359\">\n<p data-start=\"1294\" data-end=\"1359\"><strong data-start=\"1294\" data-end=\"1307\">Entretien<\/strong> : Nettoyage avec chiffon sec ou l\u00e9g\u00e8rement humide<\/p>\n<\/li>\n<li data-start=\"1360\" data-end=\"1422\">\n<p data-start=\"1362\" data-end=\"1422\"><strong data-start=\"1362\" data-end=\"1371\">Poids<\/strong> : L\u00e9ger mais stable, adapt\u00e9 \u00e0 un usage quotidien<\/p>\n<\/li>\n<li data-start=\"1423\" data-end=\"1486\">\n<p data-start=\"1425\" data-end=\"1486\"><strong data-start=\"1425\" data-end=\"1447\">Couleur \/ finition<\/strong> : Bois naturel ou laqu\u00e9 selon mod\u00e8le<\/p>\n<\/li>\n<\/ul>","protected":false},"excerpt":{"rendered":"<p>Description du produit Le Bureau FDB C68 N\u00f8rrebro est un meuble d\u2019inspiration scandinave, alliant simplicit\u00e9, fonctionnalit\u00e9 et \u00e9l\u00e9gance. Con\u00e7u pour<\/p>","protected":false},"featured_media":15168,"template":"","meta":[],"product_brand":[],"product_cat":[61],"product_tag":[1514],"product_country":[1503],"class_list":{"0":"post-3153","1":"product","2":"type-product","3":"status-publish","4":"has-post-thumbnail","6":"product_cat-sale-france","7":"product_tag-sale-france","8":"product_country-france","10":"first","11":"instock","12":"sale","13":"taxable","14":"shipping-taxable","15":"purchasable","16":"product-type-simple"},"_links":{"self":[{"href":"https:\/\/routinesfashione.com\/en\/wp-json\/wp\/v2\/product\/3153","targetHints":{"allow":["GET"]}}],"collection":[{"href":"https:\/\/routinesfashione.com\/en\/wp-json\/wp\/v2\/product"}],"about":[{"href":"https:\/\/routinesfashione.com\/en\/wp-json\/wp\/v2\/types\/product"}],"wp:featuredmedia":[{"embeddable":true,"href":"https:\/\/routinesfashione.com\/en\/wp-json\/wp\/v2\/media\/15168"}],"wp:attachment":[{"href":"https:\/\/routinesfashione.com\/en\/wp-json\/wp\/v2\/media?parent=3153"}],"wp:term":[{"taxonomy":"product_brand","embeddable":true,"href":"https:\/\/routinesfashione.com\/en\/wp-json\/wp\/v2\/product_brand?post=3153"},{"taxonomy":"product_cat","embeddable":true,"href":"https:\/\/routinesfashione.com\/en\/wp-json\/wp\/v2\/product_cat?post=3153"},{"taxonomy":"product_tag","embeddable":true,"href":"https:\/\/routinesfashione.com\/en\/wp-json\/wp\/v2\/product_tag?post=3153"},{"taxonomy":"product_country","embeddable":true,"href":"https:\/\/routinesfashione.com\/en\/wp-json\/wp\/v2\/product_country?post=3153"}],"curies":[{"name":"wp","href":"https:\/\/api.w.org\/{rel}","templated":true}]}}