{"id":32,"date":"2025-09-30T20:55:58","date_gmt":"2025-09-30T20:55:58","guid":{"rendered":"https:\/\/lightgray-crow-170497.hostingersite.com\/?post_type=product&#038;p=32"},"modified":"2025-09-30T20:55:58","modified_gmt":"2025-09-30T20:55:58","slug":"dewalt-lawnmower-battery-dcmw564n-xj","status":"publish","type":"product","link":"https:\/\/routinesfashione.com\/en\/produit\/dewalt-lawnmower-battery-dcmw564n-xj\/","title":{"rendered":"Batterie pour tondeuse \u00e0 gazon DeWalt DCMW564N-XJ"},"content":{"rendered":"<h2 class=\"default\">Description du produit<\/h2>\n<div id=\"productDescription\" class=\"a-section a-spacing-small\">\n<p>Tondeuse XR 18V &#8211; Sans batterie, ni chargeur<\/p>\n<p>Avec plus de 140 outils compatibles, la gamme DEWALT XR 18V est la gamme incontournable de la marque. Con\u00e7ue pour toutes les applications, la plateforme XR 18V est large et polyvalente : sa batterie est compatible avec toujours plus d&#8217;outils, des marteaux perforateurs aux scies circulaires en passant par les tailles haies et bien plus encore ! La gamme couvre tous les besoins.<\/p>\n<p>\u2022 Fonctionne avec deux batteries DEWALT XR 18V<br \/>\n\u2022 Performante : \u00e9quip\u00e9 d\u2019un moteur Brushless, avec une largeur de coupe de 48 cm<br \/>\n\u2022 5 hauteurs de coupe ajustables par levier centralis\u00e9 (25, 38, 57, 74 et 86mm)<br \/>\n\u2022 Tableau de bord avec indication sur l\u2019\u00e9tat de charge de chacune des batteries<br \/>\n\u2022 Roues en caoutchouc r\u00e9sistantes compactes et verrouillables pour le transport et le stockage facile<br \/>\n\u2022 Fonction mulching &amp; collecte de l\u2019herbe dans le bac<br \/>\n\u2022 Sac de ramassage en tissu de 55L<br \/>\n\u2022 Poign\u00e9e ergonomique pour plus de confort pendant la tonte<\/p>\n<p>Voltage : 2 x 18V<br \/>\nLargeur de coupe : 48 cm<br \/>\nCarter en acier : 54 cm<br \/>\nAutonomie : 800 m\u00b2 (2 x 5Ah batteries)<br \/>\nCapacit\u00e9 de collecte : 55L<br \/>\nPoids : 25.5 kg<br \/>\nLivr\u00e9e sans batterie, ni chargeur<\/p>\n<h2>Informations sur le produit<\/h2>\n<div class=\"a-row\">\n<div class=\"a-column a-span12 a-span-last\">\n<div class=\"a-row a-spacing-top-base\">\n<div class=\"a-column a-span6\">\n<div class=\"a-row a-spacing-base\">\n<div class=\"a-row a-expander-container a-expander-extend-container\">\n<div class=\"a-row\">\n<div class=\"a-column a-span6\">\n<h1 class=\"a-size-medium a-spacing-small\">Descriptif technique<\/h1>\n<\/div>\n<\/div>\n<div class=\"a-expander-content a-expander-extend-content\" data-expanded=\"true\">\n<div class=\"a-row a-expander-container a-expander-inline-container\">\n<div class=\"a-expander-content a-expander-section-content a-section-expander-inner\" data-expanded=\"true\">\n<table id=\"productDetails_techSpec_section_1\" class=\"a-keyvalue prodDetTable\">\n<tbody>\n<tr>\n<th class=\"a-color-secondary a-size-base prodDetSectionEntry\">Dimensions du produit (L x l x h)<\/th>\n<td class=\"a-size-base prodDetAttrValue\">\u200e55 x 121,5 x 51,5 cm; 30,5 kilogrammes<\/td>\n<\/tr>\n<tr>\n<th class=\"a-color-secondary a-size-base prodDetSectionEntry\">Pile(s) \/ Batterie(s) :<\/th>\n<td class=\"a-size-base prodDetAttrValue\">\u200eLithium-ion n\u00e9cessite des piles.<\/td>\n<\/tr>\n<tr>\n<th class=\"a-color-secondary a-size-base prodDetSectionEntry\">R\u00e9f\u00e9rence<\/th>\n<td class=\"a-size-base prodDetAttrValue\">\u200eDCMW564N<\/td>\n<\/tr>\n<tr>\n<th class=\"a-color-secondary a-size-base prodDetSectionEntry\">Poids<\/th>\n<td class=\"a-size-base prodDetAttrValue\">\u200e25,5 Kilogrammes<\/td>\n<\/tr>\n<tr>\n<th class=\"a-color-secondary a-size-base prodDetSectionEntry\">Type de mat\u00e9riau<\/th>\n<td class=\"a-size-base prodDetAttrValue\">\u200eAcrylonitrile butadi\u00e8ne styr\u00e8ne, M\u00e9tal<\/td>\n<\/tr>\n<tr>\n<th class=\"a-color-secondary a-size-base prodDetSectionEntry\">Source d&#8217;alimentation<\/th>\n<td class=\"a-size-base prodDetAttrValue\">\u200eAliment\u00e9 par batterie<\/td>\n<\/tr>\n<tr>\n<th class=\"a-color-secondary a-size-base prodDetSectionEntry\">Disponibilit\u00e9 des pi\u00e8ces d\u00e9tach\u00e9es<\/th>\n<td class=\"a-size-base prodDetAttrValue\">\u200e2 Ans<\/td>\n<\/tr>\n<\/tbody>\n<\/table>\n<h1 class=\"a-size-base-plus a-text-bold\">\u00c0 propos de cet article<\/h1>\n<ul class=\"a-unordered-list a-vertical a-spacing-mini\">\n<li class=\"a-spacing-mini\"><span class=\"a-list-item\">Profitez de la puissance de notre tondeuse gazon : Dot\u00e9e d&#8217;un moteur brushless sans charbon, la tondeuse 18V de derni\u00e8re g\u00e9n\u00e9ration est \u00e9quip\u00e9e de la technologie XR (eXtreme Runtime). Gr\u00e2ce \u00e0 ses batteries 18V 5Ah Li-Ion durables et \u00e0 sa puissance, vous pourrez tondre votre gazon rapidement et sans effort. Son tableau de bord indique l&#8217;\u00e9tat de charge de chacune des batteries<\/span><\/li>\n<li class=\"a-spacing-mini\"><span class=\"a-list-item\">Id\u00e9al pour tous les types de pelouses et de jardins : Gr\u00e2ce \u00e0 ses 5 hauteurs de coupe (25 mm, 38 mm, 57 mm, 74 mm et 86 mm) et une largeur de coupe de 48 cm, cette tondeuse s&#8217;adapte facilement \u00e0 tous les types de tonte de pelouse et aux jardins jusqu&#8217;\u00e0 800 m2<\/span><\/li>\n<li class=\"a-spacing-mini\"><span class=\"a-list-item\">D\u00e9couvrez cet outil portable pour le jardin avec les accessoires inclus : La tondeuse jardin sans fil avec fonction mulching et collecte de l\u2019herbe dans le bac de 55l est vendue sans batterie ni chargeur mais elle est compatible avec nos batteries XR 18V 5Ah Li-Ion et le chargeur multi-voltage qui sont vendus s\u00e9par\u00e9ment<\/span><\/li>\n<li class=\"a-spacing-mini\"><span class=\"a-list-item\">Avec plus de 140 d&#8217;outils compatibles, la gamme DEWALT XR 18V est la gamme incontournable de la marque. Con\u00e7ue pour toutes les applications, la plateforme XR 18V est large et polyvalente : sa batterie est compatible avec toujours plus d&#8217;outils, des marteaux perforateurs aux scies circulaires en passant par les tailles haies et bien plus encore ! La gamme couvre tous les besoins<\/span><\/li>\n<li class=\"a-spacing-mini\"><span class=\"a-list-item\">DEWALT Robustesse garantie : Depuis plus de 90 ans, DeWalt con\u00e7oit, fabrique et commercialise des machines particuli\u00e8rement robustes, durables et puissantes pour les professionnels et les bricoleurs experts : qualit\u00e9, puissance, solidit\u00e9 et fiabilit\u00e9 se retrouvent dans chacune d\u2019entre elles<\/span><\/li>\n<\/ul>\n<\/div>\n<\/div>\n<\/div>\n<\/div>\n<\/div>\n<\/div>\n<\/div>\n<\/div>\n<\/div>\n<\/div>","protected":false},"excerpt":{"rendered":"<p>Description du produit Tondeuse XR 18V &#8211; Sans batterie, ni chargeur Avec plus de 140 outils compatibles, la gamme DEWALT<\/p>","protected":false},"featured_media":19358,"template":"","meta":[],"product_brand":[],"product_cat":[64],"product_tag":[65],"product_country":[1503],"class_list":{"0":"post-32","1":"product","2":"type-product","3":"status-publish","4":"has-post-thumbnail","6":"product_cat-movers","7":"product_tag-movers","8":"product_country-france","10":"first","11":"instock","12":"sale","13":"taxable","14":"shipping-taxable","15":"purchasable","16":"product-type-simple"},"_links":{"self":[{"href":"https:\/\/routinesfashione.com\/en\/wp-json\/wp\/v2\/product\/32","targetHints":{"allow":["GET"]}}],"collection":[{"href":"https:\/\/routinesfashione.com\/en\/wp-json\/wp\/v2\/product"}],"about":[{"href":"https:\/\/routinesfashione.com\/en\/wp-json\/wp\/v2\/types\/product"}],"wp:featuredmedia":[{"embeddable":true,"href":"https:\/\/routinesfashione.com\/en\/wp-json\/wp\/v2\/media\/19358"}],"wp:attachment":[{"href":"https:\/\/routinesfashione.com\/en\/wp-json\/wp\/v2\/media?parent=32"}],"wp:term":[{"taxonomy":"product_brand","embeddable":true,"href":"https:\/\/routinesfashione.com\/en\/wp-json\/wp\/v2\/product_brand?post=32"},{"taxonomy":"product_cat","embeddable":true,"href":"https:\/\/routinesfashione.com\/en\/wp-json\/wp\/v2\/product_cat?post=32"},{"taxonomy":"product_tag","embeddable":true,"href":"https:\/\/routinesfashione.com\/en\/wp-json\/wp\/v2\/product_tag?post=32"},{"taxonomy":"product_country","embeddable":true,"href":"https:\/\/routinesfashione.com\/en\/wp-json\/wp\/v2\/product_country?post=32"}],"curies":[{"name":"wp","href":"https:\/\/api.w.org\/{rel}","templated":true}]}}