{"id":3233,"date":"2025-09-30T20:51:10","date_gmt":"2025-09-30T20:51:10","guid":{"rendered":"https:\/\/lightgray-crow-170497.hostingersite.com\/?post_type=product&#038;p=3233"},"modified":"2025-09-30T20:51:10","modified_gmt":"2025-09-30T20:51:10","slug":"ethnicraft-blackbird-oak-desk","status":"publish","type":"product","link":"https:\/\/routinesfashione.com\/en\/produit\/ethnicraft-blackbird-oak-desk\/","title":{"rendered":"Bureau en ch\u00eane Blackbird d&#8217;Ethnicraft"},"content":{"rendered":"<h3 data-start=\"137\" data-end=\"172\"><strong data-start=\"144\" data-end=\"170\">Description du produit<\/strong><\/h3>\n<p data-start=\"173\" data-end=\"454\">Le <strong data-start=\"176\" data-end=\"218\">bureau en ch\u00eane Blackbird d\u2019Ethnicraft<\/strong> combine <strong data-start=\"227\" data-end=\"249\">design minimaliste<\/strong>, <strong data-start=\"251\" data-end=\"269\">fonctionnalit\u00e9<\/strong> et <strong data-start=\"273\" data-end=\"293\">mat\u00e9riaux nobles<\/strong>. Inspir\u00e9 par le style scandinave et contemporain, il offre un espace de travail spacieux et lumineux tout en apportant une touche naturelle \u00e0 votre int\u00e9rieur.<\/p>\n<p data-start=\"456\" data-end=\"748\">Fabriqu\u00e9 en <strong data-start=\"468\" data-end=\"484\">ch\u00eane massif<\/strong> et dot\u00e9 de <strong data-start=\"496\" data-end=\"518\">finitions soign\u00e9es<\/strong>, ce bureau se distingue par ses lignes \u00e9pur\u00e9es et son esth\u00e9tique intemporelle. Ses rangements int\u00e9gr\u00e9s permettent de garder vos accessoires \u00e0 port\u00e9e de main, tout en conservant un plateau d\u00e9gag\u00e9 pour travailler confortablement.<\/p>\n<hr data-start=\"750\" data-end=\"753\" \/>\n<h3 data-start=\"755\" data-end=\"795\"><strong data-start=\"762\" data-end=\"793\">Caract\u00e9ristiques techniques<\/strong><\/h3>\n<ul data-start=\"797\" data-end=\"1737\">\n<li data-start=\"797\" data-end=\"824\">\n<p data-start=\"799\" data-end=\"824\"><strong data-start=\"799\" data-end=\"809\">Marque<\/strong> : Ethnicraft<\/p>\n<\/li>\n<li data-start=\"825\" data-end=\"866\">\n<p data-start=\"827\" data-end=\"866\"><strong data-start=\"827\" data-end=\"845\">Nom du produit<\/strong> : Bureau Blackbird<\/p>\n<\/li>\n<li data-start=\"867\" data-end=\"931\">\n<p data-start=\"869\" data-end=\"931\"><strong data-start=\"869\" data-end=\"887\">Type de meuble<\/strong> : Bureau \/ bureau d\u2019\u00e9criture contemporain<\/p>\n<\/li>\n<li data-start=\"932\" data-end=\"1017\">\n<p data-start=\"934\" data-end=\"1017\"><strong data-start=\"934\" data-end=\"947\">Mat\u00e9riaux<\/strong> : Ch\u00eane massif europ\u00e9en certifi\u00e9 FSC, finition naturelle ou teint\u00e9e<\/p>\n<\/li>\n<li data-start=\"1018\" data-end=\"1139\">\n<p data-start=\"1020\" data-end=\"1053\"><strong data-start=\"1020\" data-end=\"1049\">Dimensions approximatives<\/strong> :<\/p>\n<ul data-start=\"1056\" data-end=\"1139\">\n<li data-start=\"1056\" data-end=\"1077\">\n<p data-start=\"1058\" data-end=\"1077\">Longueur : 140 cm<\/p>\n<\/li>\n<li data-start=\"1080\" data-end=\"1099\">\n<p data-start=\"1082\" data-end=\"1099\">Largeur : 70 cm<\/p>\n<\/li>\n<li data-start=\"1102\" data-end=\"1139\">\n<p data-start=\"1104\" data-end=\"1139\">Hauteur : 75 cm (standard bureau)<\/p>\n<\/li>\n<\/ul>\n<\/li>\n<li data-start=\"1140\" data-end=\"1203\">\n<p data-start=\"1142\" data-end=\"1203\"><strong data-start=\"1142\" data-end=\"1156\">Rangements<\/strong> : Tiroirs int\u00e9gr\u00e9s et compartiments discrets<\/p>\n<\/li>\n<li data-start=\"1204\" data-end=\"1257\">\n<p data-start=\"1206\" data-end=\"1257\"><strong data-start=\"1206\" data-end=\"1215\">Style<\/strong> : Contemporain, scandinave, minimaliste<\/p>\n<\/li>\n<li data-start=\"1258\" data-end=\"1341\">\n<p data-start=\"1260\" data-end=\"1341\"><strong data-start=\"1260\" data-end=\"1282\">Couleur \/ finition<\/strong> : Ch\u00eane naturel avec d\u00e9tails noirs (signature Blackbird)<\/p>\n<\/li>\n<li data-start=\"1342\" data-end=\"1416\">\n<p data-start=\"1344\" data-end=\"1416\"><strong data-start=\"1344\" data-end=\"1353\">Usage<\/strong> : Bureau \u00e0 domicile, espace professionnel, bureau d\u2019\u00e9criture<\/p>\n<\/li>\n<li data-start=\"1417\" data-end=\"1497\">\n<p data-start=\"1419\" data-end=\"1497\"><strong data-start=\"1419\" data-end=\"1432\">Structure<\/strong> : Pieds fins et robustes en m\u00e9tal noir ou en bois selon mod\u00e8le<\/p>\n<\/li>\n<li data-start=\"1498\" data-end=\"1595\">\n<p data-start=\"1500\" data-end=\"1595\"><strong data-start=\"1500\" data-end=\"1513\">Entretien<\/strong> : Nettoyage avec chiffon sec ou l\u00e9g\u00e8rement humide, entretien du bois recommand\u00e9<\/p>\n<\/li>\n<li data-start=\"1596\" data-end=\"1650\">\n<p data-start=\"1598\" data-end=\"1650\"><strong data-start=\"1598\" data-end=\"1607\">Poids<\/strong> : Robuste et stable pour usage quotidien<\/p>\n<\/li>\n<li data-start=\"1651\" data-end=\"1737\">\n<p data-start=\"1653\" data-end=\"1737\"><strong data-start=\"1653\" data-end=\"1670\">Particularit\u00e9<\/strong> : Association harmonieuse du bois naturel et des lignes modernes<\/p>\n<\/li>\n<\/ul>","protected":false},"excerpt":{"rendered":"<p>Description du produit Le bureau en ch\u00eane Blackbird d\u2019Ethnicraft combine design minimaliste, fonctionnalit\u00e9 et mat\u00e9riaux nobles. Inspir\u00e9 par le style<\/p>","protected":false},"featured_media":15233,"template":"","meta":[],"product_brand":[],"product_cat":[61],"product_tag":[1514],"product_country":[1503],"class_list":{"0":"post-3233","1":"product","2":"type-product","3":"status-publish","4":"has-post-thumbnail","6":"product_cat-sale-france","7":"product_tag-sale-france","8":"product_country-france","10":"first","11":"instock","12":"sale","13":"taxable","14":"shipping-taxable","15":"purchasable","16":"product-type-simple"},"_links":{"self":[{"href":"https:\/\/routinesfashione.com\/en\/wp-json\/wp\/v2\/product\/3233","targetHints":{"allow":["GET"]}}],"collection":[{"href":"https:\/\/routinesfashione.com\/en\/wp-json\/wp\/v2\/product"}],"about":[{"href":"https:\/\/routinesfashione.com\/en\/wp-json\/wp\/v2\/types\/product"}],"wp:featuredmedia":[{"embeddable":true,"href":"https:\/\/routinesfashione.com\/en\/wp-json\/wp\/v2\/media\/15233"}],"wp:attachment":[{"href":"https:\/\/routinesfashione.com\/en\/wp-json\/wp\/v2\/media?parent=3233"}],"wp:term":[{"taxonomy":"product_brand","embeddable":true,"href":"https:\/\/routinesfashione.com\/en\/wp-json\/wp\/v2\/product_brand?post=3233"},{"taxonomy":"product_cat","embeddable":true,"href":"https:\/\/routinesfashione.com\/en\/wp-json\/wp\/v2\/product_cat?post=3233"},{"taxonomy":"product_tag","embeddable":true,"href":"https:\/\/routinesfashione.com\/en\/wp-json\/wp\/v2\/product_tag?post=3233"},{"taxonomy":"product_country","embeddable":true,"href":"https:\/\/routinesfashione.com\/en\/wp-json\/wp\/v2\/product_country?post=3233"}],"curies":[{"name":"wp","href":"https:\/\/api.w.org\/{rel}","templated":true}]}}