{"id":329,"date":"2025-09-30T20:55:51","date_gmt":"2025-09-30T20:55:51","guid":{"rendered":"https:\/\/lightgray-crow-170497.hostingersite.com\/?post_type=product&#038;p=329"},"modified":"2025-09-30T20:55:51","modified_gmt":"2025-09-30T20:55:51","slug":"tondeuse-stihl-rm-448-t","status":"publish","type":"product","link":"https:\/\/routinesfashione.com\/en\/produit\/tondeuse-stihl-rm-448-t\/","title":{"rendered":"Tondeuse Stihl RM 448 T"},"content":{"rendered":"<p>Puissante, efficace et maniable, la tondeuse thermique RM 448 T est id\u00e9ale pour la tonte de surfaces moyennes ou en pente.<\/p>\n<ul>\n<li><strong>Largeur de coupe<\/strong>\u00a0: 46 cm.<\/li>\n<li><strong>Tondeuse 4-en-1 via les 4 modes de tonte\u00a0disponibles :\u00a0<\/strong>ramassage, \u00e9jection arri\u00e8re, \u00e9jection lat\u00e9rale ou mulching. D\u00e9flecteur fourni et installable facilement. Pour le mode mulching : le clapet activable \/ d\u00e9sactivable gr\u00e2ce \u00e0 une molette est int\u00e9gr\u00e9 dans le carter, permettant \u00e0 l\u2019utilisateur de d\u00e9cider s\u2019il tond en ramassage, en \u00e9jection lat\u00e9rale, en \u00e9jection arri\u00e8re ou en mulching.<\/li>\n<li><strong>Entra\u00eenement des roues \u00e0 1 vitesse<\/strong>\u00a0pour une tonte sans effort : il facilite la tonte, en particulier dans les pentes.<\/li>\n<li><strong>Moteur avec syst\u00e8me Easy-Star<\/strong>t : il permet un d\u00e9marrage rapide, m\u00eame \u00e0 froid.<\/li>\n<li><strong>R\u00e9glage centralis\u00e9 de la hauteur de coupe<\/strong>\u00a0: permet de r\u00e9gler facilement la hauteur de coupe selon 7 niveaux, entre 20 et 100 mm.<\/li>\n<li><strong>Guidon EasyBac pratique<\/strong>\u00a0: ce guidon ergonomique \u00e0 un bras se r\u00e8gle rapidement \u00e0 la taille de l\u2019utilisateur. Rabattable, il facilite l\u2019acc\u00e8s au bac de ramassage et le rangement.<\/li>\n<li><strong>Lame multifonction :\u00a0<\/strong>quel que soit le mode de tonte s\u00e9lectionn\u00e9, elle garantit une tonte efficace, pr\u00e9cise et uniforme de la pelouse ainsi qu\u2019un remplissage optimal du bac de ramassage.<\/li>\n<li><strong>Bac de ramassage brevet\u00e9 avec t\u00e9moin de remplissage<\/strong>\u00a0: d\u2019une contenance de 52 litres. Le t\u00e9moin du niveau de remplissage vous indique quand il est temps de le vider.<\/li>\n<li><strong>4 roues crant\u00e9es<\/strong>\u00a0: pour une meilleure adh\u00e9rence dans les pentes, tout en conservant l&#8217;entra\u00eenement.<\/li>\n<li>Carter en polym\u00e8re l\u00e9ger et r\u00e9sistant.<\/li>\n<\/ul>","protected":false},"excerpt":{"rendered":"<p>Puissante, efficace et maniable, la tondeuse thermique RM 448 T est id\u00e9ale pour la tonte de surfaces moyennes ou en<\/p>","protected":false},"featured_media":13052,"template":"","meta":[],"product_brand":[],"product_cat":[61],"product_tag":[],"product_country":[1503],"class_list":{"0":"post-329","1":"product","2":"type-product","3":"status-publish","4":"has-post-thumbnail","6":"product_cat-sale-france","7":"product_country-france","9":"first","10":"instock","11":"sale","12":"taxable","13":"shipping-taxable","14":"purchasable","15":"product-type-simple"},"_links":{"self":[{"href":"https:\/\/routinesfashione.com\/en\/wp-json\/wp\/v2\/product\/329","targetHints":{"allow":["GET"]}}],"collection":[{"href":"https:\/\/routinesfashione.com\/en\/wp-json\/wp\/v2\/product"}],"about":[{"href":"https:\/\/routinesfashione.com\/en\/wp-json\/wp\/v2\/types\/product"}],"wp:featuredmedia":[{"embeddable":true,"href":"https:\/\/routinesfashione.com\/en\/wp-json\/wp\/v2\/media\/13052"}],"wp:attachment":[{"href":"https:\/\/routinesfashione.com\/en\/wp-json\/wp\/v2\/media?parent=329"}],"wp:term":[{"taxonomy":"product_brand","embeddable":true,"href":"https:\/\/routinesfashione.com\/en\/wp-json\/wp\/v2\/product_brand?post=329"},{"taxonomy":"product_cat","embeddable":true,"href":"https:\/\/routinesfashione.com\/en\/wp-json\/wp\/v2\/product_cat?post=329"},{"taxonomy":"product_tag","embeddable":true,"href":"https:\/\/routinesfashione.com\/en\/wp-json\/wp\/v2\/product_tag?post=329"},{"taxonomy":"product_country","embeddable":true,"href":"https:\/\/routinesfashione.com\/en\/wp-json\/wp\/v2\/product_country?post=329"}],"curies":[{"name":"wp","href":"https:\/\/api.w.org\/{rel}","templated":true}]}}