{"id":3406,"date":"2025-09-30T20:37:00","date_gmt":"2025-09-30T20:37:00","guid":{"rendered":"https:\/\/lightgray-crow-170497.hostingersite.com\/?post_type=product&#038;p=3406"},"modified":"2025-09-30T20:37:00","modified_gmt":"2025-09-30T20:37:00","slug":"vitra-compas-direction-desk","status":"publish","type":"product","link":"https:\/\/routinesfashione.com\/en\/produit\/vitra-compas-direction-desk\/","title":{"rendered":"Vitra Compas Direction Desk"},"content":{"rendered":"<h3 data-start=\"135\" data-end=\"170\"><strong data-start=\"142\" data-end=\"168\">Description du produit<\/strong><\/h3>\n<p data-start=\"171\" data-end=\"498\">Le <strong data-start=\"174\" data-end=\"206\">bureau Compas Direction Desk<\/strong> de <strong data-start=\"210\" data-end=\"219\">Vitra<\/strong>, con\u00e7u par <strong data-start=\"231\" data-end=\"246\">Jean Prouv\u00e9<\/strong> en 1953, incarne le mariage parfait entre <strong data-start=\"289\" data-end=\"310\">design intemporel<\/strong> et <strong data-start=\"314\" data-end=\"332\">fonctionnalit\u00e9<\/strong>. Son nom \u201cCompas\u201d provient de la forme caract\u00e9ristique de ses pieds, inspir\u00e9e d\u2019un compas d\u2019ing\u00e9nierie, conf\u00e9rant \u00e0 la fois <strong data-start=\"457\" data-end=\"470\">stabilit\u00e9<\/strong> et <strong data-start=\"474\" data-end=\"495\">l\u00e9g\u00e8ret\u00e9 visuelle<\/strong>.<\/p>\n<p data-start=\"500\" data-end=\"750\">Id\u00e9al comme <strong data-start=\"512\" data-end=\"533\">bureau individuel<\/strong> ou <strong data-start=\"537\" data-end=\"565\">poste de travail \u00e9l\u00e9gant<\/strong>, le Compas Direction Desk s\u2019int\u00e8gre parfaitement dans un <strong data-start=\"623\" data-end=\"649\">int\u00e9rieur contemporain<\/strong> comme dans un espace professionnel gr\u00e2ce \u00e0 ses mat\u00e9riaux nobles et \u00e0 ses proportions harmonieuses.<\/p>\n<hr data-start=\"752\" data-end=\"755\" \/>\n<h3 data-start=\"757\" data-end=\"797\"><strong data-start=\"764\" data-end=\"795\">Caract\u00e9ristiques techniques<\/strong><\/h3>\n<ul data-start=\"799\" data-end=\"1630\">\n<li data-start=\"799\" data-end=\"821\">\n<p data-start=\"801\" data-end=\"821\"><strong data-start=\"801\" data-end=\"811\">Marque<\/strong> : Vitra<\/p>\n<\/li>\n<li data-start=\"822\" data-end=\"852\">\n<p data-start=\"824\" data-end=\"852\"><strong data-start=\"824\" data-end=\"836\">Designer<\/strong> : Jean Prouv\u00e9<\/p>\n<\/li>\n<li data-start=\"853\" data-end=\"899\">\n<p data-start=\"855\" data-end=\"899\"><strong data-start=\"855\" data-end=\"873\">Nom du produit<\/strong> : Compas Direction Desk<\/p>\n<\/li>\n<li data-start=\"900\" data-end=\"940\">\n<p data-start=\"902\" data-end=\"940\"><strong data-start=\"902\" data-end=\"910\">Type<\/strong> : Bureau \/ poste de travail<\/p>\n<\/li>\n<li data-start=\"941\" data-end=\"1012\">\n<p data-start=\"943\" data-end=\"1012\"><strong data-start=\"943\" data-end=\"956\">Structure<\/strong> : Pieds en acier tubulaire laqu\u00e9 \u00e9poxy (forme compas)<\/p>\n<\/li>\n<li data-start=\"1013\" data-end=\"1091\">\n<p data-start=\"1015\" data-end=\"1091\"><strong data-start=\"1015\" data-end=\"1026\">Plateau<\/strong> : Bois massif ou plaqu\u00e9 ch\u00eane, noyer ou fr\u00eane (selon finition)<\/p>\n<\/li>\n<li data-start=\"1092\" data-end=\"1195\">\n<p data-start=\"1094\" data-end=\"1127\"><strong data-start=\"1094\" data-end=\"1123\">Dimensions approximatives<\/strong> :<\/p>\n<ul data-start=\"1130\" data-end=\"1195\">\n<li data-start=\"1130\" data-end=\"1151\">\n<p data-start=\"1132\" data-end=\"1151\">Longueur : 125 cm<\/p>\n<\/li>\n<li data-start=\"1154\" data-end=\"1173\">\n<p data-start=\"1156\" data-end=\"1173\">Largeur : 60 cm<\/p>\n<\/li>\n<li data-start=\"1176\" data-end=\"1195\">\n<p data-start=\"1178\" data-end=\"1195\">Hauteur : 73 cm<\/p>\n<\/li>\n<\/ul>\n<\/li>\n<\/ul>","protected":false},"excerpt":{"rendered":"<p>Description du produit Le bureau Compas Direction Desk de Vitra, con\u00e7u par Jean Prouv\u00e9 en 1953, incarne le mariage parfait<\/p>","protected":false},"featured_media":15374,"template":"","meta":[],"product_brand":[],"product_cat":[61],"product_tag":[1514],"product_country":[1503],"class_list":{"0":"post-3406","1":"product","2":"type-product","3":"status-publish","4":"has-post-thumbnail","6":"product_cat-sale-france","7":"product_tag-sale-france","8":"product_country-france","10":"first","11":"instock","12":"sale","13":"taxable","14":"shipping-taxable","15":"purchasable","16":"product-type-simple"},"_links":{"self":[{"href":"https:\/\/routinesfashione.com\/en\/wp-json\/wp\/v2\/product\/3406","targetHints":{"allow":["GET"]}}],"collection":[{"href":"https:\/\/routinesfashione.com\/en\/wp-json\/wp\/v2\/product"}],"about":[{"href":"https:\/\/routinesfashione.com\/en\/wp-json\/wp\/v2\/types\/product"}],"wp:featuredmedia":[{"embeddable":true,"href":"https:\/\/routinesfashione.com\/en\/wp-json\/wp\/v2\/media\/15374"}],"wp:attachment":[{"href":"https:\/\/routinesfashione.com\/en\/wp-json\/wp\/v2\/media?parent=3406"}],"wp:term":[{"taxonomy":"product_brand","embeddable":true,"href":"https:\/\/routinesfashione.com\/en\/wp-json\/wp\/v2\/product_brand?post=3406"},{"taxonomy":"product_cat","embeddable":true,"href":"https:\/\/routinesfashione.com\/en\/wp-json\/wp\/v2\/product_cat?post=3406"},{"taxonomy":"product_tag","embeddable":true,"href":"https:\/\/routinesfashione.com\/en\/wp-json\/wp\/v2\/product_tag?post=3406"},{"taxonomy":"product_country","embeddable":true,"href":"https:\/\/routinesfashione.com\/en\/wp-json\/wp\/v2\/product_country?post=3406"}],"curies":[{"name":"wp","href":"https:\/\/api.w.org\/{rel}","templated":true}]}}