{"id":3471,"date":"2025-09-30T20:36:59","date_gmt":"2025-09-30T20:36:59","guid":{"rendered":"https:\/\/lightgray-crow-170497.hostingersite.com\/?post_type=product&#038;p=3471"},"modified":"2025-09-30T20:36:59","modified_gmt":"2025-09-30T20:36:59","slug":"modern-l-shape-office-desk-with-storage-and-cabinet-executive-desk","status":"publish","type":"product","link":"https:\/\/routinesfashione.com\/en\/produit\/modern-l-shape-office-desk-with-storage-and-cabinet-executive-desk\/","title":{"rendered":"Bureau de direction moderne en forme de L avec rangement et armoire"},"content":{"rendered":"<ul class=\"a-unordered-list a-vertical a-spacing-mini\">\n<li class=\"a-spacing-mini\"><span class=\"a-list-item\">Design de bureau \u00e9pais : le bureau \u00e9pais de 5 cm a une excellente capacit\u00e9 de charge et de r\u00e9sistance \u00e0 la pression, est stable et pas facile \u00e0 d\u00e9former, et reste stable et durable m\u00eame s&#8217;il transporte des objets lourds pendant une longue p\u00e9riode ou est utilis\u00e9 intensivement, assurant un environnement de bureau efficace.<\/span><\/li>\n<li class=\"a-spacing-mini\"><span class=\"a-list-item\">Espace de rangement spacieux et espace de travail efficace : le bureau de grande taille et l&#8217;armoire lat\u00e9rale \u00e9tendue offrent un plus grand espace de fonctionnement et une grande zone de rangement, ce qui facilite l&#8217;organisation et l&#8217;acc\u00e8s aux documents de bureau, aux articles et aux \u00e9quipements, garde le bureau propre et bien rang\u00e9, et am\u00e9liore l&#8217;efficacit\u00e9 du travail.<\/span><\/li>\n<li class=\"a-spacing-mini\"><span class=\"a-list-item\">Design \u00e0 double tiroir et position h\u00f4te de dissipation de la chaleur : l&#8217;armoire lat\u00e9rale est \u00e9quip\u00e9e de doubles tiroirs pour r\u00e9pondre aux besoins de stockage de grande capacit\u00e9 et r\u00e9duire l&#8217;encombrement du bureau. La position h\u00f4te sp\u00e9cialement con\u00e7ue a une fonction de dissipation de la chaleur pour garantir un fonctionnement stable de l&#8217;\u00e9quipement, prolonger sa dur\u00e9e de vie et apporter plus de commodit\u00e9 \u00e0 l&#8217;environnement de travail.<\/span><\/li>\n<li class=\"a-spacing-mini\"><span class=\"a-list-item\">Bandes de bords durables et espace de bureau priv\u00e9 : les bandes de bord en PVC de haute qualit\u00e9 et le placage givr\u00e9 r\u00e9sistant aux rayures rendent le bureau plus durable et facile \u00e0 nettoyer. En m\u00eame temps, le design de la cloison d&#8217;intimit\u00e9 offre aux utilisateurs un espace de bureau plus priv\u00e9 et silencieux, r\u00e9duisant les interf\u00e9rences ext\u00e9rieures et am\u00e9liorant le confort.<\/span><\/li>\n<li class=\"a-spacing-mini\"><span class=\"a-list-item\">Gestion intelligente des c\u00e2bles et personnalisation flexible : bo\u00eetier de c\u00e2blage en alliage d&#8217;aluminium int\u00e9gr\u00e9 et structure de circulation d&#8217;air, permet d&#8217;organiser facilement les c\u00e2bles et de garder l&#8217;environnement de bureau en ordre. Il prend en charge la personnalisation flexible des armoires lat\u00e9rales gauche et droite pour r\u00e9pondre aux diff\u00e9rents besoins de bureau, et l&#8217;emballage du cadre en bois assure la s\u00e9curit\u00e9 pendant le transport.<\/span><br \/>\n<table id=\"productDetails_techSpec_section_1\" class=\"a-keyvalue prodDetTable\">\n<tbody>\n<tr>\n<th class=\"a-color-secondary a-size-base prodDetSectionEntry\">Marque<\/th>\n<td class=\"a-size-base prodDetAttrValue\">\u200eSENJINYAN<\/td>\n<\/tr>\n<tr>\n<th class=\"a-color-secondary a-size-base prodDetSectionEntry\">Num\u00e9ro de mod\u00e8le<\/th>\n<td class=\"a-size-base prodDetAttrValue\">\u200eJTBTLDSLD-63X29.5X102.3INCH<\/td>\n<\/tr>\n<tr>\n<th class=\"a-color-secondary a-size-base prodDetSectionEntry\">Couleur<\/th>\n<td class=\"a-size-base prodDetAttrValue\">\u200e1 Couleur<\/td>\n<\/tr>\n<tr>\n<th class=\"a-color-secondary a-size-base prodDetSectionEntry\">Dimensions du produit (L x l x h)<\/th>\n<td class=\"a-size-base prodDetAttrValue\">\u200e457,2 x 152,4 x 127 cm; 80 kilogrammes<\/td>\n<\/tr>\n<tr>\n<th class=\"a-color-secondary a-size-base prodDetSectionEntry\">Mat\u00e9riau<\/th>\n<td class=\"a-size-base prodDetAttrValue\">\u200eBois<\/td>\n<\/tr>\n<tr>\n<th class=\"a-color-secondary a-size-base prodDetSectionEntry\">Poids de l&#8217;article<\/th>\n<td class=\"a-size-base prodDetAttrValue\">\u200e80 Kilograms<\/td>\n<\/tr>\n<tr>\n<th class=\"a-color-secondary a-size-base prodDetSectionEntry\">Disponibilit\u00e9 des pi\u00e8ces d\u00e9tach\u00e9es<\/th>\n<td class=\"a-size-base prodDetAttrValue\">\u200eInformation indisponible sur les pi\u00e8ces d\u00e9tach\u00e9es<\/td>\n<\/tr>\n<\/tbody>\n<\/table>\n<\/li>\n<\/ul>","protected":false},"excerpt":{"rendered":"<p>Design de bureau \u00e9pais : le bureau \u00e9pais de 5 cm a une excellente capacit\u00e9 de charge et de r\u00e9sistance<\/p>","protected":false},"featured_media":15418,"template":"","meta":[],"product_brand":[],"product_cat":[61],"product_tag":[1514],"product_country":[1503],"class_list":{"0":"post-3471","1":"product","2":"type-product","3":"status-publish","4":"has-post-thumbnail","6":"product_cat-sale-france","7":"product_tag-sale-france","8":"product_country-france","10":"first","11":"instock","12":"sale","13":"taxable","14":"shipping-taxable","15":"purchasable","16":"product-type-simple"},"_links":{"self":[{"href":"https:\/\/routinesfashione.com\/en\/wp-json\/wp\/v2\/product\/3471","targetHints":{"allow":["GET"]}}],"collection":[{"href":"https:\/\/routinesfashione.com\/en\/wp-json\/wp\/v2\/product"}],"about":[{"href":"https:\/\/routinesfashione.com\/en\/wp-json\/wp\/v2\/types\/product"}],"wp:featuredmedia":[{"embeddable":true,"href":"https:\/\/routinesfashione.com\/en\/wp-json\/wp\/v2\/media\/15418"}],"wp:attachment":[{"href":"https:\/\/routinesfashione.com\/en\/wp-json\/wp\/v2\/media?parent=3471"}],"wp:term":[{"taxonomy":"product_brand","embeddable":true,"href":"https:\/\/routinesfashione.com\/en\/wp-json\/wp\/v2\/product_brand?post=3471"},{"taxonomy":"product_cat","embeddable":true,"href":"https:\/\/routinesfashione.com\/en\/wp-json\/wp\/v2\/product_cat?post=3471"},{"taxonomy":"product_tag","embeddable":true,"href":"https:\/\/routinesfashione.com\/en\/wp-json\/wp\/v2\/product_tag?post=3471"},{"taxonomy":"product_country","embeddable":true,"href":"https:\/\/routinesfashione.com\/en\/wp-json\/wp\/v2\/product_country?post=3471"}],"curies":[{"name":"wp","href":"https:\/\/api.w.org\/{rel}","templated":true}]}}