{"id":361,"date":"2025-09-30T20:55:50","date_gmt":"2025-09-30T20:55:50","guid":{"rendered":"https:\/\/lightgray-crow-170497.hostingersite.com\/?post_type=product&#038;p=361"},"modified":"2025-09-30T20:55:50","modified_gmt":"2025-09-30T20:55:50","slug":"stihl-benzine-multi-grasmaaier-rm-3-rt-gazons-tot-2000m2","status":"publish","type":"product","link":"https:\/\/routinesfashione.com\/en\/produit\/stihl-benzine-multi-grasmaaier-rm-3-rt-gazons-tot-2000m2\/","title":{"rendered":"Tondeuse \u00e0 gazon thermique Stihl RM 3 RT pour pelouses jusqu&#8217;\u00e0 2000 m\u00b2"},"content":{"rendered":"<h3 data-start=\"173\" data-end=\"201\">Description du produit<\/h3>\n<p data-start=\"202\" data-end=\"775\">La <strong data-start=\"205\" data-end=\"222\">Stihl RM 3 RT<\/strong> est une tondeuse \u00e0 essence con\u00e7ue pour les grandes surfaces. Elle est tr\u00e8s maniable gr\u00e2ce \u00e0 sa structure \u00e0 <strong data-start=\"330\" data-end=\"345\">trois roues<\/strong>, dont une roue avant pivotante, ce qui facilite les man\u0153uvres autour des arbres, arbustes ou dans les recoins. Vous pouvez choisir de la faire fonctionner en mode mulching ou en mode d\u2019\u00e9jection lat\u00e9rale, selon vos pr\u00e9f\u00e9rences. Elle poss\u00e8de un carter en acier robuste, une hauteur de coupe r\u00e9glable, et des poign\u00e9es ergonomiques. Elle est con\u00e7ue pour offrir confort et efficacit\u00e9, m\u00eame sur des surfaces \u00e9tendues jusqu\u2019\u00e0 ~ 2000 m\u00b2.<\/p>\n<hr data-start=\"777\" data-end=\"780\" \/>\n<h3 data-start=\"782\" data-end=\"811\">Sp\u00e9cifications techniques<\/h3>\n<div class=\"_tableContainer_1rjym_1\">\n<div class=\"group _tableWrapper_1rjym_13 flex w-fit flex-col-reverse\" tabindex=\"-1\">\n<table class=\"w-fit min-w-(--thread-content-width)\" data-start=\"813\" data-end=\"1657\">\n<thead data-start=\"813\" data-end=\"841\">\n<tr data-start=\"813\" data-end=\"841\">\n<th data-start=\"813\" data-end=\"831\" data-col-size=\"sm\">Caract\u00e9ristique<\/th>\n<th data-start=\"831\" data-end=\"841\" data-col-size=\"md\">D\u00e9tail<\/th>\n<\/tr>\n<\/thead>\n<tbody data-start=\"852\" data-end=\"1657\">\n<tr data-start=\"852\" data-end=\"870\">\n<td data-start=\"852\" data-end=\"861\" data-col-size=\"sm\">Marque<\/td>\n<td data-col-size=\"md\" data-start=\"861\" data-end=\"870\">Stihl<\/td>\n<\/tr>\n<tr data-start=\"871\" data-end=\"891\">\n<td data-start=\"871\" data-end=\"880\" data-col-size=\"sm\">Mod\u00e8le<\/td>\n<td data-start=\"880\" data-end=\"891\" data-col-size=\"md\">RM 3 RT<\/td>\n<\/tr>\n<tr data-start=\"892\" data-end=\"994\">\n<td data-start=\"892\" data-end=\"899\" data-col-size=\"sm\">Type<\/td>\n<td data-start=\"899\" data-end=\"994\" data-col-size=\"md\">Tondeuse thermique \u00e0 essence, auto-propuls\u00e9e ou pouss\u00e9e avec entra\u00eenement par roues arri\u00e8re<\/td>\n<\/tr>\n<tr data-start=\"995\" data-end=\"1038\">\n<td data-start=\"995\" data-end=\"1017\" data-col-size=\"sm\">Surface recommand\u00e9e<\/td>\n<td data-start=\"1017\" data-end=\"1038\" data-col-size=\"md\">jusqu\u2019\u00e0 ~ 2000 m\u00b2<\/td>\n<\/tr>\n<tr data-start=\"1039\" data-end=\"1067\">\n<td data-start=\"1039\" data-end=\"1058\" data-col-size=\"sm\">Largeur de coupe<\/td>\n<td data-start=\"1058\" data-end=\"1067\" data-col-size=\"md\">48 cm<\/td>\n<\/tr>\n<tr data-start=\"1068\" data-end=\"1138\">\n<td data-start=\"1068\" data-end=\"1087\" data-col-size=\"sm\">Hauteur de coupe<\/td>\n<td data-col-size=\"md\" data-start=\"1087\" data-end=\"1138\">environ 25 \u00e0 80 mm (r\u00e9glable selon 5 positions)<\/td>\n<\/tr>\n<tr data-start=\"1139\" data-end=\"1212\">\n<td data-start=\"1139\" data-end=\"1151\" data-col-size=\"sm\">Structure<\/td>\n<td data-start=\"1151\" data-end=\"1212\" data-col-size=\"md\">3 roues (roue avant pivotante) pour meilleure maniabilit\u00e9<\/td>\n<\/tr>\n<tr data-start=\"1213\" data-end=\"1251\">\n<td data-start=\"1213\" data-end=\"1234\" data-col-size=\"sm\">Poids approximatif<\/td>\n<td data-start=\"1234\" data-end=\"1251\" data-col-size=\"md\">environ 31 kg<\/td>\n<\/tr>\n<tr data-start=\"1252\" data-end=\"1284\">\n<td data-start=\"1252\" data-end=\"1271\" data-col-size=\"sm\">Cylindr\u00e9e moteur<\/td>\n<td data-start=\"1271\" data-end=\"1284\" data-col-size=\"md\">~ 166 cm\u00b3<\/td>\n<\/tr>\n<tr data-start=\"1285\" data-end=\"1322\">\n<td data-start=\"1285\" data-end=\"1301\" data-col-size=\"sm\">R\u00e9gime moteur<\/td>\n<td data-start=\"1301\" data-end=\"1322\" data-col-size=\"md\">~ 2 800 tours\/min<\/td>\n<\/tr>\n<tr data-start=\"1323\" data-end=\"1361\">\n<td data-start=\"1323\" data-end=\"1347\" data-col-size=\"sm\">Niveau sonore garanti<\/td>\n<td data-start=\"1347\" data-end=\"1361\" data-col-size=\"md\">~ 96 dB(A)<\/td>\n<\/tr>\n<tr data-start=\"1362\" data-end=\"1419\">\n<td data-start=\"1362\" data-end=\"1405\" data-col-size=\"sm\">Niveau sonore \u00e0 l\u2019oreille de l\u2019op\u00e9rateur<\/td>\n<td data-col-size=\"md\" data-start=\"1405\" data-end=\"1419\">~ 82 dB(A)<\/td>\n<\/tr>\n<tr data-start=\"1420\" data-end=\"1475\">\n<td data-start=\"1420\" data-end=\"1433\" data-col-size=\"sm\">Vibrations<\/td>\n<td data-start=\"1433\" data-end=\"1475\" data-col-size=\"md\">environ 5,5 m\/s\u00b2 (valeur \u00e0 la poign\u00e9e)<\/td>\n<\/tr>\n<tr data-start=\"1476\" data-end=\"1539\">\n<td data-start=\"1476\" data-end=\"1495\" data-col-size=\"sm\">Options de coupe<\/td>\n<td data-start=\"1495\" data-end=\"1539\" data-col-size=\"md\">Mulching ou \u00e9jection lat\u00e9rale de l\u2019herbe<\/td>\n<\/tr>\n<tr data-start=\"1540\" data-end=\"1568\">\n<td data-start=\"1540\" data-end=\"1549\" data-col-size=\"sm\">Carter<\/td>\n<td data-start=\"1549\" data-end=\"1568\" data-col-size=\"md\">Acier r\u00e9sistant<\/td>\n<\/tr>\n<tr data-start=\"1569\" data-end=\"1657\">\n<td data-start=\"1569\" data-end=\"1587\" data-col-size=\"sm\">Confort d\u2019usage<\/td>\n<td data-start=\"1587\" data-end=\"1657\" data-col-size=\"md\">Guidon pliant, r\u00e9glage de hauteur facile, mode de d\u00e9marrage rapide<\/td>\n<\/tr>\n<\/tbody>\n<\/table>\n<\/div>\n<\/div>","protected":false},"excerpt":{"rendered":"<p>Description du produit La Stihl RM 3 RT est une tondeuse \u00e0 essence con\u00e7ue pour les grandes surfaces. Elle est<\/p>","protected":false},"featured_media":19586,"template":"","meta":[],"product_brand":[],"product_cat":[64],"product_tag":[65],"product_country":[1503],"class_list":{"0":"post-361","1":"product","2":"type-product","3":"status-publish","4":"has-post-thumbnail","6":"product_cat-movers","7":"product_tag-movers","8":"product_country-france","10":"first","11":"instock","12":"sale","13":"taxable","14":"shipping-taxable","15":"purchasable","16":"product-type-simple"},"_links":{"self":[{"href":"https:\/\/routinesfashione.com\/en\/wp-json\/wp\/v2\/product\/361","targetHints":{"allow":["GET"]}}],"collection":[{"href":"https:\/\/routinesfashione.com\/en\/wp-json\/wp\/v2\/product"}],"about":[{"href":"https:\/\/routinesfashione.com\/en\/wp-json\/wp\/v2\/types\/product"}],"wp:featuredmedia":[{"embeddable":true,"href":"https:\/\/routinesfashione.com\/en\/wp-json\/wp\/v2\/media\/19586"}],"wp:attachment":[{"href":"https:\/\/routinesfashione.com\/en\/wp-json\/wp\/v2\/media?parent=361"}],"wp:term":[{"taxonomy":"product_brand","embeddable":true,"href":"https:\/\/routinesfashione.com\/en\/wp-json\/wp\/v2\/product_brand?post=361"},{"taxonomy":"product_cat","embeddable":true,"href":"https:\/\/routinesfashione.com\/en\/wp-json\/wp\/v2\/product_cat?post=361"},{"taxonomy":"product_tag","embeddable":true,"href":"https:\/\/routinesfashione.com\/en\/wp-json\/wp\/v2\/product_tag?post=361"},{"taxonomy":"product_country","embeddable":true,"href":"https:\/\/routinesfashione.com\/en\/wp-json\/wp\/v2\/product_country?post=361"}],"curies":[{"name":"wp","href":"https:\/\/api.w.org\/{rel}","templated":true}]}}