{"id":3678,"date":"2025-08-05T20:16:39","date_gmt":"2025-08-05T20:16:39","guid":{"rendered":"https:\/\/lightgray-crow-170497.hostingersite.com\/?post_type=product&#038;p=3678"},"modified":"2025-09-30T21:12:42","modified_gmt":"2025-09-30T21:12:42","slug":"stiga-stiga-combi-553-s-166-cc-gasolina-cortacesped-de-corte-51-cm-3-en-1-cortacesped-de-arrastre","status":"publish","type":"product","link":"https:\/\/routinesfashione.com\/en\/produit\/stiga-stiga-combi-553-s-166-cc-gasolina-cortacesped-de-corte-51-cm-3-en-1-cortacesped-de-arrastre\/","title":{"rendered":"Stiga Stiga Combi 553 S 166 cc benzine zitmaaier 51 cm 3-in-1 getrokken grasmaaier"},"content":{"rendered":"<h3 class=\"product-description__title\">Omschrijving<\/h3>\n<div class=\"product-description__attribute description\">\n<div class=\"tsu-truncate-text _initialized _open\">\n<div class=\"tsu-truncate-text__content\">STIGA Combi 553 S is een zelfrijdende grasmaaier met een maaibreedte van 51 cm en een hybride grasopvangbak van 60 liter met &#8222;graszak vol&#8220;-indicator. Het robuuste stalen chassis ondersteunt een betrouwbare en goed presterende 166 cc STIGA motor met een nettovermogen van 2,60 kW\u00a0 2900 tpm. Met de Combi 553 S kun je kiezen tussen 3 verschillende maaimethoden: uitworp achter, opvang of mulchen &#8211; een maaitechniek die het gazon ook voedt en verzorgt. Dankzij een eenvoudige hendel kun je de aanpassing maaihoogte eenvoudig instellen op zes verschillende standen, van 22 tot 65 mm. Bovendien kan de gebruiker profiteren van het innovatieve Fulcrum stuur &#8211; verstelbaar en ergonomisch ontworpen met softgrip, het maakt de maaiervaring echt plezierig met respect voor de natuur.<\/div>\n<div>\n<h3 class=\"product-specs__title\">Technische specificaties<\/h3>\n<div class=\"product-specs__content\">\n<div id=\"product-specs__accordion\" class=\"mage-accordion-disabled\" role=\"tablist\">\n<div class=\"allow active\" role=\"tab\" data-role=\"collapsible\" data-collapsible=\"true\" aria-selected=\"true\" aria-expanded=\"true\">\n<div tabindex=\"0\" data-role=\"trigger\"><span class=\"text text-sm\">Algemene informatie<\/span><\/div>\n<\/div>\n<div class=\"allow\" role=\"tabpanel\" data-role=\"content\" aria-hidden=\"false\">\n<div class=\"product-specs__attributes\">\n<div class=\"product-specs__attribute\">\n<div class=\"attribute text text-xs\">\n<div class=\"label\">Lineup<\/div>\n<div class=\"data\" data-th=\"Lineup\"><strong>Combi<\/strong><\/div>\n<\/div>\n<\/div>\n<div class=\"product-specs__attribute\">\n<div class=\"attribute text text-xs\">\n<div class=\"label\">Art.nr.<\/div>\n<div class=\"data\" data-th=\"Art.nr.\">2L0536048\/ST1<\/div>\n<\/div>\n<\/div>\n<div class=\"product-specs__attribute\">\n<div class=\"attribute text text-xs\">\n<div class=\"label\">EAN \/ UCI<\/div>\n<div class=\"data\" data-th=\"EAN\/UPC\"><strong>8008984860575<\/strong><\/div>\n<\/div>\n<\/div>\n<div class=\"product-specs__attribute\">\n<div class=\"attribute text text-xs\">\n<div class=\"label\">Level<\/div>\n<div class=\"data\" data-th=\"Level\"><strong>Experience<\/strong><\/div>\n<\/div>\n<\/div>\n<div class=\"product-specs__attribute\">\n<div class=\"attribute text text-xs\">\n<div class=\"label\">Serie<\/div>\n<div class=\"data\" data-th=\"Series\"><strong>5 serie<\/strong><\/div>\n<\/div>\n<\/div>\n<\/div>\n<\/div>\n<div class=\"allow active\" role=\"tab\" data-role=\"collapsible\" data-collapsible=\"true\" aria-selected=\"true\" aria-expanded=\"true\">\n<div tabindex=\"0\" data-role=\"trigger\"><span class=\"text text-sm\">Vermogen<\/span><\/div>\n<\/div>\n<div class=\"allow\" role=\"tabpanel\" data-role=\"content\" aria-hidden=\"false\">\n<div class=\"product-specs__attributes\">\n<div class=\"product-specs__attribute\">\n<div class=\"attribute text text-xs\">\n<div class=\"label\">Krachtbron<\/div>\n<div class=\"data\" data-th=\"Power source\"><strong>Benzine<\/strong><\/div>\n<\/div>\n<\/div>\n<div class=\"product-specs__attribute\">\n<div class=\"attribute text text-xs\">\n<div class=\"label\">Vermogen<\/div>\n<div class=\"data\" data-th=\"Vermogen\"><strong>2.6 kW<\/strong><\/div>\n<\/div>\n<\/div>\n<div class=\"product-specs__attribute\">\n<div class=\"attribute text text-xs\">\n<div class=\"label\">Merk motor<\/div>\n<div class=\"data\" data-th=\"Engine Brand\"><strong>STIGA<\/strong><\/div>\n<\/div>\n<\/div>\n<div class=\"product-specs__attribute\">\n<div class=\"attribute text text-xs\">\n<div class=\"label\">Model motor<\/div>\n<div class=\"data\" data-th=\"Engine model\"><strong>ST 170 OHV Autochoke Powered by STIGA<\/strong><\/div>\n<\/div>\n<\/div>\n<div class=\"product-specs__attribute\">\n<div class=\"attribute text text-xs\">\n<div class=\"label\">Cilinderinhoud<\/div>\n<div class=\"data\" data-th=\"Displacement\"><strong>166 cm\u00b3<\/strong><\/div>\n<\/div>\n<\/div>\n<div class=\"product-specs__attribute\">\n<div class=\"attribute text text-xs\">\n<div class=\"label\">Toerental motor<\/div>\n<div class=\"data\" data-th=\"Engine rotation speed\"><strong>2900 rpm<\/strong><\/div>\n<\/div>\n<\/div>\n<div class=\"product-specs__attribute\">\n<div class=\"attribute text text-xs\">\n<div class=\"label\">Regeling toerental<\/div>\n<div class=\"data\" data-th=\"RPM control\"><strong>Vast toerental<\/strong><\/div>\n<\/div>\n<\/div>\n<div class=\"product-specs__attribute\">\n<div class=\"attribute text text-xs\">\n<div class=\"label\">Type starter<\/div>\n<div class=\"data\" data-th=\"Starter\"><strong>Koordstarter<\/strong><\/div>\n<\/div>\n<\/div>\n<div class=\"product-specs__attribute\">\n<div class=\"attribute text text-xs\">\n<div class=\"label\">Volume brandstofreservoir<\/div>\n<div class=\"data\" data-th=\"Fuel tank capacity\"><strong>1 l<\/strong><\/div>\n<\/div>\n<\/div>\n<div class=\"product-specs__attribute\">\n<div class=\"attribute text text-xs\">\n<div class=\"label\">Volume oliereservoir<\/div>\n<div class=\"data\" data-th=\"Engine Oil tank capacity\"><strong>0.55 l<\/strong><\/div>\n<\/div>\n<\/div>\n<div class=\"product-specs__attribute\">\n<div class=\"attribute text text-xs\">\n<div class=\"label\">Maaigebied<\/p>\n<div class=\"attribute-tooltip\">\n<div data-tippy-content=\"Voor zitmaaiers met accu verwijst dit naar het gemiddelde werkgebied dat met \u00e9\u00e9n acculading wordt gedaan, uitgaande van \u00e9\u00e9n wekelijkse maaibeurt.\"><i class=\"material-icons\">info_outline<\/i><\/div>\n<\/div>\n<\/div>\n<div class=\"data\" data-th=\"Mowing area\"><strong>1800 \u33a1<\/strong><\/div>\n<\/div>\n<\/div>\n<\/div>\n<\/div>\n<div class=\"allow active\" role=\"tab\" data-role=\"collapsible\" data-collapsible=\"true\" aria-selected=\"true\" aria-expanded=\"true\">\n<div tabindex=\"0\" data-role=\"trigger\"><span class=\"text text-sm\">Maaisysteem<\/span><\/div>\n<\/div>\n<div class=\"allow\" role=\"tabpanel\" data-role=\"content\" aria-hidden=\"false\">\n<div class=\"product-specs__attributes\">\n<div class=\"product-specs__attribute\">\n<div class=\"attribute text text-xs\">\n<div class=\"label\">Maaibreedte<\/div>\n<div class=\"data\" data-th=\"Maaibreedte\"><strong>51 cm<\/strong><\/div>\n<\/div>\n<\/div>\n<div class=\"product-specs__attribute\">\n<div class=\"attribute text text-xs\">\n<div class=\"label\">Materiaal maaidek<\/div>\n<div class=\"data\" data-th=\"Deck material\"><strong>Staal<\/strong><\/div>\n<\/div>\n<\/div>\n<div class=\"product-specs__attribute\">\n<div class=\"attribute text text-xs\">\n<div class=\"label\">Regeling maaihoogte<\/div>\n<div class=\"data\" data-th=\"Cutting height adjustment\"><strong>Gecentraliseerd<\/strong><\/div>\n<\/div>\n<\/div>\n<div class=\"product-specs__attribute\">\n<div class=\"attribute text text-xs\">\n<div class=\"label\">Aantal standen maaihoogte<\/div>\n<div class=\"data\" data-th=\"Cutting height positions\"><strong>6 standen<\/strong><\/div>\n<\/div>\n<\/div>\n<div class=\"product-specs__attribute\">\n<div class=\"attribute text text-xs\">\n<div class=\"label\">Maaihoogtes<\/div>\n<div class=\"data\" data-th=\"Cutting height range\"><strong>22 &#8211; 80 mm<\/strong><\/div>\n<\/div>\n<\/div>\n<\/div>\n<\/div>\n<div class=\"allow active\" role=\"tab\" data-role=\"collapsible\" data-collapsible=\"true\" aria-selected=\"true\" aria-expanded=\"true\">\n<div tabindex=\"0\" data-role=\"trigger\"><span class=\"text text-sm\">Aandrijving<\/span><\/div>\n<\/div>\n<div role=\"tabpanel\" data-role=\"content\" aria-hidden=\"false\">\n<div class=\"product-specs__attributes\">\n<div class=\"product-specs__attribute\">\n<div class=\"attribute text text-xs\">\n<div class=\"label\">Aandrijving<\/div>\n<div class=\"data\" data-th=\"Driving\"><strong>Zelfrijdend<\/strong><\/div>\n<\/div>\n<\/div>\n<div class=\"product-specs__attribute\">\n<div class=\"attribute text text-xs\">\n<div class=\"label\">Tractie<\/div>\n<div class=\"data\" data-th=\"Traction\"><strong>Achterwielaandrijving<\/strong><\/div>\n<\/div>\n<\/div>\n<div class=\"product-specs__attribute\">\n<div class=\"attribute text text-xs\">\n<div class=\"label\">Snelheid (vooruit)<\/div>\n<div class=\"data\" data-th=\"Speed forward\"><strong>3.7 km\/u<\/strong><\/div>\n<\/div>\n<\/div>\n<\/div>\n<\/div>\n<\/div>\n<\/div>\n<\/div>\n<\/div>\n<\/div>","protected":false},"excerpt":{"rendered":"<p>Omschrijving STIGA Combi 553 S is een zelfrijdende grasmaaier met een maaibreedte van 51 cm en een hybride grasopvangbak van<\/p>","protected":false},"featured_media":16127,"template":"","meta":[],"product_brand":[],"product_cat":[64],"product_tag":[65],"product_country":[1504],"class_list":{"0":"post-3678","1":"product","2":"type-product","3":"status-publish","4":"has-post-thumbnail","6":"product_cat-movers","7":"product_tag-movers","8":"product_country-netherlands","10":"first","11":"instock","12":"sale","13":"taxable","14":"shipping-taxable","15":"purchasable","16":"product-type-simple"},"_links":{"self":[{"href":"https:\/\/routinesfashione.com\/en\/wp-json\/wp\/v2\/product\/3678","targetHints":{"allow":["GET"]}}],"collection":[{"href":"https:\/\/routinesfashione.com\/en\/wp-json\/wp\/v2\/product"}],"about":[{"href":"https:\/\/routinesfashione.com\/en\/wp-json\/wp\/v2\/types\/product"}],"wp:featuredmedia":[{"embeddable":true,"href":"https:\/\/routinesfashione.com\/en\/wp-json\/wp\/v2\/media\/16127"}],"wp:attachment":[{"href":"https:\/\/routinesfashione.com\/en\/wp-json\/wp\/v2\/media?parent=3678"}],"wp:term":[{"taxonomy":"product_brand","embeddable":true,"href":"https:\/\/routinesfashione.com\/en\/wp-json\/wp\/v2\/product_brand?post=3678"},{"taxonomy":"product_cat","embeddable":true,"href":"https:\/\/routinesfashione.com\/en\/wp-json\/wp\/v2\/product_cat?post=3678"},{"taxonomy":"product_tag","embeddable":true,"href":"https:\/\/routinesfashione.com\/en\/wp-json\/wp\/v2\/product_tag?post=3678"},{"taxonomy":"product_country","embeddable":true,"href":"https:\/\/routinesfashione.com\/en\/wp-json\/wp\/v2\/product_country?post=3678"}],"curies":[{"name":"wp","href":"https:\/\/api.w.org\/{rel}","templated":true}]}}