{"id":372,"date":"2025-09-30T20:55:50","date_gmt":"2025-09-30T20:55:50","guid":{"rendered":"https:\/\/lightgray-crow-170497.hostingersite.com\/?post_type=product&#038;p=372"},"modified":"2025-09-30T20:55:50","modified_gmt":"2025-09-30T20:55:50","slug":"rm-4-rt-gasoline-mulching-mower","status":"publish","type":"product","link":"https:\/\/routinesfashione.com\/en\/produit\/rm-4-rt-gasoline-mulching-mower\/","title":{"rendered":"Tondeuse mulching \u00e0 essence RM 4 RT"},"content":{"rendered":"<h3 data-start=\"125\" data-end=\"153\">Description du produit<\/h3>\n<p data-start=\"154\" data-end=\"773\">La <strong data-start=\"157\" data-end=\"174\">Stihl RM 4 RT<\/strong> est une tondeuse \u00e0 essence autopropuls\u00e9e dot\u00e9e d\u2019une fonction de mulching. Elle est con\u00e7ue pour les pelouses de grande taille, offrant une maniabilit\u00e9 et un confort \u00e9lev\u00e9s gr\u00e2ce \u00e0 ses roues robustes, ses poign\u00e9es ergonomiques et ses \u00e9l\u00e9ments anti-vibrations. Le plateau de coupe est suffisamment large pour couvrir rapidement de grandes surfaces, et la lame de mulching sp\u00e9ciale hache finement l\u2019herbe pour la redistribuer sur la pelouse comme fertilisant naturel. Elle dispose aussi d\u2019un r\u00e9glage centralis\u00e9 de la hauteur de coupe, ce qui permet d\u2019adapter facilement la coupe selon l\u2019\u00e9tat du gazon.<\/p>\n<hr data-start=\"775\" data-end=\"778\" \/>\n<h3 data-start=\"780\" data-end=\"811\">Sp\u00e9cifications techniques<\/h3>\n<ul data-start=\"813\" data-end=\"1436\">\n<li data-start=\"813\" data-end=\"831\">\n<p data-start=\"815\" data-end=\"831\">Marque : Stihl<\/p>\n<\/li>\n<li data-start=\"832\" data-end=\"852\">\n<p data-start=\"834\" data-end=\"852\">Mod\u00e8le : RM 4 RT<\/p>\n<\/li>\n<li data-start=\"853\" data-end=\"910\">\n<p data-start=\"855\" data-end=\"910\">Type : Tondeuse \u00e0 essence autopropuls\u00e9e avec mulching<\/p>\n<\/li>\n<li data-start=\"911\" data-end=\"943\">\n<p data-start=\"913\" data-end=\"943\">Largeur de coupe : <strong data-start=\"932\" data-end=\"941\">53 cm<\/strong><\/p>\n<\/li>\n<li data-start=\"944\" data-end=\"989\">\n<p data-start=\"946\" data-end=\"989\">Hauteur de coupe : environ <strong data-start=\"973\" data-end=\"987\">30 \u00e0 70 mm<\/strong><\/p>\n<\/li>\n<li data-start=\"990\" data-end=\"1042\">\n<p data-start=\"992\" data-end=\"1042\">Moteur : Kohler \/ S\u00e9rie HD675 OHV SC (\u2248 149 cm\u00b3)<\/p>\n<\/li>\n<li data-start=\"1043\" data-end=\"1086\">\n<p data-start=\"1045\" data-end=\"1086\">Puissance nominale : environ <strong data-start=\"1074\" data-end=\"1084\">2,2 kW<\/strong><\/p>\n<\/li>\n<li data-start=\"1087\" data-end=\"1121\">\n<p data-start=\"1089\" data-end=\"1121\">R\u00e9gime moteur : ~ 2 800 tr\/min<\/p>\n<\/li>\n<li data-start=\"1122\" data-end=\"1151\">\n<p data-start=\"1124\" data-end=\"1151\">Poids : environ <strong data-start=\"1140\" data-end=\"1149\">35 kg<\/strong><\/p>\n<\/li>\n<li data-start=\"1152\" data-end=\"1198\">\n<p data-start=\"1154\" data-end=\"1198\">Surface recommand\u00e9e : jusqu\u2019\u00e0 <strong data-start=\"1184\" data-end=\"1196\">2 500 m\u00b2<\/strong><\/p>\n<\/li>\n<li data-start=\"1199\" data-end=\"1262\">\n<p data-start=\"1201\" data-end=\"1262\">Transmission : entra\u00eenement des roues avant (autopropuls\u00e9e)<\/p>\n<\/li>\n<li data-start=\"1263\" data-end=\"1293\">\n<p data-start=\"1265\" data-end=\"1293\">Fonction mulching standard<\/p>\n<\/li>\n<li data-start=\"1294\" data-end=\"1354\">\n<p data-start=\"1296\" data-end=\"1354\">R\u00e9glage de la hauteur : centralis\u00e9 (plusieurs positions)<\/p>\n<\/li>\n<li data-start=\"1355\" data-end=\"1393\">\n<p data-start=\"1357\" data-end=\"1393\">Niveau sonore garanti : ~ 93 dB(A)<\/p>\n<\/li>\n<li data-start=\"1394\" data-end=\"1436\">\n<p data-start=\"1396\" data-end=\"1436\">Niveau de vibration : environ 3,2 m\/s\u00b2<\/p>\n<\/li>\n<\/ul>","protected":false},"excerpt":{"rendered":"<p>Description du produit La Stihl RM 4 RT est une tondeuse \u00e0 essence autopropuls\u00e9e dot\u00e9e d\u2019une fonction de mulching. Elle<\/p>","protected":false},"featured_media":19596,"template":"","meta":[],"product_brand":[],"product_cat":[64],"product_tag":[65],"product_country":[1503],"class_list":{"0":"post-372","1":"product","2":"type-product","3":"status-publish","4":"has-post-thumbnail","6":"product_cat-movers","7":"product_tag-movers","8":"product_country-france","10":"first","11":"instock","12":"sale","13":"taxable","14":"shipping-taxable","15":"purchasable","16":"product-type-simple"},"_links":{"self":[{"href":"https:\/\/routinesfashione.com\/en\/wp-json\/wp\/v2\/product\/372","targetHints":{"allow":["GET"]}}],"collection":[{"href":"https:\/\/routinesfashione.com\/en\/wp-json\/wp\/v2\/product"}],"about":[{"href":"https:\/\/routinesfashione.com\/en\/wp-json\/wp\/v2\/types\/product"}],"wp:featuredmedia":[{"embeddable":true,"href":"https:\/\/routinesfashione.com\/en\/wp-json\/wp\/v2\/media\/19596"}],"wp:attachment":[{"href":"https:\/\/routinesfashione.com\/en\/wp-json\/wp\/v2\/media?parent=372"}],"wp:term":[{"taxonomy":"product_brand","embeddable":true,"href":"https:\/\/routinesfashione.com\/en\/wp-json\/wp\/v2\/product_brand?post=372"},{"taxonomy":"product_cat","embeddable":true,"href":"https:\/\/routinesfashione.com\/en\/wp-json\/wp\/v2\/product_cat?post=372"},{"taxonomy":"product_tag","embeddable":true,"href":"https:\/\/routinesfashione.com\/en\/wp-json\/wp\/v2\/product_tag?post=372"},{"taxonomy":"product_country","embeddable":true,"href":"https:\/\/routinesfashione.com\/en\/wp-json\/wp\/v2\/product_country?post=372"}],"curies":[{"name":"wp","href":"https:\/\/api.w.org\/{rel}","templated":true}]}}