{"id":4048,"date":"2025-08-06T00:17:19","date_gmt":"2025-08-06T00:17:19","guid":{"rendered":"https:\/\/lightgray-crow-170497.hostingersite.com\/?post_type=product&#038;p=4048"},"modified":"2025-09-30T21:04:04","modified_gmt":"2025-09-30T21:04:04","slug":"cortacesped-fuxtec-fx-rm5196pro-con-traccion-trasera-y-funcion-easyclean","status":"publish","type":"product","link":"https:\/\/routinesfashione.com\/en\/produit\/cortacesped-fuxtec-fx-rm5196pro-con-traccion-trasera-y-funcion-easyclean\/","title":{"rendered":"FUXTEC FX-RM5196PRO grasmaaier met achterwielaandrijving en &#8222;EasyClean&#8220;-functie"},"content":{"rendered":"<hr class=\"bucketDivider\" noshade=\"noshade\" size=\"1\" \/>\n<h2>Productbeschrijving<\/h2>\n<div class=\"aplus-v2 desktop celwidget\" data-csa-c-id=\"p5qsgq-5xz6rq-euy5mc-vk5b30\" data-cel-widget=\"aplus\">\n<div class=\"celwidget aplus-module module-12 aplus-standard\" data-csa-c-id=\"80hvoz-rkwq1x-tmiwq2-c77hz1\" data-cel-widget=\"aplus-module-12\">\n<div class=\"aplus-module-wrapper apm-spacing apm-floatnone apm-fixed-width\">\n<div class=\"apm-sidemodule aplus-module-content\">\n<div class=\"apm-hero-image\">FUXTEC FX-RM5196PRO grasmaaier met achterwielaandrijving en &#8222;EasyClean&#8220;-functie<\/div>\n<div>\n<h2>Productinformatie<\/h2>\n<div class=\"a-row\">\n<div class=\"a-column a-span12 a-span-last\">\n<div class=\"a-row a-spacing-top-base\">\n<div class=\"a-column a-span6\">\n<div class=\"a-row a-spacing-base\">\n<div class=\"a-row a-expander-container a-expander-extend-container\">\n<div class=\"a-row\">\n<div class=\"a-column a-span6\">\n<h1 class=\"a-size-medium a-spacing-small\">Technische gegevens<\/h1>\n<\/div>\n<\/div>\n<div class=\"a-expander-content a-expander-extend-content\" data-expanded=\"true\">\n<div class=\"a-row a-expander-container a-expander-inline-container\">\n<div class=\"a-expander-content a-expander-section-content a-section-expander-inner\" data-expanded=\"true\">\n<table id=\"productDetails_techSpec_section_1\" class=\"a-keyvalue prodDetTable\">\n<tbody>\n<tr>\n<th class=\"a-color-secondary a-size-base prodDetSectionEntry\">Fabrikant<\/th>\n<td class=\"a-size-base prodDetAttrValue\">\u200eFUXTEC<\/td>\n<\/tr>\n<tr>\n<th class=\"a-color-secondary a-size-base prodDetSectionEntry\">Onderdeelnummer<\/th>\n<td class=\"a-size-base prodDetAttrValue\">\u200eFX-RM5196Pro<\/td>\n<\/tr>\n<tr>\n<th class=\"a-color-secondary a-size-base prodDetSectionEntry\">Afmetingen pakket<\/th>\n<td class=\"a-size-base prodDetAttrValue\">\u200e92,5 x 56 x 47 cm; 42 kg<\/td>\n<\/tr>\n<tr>\n<th class=\"a-color-secondary a-size-base prodDetSectionEntry\">Modelnummer item<\/th>\n<td class=\"a-size-base prodDetAttrValue\">\u200eFX-RM5196PRO<\/td>\n<\/tr>\n<tr>\n<th class=\"a-color-secondary a-size-base prodDetSectionEntry\">Grootte<\/th>\n<td class=\"a-size-base prodDetAttrValue\">\u200eFlexSpeed &amp; E-START<\/td>\n<\/tr>\n<tr>\n<th class=\"a-color-secondary a-size-base prodDetSectionEntry\">Kleur<\/th>\n<td class=\"a-size-base prodDetAttrValue\">\u200ezwart, oranje<\/td>\n<\/tr>\n<tr>\n<th class=\"a-color-secondary a-size-base prodDetSectionEntry\">Stijl<\/th>\n<td class=\"a-size-base prodDetAttrValue\">\u200eRobuust en<\/td>\n<\/tr>\n<tr>\n<th class=\"a-color-secondary a-size-base prodDetSectionEntry\">Materiaal<\/th>\n<td class=\"a-size-base prodDetAttrValue\">\u200ebenzine<\/td>\n<\/tr>\n<tr>\n<th class=\"a-color-secondary a-size-base prodDetSectionEntry\">Energiebron<\/th>\n<td class=\"a-size-base prodDetAttrValue\">\u200eGas aangedreven<\/td>\n<\/tr>\n<tr>\n<th class=\"a-color-secondary a-size-base prodDetSectionEntry\">Wattage<\/th>\n<td class=\"a-size-base prodDetAttrValue\">\u200e4.4 kW<\/td>\n<\/tr>\n<tr>\n<th class=\"a-color-secondary a-size-base prodDetSectionEntry\">Pk<\/th>\n<td class=\"a-size-base prodDetAttrValue\">\u200e6 hp<\/td>\n<\/tr>\n<tr>\n<th class=\"a-color-secondary a-size-base prodDetSectionEntry\">Fabrikant<\/th>\n<td class=\"a-size-base prodDetAttrValue\">\u200eFUXTEC<\/td>\n<\/tr>\n<tr>\n<th class=\"a-color-secondary a-size-base prodDetSectionEntry\">ASIN<\/th>\n<td class=\"a-size-base prodDetAttrValue\">\u200eB09S5N4L2Z<\/td>\n<\/tr>\n<tr>\n<th class=\"a-color-secondary a-size-base prodDetSectionEntry\">Gegarandeerde software-updates tot<\/th>\n<td class=\"a-size-base prodDetAttrValue\">\u200eonbekend<\/td>\n<\/tr>\n<\/tbody>\n<\/table>\n<h1 class=\"a-size-base-plus a-text-bold\">Over dit item<\/h1>\n<ul class=\"a-unordered-list a-vertical a-spacing-mini\">\n<li class=\"a-spacing-mini\"><span class=\"a-list-item\">KRACHTIG: 6 pk benzinegrasmaaier van FUXTEC met krachtige 4-takt 196cc motor, elektrische start en flexibele aandrijving om gemakkelijker te werken, zelfs op grotere oppervlakken. Inclusief Easy Start-functie voor gemakkelijker starten van de trekstarter.<\/span><\/li>\n<li class=\"a-spacing-mini\"><span class=\"a-list-item\">ELEKTRISCHE START &amp; FLEXIBELE WIELAANDRIJVING: Start de maaier met \u00e9\u00e9n druk op de knop dankzij de ge\u00efntegreerde Li-Ion accu. Met instelbare achterwielaandrijving voor zelfaandrijving. Hierdoor kan de duwkracht worden aangepast aan het gazonoppervlak.<\/span><\/li>\n<li class=\"a-spacing-mini\"><span class=\"a-list-item\">4IN1 maaier: maaien, opvangen, mulchen &amp; zij-uitworp. Ook geschikt voor oppervlaktes van meer dan 1.000m\u00b2 dankzij de maaibreedte van 51cm. Handig afneembare grasopvangbak van 60 liter.<\/span><\/li>\n<li class=\"a-spacing-mini\"><span class=\"a-list-item\">HOGE KWALITEIT EN ROBUUST: Robuuste plaatstalen behuizing met zij-uitworp en hoogwaardig mulchmes van speciaal staal. Kogelgelagerde Big Wheel wielen van 255 mm achter en 175 mm voor voor een betere rijervaring, zelfs op oneffen terrein.<\/span><\/li>\n<li class=\"a-spacing-mini\"><span class=\"a-list-item\">MAAIHOOGTE AANPASSEN: Centrale maaihoogteverstelling van 25-75 mm. Eenvoudige instelling met een ge\u00efntegreerde hendel. Tijdbesparende instelling voor een ideaal maairesultaat.<\/span><\/li>\n<\/ul>\n<\/div>\n<\/div>\n<\/div>\n<\/div>\n<\/div>\n<\/div>\n<\/div>\n<\/div>\n<\/div>\n<\/div>\n<\/div>\n<\/div>\n<\/div>\n<\/div>","protected":false},"excerpt":{"rendered":"<p>Productbeschrijving FUXTEC FX-RM5196PRO grasmaaier met achterwielaandrijving en &#8222;EasyClean&#8220;-functie Productinformatie Technische gegevens Fabrikant \u200eFUXTEC Onderdeelnummer \u200eFX-RM5196Pro Afmetingen pakket \u200e92,5 x 56<\/p>","protected":false},"featured_media":16382,"template":"","meta":[],"product_brand":[],"product_cat":[64],"product_tag":[65],"product_country":[1504],"class_list":{"0":"post-4048","1":"product","2":"type-product","3":"status-publish","4":"has-post-thumbnail","6":"product_cat-movers","7":"product_tag-movers","8":"product_country-netherlands","10":"first","11":"instock","12":"sale","13":"taxable","14":"shipping-taxable","15":"purchasable","16":"product-type-simple"},"_links":{"self":[{"href":"https:\/\/routinesfashione.com\/en\/wp-json\/wp\/v2\/product\/4048","targetHints":{"allow":["GET"]}}],"collection":[{"href":"https:\/\/routinesfashione.com\/en\/wp-json\/wp\/v2\/product"}],"about":[{"href":"https:\/\/routinesfashione.com\/en\/wp-json\/wp\/v2\/types\/product"}],"wp:featuredmedia":[{"embeddable":true,"href":"https:\/\/routinesfashione.com\/en\/wp-json\/wp\/v2\/media\/16382"}],"wp:attachment":[{"href":"https:\/\/routinesfashione.com\/en\/wp-json\/wp\/v2\/media?parent=4048"}],"wp:term":[{"taxonomy":"product_brand","embeddable":true,"href":"https:\/\/routinesfashione.com\/en\/wp-json\/wp\/v2\/product_brand?post=4048"},{"taxonomy":"product_cat","embeddable":true,"href":"https:\/\/routinesfashione.com\/en\/wp-json\/wp\/v2\/product_cat?post=4048"},{"taxonomy":"product_tag","embeddable":true,"href":"https:\/\/routinesfashione.com\/en\/wp-json\/wp\/v2\/product_tag?post=4048"},{"taxonomy":"product_country","embeddable":true,"href":"https:\/\/routinesfashione.com\/en\/wp-json\/wp\/v2\/product_country?post=4048"}],"curies":[{"name":"wp","href":"https:\/\/api.w.org\/{rel}","templated":true}]}}