{"id":415,"date":"2025-09-30T20:55:49","date_gmt":"2025-09-30T20:55:49","guid":{"rendered":"https:\/\/lightgray-crow-170497.hostingersite.com\/?post_type=product&#038;p=415"},"modified":"2025-09-30T20:55:49","modified_gmt":"2025-09-30T20:55:49","slug":"e-tech-grasmaaier-4-in-1-met-ego-power-56v-accu-motor-52-cm-stalen-maaidek-zelfrijdend-variabele-snelheid","status":"publish","type":"product","link":"https:\/\/routinesfashione.com\/en\/produit\/e-tech-grasmaaier-4-in-1-met-ego-power-56v-accu-motor-52-cm-stalen-maaidek-zelfrijdend-variabele-snelheid\/","title":{"rendered":"Tondeuse \u00e0 gazon 4 en 1 E-Tech avec moteur \u00e0 batterie EGO Power+ 56 V, 52 cm, plateau de coupe en acier, autopropuls\u00e9e, vitesse variable"},"content":{"rendered":"<p data-start=\"2546\" data-end=\"2909\">La\u00a0<strong data-start=\"2549\" data-end=\"2568\">MAXI 52 4X4 EGO<\/strong>\u00a0est une tondeuse puissante et polyvalente\u00a0<strong data-start=\"2611\" data-end=\"2621\">4-en-1<\/strong>, \u00e9quip\u00e9e du moteur fiable\u00a0<strong data-start=\"2648\" data-end=\"2673\">EGO Power+ 56V PU2700<\/strong>.<\/p>\n<p data-start=\"2546\" data-end=\"2909\">Con\u00e7ue pour les pelouses exigeantes et les terrains difficiles, elle offre une\u00a0<strong data-start=\"2754\" data-end=\"2783\">largeur de coupe de 52 cm<\/strong>, un\u00a0<strong data-start=\"2788\" data-end=\"2815\">carter en acier robuste<\/strong>\u00a0et un syst\u00e8me de coupe 4-en-1 (ramassage, \u00e9jection arri\u00e8re, \u00e9jection lat\u00e9rale et mulching).<\/p>\n<p data-start=\"2911\" data-end=\"3203\">Son syst\u00e8me brevet\u00e9 de\u00a0<strong data-start=\"2934\" data-end=\"2959\">traction 2 ou 4 roues<\/strong>\u00a0garantit une\u00a0<strong data-start=\"2973\" data-end=\"2995\">adh\u00e9rence maximale<\/strong>, m\u00eame sur des terrains en pente.<\/p>\n<p data-start=\"2911\" data-end=\"3203\">Le\u00a0<strong data-start=\"3032\" data-end=\"3080\">grand bac de ramassage en nylon de 70 litres<\/strong>\u00a0et le r\u00e9glage centralis\u00e9 de la hauteur de coupe (25 \u2013 80 mm, 5 positions) facilitent un travail efficace et confortable.<\/p>\n<p data-start=\"3205\" data-end=\"3395\">Dot\u00e9e d\u2019une\u00a0<strong data-start=\"3217\" data-end=\"3256\">double transmission professionnelle<\/strong>, d\u2019engrenages en bronze et de\u00a0<strong data-start=\"3287\" data-end=\"3329\">roues m\u00e9talliques galvanis\u00e9es \u00d8 235 mm<\/strong>\u00a0avec roulements \u00e9tanches, cette tondeuse est con\u00e7ue pour durer.<\/p>\n<h4 data-start=\"3397\" data-end=\"3431\">Caract\u00e9ristiques techniques<\/h4>\n<ul data-start=\"3432\" data-end=\"3851\">\n<li data-start=\"3432\" data-end=\"3470\">\n<p data-start=\"3434\" data-end=\"3470\"><strong data-start=\"3434\" data-end=\"3444\">Moteur<\/strong>\u00a0: EGO Power+ 56V PU2700<\/p>\n<\/li>\n<li data-start=\"3471\" data-end=\"3503\">\n<p data-start=\"3473\" data-end=\"3503\"><strong data-start=\"3473\" data-end=\"3493\">Largeur de coupe<\/strong>\u00a0: 52 cm<\/p>\n<\/li>\n<li data-start=\"3504\" data-end=\"3593\">\n<p data-start=\"3506\" data-end=\"3593\"><strong data-start=\"3506\" data-end=\"3516\">Carter<\/strong>\u00a0: acier, 4-en-1 (ramassage, \u00e9jection arri\u00e8re, \u00e9jection lat\u00e9rale, mulching)<\/p>\n<\/li>\n<li data-start=\"3594\" data-end=\"3658\">\n<p data-start=\"3596\" data-end=\"3658\"><strong data-start=\"3596\" data-end=\"3616\">Hauteur de coupe<\/strong>\u00a0: 25 \u2013 80 mm, centralis\u00e9e (5 positions)<\/p>\n<\/li>\n<li data-start=\"3659\" data-end=\"3723\">\n<p data-start=\"3661\" data-end=\"3723\"><strong data-start=\"3661\" data-end=\"3673\">Traction<\/strong>\u00a0: choix 2 ou 4 roues motrices (syst\u00e8me brevet\u00e9)<\/p>\n<\/li>\n<li data-start=\"3724\" data-end=\"3767\">\n<p data-start=\"3726\" data-end=\"3767\"><strong data-start=\"3726\" data-end=\"3746\">Bac de ramassage<\/strong>\u00a0: nylon, 70 litres<\/p>\n<\/li>\n<li data-start=\"3768\" data-end=\"3789\">\n<p data-start=\"3770\" data-end=\"3789\"><strong data-start=\"3770\" data-end=\"3779\">Poids<\/strong>\u00a0: 47 kg<\/p>\n<\/li>\n<li data-start=\"3790\" data-end=\"3851\">\n<p data-start=\"3792\" data-end=\"3851\"><strong data-start=\"3792\" data-end=\"3801\">Roues<\/strong>\u00a0: acier galvanis\u00e9 \u00d8 235 mm, roulements \u00e9tanches<\/p>\n<\/li>\n<\/ul>\n<h4 data-start=\"3853\" data-end=\"3872\">Points forts<\/h4>\n<ul data-start=\"3873\" data-end=\"4180\">\n<li data-start=\"3873\" data-end=\"3925\">\n<p data-start=\"3875\" data-end=\"3925\">Parfaite pour les pelouses pentues ou exigeantes<\/p>\n<\/li>\n<li data-start=\"3926\" data-end=\"3981\">\n<p data-start=\"3928\" data-end=\"3981\">Syst\u00e8me brevet\u00e9 2WD\/4WD pour une adh\u00e9rence optimale<\/p>\n<\/li>\n<li data-start=\"3982\" data-end=\"4040\">\n<p data-start=\"3984\" data-end=\"4040\">Transmission professionnelle avec bo\u00eetier en aluminium<\/p>\n<\/li>\n<li data-start=\"4041\" data-end=\"4108\">\n<p data-start=\"4043\" data-end=\"4108\">Lame \u00e0 haut souffle pour remplir totalement le bac de ramassage<\/p>\n<\/li>\n<li data-start=\"4109\" data-end=\"4180\">\n<p data-start=\"4111\" data-end=\"4180\">Pare-chocs avant pour prot\u00e9ger le carter et faciliter les man\u0153uvres<\/p>\n<\/li>\n<\/ul>\n<h4 data-start=\"4182\" data-end=\"4218\">Avantages de l\u2019EGO Power Unit<\/h4>\n<ul data-start=\"4219\" data-end=\"4691\">\n<li data-start=\"4219\" data-end=\"4292\">\n<p data-start=\"4221\" data-end=\"4292\">Compatible avec toutes les machines de jardin\u00a0<strong data-start=\"4267\" data-end=\"4290\">E-TECH POWER et EGO<\/strong><\/p>\n<\/li>\n<li data-start=\"4293\" data-end=\"4356\">\n<p data-start=\"4295\" data-end=\"4356\">Performances comparables \u00e0 un\u00a0<strong data-start=\"4325\" data-end=\"4354\">moteur essence de 200 cm\u00b3<\/strong><\/p>\n<\/li>\n<li data-start=\"4357\" data-end=\"4427\">\n<p data-start=\"4359\" data-end=\"4427\">Couple \u00e9lev\u00e9, moins de vibrations, plus compact et plus silencieux<\/p>\n<\/li>\n<li data-start=\"4428\" data-end=\"4504\">\n<p data-start=\"4430\" data-end=\"4504\"><strong data-start=\"4430\" data-end=\"4444\">PEAKPOWER\u2122<\/strong>\u00a0\u00e9quilibre plusieurs batteries pour une puissance maximale<\/p>\n<\/li>\n<li data-start=\"4505\" data-end=\"4541\">\n<p data-start=\"4507\" data-end=\"4541\">Deux vitesses :\u00a0<strong data-start=\"4523\" data-end=\"4539\">\u00e9co et boost<\/strong><\/p>\n<\/li>\n<li data-start=\"4542\" data-end=\"4584\">\n<p data-start=\"4544\" data-end=\"4584\">Z\u00e9ro \u00e9mission \u2013 plus s\u00fbr et \u00e9cologique<\/p>\n<\/li>\n<li data-start=\"4585\" data-end=\"4629\">\n<p data-start=\"4587\" data-end=\"4629\"><strong data-start=\"4587\" data-end=\"4601\">\u00c9conomique<\/strong>\u00a0\u00e0 l\u2019usage et en entretien<\/p>\n<\/li>\n<li data-start=\"4630\" data-end=\"4691\">\n<p data-start=\"4632\" data-end=\"4691\">Longue dur\u00e9e de vie gr\u00e2ce \u00e0 la\u00a0<strong data-start=\"4663\" data-end=\"4689\">technologie Keep Cool\u2122<\/strong><\/p>\n<\/li>\n<\/ul>\n<h2>Sp\u00e9cifications<\/h2>\n<table class=\"productpage_specs_table\">\n<tbody>\n<tr>\n<th>Largeur de coupe<\/th>\n<td>52 cm<\/td>\n<\/tr>\n<tr>\n<th>Entra\u00eenement<\/th>\n<td>EGO PU2700 Power+ 56V power unit<\/td>\n<\/tr>\n<tr>\n<th>Puissance<\/th>\n<td>3,24 cv (2,38 kW) @ 2800 rpm \/ 4,72 cv (3,47 kW) @ 3600 rpm<\/td>\n<\/tr>\n<tr>\n<th>Plateau de coupe<\/th>\n<td>Acier<\/td>\n<\/tr>\n<tr>\n<th>Traction \u00e0 roues<\/th>\n<td>Oui \/ 1 vitesse \/ 2X4 &#8211; 4X4<\/td>\n<\/tr>\n<tr>\n<th>Poids<\/th>\n<td>47 kg<\/td>\n<\/tr>\n<tr>\n<th>Dim. Transport (LxLxH)<\/th>\n<td>105x61x47cm<\/td>\n<\/tr>\n<\/tbody>\n<\/table>","protected":false},"excerpt":{"rendered":"<p>La\u00a0MAXI 52 4X4 EGO\u00a0est une tondeuse puissante et polyvalente\u00a04-en-1, \u00e9quip\u00e9e du moteur fiable\u00a0EGO Power+ 56V PU2700. Con\u00e7ue pour les pelouses<\/p>","protected":false},"featured_media":19617,"template":"","meta":[],"product_brand":[],"product_cat":[64],"product_tag":[65],"product_country":[1503],"class_list":{"0":"post-415","1":"product","2":"type-product","3":"status-publish","4":"has-post-thumbnail","6":"product_cat-movers","7":"product_tag-movers","8":"product_country-france","10":"first","11":"instock","12":"sale","13":"taxable","14":"shipping-taxable","15":"purchasable","16":"product-type-simple"},"_links":{"self":[{"href":"https:\/\/routinesfashione.com\/en\/wp-json\/wp\/v2\/product\/415","targetHints":{"allow":["GET"]}}],"collection":[{"href":"https:\/\/routinesfashione.com\/en\/wp-json\/wp\/v2\/product"}],"about":[{"href":"https:\/\/routinesfashione.com\/en\/wp-json\/wp\/v2\/types\/product"}],"wp:featuredmedia":[{"embeddable":true,"href":"https:\/\/routinesfashione.com\/en\/wp-json\/wp\/v2\/media\/19617"}],"wp:attachment":[{"href":"https:\/\/routinesfashione.com\/en\/wp-json\/wp\/v2\/media?parent=415"}],"wp:term":[{"taxonomy":"product_brand","embeddable":true,"href":"https:\/\/routinesfashione.com\/en\/wp-json\/wp\/v2\/product_brand?post=415"},{"taxonomy":"product_cat","embeddable":true,"href":"https:\/\/routinesfashione.com\/en\/wp-json\/wp\/v2\/product_cat?post=415"},{"taxonomy":"product_tag","embeddable":true,"href":"https:\/\/routinesfashione.com\/en\/wp-json\/wp\/v2\/product_tag?post=415"},{"taxonomy":"product_country","embeddable":true,"href":"https:\/\/routinesfashione.com\/en\/wp-json\/wp\/v2\/product_country?post=415"}],"curies":[{"name":"wp","href":"https:\/\/api.w.org\/{rel}","templated":true}]}}