{"id":4474,"date":"2025-08-06T14:48:03","date_gmt":"2025-08-06T14:48:03","guid":{"rendered":"https:\/\/lightgray-crow-170497.hostingersite.com\/?post_type=product&#038;p=4474"},"modified":"2025-09-30T21:16:52","modified_gmt":"2025-09-30T21:16:52","slug":"cortacesped-electrico-de-bateria-worx-wg743e","status":"publish","type":"product","link":"https:\/\/routinesfashione.com\/en\/produit\/cortacesped-electrico-de-bateria-worx-wg743e\/","title":{"rendered":"Worx WG743E snoerloze elektrische grasmaaier"},"content":{"rendered":"<ul class=\"a-unordered-list a-vertical a-spacing-mini\">\n<li class=\"a-spacing-mini\"><span class=\"a-list-item\"><span dir=\"auto\"><span dir=\"auto\">De WORX PowerShare is compatibel met alle 20V, 40V en 80V WORX-gereedschappen, evenals met outdoor- en dagelijkse producten. De WG743E wordt aangedreven door twee 20V 4Ah PowerShare-accu&#8217;s en maait tot 500 m\u00b2 op \u00e9\u00e9n acculading.<\/span><\/span><\/span><\/li>\n<li class=\"a-spacing-mini\"><span class=\"a-list-item\"><span dir=\"auto\"><span dir=\"auto\">IntelliCut-technologie IntelliCut-technologie past automatisch de motorprestaties aan om het maaivermogen of de looptijd te maximaliseren op basis van de dichtheid van het gras.<\/span><\/span><\/span><\/li>\n<li class=\"a-spacing-mini\"><span class=\"a-list-item\"><span dir=\"auto\"><span dir=\"auto\">Maai tot aan de rand Dankzij de \u201cCut to Edge\u201d-technologie maait uw verbonden LANDROID-grasmaaier het gras tot aan de rand van uw tuin. U hoeft dus niet meer te trimmen, wat vaak met een trimmer gebeurt.<\/span><\/span><\/span><\/li>\n<li class=\"a-spacing-mini\"><span class=\"a-list-item\"><span dir=\"auto\"><span dir=\"auto\">Volledig inklapbare handgreep voor optimale opslag in uw garage tijdens het valleiseizoen<\/span><\/span><\/span><\/li>\n<li class=\"a-spacing-mini\"><span class=\"a-list-item\"><span dir=\"auto\"><span dir=\"auto\">Snelle hoogteverstelling Met \u00e9\u00e9n hendel kunt u kiezen uit 7 verschillende maaihoogtes.<\/span><\/span><\/span><\/li>\n<li class=\"a-spacing-mini\"><span class=\"a-list-item\"><span dir=\"auto\"><span dir=\"auto\">Batterij-indicator. Dankzij de ingebouwde indicator weet u altijd hoe vol de batterij is. Zo weet u hoeveel tijd u nog hebt om te maaien voordat u de batterij moet vervangen of opladen.<\/span><\/span><\/span><\/li>\n<li class=\"a-spacing-mini\"><span class=\"a-list-item\"><span dir=\"auto\"><span dir=\"auto\">Dubbele lader. Laad twee accu&#8217;s op in twee uur of \u00e9\u00e9n in \u00e9\u00e9n uur. U kunt hem gebruiken om de 20V-accu&#8217;s van al uw WORX PowerShare-gereedschappen op te laden.<\/span><\/span><\/span><br \/>\n<table class=\"a-normal a-spacing-micro\">\n<tbody>\n<tr class=\"a-spacing-small po-brand\">\n<td class=\"a-span3\"><span class=\"a-size-base a-text-bold\"><span dir=\"auto\"><span dir=\"auto\">Merknaam<\/span><\/span><\/span><\/td>\n<td class=\"a-span9\"><span class=\"a-size-base po-break-word\">WORX<\/span><\/td>\n<\/tr>\n<tr class=\"a-spacing-small po-power_source_type\">\n<td class=\"a-span3\"><span class=\"a-size-base a-text-bold\"><span dir=\"auto\"><span dir=\"auto\">Energiebron<\/span><\/span><\/span><\/td>\n<td class=\"a-span9\"><span class=\"a-size-base po-break-word\"><span dir=\"auto\"><span dir=\"auto\">Op batterijen<\/span><\/span><\/span><\/td>\n<\/tr>\n<tr class=\"a-spacing-small po-material\">\n<td class=\"a-span3\"><span class=\"a-size-base a-text-bold\"><span dir=\"auto\"><span dir=\"auto\">Materiaal<\/span><\/span><\/span><\/td>\n<td class=\"a-span9\"><span class=\"a-size-base po-break-word\"><span dir=\"auto\"><span dir=\"auto\">Polypropyleen<\/span><\/span><\/span><\/td>\n<\/tr>\n<tr class=\"a-spacing-small po-color\">\n<td class=\"a-span3\"><span class=\"a-size-base a-text-bold\"><span dir=\"auto\"><span dir=\"auto\">Kleur<\/span><\/span><\/span><\/td>\n<td class=\"a-span9\"><span class=\"a-size-base po-break-word\"><span dir=\"auto\"><span dir=\"auto\">zwart en oranje<\/span><\/span><\/span><\/td>\n<\/tr>\n<tr class=\"a-spacing-small po-style\">\n<td class=\"a-span3\"><span class=\"a-size-base a-text-bold\"><span dir=\"auto\"><span dir=\"auto\">Stijl<\/span><\/span><\/span><\/td>\n<td class=\"a-span9\"><span class=\"a-size-base po-break-word\"><span dir=\"auto\"><span dir=\"auto\">Snijbreedte: 40 cm.<\/span><\/span><\/span><\/td>\n<\/tr>\n<tr class=\"a-spacing-small po-item_weight\">\n<td class=\"a-span3\"><span class=\"a-size-base a-text-bold\"><span dir=\"auto\"><span dir=\"auto\">Artikelgewicht<\/span><\/span><\/span><\/td>\n<td class=\"a-span9\"><span class=\"a-size-base po-break-word\"><span dir=\"auto\"><span dir=\"auto\">12,6 kilogram<\/span><\/span><\/span><\/td>\n<\/tr>\n<tr class=\"a-spacing-small po-cutting_width\">\n<td class=\"a-span3\"><span class=\"a-size-base a-text-bold\"><span dir=\"auto\"><span dir=\"auto\">Snijbreedte<\/span><\/span><\/span><\/td>\n<td class=\"a-span9\"><span class=\"a-size-base po-break-word\"><span dir=\"auto\"><span dir=\"auto\">40 centimeter<\/span><\/span><\/span><\/td>\n<\/tr>\n<tr class=\"a-spacing-small po-number_of_positions\">\n<td class=\"a-span3\"><span class=\"a-size-base a-text-bold\"><span dir=\"auto\"><span dir=\"auto\">Aantal posities<\/span><\/span><\/span><\/td>\n<td class=\"a-span9\"><span class=\"a-size-base po-break-word\"><span dir=\"auto\"><span dir=\"auto\">6<\/span><\/span><\/span><\/td>\n<\/tr>\n<tr class=\"a-spacing-small po-operation_mode\">\n<td class=\"a-span3\"><span class=\"a-size-base a-text-bold\"><span dir=\"auto\"><span dir=\"auto\">Werkingswijze<\/span><\/span><\/span><\/td>\n<td class=\"a-span9\"><span class=\"a-size-base po-break-word\"><span dir=\"auto\"><span dir=\"auto\">Handmatig<\/span><\/span><\/span><\/td>\n<\/tr>\n<tr class=\"a-spacing-small po-item_depth_width_height\">\n<td class=\"a-span3\"><span class=\"a-size-base a-text-bold\"><span dir=\"auto\"><span dir=\"auto\">Artikelafmetingen D x B x H<\/span><\/span><\/span><\/td>\n<td class=\"a-span9\"><span class=\"a-size-base po-break-word\"><span dir=\"auto\"><span dir=\"auto\">56,7 cm diep x 17,7 cm breed x 41,3 cm hoog<\/span><\/span><\/span><\/td>\n<\/tr>\n<\/tbody>\n<\/table>\n<\/li>\n<\/ul>","protected":false},"excerpt":{"rendered":"<p>De WORX PowerShare is compatibel met alle 20V, 40V en 80V WORX-gereedschappen, evenals met outdoor- en dagelijkse producten. De WG743E<\/p>","protected":false},"featured_media":16686,"template":"","meta":[],"product_brand":[],"product_cat":[62],"product_tag":[65],"product_country":[1504],"class_list":{"0":"post-4474","1":"product","2":"type-product","3":"status-publish","4":"has-post-thumbnail","6":"product_cat-mover","7":"product_tag-movers","8":"product_country-netherlands","10":"first","11":"instock","12":"sale","13":"taxable","14":"shipping-taxable","15":"purchasable","16":"product-type-simple"},"_links":{"self":[{"href":"https:\/\/routinesfashione.com\/en\/wp-json\/wp\/v2\/product\/4474","targetHints":{"allow":["GET"]}}],"collection":[{"href":"https:\/\/routinesfashione.com\/en\/wp-json\/wp\/v2\/product"}],"about":[{"href":"https:\/\/routinesfashione.com\/en\/wp-json\/wp\/v2\/types\/product"}],"wp:featuredmedia":[{"embeddable":true,"href":"https:\/\/routinesfashione.com\/en\/wp-json\/wp\/v2\/media\/16686"}],"wp:attachment":[{"href":"https:\/\/routinesfashione.com\/en\/wp-json\/wp\/v2\/media?parent=4474"}],"wp:term":[{"taxonomy":"product_brand","embeddable":true,"href":"https:\/\/routinesfashione.com\/en\/wp-json\/wp\/v2\/product_brand?post=4474"},{"taxonomy":"product_cat","embeddable":true,"href":"https:\/\/routinesfashione.com\/en\/wp-json\/wp\/v2\/product_cat?post=4474"},{"taxonomy":"product_tag","embeddable":true,"href":"https:\/\/routinesfashione.com\/en\/wp-json\/wp\/v2\/product_tag?post=4474"},{"taxonomy":"product_country","embeddable":true,"href":"https:\/\/routinesfashione.com\/en\/wp-json\/wp\/v2\/product_country?post=4474"}],"curies":[{"name":"wp","href":"https:\/\/api.w.org\/{rel}","templated":true}]}}