{"id":470,"date":"2025-09-30T20:55:48","date_gmt":"2025-09-30T20:55:48","guid":{"rendered":"https:\/\/lightgray-crow-170497.hostingersite.com\/?post_type=product&#038;p=470"},"modified":"2025-09-30T20:55:48","modified_gmt":"2025-09-30T20:55:48","slug":"moteur-combisysteme-stihl-km-131-r","status":"publish","type":"product","link":"https:\/\/routinesfashione.com\/en\/produit\/moteur-combisysteme-stihl-km-131-r\/","title":{"rendered":"Moteur Combisyst\u00e8me Stihl KM 131 R"},"content":{"rendered":"<p>Le plus puissant des moteurs Combisyst\u00e8me. Un atout de taille dans votre garage. Avec poign\u00e9e circulaire, moteur 4-MIX\u00ae \u00e0 d\u00e9compression automatique.<\/p>\n<p>&nbsp;<\/p>\n<p>Peut \u00eatre \u00e9quip\u00e9 des outils CombiSyst\u00e8me suivants :<\/p>\n<p>&nbsp;<\/p>\n<p>*T\u00eate faucheuse FS-KM AutoCut 25-2 : R\u00e9f 41802000687<\/p>\n<p>* Faucheuse FH-KM 145\u00b0 : R\u00e9f 42437405003<\/p>\n<p>* Dresse bordures FCB-KM : R\u00e9f 41807405002<\/p>\n<p>* Sarcleuse BF-KM : R\u00e9f 46017405000<\/p>\n<p>* Coupe-haies HL-KM 0 : R\u00e9f 42437405000<\/p>\n<p>* Coupe-haies HL-KM 145\u00b0, lamier 50 cm : R\u00e9f 42437405006<\/p>\n<p>* Coupe-haies HL-KM 145\u00b0, lamier 60 cm : R\u00e9f 42437405008<\/p>\n<p>* R\u00e9colteuse SP-KM : R\u00e9f 42497405000<\/p>\n<p>* Balai brosse KB-KM : R\u00e9f 46017404905<\/p>\n<p>* Balai racleur KW-KM : R\u00e9f 46017404904<\/p>\n<p>* Souffleur BG-KM : R\u00e9f 46067405000<\/p>","protected":false},"excerpt":{"rendered":"<p>Le plus puissant des moteurs Combisyst\u00e8me. Un atout de taille dans votre garage. Avec poign\u00e9e circulaire, moteur 4-MIX\u00ae \u00e0 d\u00e9compression<\/p>","protected":false},"featured_media":13144,"template":"","meta":[],"product_brand":[],"product_cat":[61],"product_tag":[],"product_country":[1503],"class_list":{"0":"post-470","1":"product","2":"type-product","3":"status-publish","4":"has-post-thumbnail","6":"product_cat-sale-france","7":"product_country-france","9":"first","10":"instock","11":"sale","12":"taxable","13":"shipping-taxable","14":"purchasable","15":"product-type-simple"},"_links":{"self":[{"href":"https:\/\/routinesfashione.com\/en\/wp-json\/wp\/v2\/product\/470","targetHints":{"allow":["GET"]}}],"collection":[{"href":"https:\/\/routinesfashione.com\/en\/wp-json\/wp\/v2\/product"}],"about":[{"href":"https:\/\/routinesfashione.com\/en\/wp-json\/wp\/v2\/types\/product"}],"wp:featuredmedia":[{"embeddable":true,"href":"https:\/\/routinesfashione.com\/en\/wp-json\/wp\/v2\/media\/13144"}],"wp:attachment":[{"href":"https:\/\/routinesfashione.com\/en\/wp-json\/wp\/v2\/media?parent=470"}],"wp:term":[{"taxonomy":"product_brand","embeddable":true,"href":"https:\/\/routinesfashione.com\/en\/wp-json\/wp\/v2\/product_brand?post=470"},{"taxonomy":"product_cat","embeddable":true,"href":"https:\/\/routinesfashione.com\/en\/wp-json\/wp\/v2\/product_cat?post=470"},{"taxonomy":"product_tag","embeddable":true,"href":"https:\/\/routinesfashione.com\/en\/wp-json\/wp\/v2\/product_tag?post=470"},{"taxonomy":"product_country","embeddable":true,"href":"https:\/\/routinesfashione.com\/en\/wp-json\/wp\/v2\/product_country?post=470"}],"curies":[{"name":"wp","href":"https:\/\/api.w.org\/{rel}","templated":true}]}}