{"id":483,"date":"2025-09-30T20:13:46","date_gmt":"2025-09-30T20:13:46","guid":{"rendered":"https:\/\/lightgray-crow-170497.hostingersite.com\/?post_type=product&#038;p=483"},"modified":"2025-09-30T21:01:33","modified_gmt":"2025-09-30T21:01:33","slug":"holzbrx-brennholz-buche-25cm-2rm-3srm","status":"publish","type":"product","link":"https:\/\/routinesfashione.com\/en\/produit\/holzbrx-brennholz-buche-25cm-2rm-3srm\/","title":{"rendered":"Holzbrx Brennholz Buche 25cm 2RM \/ 3SRM"},"content":{"rendered":"<p><strong class=\"entry--label\">Technische Daten:<\/strong><\/p>\n<ul type=\"square\">\n<li>Material: Buche<\/li>\n<li>Heizwert: ca. 4,2 kWh\/kg<\/li>\n<li>Palettengewicht: 1000 \u2013 1100 kg<\/li>\n<li>Restfeuchte: < 20%<\/li>\n<li>Trocknung: kammergetrocknet<\/li>\n<li>Menge pro Palette: 2RM\/3SRM<\/li>\n<li>Palettenma\u00df (LxBxH): 90 x 130 x 220 cm<\/li>\n<li>Abmessung: 25cm Scheitl\u00e4nge<\/li>\n<li>Abpackung: stabile Bretterbox \/ Einweg<\/li>\n<\/ul>\n<div class=\"tab--navigation\"><strong>Beschreibung<\/strong><\/div>\n<div class=\"tab--container-list\">\n<div class=\"tab--container has--content is--active\">\n<div class=\"tab--content\">\n<div class=\"content--description\">\n<div class=\"product--description\">Holzbrx Brennholz Buche 25cm 2RM \/ 3SRM, BH002.1<\/p>\n<p>Unser sortenreines Brennholz ist kammergetrocknet mit maximal 20% Restfeuchte im Kern und frei von jeglichen St\u00f6rstoffen. Sie k\u00f6nnen Ihr Kaminfeuer maximal genie\u00dfen und m\u00fcssen sich nicht mit schlecht brennenden und qualmenden Brennholz rum\u00e4rgern. Die Anlieferung mit einem Hebeb\u00fchnen-LKW im besten Fall direkt vor die Haust\u00fcr. Das Brennholz ist in einer praktischen 1RM oder 2RM Holzbox sauber und platzsparend aufgestapelt und kann dort je nach Bedarf entnommen werden.<\/p>\n<\/p><\/div>\n<\/div>\n<\/div>\n<\/div>\n<\/div>","protected":false},"excerpt":{"rendered":"<p><strong class=\"entry--label\">Technische Daten:<\/strong><\/p>\n<ul type=\"square\">\n<li>Material: Buche<\/li>\n<li>Heizwert: ca. 4,2 kWh\/kg<\/li>\n<li>Palettengewicht: 1000 \u2013 1100 kg<\/li>\n<li>Restfeuchte: < 20%<\/li>\n<li>Trocknung: kammergetrocknet<\/li>\n<li>Menge pro Palette: 2RM\/3SRM<\/li>\n<\/ul>","protected":false},"featured_media":484,"template":"","meta":[],"product_brand":[],"product_cat":[24],"product_tag":[],"product_country":[1501],"class_list":{"0":"post-483","1":"product","2":"type-product","3":"status-publish","4":"has-post-thumbnail","6":"product_cat-brennholz","7":"product_country-germany","9":"first","10":"instock","11":"sale","12":"taxable","13":"shipping-taxable","14":"purchasable","15":"product-type-simple"},"_links":{"self":[{"href":"https:\/\/routinesfashione.com\/en\/wp-json\/wp\/v2\/product\/483","targetHints":{"allow":["GET"]}}],"collection":[{"href":"https:\/\/routinesfashione.com\/en\/wp-json\/wp\/v2\/product"}],"about":[{"href":"https:\/\/routinesfashione.com\/en\/wp-json\/wp\/v2\/types\/product"}],"wp:featuredmedia":[{"embeddable":true,"href":"https:\/\/routinesfashione.com\/en\/wp-json\/wp\/v2\/media\/484"}],"wp:attachment":[{"href":"https:\/\/routinesfashione.com\/en\/wp-json\/wp\/v2\/media?parent=483"}],"wp:term":[{"taxonomy":"product_brand","embeddable":true,"href":"https:\/\/routinesfashione.com\/en\/wp-json\/wp\/v2\/product_brand?post=483"},{"taxonomy":"product_cat","embeddable":true,"href":"https:\/\/routinesfashione.com\/en\/wp-json\/wp\/v2\/product_cat?post=483"},{"taxonomy":"product_tag","embeddable":true,"href":"https:\/\/routinesfashione.com\/en\/wp-json\/wp\/v2\/product_tag?post=483"},{"taxonomy":"product_country","embeddable":true,"href":"https:\/\/routinesfashione.com\/en\/wp-json\/wp\/v2\/product_country?post=483"}],"curies":[{"name":"wp","href":"https:\/\/api.w.org\/{rel}","templated":true}]}}