{"id":52,"date":"2025-09-30T20:55:58","date_gmt":"2025-09-30T20:55:58","guid":{"rendered":"https:\/\/lightgray-crow-170497.hostingersite.com\/?post_type=product&#038;p=52"},"modified":"2025-09-30T20:55:58","modified_gmt":"2025-09-30T20:55:58","slug":"motoculteur-jansen-mgt-600e-15-cv-demarreur-electrique-jansen-france-crossfer-france","status":"publish","type":"product","link":"https:\/\/routinesfashione.com\/en\/produit\/motoculteur-jansen-mgt-600e-15-cv-demarreur-electrique-jansen-france-crossfer-france\/","title":{"rendered":"Motoculteur Jansen Mgt-600E &#8211; 15 CV &#8211; D\u00e9marreur \u00e9lectrique &#8211; JANSEN France &#8211; CROSSFER France"},"content":{"rendered":"<p><strong><span dir=\"auto\" style=\"vertical-align: inherit;\">LE NOUVEAU MOTOCULTEUR JANSEN\u00ae MGT-600E<\/span><\/strong><br \/>\n<span dir=\"auto\" style=\"vertical-align: inherit;\">Le motoculteur Jansen MGT-600E est le grand fr\u00e8re de notre MGT-270. Il peut \u00eatre \u00e9quip\u00e9 de diff\u00e9rents outils port\u00e9s et est donc d&#8217;une utilisation universelle. Cette machine a \u00e9t\u00e9 con\u00e7ue pour plusieurs fonctions, comme la culture agricole et l&#8217;entretien du gazon ainsi que l&#8217;entretien communal.<\/span><\/p>\n<p><strong><span dir=\"auto\" style=\"vertical-align: inherit;\">POLYVALENT &amp; PUISSANT. LE V\u00c9HICULE MULTIFONCTIONNEL PAR EXCELLENCE.<\/span><\/strong><br \/>\n<span dir=\"auto\" style=\"vertical-align: inherit;\">Le motoculteur MGT-600E de Jansen est extr\u00eamement polyvalent et, au-del\u00e0 de la fraiseuse de sol pour la culture, vous pouvez \u00e9galement utiliser cette machine (selon l&#8217;accessoire) pour, entre autres, labourer, tracer des sillons, couper l&#8217;herbe, d\u00e9blayer la neige, balayer les routes, etc. Le MGT-600E est id\u00e9al pour les particuliers qui souhaitent travailler dans leur jardin, mais aussi pour les professionnels de l&#8217;horticulture et de l&#8217;am\u00e9nagement paysager.<\/span><\/p>\n<p><strong><span dir=\"auto\" style=\"vertical-align: inherit;\">QU&#8217;EST-CE QUE NOUS FAISONS DE DIFF\u00c9RENT ?<\/span><\/strong><br \/>\n<span dir=\"auto\" style=\"vertical-align: inherit;\">\u2713 3 vitesses avant et 3 vitesses arri\u00e8re avec inversion rapide (bo\u00eete d&#8217;inversion).<\/span><br \/>\n<span dir=\"auto\" style=\"vertical-align: inherit;\">\u2713 Embrayage \u00e0 sec robuste<\/span><br \/>\n<span dir=\"auto\" style=\"vertical-align: inherit;\">\u2713 Blocage de diff\u00e9rentiel activable par traction<\/span><br \/>\n<span dir=\"auto\" style=\"vertical-align: inherit;\">\u2713 D\u00e9marreur \u00e9lectrique pratique<\/span><\/p>\n<p><strong><span dir=\"auto\" style=\"vertical-align: inherit;\">DONN\u00c9ES TECHNIQUES DU MOTOCULTEUR :<\/span><\/strong><\/p>\n<ul>\n<li><span dir=\"auto\" style=\"vertical-align: inherit;\">\u00a0 Entra\u00eenement : moteur \u00e0 essence \u00e0 4 temps, 15 CV, LonCin G420F, 11 kW<\/span><\/li>\n<li><span dir=\"auto\" style=\"vertical-align: inherit;\">\u00a0 D\u00e9marreur \u00e9lectrique<\/span><\/li>\n<li><span dir=\"auto\" style=\"vertical-align: inherit;\">\u00a0 Consommation : env. 1,5 l\/h.<\/span><\/li>\n<li><span dir=\"auto\" style=\"vertical-align: inherit;\">\u00a0 Vitesses : 3x en avant et 3x en arri\u00e8re avec inversion rapide (bo\u00eete d&#8217;inversion)<\/span><\/li>\n<li><span dir=\"auto\" style=\"vertical-align: inherit;\">\u00a0 Vitesse : env.1,2 \u00e0 5,8 km\/h<\/span><\/li>\n<li><span dir=\"auto\" style=\"vertical-align: inherit;\">\u00a0 Transmission de la force motrice : Entra\u00eenement par engrenages<\/span><\/li>\n<li><span dir=\"auto\" style=\"vertical-align: inherit;\">\u00a0 Embrayage \u00e0 sec robuste<\/span><\/li>\n<li><span dir=\"auto\" style=\"vertical-align: inherit;\">\u00a0 Blocage du diff\u00e9rentiel : oui (d\u00e9sactivable)<\/span><\/li>\n<li><span dir=\"auto\" style=\"vertical-align: inherit;\">\u00a0 \u00e9clairage LED<\/span><\/li>\n<li><span dir=\"auto\" style=\"vertical-align: inherit;\">\u00a0 Taille des pneus : 5.00-10<\/span><\/li>\n<li><span dir=\"auto\" style=\"vertical-align: inherit;\">\u00a0 Capacit\u00e9 du r\u00e9servoir : 6,5 l<\/span><\/li>\n<li><span dir=\"auto\" style=\"vertical-align: inherit;\">\u00a0 Entra\u00eenement de l&#8217;outil port\u00e9 : Prise de force (enclenchable), rotation \u00e0 droite<\/span><\/li>\n<li><span dir=\"auto\" style=\"vertical-align: inherit;\">\u00a0 Rotation de la prise de force : au r\u00e9gime max. du moteur, env. 990 tr\/min.<\/span><\/li>\n<li><span dir=\"auto\" style=\"vertical-align: inherit;\">\u00a0 Carburant : essence ordinaire<\/span><\/li>\n<li><span dir=\"auto\" style=\"vertical-align: inherit;\">\u00a0 Verp. Dimensions : 114x71x96 cm (LxlxH)<\/span><\/li>\n<li><span dir=\"auto\" style=\"vertical-align: inherit;\">\u00a0 Poids (\u00e0 sec) : 105 kg<\/span><\/li>\n<li><span dir=\"auto\" style=\"vertical-align: inherit;\">\u00a0 Poids avec emballage : env. 128 kg<\/span><\/li>\n<li><\/li>\n<\/ul>\n<p><span dir=\"auto\" style=\"vertical-align: inherit;\">Notre porte-outils motoris\u00e9 Jansen MGT-600E est robuste et durable et peut \u00eatre utilis\u00e9 dans une grande vari\u00e9t\u00e9 d&#8217;environnements de travail, ce qui en fait le choix judicieux pour les utilisateurs professionnels et les bricoleurs exigeants dans les domaines de l&#8217;agriculture et de l&#8217;am\u00e9nagement paysager !<\/span><\/p>\n<p><strong><span dir=\"auto\" style=\"vertical-align: inherit;\">DIFF\u00c9RENTS ACCESSOIRES DISPONIBLES EN OPTION :<\/span><\/strong><\/p>\n<p><em><span dir=\"auto\" style=\"vertical-align: inherit;\">&#8211;<\/span><\/em><span dir=\"auto\" style=\"vertical-align: inherit;\">Fraiseuse de sol<\/span><br \/>\n<span dir=\"auto\" style=\"vertical-align: inherit;\">-Broyeur \u00e0 fl\u00e9aux<\/span><br \/>\n<span dir=\"auto\" style=\"vertical-align: inherit;\">-Faucheuse \u00e0 lame rotative<\/span><br \/>\n<span dir=\"auto\" style=\"vertical-align: inherit;\">-Barre de coupe \u00e0 doigts<\/span><br \/>\n<span dir=\"auto\" style=\"vertical-align: inherit;\">-Balai m\u00e9canique<\/span><br \/>\n<span dir=\"auto\" style=\"vertical-align: inherit;\">-Lame \u00e0 neige<\/span><br \/>\n<span dir=\"auto\" style=\"vertical-align: inherit;\">-Charrue<\/span><br \/>\n<span dir=\"auto\" style=\"vertical-align: inherit;\">-Charrue rotative<\/span><br \/>\n<span dir=\"auto\" style=\"vertical-align: inherit;\">-Charrue \u00e0 b\u00eacher<\/span><br \/>\n<span dir=\"auto\" style=\"vertical-align: inherit;\">-Poids des roues<\/span><\/p>","protected":false},"excerpt":{"rendered":"<p>LE NOUVEAU MOTOCULTEUR JANSEN\u00ae MGT-600E Le motoculteur Jansen MGT-600E est le grand fr\u00e8re de notre MGT-270. Il peut \u00eatre \u00e9quip\u00e9<\/p>","protected":false},"featured_media":12859,"template":"","meta":[],"product_brand":[],"product_cat":[61],"product_tag":[],"product_country":[1503],"class_list":{"0":"post-52","1":"product","2":"type-product","3":"status-publish","4":"has-post-thumbnail","6":"product_cat-sale-france","7":"product_country-france","9":"first","10":"instock","11":"sale","12":"taxable","13":"shipping-taxable","14":"purchasable","15":"product-type-simple"},"_links":{"self":[{"href":"https:\/\/routinesfashione.com\/en\/wp-json\/wp\/v2\/product\/52","targetHints":{"allow":["GET"]}}],"collection":[{"href":"https:\/\/routinesfashione.com\/en\/wp-json\/wp\/v2\/product"}],"about":[{"href":"https:\/\/routinesfashione.com\/en\/wp-json\/wp\/v2\/types\/product"}],"wp:featuredmedia":[{"embeddable":true,"href":"https:\/\/routinesfashione.com\/en\/wp-json\/wp\/v2\/media\/12859"}],"wp:attachment":[{"href":"https:\/\/routinesfashione.com\/en\/wp-json\/wp\/v2\/media?parent=52"}],"wp:term":[{"taxonomy":"product_brand","embeddable":true,"href":"https:\/\/routinesfashione.com\/en\/wp-json\/wp\/v2\/product_brand?post=52"},{"taxonomy":"product_cat","embeddable":true,"href":"https:\/\/routinesfashione.com\/en\/wp-json\/wp\/v2\/product_cat?post=52"},{"taxonomy":"product_tag","embeddable":true,"href":"https:\/\/routinesfashione.com\/en\/wp-json\/wp\/v2\/product_tag?post=52"},{"taxonomy":"product_country","embeddable":true,"href":"https:\/\/routinesfashione.com\/en\/wp-json\/wp\/v2\/product_country?post=52"}],"curies":[{"name":"wp","href":"https:\/\/api.w.org\/{rel}","templated":true}]}}