{"id":5289,"date":"2025-08-07T11:33:27","date_gmt":"2025-08-07T11:33:27","guid":{"rendered":"https:\/\/lightgray-crow-170497.hostingersite.com\/?post_type=product&#038;p=5289"},"modified":"2025-09-30T21:13:31","modified_gmt":"2025-09-30T21:13:31","slug":"cafetera-superautomatica-primadonna-elite-experience-ecam650-85-ms","status":"publish","type":"product","link":"https:\/\/routinesfashione.com\/en\/produit\/cafetera-superautomatica-primadonna-elite-experience-ecam650-85-ms\/","title":{"rendered":"PrimaDonna Elite Experience ECAM650.85.MS Volautomatische koffiemachine"},"content":{"rendered":"<hr class=\"bucketDivider\" noshade=\"noshade\" size=\"1\" \/>\n<h2>Productbeschrijving<\/h2>\n<p>PrimaDonna Elite Experience ECAM650.85.MS Volautomatische koffiemachine<\/p>\n<h2>Productinformatie<\/h2>\n<div class=\"a-row\">\n<div class=\"a-column a-span12 a-span-last\">\n<div class=\"a-row a-spacing-top-base\">\n<div class=\"a-column a-span6\">\n<div class=\"a-row a-spacing-base\">\n<div class=\"a-row a-expander-container a-expander-extend-container\">\n<div class=\"a-row\">\n<div class=\"a-column a-span6\">\n<h1 class=\"a-size-medium a-spacing-small\">Technische gegevens<\/h1>\n<\/div>\n<\/div>\n<div class=\"a-expander-content a-expander-extend-content\" data-expanded=\"true\">\n<div class=\"a-row a-expander-container a-expander-inline-container\">\n<div class=\"a-expander-content a-expander-section-content a-section-expander-inner\" data-expanded=\"true\">\n<table id=\"productDetails_techSpec_section_1\" class=\"a-keyvalue prodDetTable\">\n<tbody>\n<tr>\n<th class=\"a-color-secondary a-size-base prodDetSectionEntry\">Merk<\/th>\n<td class=\"a-size-base prodDetAttrValue\">\u200eDe&#8217;Longhi<\/td>\n<\/tr>\n<tr>\n<th class=\"a-color-secondary a-size-base prodDetSectionEntry\">Modelnummer<\/th>\n<td class=\"a-size-base prodDetAttrValue\">\u200e132219005<\/td>\n<\/tr>\n<tr>\n<th class=\"a-color-secondary a-size-base prodDetSectionEntry\">Kleur<\/th>\n<td class=\"a-size-base prodDetAttrValue\">\u200eZilver<\/td>\n<\/tr>\n<tr>\n<th class=\"a-color-secondary a-size-base prodDetSectionEntry\">Productafmetingen<\/th>\n<td class=\"a-size-base prodDetAttrValue\">\u200e10,24 x 18,9 x 14,76 cm; 1,4 kg<\/td>\n<\/tr>\n<tr>\n<th class=\"a-color-secondary a-size-base prodDetSectionEntry\">Capaciteit<\/th>\n<td class=\"a-size-base prodDetAttrValue\">\u200e47 Ounces (Brits-Amerikaans maatsysteem)<\/td>\n<\/tr>\n<tr>\n<th class=\"a-color-secondary a-size-base prodDetSectionEntry\">Volume<\/th>\n<td class=\"a-size-base prodDetAttrValue\">\u200e2 Liters<\/td>\n<\/tr>\n<tr>\n<th class=\"a-color-secondary a-size-base prodDetSectionEntry\">Vermogen\/wattage<\/th>\n<td class=\"a-size-base prodDetAttrValue\">\u200e1450 watt<\/td>\n<\/tr>\n<tr>\n<th class=\"a-color-secondary a-size-base prodDetSectionEntry\">Voltage<\/th>\n<td class=\"a-size-base prodDetAttrValue\">\u200e220<\/td>\n<\/tr>\n<tr>\n<th class=\"a-color-secondary a-size-base prodDetSectionEntry\">Materiaal<\/th>\n<td class=\"a-size-base prodDetAttrValue\">\u200eRoestvrij staal<\/td>\n<\/tr>\n<tr>\n<th class=\"a-color-secondary a-size-base prodDetSectionEntry\">Automatische uitschakeling<\/th>\n<td class=\"a-size-base prodDetAttrValue\">\u200eNee<\/td>\n<\/tr>\n<tr>\n<th class=\"a-color-secondary a-size-base prodDetSectionEntry\">Speciale functies<\/th>\n<td class=\"a-size-base prodDetAttrValue\">\u200eMelkopschuimer<\/td>\n<\/tr>\n<tr>\n<th class=\"a-color-secondary a-size-base prodDetSectionEntry\">Fabrikant<\/th>\n<td class=\"a-size-base prodDetAttrValue\">\u200eDe&#8217;Longhi<\/td>\n<\/tr>\n<tr>\n<th class=\"a-color-secondary a-size-base prodDetSectionEntry\">Taal<\/th>\n<td class=\"a-size-base prodDetAttrValue\">\u200eEngels, Engels, Engels, Engels, Engels<\/td>\n<\/tr>\n<tr>\n<th class=\"a-color-secondary a-size-base prodDetSectionEntry\">Modelnummer item<\/th>\n<td class=\"a-size-base prodDetAttrValue\">\u200eECAM650.85.MS<\/td>\n<\/tr>\n<tr>\n<th class=\"a-color-secondary a-size-base prodDetSectionEntry\">ASIN<\/th>\n<td class=\"a-size-base prodDetAttrValue\">\u200eB07212NJ97<\/td>\n<\/tr>\n<tr>\n<th class=\"a-color-secondary a-size-base prodDetSectionEntry\">Gegarandeerde software-updates tot<\/th>\n<td class=\"a-size-base prodDetAttrValue\">\u200eonbekend<\/td>\n<\/tr>\n<\/tbody>\n<\/table>\n<h1 class=\"a-size-base-plus a-text-bold\">Over dit item<\/h1>\n<ul class=\"a-unordered-list a-vertical a-spacing-mini\">\n<li class=\"a-spacing-mini\"><span class=\"a-list-item\">KOFFIE VARIATIE: geniet met \u00e9\u00e9n druk op de knop van een grote vari\u00ebteit aan dranken: espresso, ristretto en long; pas het aromaniveau en de hoeveelheid koffie eenvoudig aan jouw smaak aan<\/span><\/li>\n<li class=\"a-spacing-mini\"><span class=\"a-list-item\">MALER TECHNOLOGIE: ge\u00efntegreerde molen voor versgemalen bonen met instelbaar maalniveau. Conische stalen molens gekalibreerd met 100% nauwkeurigheid.<\/span><\/li>\n<li class=\"a-spacing-mini\"><span class=\"a-list-item\">LATTECREMA SYSTEEM: het exclusieve LatteCrema-systeem bekroont jouw drankjes met dicht, romig melkschuim op de juiste temperatuur voor heerlijke resultaten.<\/span><\/li>\n<li class=\"a-spacing-mini\"><span class=\"a-list-item\">TEMPERATUURBESTURING: het elektronische stoomsysteem met hoge precisie zorgt ervoor dat de stoom op de optimale temperatuur wordt gegenereerd om in elk kopje het perfecte resultaat te bereiken.<\/span><\/li>\n<li class=\"a-spacing-mini\"><span class=\"a-list-item\">EENVOUDIG TE REINIGEN: automatische reiniging met ontkalkings-, reinigings- en spoelprogramma&#8217;s; bak en container zijn vaatwasmachinebestendig<\/span><\/li>\n<\/ul>\n<\/div>\n<\/div>\n<\/div>\n<\/div>\n<\/div>\n<\/div>\n<\/div>\n<\/div>\n<\/div>","protected":false},"excerpt":{"rendered":"<p>Productbeschrijving PrimaDonna Elite Experience ECAM650.85.MS Volautomatische koffiemachine Productinformatie Technische gegevens Merk \u200eDe&#8217;Longhi Modelnummer \u200e132219005 Kleur \u200eZilver Productafmetingen \u200e10,24 x 18,9<\/p>","protected":false},"featured_media":17252,"template":"","meta":[],"product_brand":[],"product_cat":[70],"product_tag":[71],"product_country":[1504],"class_list":{"0":"post-5289","1":"product","2":"type-product","3":"status-publish","4":"has-post-thumbnail","6":"product_cat-cofee-machine","7":"product_tag-cofee-machine","8":"product_country-netherlands","10":"first","11":"instock","12":"sale","13":"taxable","14":"shipping-taxable","15":"purchasable","16":"product-type-simple"},"_links":{"self":[{"href":"https:\/\/routinesfashione.com\/en\/wp-json\/wp\/v2\/product\/5289","targetHints":{"allow":["GET"]}}],"collection":[{"href":"https:\/\/routinesfashione.com\/en\/wp-json\/wp\/v2\/product"}],"about":[{"href":"https:\/\/routinesfashione.com\/en\/wp-json\/wp\/v2\/types\/product"}],"wp:featuredmedia":[{"embeddable":true,"href":"https:\/\/routinesfashione.com\/en\/wp-json\/wp\/v2\/media\/17252"}],"wp:attachment":[{"href":"https:\/\/routinesfashione.com\/en\/wp-json\/wp\/v2\/media?parent=5289"}],"wp:term":[{"taxonomy":"product_brand","embeddable":true,"href":"https:\/\/routinesfashione.com\/en\/wp-json\/wp\/v2\/product_brand?post=5289"},{"taxonomy":"product_cat","embeddable":true,"href":"https:\/\/routinesfashione.com\/en\/wp-json\/wp\/v2\/product_cat?post=5289"},{"taxonomy":"product_tag","embeddable":true,"href":"https:\/\/routinesfashione.com\/en\/wp-json\/wp\/v2\/product_tag?post=5289"},{"taxonomy":"product_country","embeddable":true,"href":"https:\/\/routinesfashione.com\/en\/wp-json\/wp\/v2\/product_country?post=5289"}],"curies":[{"name":"wp","href":"https:\/\/api.w.org\/{rel}","templated":true}]}}