{"id":5414,"date":"2025-08-07T13:41:40","date_gmt":"2025-08-07T13:41:40","guid":{"rendered":"https:\/\/lightgray-crow-170497.hostingersite.com\/?post_type=product&#038;p=5414"},"modified":"2025-09-30T21:05:05","modified_gmt":"2025-09-30T21:05:05","slug":"cafetera-superautomatica-de-longhi-magnifica-s-ecam-22-113-b","status":"publish","type":"product","link":"https:\/\/routinesfashione.com\/en\/produit\/cafetera-superautomatica-de-longhi-magnifica-s-ecam-22-113-b\/","title":{"rendered":"De Longhi Magnifica S ECAM 22.113.B Volautomatische koffiemachine"},"content":{"rendered":"<h3 data-start=\"172\" data-end=\"201\"><strong data-start=\"176\" data-end=\"199\">Productbeschrijving<\/strong><\/h3>\n<p data-start=\"202\" data-end=\"783\">De De\u2019Longhi Magnifica S ECAM 22.113.B is een compacte en gebruiksvriendelijke volautomatische koffiemachine die heerlijke koffievarianten bereidt met \u00e9\u00e9n druk op de knop. De ge\u00efntegreerde koffiemolen maalt de bonen vers voor elke bereiding en kan worden ingesteld naar jouw persoonlijke smaak. Dankzij het handmatige Cappuccinosysteem maak je eenvoudig romig melkschuim voor cappuccino\u2019s en latte macchiato\u2019s. Het strakke zwarte design en het intu\u00eftieve bedieningspaneel maken deze machine een uitstekende keuze voor koffieliefhebbers die kwaliteit en eenvoud willen combineren.<\/p>\n<hr data-start=\"785\" data-end=\"788\" \/>\n<h3 data-start=\"790\" data-end=\"813\"><strong data-start=\"794\" data-end=\"811\">Specificaties<\/strong><\/h3>\n<ul data-start=\"814\" data-end=\"1676\">\n<li data-start=\"814\" data-end=\"866\">\n<p data-start=\"816\" data-end=\"866\"><strong data-start=\"816\" data-end=\"834\">Type apparaat:<\/strong> Volautomatische koffiemachine<\/p>\n<\/li>\n<li data-start=\"867\" data-end=\"907\">\n<p data-start=\"869\" data-end=\"907\"><strong data-start=\"869\" data-end=\"879\">Model:<\/strong> ECAM 22.113.B Magnifica S<\/p>\n<\/li>\n<li data-start=\"908\" data-end=\"938\">\n<p data-start=\"910\" data-end=\"938\"><strong data-start=\"910\" data-end=\"930\">Kleur\/afwerking:<\/strong> Zwart<\/p>\n<\/li>\n<li data-start=\"939\" data-end=\"1008\">\n<p data-start=\"941\" data-end=\"1008\"><strong data-start=\"941\" data-end=\"955\">Bediening:<\/strong> Soft-touch knoppen met draaiknop voor instellingen<\/p>\n<\/li>\n<li data-start=\"1009\" data-end=\"1072\">\n<p data-start=\"1011\" data-end=\"1072\"><strong data-start=\"1011\" data-end=\"1036\">Koffiespecialiteiten:<\/strong> Espresso, Dubbele Espresso, Lungo<\/p>\n<\/li>\n<li data-start=\"1073\" data-end=\"1105\">\n<p data-start=\"1075\" data-end=\"1105\"><strong data-start=\"1075\" data-end=\"1094\">Bonenreservoir:<\/strong> 250 gram<\/p>\n<\/li>\n<li data-start=\"1106\" data-end=\"1150\">\n<p data-start=\"1108\" data-end=\"1150\"><strong data-start=\"1108\" data-end=\"1127\">Waterreservoir:<\/strong> 1,8 liter afneembaar<\/p>\n<\/li>\n<li data-start=\"1151\" data-end=\"1220\">\n<p data-start=\"1153\" data-end=\"1220\"><strong data-start=\"1153\" data-end=\"1173\">Maaltechnologie:<\/strong> Ge\u00efntegreerde koffiemolen met 13 maalstanden<\/p>\n<\/li>\n<li data-start=\"1221\" data-end=\"1288\">\n<p data-start=\"1223\" data-end=\"1288\"><strong data-start=\"1223\" data-end=\"1242\">Melkopschuimer:<\/strong> Handmatig Cappuccinosysteem met stoompijpje<\/p>\n<\/li>\n<li data-start=\"1289\" data-end=\"1313\">\n<p data-start=\"1291\" data-end=\"1313\"><strong data-start=\"1291\" data-end=\"1304\">Pompdruk:<\/strong> 15 bar<\/p>\n<\/li>\n<li data-start=\"1314\" data-end=\"1369\">\n<p data-start=\"1316\" data-end=\"1369\"><strong data-start=\"1316\" data-end=\"1345\">Instelbare koffiesterkte:<\/strong> Ja (meerdere niveaus)<\/p>\n<\/li>\n<li data-start=\"1370\" data-end=\"1419\">\n<p data-start=\"1372\" data-end=\"1419\"><strong data-start=\"1372\" data-end=\"1396\">Temperatuurregeling:<\/strong> 3 standen instelbaar<\/p>\n<\/li>\n<li data-start=\"1420\" data-end=\"1478\">\n<p data-start=\"1422\" data-end=\"1478\"><strong data-start=\"1422\" data-end=\"1449\">Dubbele koffie-uitloop:<\/strong> Ja, voor 2 kopjes tegelijk<\/p>\n<\/li>\n<li data-start=\"1479\" data-end=\"1543\">\n<p data-start=\"1481\" data-end=\"1543\"><strong data-start=\"1481\" data-end=\"1495\">Reiniging:<\/strong> Automatische spoel- en ontkalkingsprogramma\u2019s<\/p>\n<\/li>\n<li data-start=\"1544\" data-end=\"1614\">\n<p data-start=\"1546\" data-end=\"1614\"><strong data-start=\"1546\" data-end=\"1567\">Energiebesparing:<\/strong> Stand-by modus en automatische uitschakeling<\/p>\n<\/li>\n<li data-start=\"1615\" data-end=\"1676\">\n<p data-start=\"1617\" data-end=\"1676\"><strong data-start=\"1617\" data-end=\"1632\">Afmetingen:<\/strong> Compact ontwerp geschikt voor elke keuken<\/p>\n<\/li>\n<\/ul>","protected":false},"excerpt":{"rendered":"<p>Productbeschrijving De De\u2019Longhi Magnifica S ECAM 22.113.B is een compacte en gebruiksvriendelijke volautomatische koffiemachine die heerlijke koffievarianten bereidt met \u00e9\u00e9n<\/p>","protected":false},"featured_media":17344,"template":"","meta":[],"product_brand":[],"product_cat":[70],"product_tag":[71],"product_country":[1504],"class_list":{"0":"post-5414","1":"product","2":"type-product","3":"status-publish","4":"has-post-thumbnail","6":"product_cat-cofee-machine","7":"product_tag-cofee-machine","8":"product_country-netherlands","10":"first","11":"instock","12":"sale","13":"taxable","14":"shipping-taxable","15":"purchasable","16":"product-type-simple"},"_links":{"self":[{"href":"https:\/\/routinesfashione.com\/en\/wp-json\/wp\/v2\/product\/5414","targetHints":{"allow":["GET"]}}],"collection":[{"href":"https:\/\/routinesfashione.com\/en\/wp-json\/wp\/v2\/product"}],"about":[{"href":"https:\/\/routinesfashione.com\/en\/wp-json\/wp\/v2\/types\/product"}],"wp:featuredmedia":[{"embeddable":true,"href":"https:\/\/routinesfashione.com\/en\/wp-json\/wp\/v2\/media\/17344"}],"wp:attachment":[{"href":"https:\/\/routinesfashione.com\/en\/wp-json\/wp\/v2\/media?parent=5414"}],"wp:term":[{"taxonomy":"product_brand","embeddable":true,"href":"https:\/\/routinesfashione.com\/en\/wp-json\/wp\/v2\/product_brand?post=5414"},{"taxonomy":"product_cat","embeddable":true,"href":"https:\/\/routinesfashione.com\/en\/wp-json\/wp\/v2\/product_cat?post=5414"},{"taxonomy":"product_tag","embeddable":true,"href":"https:\/\/routinesfashione.com\/en\/wp-json\/wp\/v2\/product_tag?post=5414"},{"taxonomy":"product_country","embeddable":true,"href":"https:\/\/routinesfashione.com\/en\/wp-json\/wp\/v2\/product_country?post=5414"}],"curies":[{"name":"wp","href":"https:\/\/api.w.org\/{rel}","templated":true}]}}