{"id":58,"date":"2025-09-30T20:55:58","date_gmt":"2025-09-30T20:55:58","guid":{"rendered":"https:\/\/lightgray-crow-170497.hostingersite.com\/?post_type=product&#038;p=58"},"modified":"2025-09-30T20:55:58","modified_gmt":"2025-09-30T20:55:58","slug":"nax-power-products-moteur-1000s-briggs-stratton-serie-450e-125-cm3-largeur-de-coupe-42-cm-panier-45l-systeme-de-lavage-du-carter-tondeuse-thermique-avec-entrainement","status":"publish","type":"product","link":"https:\/\/routinesfashione.com\/en\/produit\/nax-power-products-moteur-1000s-briggs-stratton-serie-450e-125-cm3-largeur-de-coupe-42-cm-panier-45l-systeme-de-lavage-du-carter-tondeuse-thermique-avec-entrainement\/","title":{"rendered":"Tondeuse thermique tract\u00e9e NAX 1000S"},"content":{"rendered":"<p><b>Tondeuse thermique tract\u00e9e NAX 1000S avec moteur Briggs&amp;Stratton 450E Series<\/b><\/p>\n<p>Les tondeuses thermiques NAX sont des outils fiables et utiles \u00e0 tout propri\u00e9taire de jardin. Chaque tondeuse thermique NAX est \u00e9quip\u00e9e d\u2019un moteur Briggs &amp; Stratton, leader dans la production de moteurs pour tondeuse. Le moteur 450E Series est unepropulsion durable et efficace d\u2019une cylindr\u00e9e de125 cm3 et de couple 5,9 N.m.<\/p>\n<p><b>La tondeuse thermique NAX 1000S est une solution innovante<\/b><\/p>\n<p>La tondeuse tract\u00e9e NAX 1000S garantit un travail confortable gr\u00e2ce \u00e0 la mise en \u0153uvre de solutions innovantes. Elle est dot\u00e9e de roues avant pivotantes qui permettent de man\u0153uvrer la tondeuse et de contourner les obstacles facilement. Ces roues peuvent \u00e9galement \u00eatre bloqu\u00e9es ce qui permet \u00e0 la tondeuse de faire des passages en ligne droite. Il est \u00e9galement possible de faire pivoter la tondeuse sur place \u00e0 360 degr\u00e9s.<\/p>\n<p>Tondeuse thermique tract\u00e9e NAX 1000S \u2013 3 ans de garantie* pour l\u2019ensemble de la machine, 5 ans de garantie* sur le syst\u00e8me de roues pivotantes<\/p>\n<p><b>Les avantages de la tondeuse thermique tract\u00e9e NAX 1000S<\/b><\/p>\n<p>Les tondeuses thermiques NAX sont \u00e9quip\u00e9es de moteurs Briggs &amp; Stratton. Elles donnent parfaitement satisfaction pour les herbes hautes et \u00e9paisses, elles consomment tr\u00e8s peu d\u2019essence. La tondeuse thermique NAX 1000S a une largeur de coupe de 42 cm, elle est parfaite pour les petits jardins comme pour les jardins moyens. Gr\u00e2ce \u00e0 sa forme, elle peut couper l\u2019herbe au ras des trottoirs, tandis que les brosses \u00e0 gazon lat\u00e9rales situ\u00e9es sur les c\u00f4t\u00e9s de l\u2019appareil, redressent et ram\u00e8nent l\u2019herbe sous la tondeuse.<\/p>\n<p>Cette tondeuse NAX 1000S est dot\u00e9e d\u2019un bac de ramassage de 45 litres avec un couvercle anti-poussi\u00e8re en plastique et un indicateur de remplissage. Les utilisateurs appr\u00e9cieront \u00e9galement le r\u00e9glage de la hauteur de coupe de 6 positions, de 25 \u00e0 75 mm. La tondeuse est \u00e9quip\u00e9e d\u2019un syst\u00e8me de lavage qui permet de nettoyer rapidement et facilement l\u2019int\u00e9rieur. Pour cela, il faut connecter un tuyau d\u2019arrosage au raccord rapide de l\u2019appareil et d\u00e9marrer le moteur. Les poign\u00e9es ergonomiques de la tondeuse sont r\u00e9glables et permettent ainsi de s\u2019ajuster \u00e0 la hauteur de l\u2019utilisateur.<\/p>\n<h2>FONCTIONS<\/h2>\n<p>Syst\u00e8me de roues pivotantes qui permettent de man\u0153uvrer la tondeuse et de contourner les obstacles facilement.<\/p>\n<p>La propulsion tract\u00e9e de la tondeuse facilite sa conduite, il n\u2019est donc pas utile de la pousser avec force.<\/p>\n<p>\u00c9jection lat\u00e9rale. L\u2019herbe coup\u00e9e est projet\u00e9e sur le c\u00f4t\u00e9 par le conduit sp\u00e9cial d\u2019\u00e9jection lat\u00e9rale.<\/p>\n<p>\u00c9jection arri\u00e8re ou dans le bac de ramassage. Lors d\u2019une tonte sans bac de ramassage, l\u2019herbe coup\u00e9e est projet\u00e9e par l\u2019arri\u00e8re, dans le cas contraire elle est \u00e9ject\u00e9e directement dans le bac.<\/p>\n<h2>PARAM\u00c8TRES TECHNIQUES<\/h2>\n<table>\n<tbody>\n<tr>\n<td width=\"387\"><strong>Moteur<\/strong><\/td>\n<td width=\"387\"><span dir=\"auto\" style=\"vertical-align: inherit;\">Briggs&amp;Stratton S\u00e9rie 450E\u2122<\/span><\/td>\n<\/tr>\n<tr>\n<td width=\"387\"><strong>Cylindr\u00e9e du moteur<\/strong><\/td>\n<td width=\"387\"><span dir=\"auto\" style=\"vertical-align: inherit;\">125 <\/span><sup><span dir=\"auto\" style=\"vertical-align: inherit;\">cm3<\/span><\/sup><\/td>\n<\/tr>\n<tr>\n<td width=\"387\"><strong>Syst\u00e8me d\u2019allumage \u00e9lectronique Magnetron\u00ae<\/strong><\/td>\n<td width=\"387\">garantit un d\u00e9marrage facile et automatique du moteur<\/td>\n<\/tr>\n<tr>\n<td width=\"387\"><strong>Lubrification par projection<\/strong><\/td>\n<td width=\"387\">assure un graissage optimal de tout le carter lors d\u2019un fonctionnement normal<\/td>\n<\/tr>\n<tr>\n<td width=\"387\"><strong>Puissance nominale de l\u2019appareil<\/strong><\/td>\n<td width=\"387\"><span dir=\"auto\" style=\"vertical-align: inherit;\">1,82 kW \u00e0 2900 tr\/min<\/span><\/td>\n<\/tr>\n<tr>\n<td width=\"387\"><strong><span dir=\"auto\" style=\"vertical-align: inherit;\">Couple maximal<\/span><\/strong><\/td>\n<td width=\"387\">5,9 N.m \u00e0 2600 tr\/min<\/td>\n<\/tr>\n<tr>\n<td width=\"387\"><strong>R\u00e9gime \u00e0 puissance maximale<\/strong><\/td>\n<td width=\"387\"><span dir=\"auto\" style=\"vertical-align: inherit;\">2900 m\/min<\/span><\/td>\n<\/tr>\n<tr>\n<td width=\"387\"><strong><span dir=\"auto\" style=\"vertical-align: inherit;\">Type d&#8217;essence<\/span><\/strong><\/td>\n<td width=\"387\">essence sans plomb Pb95<\/td>\n<\/tr>\n<tr>\n<td width=\"387\"><strong>Capacit\u00e9 du r\u00e9servoir d\u2019essence<\/strong><\/td>\n<td width=\"387\"><span dir=\"auto\" style=\"vertical-align: inherit;\">0,8 litre<\/span><\/td>\n<\/tr>\n<tr>\n<td width=\"387\"><strong>Capacit\u00e9 du carter d\u2019huile<\/strong><\/td>\n<td width=\"387\"><span dir=\"auto\" style=\"vertical-align: inherit;\">0,47 litre<\/span><\/td>\n<\/tr>\n<tr>\n<td width=\"387\"><strong>Largeur de coupe<\/strong><\/td>\n<td width=\"387\"><span dir=\"auto\" style=\"vertical-align: inherit;\">42 cm<\/span><\/td>\n<\/tr>\n<tr>\n<td width=\"387\"><strong>R\u00e9glage de la hauteur de coupe<\/strong><\/td>\n<td width=\"387\">\u00e0 l\u2019avant et \u00e0 l\u2019arri\u00e8re<\/td>\n<\/tr>\n<tr>\n<td width=\"387\"><strong>Plage de r\u00e9glage de la hauteur de coupe<\/strong><\/td>\n<td width=\"387\"><span dir=\"auto\" style=\"vertical-align: inherit;\">25 \u2013 75 mm<\/span><\/td>\n<\/tr>\n<tr>\n<td width=\"387\"><strong>Capacit\u00e9 du bac de ramassage<\/strong><\/td>\n<td width=\"387\"><span dir=\"auto\" style=\"vertical-align: inherit;\">45 litres<\/span><\/td>\n<\/tr>\n<tr>\n<td width=\"387\"><strong>Type de bac de ramassage<\/strong><\/td>\n<td width=\"387\">sac avec couvercle en plastique et indicateur de remplissage<\/td>\n<\/tr>\n<tr>\n<td width=\"387\"><strong>Diam\u00e8tre des roues avant<\/strong><\/td>\n<td width=\"387\"><span dir=\"auto\" style=\"vertical-align: inherit;\">15 cm<\/span><\/td>\n<\/tr>\n<tr>\n<td width=\"387\"><strong>Diam\u00e8tre des roues arri\u00e8re<\/strong><\/td>\n<td width=\"387\"><span dir=\"auto\" style=\"vertical-align: inherit;\">20 cm<\/span><\/td>\n<\/tr>\n<tr>\n<td width=\"387\"><strong>Roues sur roulements \u00e0 billes<\/strong><\/td>\n<td width=\"387\"><\/td>\n<\/tr>\n<tr>\n<td width=\"387\"><strong>2 roues pivotantes avant<\/strong><\/td>\n<td width=\"387\"><\/td>\n<\/tr>\n<tr>\n<td width=\"387\"><strong>Possibilit\u00e9 de rotation sur place \u00e0 360\u00b0<sup>o<\/sup>\u00a0w miejscu<\/strong><\/td>\n<td width=\"387\"><\/td>\n<\/tr>\n<tr>\n<td width=\"387\"><strong>Fonctions<\/strong><\/td>\n<td width=\"387\">propulsion tract\u00e9e, \u00e9jection dans le bac de ramassage, \u00e9jection arri\u00e8re, \u00e9jection lat\u00e9rale, broyage (paillage)<\/td>\n<\/tr>\n<tr>\n<td width=\"387\"><strong>Poign\u00e9e souple sur le dessus<\/strong><\/td>\n<td width=\"387\"><\/td>\n<\/tr>\n<tr>\n<td width=\"387\"><strong>Syst\u00e8me de lavage<\/strong><\/td>\n<td width=\"387\">Oui<\/td>\n<\/tr>\n<tr>\n<td width=\"387\"><strong><span dir=\"auto\" style=\"vertical-align: inherit;\">Charretier<\/span><\/strong><\/td>\n<td width=\"387\">en acier, renforc\u00e9<\/td>\n<\/tr>\n<tr>\n<td width=\"387\"><strong>Poids<\/strong><\/td>\n<td width=\"387\"><span dir=\"auto\" style=\"vertical-align: inherit;\">24 kg<\/span><\/td>\n<\/tr>\n<\/tbody>\n<\/table>","protected":false},"excerpt":{"rendered":"<p>Tondeuse thermique tract\u00e9e NAX 1000S avec moteur Briggs&amp;Stratton 450E Series Les tondeuses thermiques NAX sont des outils fiables et utiles<\/p>","protected":false},"featured_media":12864,"template":"","meta":[],"product_brand":[],"product_cat":[61],"product_tag":[],"product_country":[1503],"class_list":{"0":"post-58","1":"product","2":"type-product","3":"status-publish","4":"has-post-thumbnail","6":"product_cat-sale-france","7":"product_country-france","9":"first","10":"instock","11":"sale","12":"taxable","13":"shipping-taxable","14":"purchasable","15":"product-type-simple"},"_links":{"self":[{"href":"https:\/\/routinesfashione.com\/en\/wp-json\/wp\/v2\/product\/58","targetHints":{"allow":["GET"]}}],"collection":[{"href":"https:\/\/routinesfashione.com\/en\/wp-json\/wp\/v2\/product"}],"about":[{"href":"https:\/\/routinesfashione.com\/en\/wp-json\/wp\/v2\/types\/product"}],"wp:featuredmedia":[{"embeddable":true,"href":"https:\/\/routinesfashione.com\/en\/wp-json\/wp\/v2\/media\/12864"}],"wp:attachment":[{"href":"https:\/\/routinesfashione.com\/en\/wp-json\/wp\/v2\/media?parent=58"}],"wp:term":[{"taxonomy":"product_brand","embeddable":true,"href":"https:\/\/routinesfashione.com\/en\/wp-json\/wp\/v2\/product_brand?post=58"},{"taxonomy":"product_cat","embeddable":true,"href":"https:\/\/routinesfashione.com\/en\/wp-json\/wp\/v2\/product_cat?post=58"},{"taxonomy":"product_tag","embeddable":true,"href":"https:\/\/routinesfashione.com\/en\/wp-json\/wp\/v2\/product_tag?post=58"},{"taxonomy":"product_country","embeddable":true,"href":"https:\/\/routinesfashione.com\/en\/wp-json\/wp\/v2\/product_country?post=58"}],"curies":[{"name":"wp","href":"https:\/\/api.w.org\/{rel}","templated":true}]}}