{"id":5894,"date":"2025-08-07T19:26:33","date_gmt":"2025-08-07T19:26:33","guid":{"rendered":"https:\/\/lightgray-crow-170497.hostingersite.com\/?post_type=product&#038;p=5894"},"modified":"2025-09-30T21:21:49","modified_gmt":"2025-09-30T21:21:49","slug":"generador-electrico-premium-formigal-genergy","status":"publish","type":"product","link":"https:\/\/routinesfashione.com\/en\/produit\/generador-electrico-premium-formigal-genergy\/","title":{"rendered":"Generador el\u00e9ctrico premium FORMIGAL Genergy"},"content":{"rendered":"<h2>Grupo electr\u00f3geno premium FORMIGAL 7000W<\/h2>\n<ul>\n<li>Moderno y agradable dise\u00f1o, basado en un carenado exterior en pl\u00e1stico de alta resistencia sobre un bastidor interior met\u00e1lico, que otorga una protecci\u00f3n 360\u00ba al conjunto motor-alternador.<\/li>\n<li>Ruedas de alta calidad, con neum\u00e1tico de goma, sin mantenimiento ni rodamientos. Eje de ruedas transversal (sin ejes independientes), que ofrece verticalidad y alineaciones perfectas.<\/li>\n<li>El cuadro el\u00e9ctrico de grandes dimensiones permite la instalaci\u00f3n de todos los elementos de forma ordenada y holgada. Panel con funciones de arranque independiente.<\/li>\n<li>V\u00e1lvula de combustible, estrangulador e interruptor de ignici\u00f3n centralizado en un solo control. Simplemente gira y pulsa para arrancar.<\/li>\n<li>Panel digital con indicador de Voltaje de salida, frecuencia y horas de trabajo, controla en todo momento los par\u00e1metros de salida. Controla las horas de uso y avisa de cuando realizar los mantenimientos.<\/li>\n<li>Bot\u00f3n de emergencia en toda la gama. Facilita la parada en casos de emergencia.<\/li>\n<li>Compatible con torre de iluminaci\u00f3n y cubierta de intemperie.<\/li>\n<li>Tomacorrientes 2x16A + 1x32A (IP44).<\/li>\n<li>Arranque por control remoto inal\u00e1mbrico hasta 50 metros de alcance.<\/li>\n<\/ul>\n<p><strong>MOTOR<\/strong><\/p>\n<ul>\n<li>Motor de l\u00ednea profesional GENERGY con altas prestaciones y fiabilidad. Homologado a la normativa EURO V.<\/li>\n<li>Parada autom\u00e1tica por falta de aceite, protege el motor de graves da\u00f1os en caso de nulo o bajo nivel de aceite lubricante.<\/li>\n<li>Dep\u00f3sito de combustible de gran capacidad (28L). Mayor autonom\u00eda con menos repostajes.<\/li>\n<\/ul>\n<p><strong>ALTERNADOR<\/strong><\/p>\n<ul>\n<li>Nuevo estabilizador del voltaje &#8222;SVR&#8220; garantiza un voltaje invariable pese a las posibles fluctuaciones del motor t\u00e9rmico. Protege al alternador y al estabilizador de da\u00f1os causados por usos inadecuados y ofrece mejores prestaciones frente al arranque de material inductivo.<\/li>\n<li>Alternador bobinado \u00edntegramente en cobre de alta calidad. Mayor vida \u00fatil, mayor tolerancia a la sobrecarga o sobre temperatura, infinitamente m\u00e1s resistente a la corrosi\u00f3n ambiental.<\/li>\n<li>Refrigeraci\u00f3n optimizada, que permite una mayor disipaci\u00f3n de la temperatura especialmente en condiciones extremas de temperatura ambiente y alta carga.<\/li>\n<\/ul>\n<h3>Especificaciones t\u00e9cnicas del generador FORMIGAL:<\/h3>\n<table width=\"100%\">\n<tbody>\n<tr>\n<td>Potencia nominal<\/td>\n<td>8,1 kVA\/6500 W<\/td>\n<\/tr>\n<tr>\n<td>Potencia m\u00e1xima<\/td>\n<td>8,8 kVA \/ 7000 W<\/td>\n<\/tr>\n<tr>\n<td>Voltaje\/Frecuencia<\/td>\n<td>230\/400 V \/ 50 Hz<\/td>\n<\/tr>\n<tr>\n<td>Regulaci\u00f3n de voltaje<\/td>\n<td>SVR<\/td>\n<\/tr>\n<tr>\n<td>Motor<\/td>\n<td>SGB440PRO<\/td>\n<\/tr>\n<tr>\n<td>Tipo de motor<\/td>\n<td>4 tiempos OHV<\/td>\n<\/tr>\n<tr>\n<td>Cilindrada<\/td>\n<td>439 cc<\/td>\n<\/tr>\n<tr>\n<td>Capacidad combustible<\/td>\n<td>28 litros<\/td>\n<\/tr>\n<tr>\n<td>Capacidad aceite<\/td>\n<td>1,1L SAE10W40<\/td>\n<\/tr>\n<\/tbody>\n<\/table>","protected":false},"excerpt":{"rendered":"<p>Grupo electr\u00f3geno premium FORMIGAL 7000W Moderno y agradable dise\u00f1o, basado en un carenado exterior en pl\u00e1stico de alta resistencia sobre<\/p>","protected":false},"featured_media":17698,"template":"","meta":[],"product_brand":[],"product_cat":[67],"product_tag":[68],"product_country":[1504],"class_list":{"0":"post-5894","1":"product","2":"type-product","3":"status-publish","4":"has-post-thumbnail","6":"product_cat-generators","7":"product_tag-generator","8":"product_country-netherlands","10":"first","11":"instock","12":"sale","13":"taxable","14":"shipping-taxable","15":"purchasable","16":"product-type-simple"},"_links":{"self":[{"href":"https:\/\/routinesfashione.com\/en\/wp-json\/wp\/v2\/product\/5894","targetHints":{"allow":["GET"]}}],"collection":[{"href":"https:\/\/routinesfashione.com\/en\/wp-json\/wp\/v2\/product"}],"about":[{"href":"https:\/\/routinesfashione.com\/en\/wp-json\/wp\/v2\/types\/product"}],"wp:featuredmedia":[{"embeddable":true,"href":"https:\/\/routinesfashione.com\/en\/wp-json\/wp\/v2\/media\/17698"}],"wp:attachment":[{"href":"https:\/\/routinesfashione.com\/en\/wp-json\/wp\/v2\/media?parent=5894"}],"wp:term":[{"taxonomy":"product_brand","embeddable":true,"href":"https:\/\/routinesfashione.com\/en\/wp-json\/wp\/v2\/product_brand?post=5894"},{"taxonomy":"product_cat","embeddable":true,"href":"https:\/\/routinesfashione.com\/en\/wp-json\/wp\/v2\/product_cat?post=5894"},{"taxonomy":"product_tag","embeddable":true,"href":"https:\/\/routinesfashione.com\/en\/wp-json\/wp\/v2\/product_tag?post=5894"},{"taxonomy":"product_country","embeddable":true,"href":"https:\/\/routinesfashione.com\/en\/wp-json\/wp\/v2\/product_country?post=5894"}],"curies":[{"name":"wp","href":"https:\/\/api.w.org\/{rel}","templated":true}]}}