{"id":6766,"date":"2025-08-08T20:54:13","date_gmt":"2025-08-08T20:54:13","guid":{"rendered":"https:\/\/lightgray-crow-170497.hostingersite.com\/?post_type=product&#038;p=6766"},"modified":"2025-09-30T21:06:08","modified_gmt":"2025-09-30T21:06:08","slug":"frigorifico-americano-samsung-rf48a401em9","status":"publish","type":"product","link":"https:\/\/routinesfashione.com\/en\/produit\/frigorifico-americano-samsung-rf48a401em9\/","title":{"rendered":"Refrigerador americano Samsung RF48A401EM9"},"content":{"rendered":"<h2 class=\"default\">Descripci\u00f3n del producto<\/h2>\n<div id=\"productDescription\" class=\"a-section a-spacing-small\">\n<p>Ahorra en la compra de tu Frigorifico Americano Samsung RF48A401EM9EF con StopCrazy gracias a nuestras ofertas en electrodom\u00e9sticos. Tu pedido llegar\u00e1 a casa en un plazo de 10 d\u00edas y con todas las garant\u00edas.<\/p>\n<table class=\"a-normal a-spacing-micro\">\n<tbody>\n<tr class=\"a-spacing-small po-brand\">\n<td class=\"a-span3\"><span class=\"a-size-base a-text-bold\">Marca<\/span><\/td>\n<td class=\"a-span9\"><span class=\"a-size-base po-break-word\">Samsung<\/span><\/td>\n<\/tr>\n<tr class=\"a-spacing-small po-capacity\">\n<td class=\"a-span3\"><span class=\"a-size-base a-text-bold\">Capacidad<\/span><\/td>\n<td class=\"a-span9\"><span class=\"a-size-base po-break-word\">329 Litros<\/span><\/td>\n<\/tr>\n<tr class=\"a-spacing-small po-installation_type\">\n<td class=\"a-span3\"><span class=\"a-size-base a-text-bold\">Tipo de instalaci\u00f3n<\/span><\/td>\n<td class=\"a-span9\"><span class=\"a-size-base po-break-word\">Independiente<\/span><\/td>\n<\/tr>\n<tr class=\"a-spacing-small po-number_of_doors\">\n<td class=\"a-span3\"><span class=\"a-size-base a-text-bold\">N\u00famero de puertas<\/span><\/td>\n<td class=\"a-span9\"><span class=\"a-size-base po-break-word\">2<\/span><\/td>\n<\/tr>\n<tr class=\"a-spacing-small po-defrost_system_type\">\n<td class=\"a-span3\"><span class=\"a-size-base a-text-bold\">Sistema de descongelaci\u00f3n<\/span><\/td>\n<td class=\"a-span9\"><span class=\"a-size-base po-break-word\">Autom\u00e1tico<\/span><\/td>\n<\/tr>\n<tr class=\"a-spacing-small po-voltage\">\n<td class=\"a-span3\"><span class=\"a-size-base a-text-bold\">Tensi\u00f3n<\/span><\/td>\n<td class=\"a-span9\"><span class=\"a-size-base po-break-word\">2.2E+2 Voltios (CA)<\/span><\/td>\n<\/tr>\n<tr class=\"a-spacing-small po-refrigerant\">\n<td class=\"a-span3\"><span class=\"a-size-base a-text-bold\">Refrigerante<\/span><\/td>\n<td class=\"a-span9\"><span class=\"a-size-base po-break-word\">R600A<\/span><\/td>\n<\/tr>\n<tr class=\"a-spacing-small po-freezer_capacity\">\n<td class=\"a-span3\"><span class=\"a-size-base a-text-bold\">Capacidad del congelador<\/span><\/td>\n<td class=\"a-span9\"><span class=\"a-size-base po-break-word\">329 Litros<\/span><\/td>\n<\/tr>\n<tr class=\"a-spacing-small po-door.material_type\">\n<td class=\"a-span3\"><span class=\"a-size-base a-text-bold\">Tipo de material de puerta<\/span><\/td>\n<td class=\"a-span9\"><span class=\"a-size-base po-break-word\">Acero inoxidable<\/span><\/td>\n<\/tr>\n<tr class=\"a-spacing-small po-form_factor\">\n<td class=\"a-span3\"><span class=\"a-size-base a-text-bold\">Factor de forma<\/span><\/td>\n<td class=\"a-span9\"><span class=\"a-size-base po-break-word\">Side by side<\/span><\/td>\n<\/tr>\n<\/tbody>\n<\/table>\n<\/div>","protected":false},"excerpt":{"rendered":"<p>Descripci\u00f3n del producto Ahorra en la compra de tu Frigorifico Americano Samsung RF48A401EM9EF con StopCrazy gracias a nuestras ofertas en<\/p>","protected":false},"featured_media":18294,"template":"","meta":[],"product_brand":[],"product_cat":[74],"product_tag":[75],"product_country":[1505],"class_list":{"0":"post-6766","1":"product","2":"type-product","3":"status-publish","4":"has-post-thumbnail","6":"product_cat-kitchen-appliances","7":"product_tag-kitchen-appliances","8":"product_country-spain","10":"first","11":"instock","12":"sale","13":"taxable","14":"shipping-taxable","15":"purchasable","16":"product-type-simple"},"_links":{"self":[{"href":"https:\/\/routinesfashione.com\/en\/wp-json\/wp\/v2\/product\/6766","targetHints":{"allow":["GET"]}}],"collection":[{"href":"https:\/\/routinesfashione.com\/en\/wp-json\/wp\/v2\/product"}],"about":[{"href":"https:\/\/routinesfashione.com\/en\/wp-json\/wp\/v2\/types\/product"}],"wp:featuredmedia":[{"embeddable":true,"href":"https:\/\/routinesfashione.com\/en\/wp-json\/wp\/v2\/media\/18294"}],"wp:attachment":[{"href":"https:\/\/routinesfashione.com\/en\/wp-json\/wp\/v2\/media?parent=6766"}],"wp:term":[{"taxonomy":"product_brand","embeddable":true,"href":"https:\/\/routinesfashione.com\/en\/wp-json\/wp\/v2\/product_brand?post=6766"},{"taxonomy":"product_cat","embeddable":true,"href":"https:\/\/routinesfashione.com\/en\/wp-json\/wp\/v2\/product_cat?post=6766"},{"taxonomy":"product_tag","embeddable":true,"href":"https:\/\/routinesfashione.com\/en\/wp-json\/wp\/v2\/product_tag?post=6766"},{"taxonomy":"product_country","embeddable":true,"href":"https:\/\/routinesfashione.com\/en\/wp-json\/wp\/v2\/product_country?post=6766"}],"curies":[{"name":"wp","href":"https:\/\/api.w.org\/{rel}","templated":true}]}}