{"id":6817,"date":"2025-08-08T21:18:47","date_gmt":"2025-08-08T21:18:47","guid":{"rendered":"https:\/\/lightgray-crow-170497.hostingersite.com\/?post_type=product&#038;p=6817"},"modified":"2025-09-30T21:06:11","modified_gmt":"2025-09-30T21:06:11","slug":"placa-balay-3eb865ers-induccion","status":"publish","type":"product","link":"https:\/\/routinesfashione.com\/en\/produit\/placa-balay-3eb865ers-induccion\/","title":{"rendered":"Placa Balay 3EB865ERS inducci\u00f3n"},"content":{"rendered":"<h1 class=\"a-size-base-plus a-text-bold\">Acerca de este producto<\/h1>\n<ul class=\"a-unordered-list a-vertical a-spacing-mini\">\n<li class=\"a-spacing-mini\"><span class=\"a-list-item\">Disfruta de una cocina sin complicaciones con la placa de inducci\u00f3n Balay VIB 3EB865ERS, que cuenta con controles t\u00e1ctiles intuitivos y f\u00e1ciles de usar; Ajusta la temperatura con un simple toque y cocina tus platos favoritos sin esfuerzo<\/span><\/li>\n<li class=\"a-spacing-mini\"><span class=\"a-list-item\">La placa de inducci\u00f3n Balay VIB 3EB865ERS ofrece 3 zonas de cocci\u00f3n, incluyendo una zona gigante de 28 cm, id\u00f3ne para tus ollas y sartenes m\u00e1s grandes; Cocina varios platos a la vez y ahorra tiempo en la cocina<\/span><\/li>\n<li class=\"a-spacing-mini\"><span class=\"a-list-item\">Aprovecha las funciones avanzadas de la placa de inducci\u00f3n Balay VIB 3EB865ERS, como la funci\u00f3n Sprint, que reduce el tiempo de calentamiento, y la funci\u00f3n de programaci\u00f3n del tiempo de cocci\u00f3n, para que tus platos est\u00e9n siempre en su punto<\/span><\/li>\n<li class=\"a-spacing-mini\"><span class=\"a-list-item\">El dise\u00f1o elegante y moderno de la placa de inducci\u00f3n Balay se integra en cualquier cocina; Su superficie de cristal cer\u00e1mico es f\u00e1cil de limpiar y a\u00f1ade un toque de sofisticaci\u00f3n a tu hogar<\/span><\/li>\n<li class=\"a-spacing-mini\"><span class=\"a-list-item\">Las dimensiones de la placa de inducci\u00f3n Balay son 59 cm de ancho y 52 cm de fondo, encajando en cualquier espacio de cocina; Adem\u00e1s, es compatible con Home Connect, permiti\u00e9ndote controlar tu placa desde tu dispositivo m\u00f3vil<\/span><\/li>\n<\/ul>\n<table class=\"a-normal a-spacing-micro\">\n<tbody>\n<tr class=\"a-spacing-small po-brand\">\n<td class=\"a-span3\"><span class=\"a-size-base a-text-bold\">Marca<\/span><\/td>\n<td class=\"a-span9\"><span class=\"a-size-base po-break-word\">Balay<\/span><\/td>\n<\/tr>\n<tr class=\"a-spacing-small po-number_of_heating_elements\">\n<td class=\"a-span3\"><span class=\"a-size-base a-text-bold\">Resistencias calentadoras<\/span><\/td>\n<td class=\"a-span9\"><span class=\"a-size-base po-break-word\">3<\/span><\/td>\n<\/tr>\n<tr class=\"a-spacing-small po-color\">\n<td class=\"a-span3\"><span class=\"a-size-base a-text-bold\">Color<\/span><\/td>\n<td class=\"a-span9\"><span class=\"a-size-base po-break-word\">Negro Sin Marco<\/span><\/td>\n<\/tr>\n<tr class=\"a-spacing-small po-power_source_type\">\n<td class=\"a-span3\"><span class=\"a-size-base a-text-bold\">Fuente de alimentaci\u00f3n<\/span><\/td>\n<td class=\"a-span9\"><span class=\"a-size-base po-break-word\">Cable el\u00e9ctrico<\/span><\/td>\n<\/tr>\n<tr class=\"a-spacing-small po-fuel_type\">\n<td class=\"a-span3\"><span class=\"a-size-base a-text-bold\">Tipo de combustible<\/span><\/td>\n<td class=\"a-span9\"><span class=\"a-size-base po-break-word\">El\u00e9ctrico<\/span><\/td>\n<\/tr>\n<tr class=\"a-spacing-small po-special_feature\">\n<td class=\"a-span3\"><span class=\"a-size-base a-text-bold\">Funci\u00f3n especial<\/span><\/td>\n<td class=\"a-span9\"><span class=\"a-size-base po-break-word\">Control T\u00e1ctil,Funci\u00f3n Sprint<\/span><\/td>\n<\/tr>\n<tr class=\"a-spacing-small po-heater_surface.material\">\n<td class=\"a-span3\"><span class=\"a-size-base a-text-bold\">Material de la superficie del calentador<\/span><\/td>\n<td class=\"a-span9\"><span class=\"a-size-base po-break-word\">Vitrocer\u00e1mica<\/span><\/td>\n<\/tr>\n<tr class=\"a-spacing-small po-material\">\n<td class=\"a-span3\"><span class=\"a-size-base a-text-bold\">Material<\/span><\/td>\n<td class=\"a-span9\"><span class=\"a-size-base po-break-word\">Cer\u00e1mica<\/span><\/td>\n<\/tr>\n<tr class=\"a-spacing-small po-item_depth_width_height\">\n<td class=\"a-span3\"><span class=\"a-size-base a-text-bold\">Dimensiones del producto<\/span><\/td>\n<td class=\"a-span9\"><span class=\"a-size-base po-break-word\">10f. x 10an. x 10al. mil\u00edmetros<\/span><\/td>\n<\/tr>\n<tr class=\"a-spacing-small po-heating_element_type\">\n<td class=\"a-span3\"><span class=\"a-size-base a-text-bold\">Tipo de quemador<\/span><\/td>\n<td class=\"a-span9\"><span class=\"a-size-base po-break-word\">Inducci\u00f3n<\/span><\/td>\n<\/tr>\n<\/tbody>\n<\/table>","protected":false},"excerpt":{"rendered":"<p>Acerca de este producto Disfruta de una cocina sin complicaciones con la placa de inducci\u00f3n Balay VIB 3EB865ERS, que cuenta<\/p>","protected":false},"featured_media":18328,"template":"","meta":[],"product_brand":[],"product_cat":[74],"product_tag":[75],"product_country":[1505],"class_list":{"0":"post-6817","1":"product","2":"type-product","3":"status-publish","4":"has-post-thumbnail","6":"product_cat-kitchen-appliances","7":"product_tag-kitchen-appliances","8":"product_country-spain","10":"first","11":"instock","12":"sale","13":"taxable","14":"shipping-taxable","15":"purchasable","16":"product-type-simple"},"_links":{"self":[{"href":"https:\/\/routinesfashione.com\/en\/wp-json\/wp\/v2\/product\/6817","targetHints":{"allow":["GET"]}}],"collection":[{"href":"https:\/\/routinesfashione.com\/en\/wp-json\/wp\/v2\/product"}],"about":[{"href":"https:\/\/routinesfashione.com\/en\/wp-json\/wp\/v2\/types\/product"}],"wp:featuredmedia":[{"embeddable":true,"href":"https:\/\/routinesfashione.com\/en\/wp-json\/wp\/v2\/media\/18328"}],"wp:attachment":[{"href":"https:\/\/routinesfashione.com\/en\/wp-json\/wp\/v2\/media?parent=6817"}],"wp:term":[{"taxonomy":"product_brand","embeddable":true,"href":"https:\/\/routinesfashione.com\/en\/wp-json\/wp\/v2\/product_brand?post=6817"},{"taxonomy":"product_cat","embeddable":true,"href":"https:\/\/routinesfashione.com\/en\/wp-json\/wp\/v2\/product_cat?post=6817"},{"taxonomy":"product_tag","embeddable":true,"href":"https:\/\/routinesfashione.com\/en\/wp-json\/wp\/v2\/product_tag?post=6817"},{"taxonomy":"product_country","embeddable":true,"href":"https:\/\/routinesfashione.com\/en\/wp-json\/wp\/v2\/product_country?post=6817"}],"curies":[{"name":"wp","href":"https:\/\/api.w.org\/{rel}","templated":true}]}}