{"id":6844,"date":"2025-08-08T21:41:51","date_gmt":"2025-08-08T21:41:51","guid":{"rendered":"https:\/\/lightgray-crow-170497.hostingersite.com\/?post_type=product&#038;p=6844"},"modified":"2025-09-30T21:06:12","modified_gmt":"2025-09-30T21:06:12","slug":"moulinex-cookeo-ce704110-robot-de-cocina-6l","status":"publish","type":"product","link":"https:\/\/routinesfashione.com\/en\/produit\/moulinex-cookeo-ce704110-robot-de-cocina-6l\/","title":{"rendered":"Moulinex Cookeo ce704110 Robot de Cocina 6L"},"content":{"rendered":"<ul class=\"a-unordered-list a-vertical a-spacing-mini\">\n<li class=\"a-spacing-mini\"><span class=\"a-list-item\">COMIDAS SALUDABLES Y SABROSAS LISTAS EN UN MOMENTO: M\u00e1s de 200 recetas caseras para preparar en menos de 10 minutos con la olla multicocci\u00f3n de alta presi\u00f3n Cookeo y mi aplicaci\u00f3n Moulinex<\/span><\/li>\n<li class=\"a-spacing-mini\"><span class=\"a-list-item\">M\u00c1XIMA INSPIRACI\u00d3N: 150 recetas integradas y muchas m\u00e1s en la aplicaci\u00f3n gratuita Mi Moulinex<\/span><\/li>\n<li class=\"a-spacing-mini\"><span class=\"a-list-item\">D\u00e9jate guiar: sigue las recetas paso a paso en la pantalla de tu Cookeo para obtener resultados perfectos en todo momento; la multicocina de alta presi\u00f3n se adapta a la cocci\u00f3n seg\u00fan ingredientes, cantidades y n\u00famero de comensales.<\/span><\/li>\n<li class=\"a-spacing-mini\"><span class=\"a-list-item\">AHORRO DE TIEMPO Y ENERG\u00cdA &#8211; Modo de cocci\u00f3n a presi\u00f3n para cocinar tus platos hasta 5 veces m\u00e1s r\u00e1pido y ahorrar hasta un 80% de energ\u00eda (en comparaci\u00f3n con un modo de cocci\u00f3n cl\u00e1sico)<\/span><\/li>\n<li class=\"a-spacing-mini\"><span class=\"a-list-item\">REPARABLE 15 A\u00d1OS AL PRECIO JUSTO: Compromiso con la reparabilidad 15 a\u00f1os al precio justo gracias a nuestra red de 6.200 reparadores en todo el mundo, para contribuir a la protecci\u00f3n del medio ambiente y la reducci\u00f3n de residuos.<\/span><\/li>\n<li class=\"a-spacing-mini\"><span class=\"a-list-item\">COCCI\u00d3N SIN SUPERVISI\u00d3N: La olla a presi\u00f3n Cookeo gestiona la cocci\u00f3n por usted sin tener que intervenir, libera la presi\u00f3n, mantiene su bebida caliente autom\u00e1ticamente y tiene una funci\u00f3n de inicio retardado.<\/span><\/li>\n<li class=\"a-spacing-mini\"><span class=\"a-list-item\">6 MODOS DE COCCI\u00d3N &#8211; Cocci\u00f3n a presi\u00f3n, al vapor (verduras), guisado (risotto), dorar, cocci\u00f3n lenta (carnes, guisos) y calentamiento COOKEO tambi\u00e9n hace freidora sin aceite: agregue crujiente a sus platos gracias al accesorio EXTRA CRISP (se vende por separado) y su funci\u00f3n de freidora de aire (freidora sin aceite)<\/span><\/li>\n<li class=\"a-spacing-mini\"><span class=\"a-list-item\">Incluye: Cubo antiadherente de 6L con asas, canasta de vapor compatible con lavavajillas y tapa de almacenamiento<\/span><br \/>\n<table class=\"a-normal a-spacing-micro\">\n<tbody>\n<tr class=\"a-spacing-small po-brand\">\n<td class=\"a-span3\"><span class=\"a-size-base a-text-bold\">Nombre de marca<\/span><\/td>\n<td class=\"a-span9\"><span class=\"a-size-base po-break-word\">Moulinex<\/span><\/td>\n<\/tr>\n<tr class=\"a-spacing-small po-capacity\">\n<td class=\"a-span3\"><span class=\"a-size-base a-text-bold\">Capacidad<\/span><\/td>\n<td class=\"a-span9\"><span class=\"a-size-base po-break-word\">6 litros<\/span><\/td>\n<\/tr>\n<tr class=\"a-spacing-small po-material\">\n<td class=\"a-span3\"><span class=\"a-size-base a-text-bold\">Material<\/span><\/td>\n<td class=\"a-span9\"><span class=\"a-size-base po-break-word\">CAROLINA DEL NORTE<\/span><\/td>\n<\/tr>\n<tr class=\"a-spacing-small po-color\">\n<td class=\"a-span3\"><span class=\"a-size-base a-text-bold\">Color<\/span><\/td>\n<td class=\"a-span9\"><span class=\"a-size-base po-break-word\">Blanco<\/span><\/td>\n<\/tr>\n<tr class=\"a-spacing-small po-finish_type\">\n<td class=\"a-span3\"><span class=\"a-size-base a-text-bold\">Tipo de acabado<\/span><\/td>\n<td class=\"a-span9\"><span class=\"a-size-base po-break-word\">Lustroso<\/span><\/td>\n<\/tr>\n<tr class=\"a-spacing-small po-item_depth_width_height\">\n<td class=\"a-span3\"><span class=\"a-size-base a-text-bold\">Dimensiones del art\u00edculo Pr x An x Al<\/span><\/td>\n<td class=\"a-span9\"><span class=\"a-size-base po-break-word\">37,8D x 36,4W x 32H cent\u00edmetros<\/span><\/td>\n<\/tr>\n<tr class=\"a-spacing-small po-special_feature\">\n<td class=\"a-span3\"><span class=\"a-size-base a-text-bold\">Caracter\u00edsticas especiales<\/span><\/td>\n<td class=\"a-span9\"><span class=\"a-size-base po-break-word\">F\u00e1cil de usar<\/span><\/td>\n<\/tr>\n<tr class=\"a-spacing-small po-wattage\">\n<td class=\"a-span3\"><span class=\"a-size-base a-text-bold\">Potencia<\/span><\/td>\n<td class=\"a-span9\"><span class=\"a-size-base po-break-word\">1600 vatios<\/span><\/td>\n<\/tr>\n<tr class=\"a-spacing-small po-item_weight\">\n<td class=\"a-span3\"><span class=\"a-size-base a-text-bold\">Peso del art\u00edculo<\/span><\/td>\n<td class=\"a-span9\"><span class=\"a-size-base po-break-word\">6,7 kilogramos<\/span><\/td>\n<\/tr>\n<tr class=\"a-spacing-small po-control_method\">\n<td class=\"a-span3\"><span class=\"a-size-base a-text-bold\">M\u00e9todo de control<\/span><\/td>\n<td class=\"a-span9\"><span class=\"a-size-base po-break-word\">Tocar<\/span><\/td>\n<\/tr>\n<\/tbody>\n<\/table>\n<\/li>\n<\/ul>","protected":false},"excerpt":{"rendered":"<p>COMIDAS SALUDABLES Y SABROSAS LISTAS EN UN MOMENTO: M\u00e1s de 200 recetas caseras para preparar en menos de 10 minutos<\/p>","protected":false},"featured_media":18347,"template":"","meta":[],"product_brand":[],"product_cat":[74],"product_tag":[75],"product_country":[1505],"class_list":{"0":"post-6844","1":"product","2":"type-product","3":"status-publish","4":"has-post-thumbnail","6":"product_cat-kitchen-appliances","7":"product_tag-kitchen-appliances","8":"product_country-spain","10":"first","11":"instock","12":"sale","13":"taxable","14":"shipping-taxable","15":"purchasable","16":"product-type-simple"},"_links":{"self":[{"href":"https:\/\/routinesfashione.com\/en\/wp-json\/wp\/v2\/product\/6844","targetHints":{"allow":["GET"]}}],"collection":[{"href":"https:\/\/routinesfashione.com\/en\/wp-json\/wp\/v2\/product"}],"about":[{"href":"https:\/\/routinesfashione.com\/en\/wp-json\/wp\/v2\/types\/product"}],"wp:featuredmedia":[{"embeddable":true,"href":"https:\/\/routinesfashione.com\/en\/wp-json\/wp\/v2\/media\/18347"}],"wp:attachment":[{"href":"https:\/\/routinesfashione.com\/en\/wp-json\/wp\/v2\/media?parent=6844"}],"wp:term":[{"taxonomy":"product_brand","embeddable":true,"href":"https:\/\/routinesfashione.com\/en\/wp-json\/wp\/v2\/product_brand?post=6844"},{"taxonomy":"product_cat","embeddable":true,"href":"https:\/\/routinesfashione.com\/en\/wp-json\/wp\/v2\/product_cat?post=6844"},{"taxonomy":"product_tag","embeddable":true,"href":"https:\/\/routinesfashione.com\/en\/wp-json\/wp\/v2\/product_tag?post=6844"},{"taxonomy":"product_country","embeddable":true,"href":"https:\/\/routinesfashione.com\/en\/wp-json\/wp\/v2\/product_country?post=6844"}],"curies":[{"name":"wp","href":"https:\/\/api.w.org\/{rel}","templated":true}]}}