{"id":6891,"date":"2025-08-08T22:15:37","date_gmt":"2025-08-08T22:15:37","guid":{"rendered":"https:\/\/lightgray-crow-170497.hostingersite.com\/?post_type=product&#038;p=6891"},"modified":"2025-09-30T21:06:16","modified_gmt":"2025-09-30T21:06:16","slug":"robot-de-cocina-moulinex-hf80c30d","status":"publish","type":"product","link":"https:\/\/routinesfashione.com\/en\/produit\/robot-de-cocina-moulinex-hf80c30d\/","title":{"rendered":"Robot de cocina Moulinex Hf80c30d"},"content":{"rendered":"<h1 class=\"a-size-base-plus a-text-bold\">Acerca de este producto<\/h1>\n<ul class=\"a-unordered-list a-vertical a-spacing-mini\">\n<li class=\"a-spacing-mini\"><span class=\"a-list-item\">RECETAS el procesador de alimentos para preparar una multitud de recetas 12 programas y subprogramas autom\u00e1ticos + un modo manual (el idioma espa\u00f1ol no es el franc\u00e9s)<\/span><\/li>\n<li class=\"a-spacing-mini\"><span class=\"a-list-item\">CAPACIDAD El procesador de alimentos Companion permite cocinar hasta 10 personas gracias a su capacidad \u00fatil de 3 L (capacidad total de 4,5 L)<\/span><\/li>\n<li class=\"a-spacing-mini\"><span class=\"a-list-item\">Temperatura VERS\u00c1TIL de 30\u00b0 C a 150\u00b0 C para dorar y dorar sus ingredientes<\/span><\/li>\n<li class=\"a-spacing-mini\"><span class=\"a-list-item\">ACCESORIOS INCLUIDOS cuchillo picador, cuchillo amasador\/triturador, batidor, licuadora, cesta vaporera<\/span><\/li>\n<li class=\"a-spacing-mini\"><span class=\"a-list-item\">Reparabilidad 15 a\u00f1os, Garant\u00eda 2 a\u00f1os, Fabricado en Francia<\/span><\/li>\n<li class=\"a-spacing-mini\"><span class=\"a-list-item\">COCINAR CON LA TAPA ABIERTA para un dorado \u00f3ptimo de los ingredientes<\/span><\/li>\n<li class=\"a-spacing-mini\"><span class=\"a-list-item\">Sistema de seguridad SECURE en la tapa<\/span><\/li>\n<li class=\"a-spacing-mini\"><span class=\"a-list-item\">Libro de recetas INCLUIDO (el idioma espa\u00f1ol no es franc\u00e9s)<\/span><\/li>\n<\/ul>\n<div class=\"a-row\">\n<div class=\"a-column a-span12 a-span-last\">\n<div class=\"a-row a-spacing-top-base\">\n<div class=\"a-column a-span6\">\n<div class=\"a-row a-spacing-base\">\n<div class=\"a-row a-expander-container a-expander-extend-container\">\n<div class=\"a-row\">\n<div class=\"a-column a-span6\">\n<h1 class=\"a-size-medium a-spacing-small\">Detalles t\u00e9cnicos<\/h1>\n<\/div>\n<\/div>\n<div class=\"a-expander-content a-expander-extend-content\" data-expanded=\"true\">\n<div class=\"a-row a-expander-container a-expander-inline-container\">\n<div class=\"a-expander-content a-expander-section-content a-section-expander-inner\" data-expanded=\"true\">\n<table id=\"productDetails_techSpec_section_1\" class=\"a-keyvalue prodDetTable\">\n<tbody>\n<tr>\n<th class=\"a-color-secondary a-size-base prodDetSectionEntry\">Marca<\/th>\n<td class=\"a-size-base prodDetAttrValue\">\u200eMoulinex<\/td>\n<\/tr>\n<tr>\n<th class=\"a-color-secondary a-size-base prodDetSectionEntry\">N\u00famero de modelo<\/th>\n<td class=\"a-size-base prodDetAttrValue\">\u200eDPCD-MOUHF80C30D<\/td>\n<\/tr>\n<tr>\n<th class=\"a-color-secondary a-size-base prodDetSectionEntry\">Color<\/th>\n<td class=\"a-size-base prodDetAttrValue\">\u200eNo Aplica<\/td>\n<\/tr>\n<tr>\n<th class=\"a-color-secondary a-size-base prodDetSectionEntry\">Dimensiones del producto<\/th>\n<td class=\"a-size-base prodDetAttrValue\">\u200e35 x 21 x 32 cm; 8,25 kg<\/td>\n<\/tr>\n<tr>\n<th class=\"a-color-secondary a-size-base prodDetSectionEntry\">Capacidad<\/th>\n<td class=\"a-size-base prodDetAttrValue\">\u200e3 Litros<\/td>\n<\/tr>\n<tr>\n<th class=\"a-color-secondary a-size-base prodDetSectionEntry\">Volumen<\/th>\n<td class=\"a-size-base prodDetAttrValue\">\u200e3 Litros<\/td>\n<\/tr>\n<tr>\n<th class=\"a-color-secondary a-size-base prodDetSectionEntry\">N\u00famero de velocidades<\/th>\n<td class=\"a-size-base prodDetAttrValue\">\u200e12<\/td>\n<\/tr>\n<tr>\n<th class=\"a-color-secondary a-size-base prodDetSectionEntry\">Caracter\u00edsticas especiales<\/th>\n<td class=\"a-size-base prodDetAttrValue\">\u200eProgramable<\/td>\n<\/tr>\n<tr>\n<th class=\"a-color-secondary a-size-base prodDetSectionEntry\">Peso del producto<\/th>\n<td class=\"a-size-base prodDetAttrValue\">\u200e8,25 kg<\/td>\n<\/tr>\n<\/tbody>\n<\/table>\n<\/div>\n<\/div>\n<\/div>\n<\/div>\n<\/div>\n<\/div>\n<\/div>\n<\/div>\n<\/div>","protected":false},"excerpt":{"rendered":"<p>Acerca de este producto RECETAS el procesador de alimentos para preparar una multitud de recetas 12 programas y subprogramas autom\u00e1ticos<\/p>","protected":false},"featured_media":18385,"template":"","meta":[],"product_brand":[],"product_cat":[74],"product_tag":[75],"product_country":[1505],"class_list":{"0":"post-6891","1":"product","2":"type-product","3":"status-publish","4":"has-post-thumbnail","6":"product_cat-kitchen-appliances","7":"product_tag-kitchen-appliances","8":"product_country-spain","10":"first","11":"instock","12":"sale","13":"taxable","14":"shipping-taxable","15":"purchasable","16":"product-type-simple"},"_links":{"self":[{"href":"https:\/\/routinesfashione.com\/en\/wp-json\/wp\/v2\/product\/6891","targetHints":{"allow":["GET"]}}],"collection":[{"href":"https:\/\/routinesfashione.com\/en\/wp-json\/wp\/v2\/product"}],"about":[{"href":"https:\/\/routinesfashione.com\/en\/wp-json\/wp\/v2\/types\/product"}],"wp:featuredmedia":[{"embeddable":true,"href":"https:\/\/routinesfashione.com\/en\/wp-json\/wp\/v2\/media\/18385"}],"wp:attachment":[{"href":"https:\/\/routinesfashione.com\/en\/wp-json\/wp\/v2\/media?parent=6891"}],"wp:term":[{"taxonomy":"product_brand","embeddable":true,"href":"https:\/\/routinesfashione.com\/en\/wp-json\/wp\/v2\/product_brand?post=6891"},{"taxonomy":"product_cat","embeddable":true,"href":"https:\/\/routinesfashione.com\/en\/wp-json\/wp\/v2\/product_cat?post=6891"},{"taxonomy":"product_tag","embeddable":true,"href":"https:\/\/routinesfashione.com\/en\/wp-json\/wp\/v2\/product_tag?post=6891"},{"taxonomy":"product_country","embeddable":true,"href":"https:\/\/routinesfashione.com\/en\/wp-json\/wp\/v2\/product_country?post=6891"}],"curies":[{"name":"wp","href":"https:\/\/api.w.org\/{rel}","templated":true}]}}