{"id":6929,"date":"2025-08-08T23:03:25","date_gmt":"2025-08-08T23:03:25","guid":{"rendered":"https:\/\/lightgray-crow-170497.hostingersite.com\/?post_type=product&#038;p=6929"},"modified":"2025-09-30T21:06:19","modified_gmt":"2025-09-30T21:06:19","slug":"robot-de-cocina-moulinex-cookeo-ce854b10-80-recetas","status":"publish","type":"product","link":"https:\/\/routinesfashione.com\/en\/produit\/robot-de-cocina-moulinex-cookeo-ce854b10-80-recetas\/","title":{"rendered":"Robot de cocina Moulinex COOKEO CE854B10 80 recetas"},"content":{"rendered":"<p data-start=\"145\" data-end=\"321\"><strong data-start=\"188\" data-end=\"197\">Tipo:<\/strong> Robot de cocina multifunci\u00f3n \/ Olla programable<br data-start=\"245\" data-end=\"248\" \/><strong data-start=\"248\" data-end=\"262\">Capacidad:<\/strong> 6 litros<br data-start=\"271\" data-end=\"274\" \/><strong data-start=\"274\" data-end=\"284\">Color:<\/strong> Blanco y gris<br data-start=\"298\" data-end=\"301\" \/><strong data-start=\"301\" data-end=\"309\">Uso:<\/strong> Dom\u00e9stico<\/p>\n<hr data-start=\"323\" data-end=\"326\" \/>\n<h3 data-start=\"328\" data-end=\"365\"><strong data-start=\"332\" data-end=\"363\">Belangrijkste Specificaties<\/strong><\/h3>\n<ul data-start=\"366\" data-end=\"873\">\n<li data-start=\"366\" data-end=\"390\">\n<p data-start=\"368\" data-end=\"390\"><strong data-start=\"368\" data-end=\"381\">Potencia:<\/strong> 1600 W<\/p>\n<\/li>\n<li data-start=\"391\" data-end=\"442\">\n<p data-start=\"393\" data-end=\"442\"><strong data-start=\"393\" data-end=\"412\">Capacidad \u00fatil:<\/strong> Hasta 6 raciones (6 litros)<\/p>\n<\/li>\n<li data-start=\"443\" data-end=\"558\">\n<p data-start=\"445\" data-end=\"558\"><strong data-start=\"445\" data-end=\"470\">Programas de cocci\u00f3n:<\/strong> 6 modos autom\u00e1ticos (cocci\u00f3n r\u00e1pida, a presi\u00f3n, al vapor, dorar, rehogar, recalentar)<\/p>\n<\/li>\n<li data-start=\"559\" data-end=\"615\">\n<p data-start=\"561\" data-end=\"615\"><strong data-start=\"561\" data-end=\"584\">Recetas integradas:<\/strong> 80 preprogramadas en memoria<\/p>\n<\/li>\n<li data-start=\"616\" data-end=\"666\">\n<p data-start=\"618\" data-end=\"666\"><strong data-start=\"618\" data-end=\"631\">Pantalla:<\/strong> LCD en color con interfaz guiada<\/p>\n<\/li>\n<li data-start=\"667\" data-end=\"721\">\n<p data-start=\"669\" data-end=\"721\"><strong data-start=\"669\" data-end=\"686\">Conectividad:<\/strong> No incluye funciones de conexi\u00f3n<\/p>\n<\/li>\n<li data-start=\"722\" data-end=\"787\">\n<p data-start=\"724\" data-end=\"787\"><strong data-start=\"724\" data-end=\"735\">Cubeta:<\/strong> Antiadherente, extra\u00edble y apta para lavavajillas<\/p>\n<\/li>\n<li data-start=\"788\" data-end=\"852\">\n<p data-start=\"790\" data-end=\"852\"><strong data-start=\"790\" data-end=\"821\">Dimensiones (Al \u00d7 An \u00d7 Pr):<\/strong> Aprox. 37,6 \u00d7 35,4 \u00d7 35,2 cm<\/p>\n<\/li>\n<li data-start=\"853\" data-end=\"873\">\n<p data-start=\"855\" data-end=\"873\"><strong data-start=\"855\" data-end=\"864\">Peso:<\/strong> 6,4 kg<\/p>\n<\/li>\n<\/ul>\n<hr data-start=\"875\" data-end=\"878\" \/>\n<h3 data-start=\"880\" data-end=\"917\"><strong data-start=\"884\" data-end=\"915\">Principales Caracter\u00edsticas<\/strong><\/h3>\n<ul data-start=\"918\" data-end=\"1386\">\n<li data-start=\"918\" data-end=\"992\">\n<p data-start=\"920\" data-end=\"992\"><strong data-start=\"920\" data-end=\"943\">Interfaz intuitiva:<\/strong> Gu\u00eda paso a paso para facilitar la preparaci\u00f3n<\/p>\n<\/li>\n<li data-start=\"993\" data-end=\"1063\">\n<p data-start=\"995\" data-end=\"1063\"><strong data-start=\"995\" data-end=\"1007\">Rapidez:<\/strong> Cocci\u00f3n a presi\u00f3n que reduce el tiempo de elaboraci\u00f3n<\/p>\n<\/li>\n<li data-start=\"1064\" data-end=\"1147\">\n<p data-start=\"1066\" data-end=\"1147\"><strong data-start=\"1066\" data-end=\"1083\">Versatilidad:<\/strong> Permite preparar desde guisos hasta postres y platos al vapor<\/p>\n<\/li>\n<li data-start=\"1148\" data-end=\"1228\">\n<p data-start=\"1150\" data-end=\"1228\"><strong data-start=\"1150\" data-end=\"1177\">Mantenimiento sencillo:<\/strong> Recipiente y accesorios lavables en lavavajillas<\/p>\n<\/li>\n<li data-start=\"1229\" data-end=\"1310\">\n<p data-start=\"1231\" data-end=\"1310\"><strong data-start=\"1231\" data-end=\"1261\">Funci\u00f3n mantener caliente:<\/strong> Activa autom\u00e1ticamente al finalizar la cocci\u00f3n<\/p>\n<\/li>\n<li data-start=\"1311\" data-end=\"1386\">\n<p data-start=\"1313\" data-end=\"1386\"><strong data-start=\"1313\" data-end=\"1339\">Programaci\u00f3n diferida:<\/strong> Para tener la comida lista a la hora deseada<\/p>\n<\/li>\n<\/ul>\n<hr data-start=\"1388\" data-end=\"1391\" \/>\n<h3 data-start=\"1393\" data-end=\"1411\"><strong data-start=\"1397\" data-end=\"1409\">Ventajas<\/strong><\/h3>\n<ul data-start=\"1412\" data-end=\"1608\">\n<li data-start=\"1412\" data-end=\"1471\">\n<p data-start=\"1414\" data-end=\"1471\">Recetario integrado de 80 opciones para variedad diaria<\/p>\n<\/li>\n<li data-start=\"1472\" data-end=\"1517\">\n<p data-start=\"1474\" data-end=\"1517\">Ideal para familias por su gran capacidad<\/p>\n<\/li>\n<li data-start=\"1518\" data-end=\"1564\">\n<p data-start=\"1520\" data-end=\"1564\">Reduce tiempos de cocci\u00f3n y ahorra energ\u00eda<\/p>\n<\/li>\n<li data-start=\"1565\" data-end=\"1608\">\n<p data-start=\"1567\" data-end=\"1608\">F\u00e1cil manejo incluso para principiantes<\/p>\n<\/li>\n<\/ul>\n<hr data-start=\"1610\" data-end=\"1613\" \/>\n<h3 data-start=\"1615\" data-end=\"1640\"><strong data-start=\"1619\" data-end=\"1638\">Aandachtspunten<\/strong><\/h3>\n<ul data-start=\"1641\" data-end=\"1746\">\n<li data-start=\"1641\" data-end=\"1680\">\n<p data-start=\"1643\" data-end=\"1680\">No permite descargar nuevas recetas<\/p>\n<\/li>\n<li data-start=\"1681\" data-end=\"1720\">\n<p data-start=\"1683\" data-end=\"1720\">Ocupa espacio en encimera o armario<\/p>\n<\/li>\n<li data-start=\"1721\" data-end=\"1746\">\n<p data-start=\"1723\" data-end=\"1746\">Sin b\u00e1scula integrada<\/p>\n<\/li>\n<\/ul>\n<hr data-start=\"1748\" data-end=\"1751\" \/>\n<p data-start=\"1753\" data-end=\"2026\"><strong data-start=\"1753\" data-end=\"1768\">Conclusi\u00f3n:<\/strong><br data-start=\"1768\" data-end=\"1771\" \/>El <strong data-start=\"1774\" data-end=\"1802\">Moulinex Cookeo CE854B10<\/strong> es un robot de cocina potente y pr\u00e1ctico que combina rapidez, facilidad de uso y una amplia variedad de recetas preprogramadas. Ideal para quienes buscan una soluci\u00f3n vers\u00e1til para cocinar a diario con el m\u00ednimo esfuerzo.<\/p>","protected":false},"excerpt":{"rendered":"<p>Tipo: Robot de cocina multifunci\u00f3n \/ Olla programableCapacidad: 6 litrosColor: Blanco y grisUso: Dom\u00e9stico Belangrijkste Specificaties Potencia: 1600 W Capacidad<\/p>","protected":false},"featured_media":18409,"template":"","meta":[],"product_brand":[],"product_cat":[74],"product_tag":[75],"product_country":[1505],"class_list":{"0":"post-6929","1":"product","2":"type-product","3":"status-publish","4":"has-post-thumbnail","6":"product_cat-kitchen-appliances","7":"product_tag-kitchen-appliances","8":"product_country-spain","10":"first","11":"instock","12":"sale","13":"taxable","14":"shipping-taxable","15":"purchasable","16":"product-type-simple"},"_links":{"self":[{"href":"https:\/\/routinesfashione.com\/en\/wp-json\/wp\/v2\/product\/6929","targetHints":{"allow":["GET"]}}],"collection":[{"href":"https:\/\/routinesfashione.com\/en\/wp-json\/wp\/v2\/product"}],"about":[{"href":"https:\/\/routinesfashione.com\/en\/wp-json\/wp\/v2\/types\/product"}],"wp:featuredmedia":[{"embeddable":true,"href":"https:\/\/routinesfashione.com\/en\/wp-json\/wp\/v2\/media\/18409"}],"wp:attachment":[{"href":"https:\/\/routinesfashione.com\/en\/wp-json\/wp\/v2\/media?parent=6929"}],"wp:term":[{"taxonomy":"product_brand","embeddable":true,"href":"https:\/\/routinesfashione.com\/en\/wp-json\/wp\/v2\/product_brand?post=6929"},{"taxonomy":"product_cat","embeddable":true,"href":"https:\/\/routinesfashione.com\/en\/wp-json\/wp\/v2\/product_cat?post=6929"},{"taxonomy":"product_tag","embeddable":true,"href":"https:\/\/routinesfashione.com\/en\/wp-json\/wp\/v2\/product_tag?post=6929"},{"taxonomy":"product_country","embeddable":true,"href":"https:\/\/routinesfashione.com\/en\/wp-json\/wp\/v2\/product_country?post=6929"}],"curies":[{"name":"wp","href":"https:\/\/api.w.org\/{rel}","templated":true}]}}