{"id":6958,"date":"2025-08-08T22:40:55","date_gmt":"2025-08-08T22:40:55","guid":{"rendered":"https:\/\/lightgray-crow-170497.hostingersite.com\/?post_type=product&#038;p=6958"},"modified":"2025-09-30T21:17:07","modified_gmt":"2025-09-30T21:17:07","slug":"horno-bosch-hbg7741","status":"publish","type":"product","link":"https:\/\/routinesfashione.com\/en\/produit\/horno-bosch-hbg7741\/","title":{"rendered":"Horno Bosch HBG7741"},"content":{"rendered":"<p>Horno Bosch HBG7741 combina innovaci\u00f3n tecnolog\u00eda y funcionalidad para resultados culinarios excepcionales incluye control electr\u00f3nico de temperatura programas autom\u00e1ticos cocci\u00f3n horneado asado y gratinado sistema autolimpieza catal\u00edtica interior panel digital intuitivo puerta fr\u00eda seguridad ni\u00f1os dise\u00f1o elegante acero inoxidable capacidad amplia eficiencia energ\u00e9tica clase A+ integraci\u00f3n perfecta cocina moderna distribuci\u00f3n uniforme calor ventilador tangencial ahorro tiempo energ\u00eda construcci\u00f3n duradera materiales de alta calidad accesorios pr\u00e1cticos bandejas rejillas gu\u00eda extra\u00edble versatilidad m\u00e1xima recetas tradicionales y modernas resultados homog\u00e9neos textura crujiente dorado uniforme facilidad manejo limpieza mantenimiento pr\u00e1ctico ideal chefs aficionados y profesionales cocina diaria innovaci\u00f3n Bosch garant\u00eda fiabilidad.<\/p>","protected":false},"excerpt":{"rendered":"<p>Horno Bosch HBG7741 combina innovaci\u00f3n tecnolog\u00eda y funcionalidad para resultados culinarios excepcionales incluye control electr\u00f3nico de temperatura programas autom\u00e1ticos cocci\u00f3n<\/p>","protected":false},"featured_media":18435,"template":"","meta":[],"product_brand":[],"product_cat":[72],"product_tag":[1513],"product_country":[1505],"class_list":{"0":"post-6958","1":"product","2":"type-product","3":"status-publish","4":"has-post-thumbnail","6":"product_cat-grills-outdoor-cooking","7":"product_tag-grills-outdoor-cooking","8":"product_country-spain","10":"first","11":"instock","12":"sale","13":"taxable","14":"shipping-taxable","15":"purchasable","16":"product-type-simple"},"_links":{"self":[{"href":"https:\/\/routinesfashione.com\/en\/wp-json\/wp\/v2\/product\/6958","targetHints":{"allow":["GET"]}}],"collection":[{"href":"https:\/\/routinesfashione.com\/en\/wp-json\/wp\/v2\/product"}],"about":[{"href":"https:\/\/routinesfashione.com\/en\/wp-json\/wp\/v2\/types\/product"}],"wp:featuredmedia":[{"embeddable":true,"href":"https:\/\/routinesfashione.com\/en\/wp-json\/wp\/v2\/media\/18435"}],"wp:attachment":[{"href":"https:\/\/routinesfashione.com\/en\/wp-json\/wp\/v2\/media?parent=6958"}],"wp:term":[{"taxonomy":"product_brand","embeddable":true,"href":"https:\/\/routinesfashione.com\/en\/wp-json\/wp\/v2\/product_brand?post=6958"},{"taxonomy":"product_cat","embeddable":true,"href":"https:\/\/routinesfashione.com\/en\/wp-json\/wp\/v2\/product_cat?post=6958"},{"taxonomy":"product_tag","embeddable":true,"href":"https:\/\/routinesfashione.com\/en\/wp-json\/wp\/v2\/product_tag?post=6958"},{"taxonomy":"product_country","embeddable":true,"href":"https:\/\/routinesfashione.com\/en\/wp-json\/wp\/v2\/product_country?post=6958"}],"curies":[{"name":"wp","href":"https:\/\/api.w.org\/{rel}","templated":true}]}}