{"id":7010,"date":"2025-08-08T23:13:41","date_gmt":"2025-08-08T23:13:41","guid":{"rendered":"https:\/\/lightgray-crow-170497.hostingersite.com\/?post_type=product&#038;p=7010"},"modified":"2025-09-30T21:17:10","modified_gmt":"2025-09-30T21:17:10","slug":"robot-multifuncion-4200xl-magimix-cromado","status":"publish","type":"product","link":"https:\/\/routinesfashione.com\/en\/produit\/robot-multifuncion-4200xl-magimix-cromado\/","title":{"rendered":"Robot multifunci\u00f3n 4200XL Magimix cromado"},"content":{"rendered":"<p data-start=\"148\" data-end=\"321\"><strong data-start=\"181\" data-end=\"190\">Tipo:<\/strong> Robot de cocina multifunci\u00f3n<br data-start=\"219\" data-end=\"222\" \/><strong data-start=\"222\" data-end=\"242\">Capacidad total:<\/strong> 3 litros (bol principal)<br data-start=\"267\" data-end=\"270\" \/><strong data-start=\"270\" data-end=\"290\">Color \/ acabado:<\/strong> Cromado<br data-start=\"298\" data-end=\"301\" \/><strong data-start=\"301\" data-end=\"309\">Uso:<\/strong> Dom\u00e9stico<\/p>\n<hr data-start=\"323\" data-end=\"326\" \/>\n<h3 data-start=\"328\" data-end=\"365\"><strong data-start=\"332\" data-end=\"363\">Belangrijkste Specificaties<\/strong><\/h3>\n<ul data-start=\"366\" data-end=\"950\">\n<li data-start=\"366\" data-end=\"450\">\n<p data-start=\"368\" data-end=\"450\"><strong data-start=\"368\" data-end=\"391\">Potencia del motor:<\/strong> 950 W, motor de inducci\u00f3n silencioso y de larga duraci\u00f3n<\/p>\n<\/li>\n<li data-start=\"451\" data-end=\"568\">\n<p data-start=\"453\" data-end=\"484\"><strong data-start=\"453\" data-end=\"482\">Capacidades de los boles:<\/strong><\/p>\n<ul data-start=\"487\" data-end=\"568\">\n<li data-start=\"487\" data-end=\"514\">\n<p data-start=\"489\" data-end=\"514\">Bol principal: 3 litros<\/p>\n<\/li>\n<li data-start=\"517\" data-end=\"541\">\n<p data-start=\"519\" data-end=\"541\">Bol midi: 2,6 litros<\/p>\n<\/li>\n<li data-start=\"544\" data-end=\"568\">\n<p data-start=\"546\" data-end=\"568\">Mini bol: 1,2 litros<\/p>\n<\/li>\n<\/ul>\n<\/li>\n<li data-start=\"569\" data-end=\"617\">\n<p data-start=\"571\" data-end=\"617\"><strong data-start=\"571\" data-end=\"587\">Velocidades:<\/strong> 1 velocidad + funci\u00f3n pulse<\/p>\n<\/li>\n<li data-start=\"618\" data-end=\"674\">\n<p data-start=\"620\" data-end=\"674\"><strong data-start=\"620\" data-end=\"652\">Material de los recipientes:<\/strong> Tritan libre de BPA<\/p>\n<\/li>\n<li data-start=\"675\" data-end=\"815\">\n<p data-start=\"677\" data-end=\"815\"><strong data-start=\"677\" data-end=\"702\">Accesorios incluidos:<\/strong> Disco para rebanar, disco para rallar, cuchilla met\u00e1lica, amasadora, batidor, exprimidor de c\u00edtricos, esp\u00e1tula<\/p>\n<\/li>\n<li data-start=\"816\" data-end=\"876\">\n<p data-start=\"818\" data-end=\"876\"><strong data-start=\"818\" data-end=\"849\">Dimensiones (Al \u00d7 An \u00d7 Pr):<\/strong> Aprox. 42,5 \u00d7 21 \u00d7 26 cm<\/p>\n<\/li>\n<li data-start=\"877\" data-end=\"898\">\n<p data-start=\"879\" data-end=\"898\"><strong data-start=\"879\" data-end=\"888\">Peso:<\/strong> 10,8 kg<\/p>\n<\/li>\n<li data-start=\"899\" data-end=\"950\">\n<p data-start=\"901\" data-end=\"950\"><strong data-start=\"901\" data-end=\"920\">Nivel de ruido:<\/strong> Muy bajo (motor silencioso)<\/p>\n<\/li>\n<\/ul>\n<hr data-start=\"952\" data-end=\"955\" \/>\n<h3 data-start=\"957\" data-end=\"994\"><strong data-start=\"961\" data-end=\"992\">Principales Caracter\u00edsticas<\/strong><\/h3>\n<ul data-start=\"995\" data-end=\"1487\">\n<li data-start=\"995\" data-end=\"1094\">\n<p data-start=\"997\" data-end=\"1094\"><strong data-start=\"997\" data-end=\"1030\">Sistema de 3 boles apilables:<\/strong> Permite preparar distintas elaboraciones sin lavar entre usos<\/p>\n<\/li>\n<li data-start=\"1095\" data-end=\"1192\">\n<p data-start=\"1097\" data-end=\"1192\"><strong data-start=\"1097\" data-end=\"1119\">Motor profesional:<\/strong> Potente y duradero, con 30 a\u00f1os de garant\u00eda del fabricante en el motor<\/p>\n<\/li>\n<li data-start=\"1193\" data-end=\"1271\">\n<p data-start=\"1195\" data-end=\"1271\"><strong data-start=\"1195\" data-end=\"1223\">Boca de alimentaci\u00f3n XL:<\/strong> Facilita introducir frutas y verduras enteras<\/p>\n<\/li>\n<li data-start=\"1272\" data-end=\"1354\">\n<p data-start=\"1274\" data-end=\"1354\"><strong data-start=\"1274\" data-end=\"1291\">Versatilidad:<\/strong> Ideal para picar, rallar, rebanar, amasar, montar y exprimir<\/p>\n<\/li>\n<li data-start=\"1355\" data-end=\"1421\">\n<p data-start=\"1357\" data-end=\"1421\"><strong data-start=\"1357\" data-end=\"1376\">F\u00e1cil limpieza:<\/strong> Boles y accesorios aptos para lavavajillas<\/p>\n<\/li>\n<li data-start=\"1422\" data-end=\"1487\">\n<p data-start=\"1424\" data-end=\"1487\"><strong data-start=\"1424\" data-end=\"1443\">Dise\u00f1o robusto:<\/strong> Base estable y materiales de alta calidad<\/p>\n<\/li>\n<\/ul>\n<hr data-start=\"1489\" data-end=\"1492\" \/>\n<h3 data-start=\"1494\" data-end=\"1512\"><strong data-start=\"1498\" data-end=\"1510\">Ventajas<\/strong><\/h3>\n<ul data-start=\"1513\" data-end=\"1732\">\n<li data-start=\"1513\" data-end=\"1568\">\n<p data-start=\"1515\" data-end=\"1568\">Muy silencioso comparado con otros robots de cocina<\/p>\n<\/li>\n<li data-start=\"1569\" data-end=\"1620\">\n<p data-start=\"1571\" data-end=\"1620\">Amplia variedad de funciones en un solo aparato<\/p>\n<\/li>\n<li data-start=\"1621\" data-end=\"1668\">\n<p data-start=\"1623\" data-end=\"1668\">Motor de alta fiabilidad con larga garant\u00eda<\/p>\n<\/li>\n<li data-start=\"1669\" data-end=\"1732\">\n<p data-start=\"1671\" data-end=\"1732\">Boca de alimentaci\u00f3n XL que ahorra tiempo en la preparaci\u00f3n<\/p>\n<\/li>\n<\/ul>\n<hr data-start=\"1734\" data-end=\"1737\" \/>\n<h3 data-start=\"1739\" data-end=\"1764\"><strong data-start=\"1743\" data-end=\"1762\">Aandachtspunten<\/strong><\/h3>\n<ul data-start=\"1765\" data-end=\"1941\">\n<li data-start=\"1765\" data-end=\"1800\">\n<p data-start=\"1767\" data-end=\"1800\">No incluye funciones de cocci\u00f3n<\/p>\n<\/li>\n<li data-start=\"1801\" data-end=\"1863\">\n<p data-start=\"1803\" data-end=\"1863\">Peso considerable, requiere un espacio fijo en la encimera<\/p>\n<\/li>\n<li data-start=\"1864\" data-end=\"1941\">\n<p data-start=\"1866\" data-end=\"1941\">Precio superior a otros modelos b\u00e1sicos debido a la calidad y durabilidad<\/p>\n<\/li>\n<\/ul>\n<hr data-start=\"1943\" data-end=\"1946\" \/>\n<p data-start=\"1948\" data-end=\"2190\"><strong data-start=\"1948\" data-end=\"1963\">Conclusi\u00f3n:<\/strong><br data-start=\"1963\" data-end=\"1966\" \/>El <strong data-start=\"1969\" data-end=\"1995\">Magimix 4200XL cromado<\/strong> es un robot de cocina multifunci\u00f3n potente, silencioso y duradero, perfecto para quienes buscan un equipo vers\u00e1til y de alta calidad para preparar recetas variadas de forma r\u00e1pida y eficiente.<\/p>","protected":false},"excerpt":{"rendered":"<p>Tipo: Robot de cocina multifunci\u00f3nCapacidad total: 3 litros (bol principal)Color \/ acabado: CromadoUso: Dom\u00e9stico Belangrijkste Specificaties Potencia del motor: 950<\/p>","protected":false},"featured_media":18462,"template":"","meta":[],"product_brand":[],"product_cat":[74],"product_tag":[75],"product_country":[1505],"class_list":{"0":"post-7010","1":"product","2":"type-product","3":"status-publish","4":"has-post-thumbnail","6":"product_cat-kitchen-appliances","7":"product_tag-kitchen-appliances","8":"product_country-spain","10":"first","11":"instock","12":"sale","13":"taxable","14":"shipping-taxable","15":"purchasable","16":"product-type-simple"},"_links":{"self":[{"href":"https:\/\/routinesfashione.com\/en\/wp-json\/wp\/v2\/product\/7010","targetHints":{"allow":["GET"]}}],"collection":[{"href":"https:\/\/routinesfashione.com\/en\/wp-json\/wp\/v2\/product"}],"about":[{"href":"https:\/\/routinesfashione.com\/en\/wp-json\/wp\/v2\/types\/product"}],"wp:featuredmedia":[{"embeddable":true,"href":"https:\/\/routinesfashione.com\/en\/wp-json\/wp\/v2\/media\/18462"}],"wp:attachment":[{"href":"https:\/\/routinesfashione.com\/en\/wp-json\/wp\/v2\/media?parent=7010"}],"wp:term":[{"taxonomy":"product_brand","embeddable":true,"href":"https:\/\/routinesfashione.com\/en\/wp-json\/wp\/v2\/product_brand?post=7010"},{"taxonomy":"product_cat","embeddable":true,"href":"https:\/\/routinesfashione.com\/en\/wp-json\/wp\/v2\/product_cat?post=7010"},{"taxonomy":"product_tag","embeddable":true,"href":"https:\/\/routinesfashione.com\/en\/wp-json\/wp\/v2\/product_tag?post=7010"},{"taxonomy":"product_country","embeddable":true,"href":"https:\/\/routinesfashione.com\/en\/wp-json\/wp\/v2\/product_country?post=7010"}],"curies":[{"name":"wp","href":"https:\/\/api.w.org\/{rel}","templated":true}]}}