{"id":7140,"date":"2025-08-09T00:01:09","date_gmt":"2025-08-09T00:01:09","guid":{"rendered":"https:\/\/lightgray-crow-170497.hostingersite.com\/?post_type=product&#038;p=7140"},"modified":"2025-09-30T21:17:19","modified_gmt":"2025-09-30T21:17:19","slug":"cocina-gas-electrica-beko-fse62110dw","status":"publish","type":"product","link":"https:\/\/routinesfashione.com\/en\/produit\/cocina-gas-electrica-beko-fse62110dw\/","title":{"rendered":"Cocina Gas El\u00e9ctrica Beko FSE62110DW"},"content":{"rendered":"<h1 class=\"a-size-base-plus a-text-bold\">Acerca de este producto<\/h1>\n<ul class=\"a-unordered-list a-vertical a-spacing-mini\">\n<li class=\"a-spacing-mini\"><span class=\"a-list-item\">Dise\u00f1o moderno<\/span><\/li>\n<li class=\"a-spacing-mini\"><span class=\"a-list-item\">Ofrece m\u00faltiples opciones<\/span><\/li>\n<li class=\"a-spacing-mini\"><span class=\"a-list-item\">Producto de calidad \u00f3ptima<\/span><\/li>\n<\/ul>\n<div class=\"a-row\">\n<div class=\"a-column a-span12 a-span-last\">\n<div class=\"a-row a-spacing-top-base\">\n<div class=\"a-column a-span6\">\n<div class=\"a-row a-spacing-base\">\n<div class=\"a-row a-expander-container a-expander-extend-container\">\n<div class=\"a-row\">\n<div class=\"a-column a-span6\">\n<h1 class=\"a-size-medium a-spacing-small\">Detalles t\u00e9cnicos<\/h1>\n<\/div>\n<\/div>\n<div class=\"a-expander-content a-expander-extend-content\" data-expanded=\"true\">\n<div class=\"a-row a-expander-container a-expander-inline-container\">\n<div class=\"a-expander-content a-expander-section-content a-section-expander-inner\" data-expanded=\"true\">\n<table id=\"productDetails_techSpec_section_1\" class=\"a-keyvalue prodDetTable\">\n<tbody>\n<tr>\n<th class=\"a-color-secondary a-size-base prodDetSectionEntry\">Fabricante<\/th>\n<td class=\"a-size-base prodDetAttrValue\">\u200eBeko<\/td>\n<\/tr>\n<tr>\n<th class=\"a-color-secondary a-size-base prodDetSectionEntry\">Idioma<\/th>\n<td class=\"a-size-base prodDetAttrValue\">\u200eIngl\u00e9s<\/td>\n<\/tr>\n<tr>\n<th class=\"a-color-secondary a-size-base prodDetSectionEntry\">N\u00famero de modelo del producto<\/th>\n<td class=\"a-size-base prodDetAttrValue\">\u200eFSE62110DW<\/td>\n<\/tr>\n<tr>\n<th class=\"a-color-secondary a-size-base prodDetSectionEntry\">Dimensiones del producto<\/th>\n<td class=\"a-size-base prodDetAttrValue\">\u200e60 x 60 x 85 cm; 48,9 kg<\/td>\n<\/tr>\n<tr>\n<th class=\"a-color-secondary a-size-base prodDetSectionEntry\">ASIN<\/th>\n<td class=\"a-size-base prodDetAttrValue\">\u200eB01N9DSXLJ<\/td>\n<\/tr>\n<\/tbody>\n<\/table>\n<table class=\"a-normal a-spacing-micro\">\n<tbody>\n<tr class=\"a-spacing-small po-drawer_type\">\n<td class=\"a-span3\"><span class=\"a-size-base a-text-bold\">Tipo de caj\u00f3n<\/span><\/td>\n<td class=\"a-span9\"><span class=\"a-size-base po-break-word\">Cocinar<\/span><\/td>\n<\/tr>\n<tr class=\"a-spacing-small po-material\">\n<td class=\"a-span3\"><span class=\"a-size-base a-text-bold\">Material<\/span><\/td>\n<td class=\"a-span9\"><span class=\"a-size-base po-break-word\">Acero inoxidable<\/span><\/td>\n<\/tr>\n<tr class=\"a-spacing-small po-brand\">\n<td class=\"a-span3\"><span class=\"a-size-base a-text-bold\">Marca<\/span><\/td>\n<td class=\"a-span9\"><span class=\"a-size-base po-break-word\">Beko<\/span><\/td>\n<\/tr>\n<tr class=\"a-spacing-small po-model_name\">\n<td class=\"a-span3\"><span class=\"a-size-base a-text-bold\">Nombre del modelo<\/span><\/td>\n<td class=\"a-span9\"><span class=\"a-size-base po-break-word\">fse62110dw<\/span><\/td>\n<\/tr>\n<tr class=\"a-spacing-small po-form_factor\">\n<td class=\"a-span3\"><span class=\"a-size-base a-text-bold\">Factor de forma<\/span><\/td>\n<td class=\"a-span9\"><span class=\"a-size-base po-break-word\">Independiente<\/span><\/td>\n<\/tr>\n<tr class=\"a-spacing-small po-item_depth_width_height\">\n<td class=\"a-span3\"><span class=\"a-size-base a-text-bold\">Dimensiones del producto<\/span><\/td>\n<td class=\"a-span9\"><span class=\"a-size-base po-break-word\">60f. x 60an. x 85al. cent\u00edmetros<\/span><\/td>\n<\/tr>\n<tr class=\"a-spacing-small po-controls_type\">\n<td class=\"a-span3\"><span class=\"a-size-base a-text-bold\">Tipo de controles<\/span><\/td>\n<td class=\"a-span9\"><span class=\"a-size-base po-break-word\">Perilla<\/span><\/td>\n<\/tr>\n<tr class=\"a-spacing-small po-item_weight\">\n<td class=\"a-span3\"><span class=\"a-size-base a-text-bold\">Peso del producto<\/span><\/td>\n<td class=\"a-span9\"><span class=\"a-size-base po-break-word\">48,9 Kilogramos<\/span><\/td>\n<\/tr>\n<tr class=\"a-spacing-small po-heating_element_type\">\n<td class=\"a-span3\"><span class=\"a-size-base a-text-bold\">Tipo de quemador<\/span><\/td>\n<td class=\"a-span9\"><span class=\"a-size-base po-break-word\">gas<\/span><\/td>\n<\/tr>\n<tr class=\"a-spacing-small po-capacity\">\n<td class=\"a-span3\"><span class=\"a-size-base a-text-bold\">Capacidad<\/span><\/td>\n<td class=\"a-span9\"><span class=\"a-size-base po-break-word\">66 Litros<\/span><\/td>\n<\/tr>\n<\/tbody>\n<\/table>\n<\/div>\n<\/div>\n<\/div>\n<\/div>\n<\/div>\n<\/div>\n<\/div>\n<\/div>\n<\/div>","protected":false},"excerpt":{"rendered":"<p>Acerca de este producto Dise\u00f1o moderno Ofrece m\u00faltiples opciones Producto de calidad \u00f3ptima Detalles t\u00e9cnicos Fabricante \u200eBeko Idioma \u200eIngl\u00e9s N\u00famero<\/p>","protected":false},"featured_media":18555,"template":"","meta":[],"product_brand":[],"product_cat":[74],"product_tag":[75],"product_country":[1505],"class_list":{"0":"post-7140","1":"product","2":"type-product","3":"status-publish","4":"has-post-thumbnail","6":"product_cat-kitchen-appliances","7":"product_tag-kitchen-appliances","8":"product_country-spain","10":"first","11":"instock","12":"sale","13":"taxable","14":"shipping-taxable","15":"purchasable","16":"product-type-simple"},"_links":{"self":[{"href":"https:\/\/routinesfashione.com\/en\/wp-json\/wp\/v2\/product\/7140","targetHints":{"allow":["GET"]}}],"collection":[{"href":"https:\/\/routinesfashione.com\/en\/wp-json\/wp\/v2\/product"}],"about":[{"href":"https:\/\/routinesfashione.com\/en\/wp-json\/wp\/v2\/types\/product"}],"wp:featuredmedia":[{"embeddable":true,"href":"https:\/\/routinesfashione.com\/en\/wp-json\/wp\/v2\/media\/18555"}],"wp:attachment":[{"href":"https:\/\/routinesfashione.com\/en\/wp-json\/wp\/v2\/media?parent=7140"}],"wp:term":[{"taxonomy":"product_brand","embeddable":true,"href":"https:\/\/routinesfashione.com\/en\/wp-json\/wp\/v2\/product_brand?post=7140"},{"taxonomy":"product_cat","embeddable":true,"href":"https:\/\/routinesfashione.com\/en\/wp-json\/wp\/v2\/product_cat?post=7140"},{"taxonomy":"product_tag","embeddable":true,"href":"https:\/\/routinesfashione.com\/en\/wp-json\/wp\/v2\/product_tag?post=7140"},{"taxonomy":"product_country","embeddable":true,"href":"https:\/\/routinesfashione.com\/en\/wp-json\/wp\/v2\/product_country?post=7140"}],"curies":[{"name":"wp","href":"https:\/\/api.w.org\/{rel}","templated":true}]}}